{"id":7597,"date":"2024-03-14T15:43:33","date_gmt":"2024-03-14T14:43:33","guid":{"rendered":"https:\/\/www.nilau-paris.com\/?post_type=product&#038;p=7597"},"modified":"2024-03-31T13:54:39","modified_gmt":"2024-03-31T11:54:39","slug":"bepine-saumon-collection-permanente","status":"publish","type":"product","link":"https:\/\/www.nilau-paris.com\/en\/product\/bepine-saumon-collection-permanente\/","title":{"rendered":"B\u00e9pine saumon &#8211; collection permanente"},"content":{"rendered":"<p>Con\u00e7u par des artisans en France, le sac B\u00e9pine est rapidement devenu le mod\u00e8le phare de Nilau. Avec sa forme revisit\u00e9e du vanity et sa structure rigide, ce mod\u00e8le vous accompagnera dans toutes vos aventures.<\/p>\n<p>B\u00e9pine can be carried in two ways:<\/p>\n<ul>\n<li>By hand, thanks to its very resistant handle.<\/li>\n<li>Crossed body or on the shoulder with the thin leather shoulder strap or the wide embroidered linen shoulder strap : you can combine as you wish!<\/li>\n<\/ul>\n<p>Thanks to our short production <a href=\"http:\/\/www.nilau-paris.com\/en\/notre-demarche\/\">chain and our commitment to local tanners,<\/a>the salmon leather we work with found its moment to shine!<\/p>","protected":false},"excerpt":{"rendered":"<div><span lang=\"FR\">Sac \u00e0 main en lin de Normandie et cuir de saumon<\/span><\/div>","protected":false},"featured_media":2433,"template":"","meta":{"content-type":""},"product_brand":[],"product_cat":[104],"product_tag":[45],"class_list":{"0":"post-7597","1":"product","2":"type-product","3":"status-publish","4":"has-post-thumbnail","6":"product_cat-crowdfunding","7":"product_tag-sac","9":"first","10":"instock","11":"sale","12":"sold-individually","13":"shipping-taxable","14":"purchasable","15":"product-type-variable"},"yoast_head":"<!-- This site is optimized with the Yoast SEO plugin v27.5 - https:\/\/yoast.com\/product\/yoast-seo-wordpress\/ -->\n<title>Sac vanity Nilau en cuir pr\u00e9cieux et lin - fabriqu\u00e9 en France<\/title>\n<meta name=\"description\" content=\"Le sac vanity B\u00e9pine en cuir de saumon noir vous accompagne dans toutes vos aventures gr\u00e2ce \u00e0 son int\u00e9rieur spacieux et sa structure rigide.\" \/>\n<meta name=\"robots\" content=\"index, follow, max-snippet:-1, max-image-preview:large, max-video-preview:-1\" \/>\n<link rel=\"canonical\" href=\"https:\/\/www.nilau-paris.com\/en\/product\/bepine-saumon-collection-permanente\/\" \/>\n<meta property=\"og:locale\" content=\"en_US\" \/>\n<meta property=\"og:type\" content=\"article\" \/>\n<meta property=\"og:title\" content=\"Sac vanity Nilau en cuir pr\u00e9cieux et lin - fabriqu\u00e9 en France\" \/>\n<meta property=\"og:description\" content=\"Le sac vanity B\u00e9pine en cuir de saumon noir vous accompagne dans toutes vos aventures gr\u00e2ce \u00e0 son int\u00e9rieur spacieux et sa structure rigide.\" \/>\n<meta property=\"og:url\" content=\"https:\/\/www.nilau-paris.com\/en\/product\/bepine-saumon-collection-permanente\/\" \/>\n<meta property=\"og:site_name\" content=\"Nilau\" \/>\n<meta property=\"article:modified_time\" content=\"2024-03-31T11:54:39+00:00\" \/>\n<meta property=\"og:image\" content=\"https:\/\/www.nilau-paris.com\/wp-content\/uploads\/2022\/05\/sac-a-main-bepine-cardinal-porte-3.webp\" \/>\n\t<meta property=\"og:image:width\" content=\"1578\" \/>\n\t<meta property=\"og:image:height\" content=\"1578\" \/>\n\t<meta property=\"og:image:type\" content=\"image\/webp\" \/>\n<meta name=\"twitter:card\" content=\"summary_large_image\" \/>\n<meta name=\"twitter:label1\" content=\"Est. reading time\" \/>\n\t<meta name=\"twitter:data1\" content=\"1 minute\" \/>\n<script type=\"application\/ld+json\" class=\"yoast-schema-graph\">{\"@context\":\"https:\\\/\\\/schema.org\",\"@graph\":[{\"@type\":\"WebPage\",\"@id\":\"https:\\\/\\\/www.nilau-paris.com\\\/produit\\\/bepine-saumon-collection-permanente\\\/\",\"url\":\"https:\\\/\\\/www.nilau-paris.com\\\/produit\\\/bepine-saumon-collection-permanente\\\/\",\"name\":\"Sac vanity Nilau en cuir pr\u00e9cieux et lin - fabriqu\u00e9 en France\",\"isPartOf\":{\"@id\":\"https:\\\/\\\/www.nilau-paris.com\\\/#website\"},\"primaryImageOfPage\":{\"@id\":\"https:\\\/\\\/www.nilau-paris.com\\\/produit\\\/bepine-saumon-collection-permanente\\\/#primaryimage\"},\"image\":{\"@id\":\"https:\\\/\\\/www.nilau-paris.com\\\/produit\\\/bepine-saumon-collection-permanente\\\/#primaryimage\"},\"thumbnailUrl\":\"https:\\\/\\\/www.nilau-paris.com\\\/wp-content\\\/uploads\\\/2022\\\/05\\\/sac-a-main-bepine-cardinal-porte-3.webp\",\"datePublished\":\"2024-03-14T14:43:33+00:00\",\"dateModified\":\"2024-03-31T11:54:39+00:00\",\"description\":\"Le sac vanity B\u00e9pine en cuir de saumon noir vous accompagne dans toutes vos aventures gr\u00e2ce \u00e0 son int\u00e9rieur spacieux et sa structure rigide.\",\"breadcrumb\":{\"@id\":\"https:\\\/\\\/www.nilau-paris.com\\\/produit\\\/bepine-saumon-collection-permanente\\\/#breadcrumb\"},\"inLanguage\":\"en-US\",\"potentialAction\":[{\"@type\":\"ReadAction\",\"target\":[\"https:\\\/\\\/www.nilau-paris.com\\\/produit\\\/bepine-saumon-collection-permanente\\\/\"]}]},{\"@type\":\"ImageObject\",\"inLanguage\":\"en-US\",\"@id\":\"https:\\\/\\\/www.nilau-paris.com\\\/produit\\\/bepine-saumon-collection-permanente\\\/#primaryimage\",\"url\":\"https:\\\/\\\/www.nilau-paris.com\\\/wp-content\\\/uploads\\\/2022\\\/05\\\/sac-a-main-bepine-cardinal-porte-3.webp\",\"contentUrl\":\"https:\\\/\\\/www.nilau-paris.com\\\/wp-content\\\/uploads\\\/2022\\\/05\\\/sac-a-main-bepine-cardinal-porte-3.webp\",\"width\":1578,\"height\":1578,\"caption\":\"cuir marin cardinal\"},{\"@type\":\"BreadcrumbList\",\"@id\":\"https:\\\/\\\/www.nilau-paris.com\\\/produit\\\/bepine-saumon-collection-permanente\\\/#breadcrumb\",\"itemListElement\":[{\"@type\":\"ListItem\",\"position\":1,\"name\":\"Accueil\",\"item\":\"https:\\\/\\\/www.nilau-paris.com\\\/\"},{\"@type\":\"ListItem\",\"position\":2,\"name\":\"Achat imm\u00e9diat &#8211; Collection permanente\",\"item\":\"https:\\\/\\\/www.nilau-paris.com\\\/collections\\\/\"},{\"@type\":\"ListItem\",\"position\":3,\"name\":\"B\u00e9pine saumon &#8211; collection permanente\"}]},{\"@type\":\"WebSite\",\"@id\":\"https:\\\/\\\/www.nilau-paris.com\\\/#website\",\"url\":\"https:\\\/\\\/www.nilau-paris.com\\\/\",\"name\":\"Nilau\",\"description\":\"Haute Maroquinerie fran\u00e7aise\",\"publisher\":{\"@id\":\"https:\\\/\\\/www.nilau-paris.com\\\/#organization\"},\"potentialAction\":[{\"@type\":\"SearchAction\",\"target\":{\"@type\":\"EntryPoint\",\"urlTemplate\":\"https:\\\/\\\/www.nilau-paris.com\\\/?s={search_term_string}\"},\"query-input\":{\"@type\":\"PropertyValueSpecification\",\"valueRequired\":true,\"valueName\":\"search_term_string\"}}],\"inLanguage\":\"en-US\"},{\"@type\":\"Organization\",\"@id\":\"https:\\\/\\\/www.nilau-paris.com\\\/#organization\",\"name\":\"Nilau Paris\",\"url\":\"https:\\\/\\\/www.nilau-paris.com\\\/\",\"logo\":{\"@type\":\"ImageObject\",\"inLanguage\":\"en-US\",\"@id\":\"https:\\\/\\\/www.nilau-paris.com\\\/#\\\/schema\\\/logo\\\/image\\\/\",\"url\":\"https:\\\/\\\/www.nilau-paris.com\\\/wp-content\\\/uploads\\\/2022\\\/04\\\/cropped-LOGO-nilau-site.png\",\"contentUrl\":\"https:\\\/\\\/www.nilau-paris.com\\\/wp-content\\\/uploads\\\/2022\\\/04\\\/cropped-LOGO-nilau-site.png\",\"width\":124,\"height\":80,\"caption\":\"Nilau Paris\"},\"image\":{\"@id\":\"https:\\\/\\\/www.nilau-paris.com\\\/#\\\/schema\\\/logo\\\/image\\\/\"}}]}<\/script>\n<!-- \/ Yoast SEO plugin. -->","yoast_head_json":{"title":"Sac vanity Nilau en cuir pr\u00e9cieux et lin - fabriqu\u00e9 en France","description":"Le sac vanity B\u00e9pine en cuir de saumon noir vous accompagne dans toutes vos aventures gr\u00e2ce \u00e0 son int\u00e9rieur spacieux et sa structure rigide.","robots":{"index":"index","follow":"follow","max-snippet":"max-snippet:-1","max-image-preview":"max-image-preview:large","max-video-preview":"max-video-preview:-1"},"canonical":"https:\/\/www.nilau-paris.com\/en\/product\/bepine-saumon-collection-permanente\/","og_locale":"en_US","og_type":"article","og_title":"Sac vanity Nilau en cuir pr\u00e9cieux et lin - fabriqu\u00e9 en France","og_description":"Le sac vanity B\u00e9pine en cuir de saumon noir vous accompagne dans toutes vos aventures gr\u00e2ce \u00e0 son int\u00e9rieur spacieux et sa structure rigide.","og_url":"https:\/\/www.nilau-paris.com\/en\/product\/bepine-saumon-collection-permanente\/","og_site_name":"Nilau","article_modified_time":"2024-03-31T11:54:39+00:00","og_image":[{"width":1578,"height":1578,"url":"https:\/\/www.nilau-paris.com\/wp-content\/uploads\/2022\/05\/sac-a-main-bepine-cardinal-porte-3.webp","type":"image\/webp"}],"twitter_card":"summary_large_image","twitter_misc":{"Est. reading time":"1 minute"},"schema":{"@context":"https:\/\/schema.org","@graph":[{"@type":"WebPage","@id":"https:\/\/www.nilau-paris.com\/produit\/bepine-saumon-collection-permanente\/","url":"https:\/\/www.nilau-paris.com\/produit\/bepine-saumon-collection-permanente\/","name":"Sac vanity Nilau en cuir pr\u00e9cieux et lin - fabriqu\u00e9 en France","isPartOf":{"@id":"https:\/\/www.nilau-paris.com\/#website"},"primaryImageOfPage":{"@id":"https:\/\/www.nilau-paris.com\/produit\/bepine-saumon-collection-permanente\/#primaryimage"},"image":{"@id":"https:\/\/www.nilau-paris.com\/produit\/bepine-saumon-collection-permanente\/#primaryimage"},"thumbnailUrl":"https:\/\/www.nilau-paris.com\/wp-content\/uploads\/2022\/05\/sac-a-main-bepine-cardinal-porte-3.webp","datePublished":"2024-03-14T14:43:33+00:00","dateModified":"2024-03-31T11:54:39+00:00","description":"Le sac vanity B\u00e9pine en cuir de saumon noir vous accompagne dans toutes vos aventures gr\u00e2ce \u00e0 son int\u00e9rieur spacieux et sa structure rigide.","breadcrumb":{"@id":"https:\/\/www.nilau-paris.com\/produit\/bepine-saumon-collection-permanente\/#breadcrumb"},"inLanguage":"en-US","potentialAction":[{"@type":"ReadAction","target":["https:\/\/www.nilau-paris.com\/produit\/bepine-saumon-collection-permanente\/"]}]},{"@type":"ImageObject","inLanguage":"en-US","@id":"https:\/\/www.nilau-paris.com\/produit\/bepine-saumon-collection-permanente\/#primaryimage","url":"https:\/\/www.nilau-paris.com\/wp-content\/uploads\/2022\/05\/sac-a-main-bepine-cardinal-porte-3.webp","contentUrl":"https:\/\/www.nilau-paris.com\/wp-content\/uploads\/2022\/05\/sac-a-main-bepine-cardinal-porte-3.webp","width":1578,"height":1578,"caption":"cuir marin cardinal"},{"@type":"BreadcrumbList","@id":"https:\/\/www.nilau-paris.com\/produit\/bepine-saumon-collection-permanente\/#breadcrumb","itemListElement":[{"@type":"ListItem","position":1,"name":"Accueil","item":"https:\/\/www.nilau-paris.com\/"},{"@type":"ListItem","position":2,"name":"Achat imm\u00e9diat &#8211; Collection permanente","item":"https:\/\/www.nilau-paris.com\/collections\/"},{"@type":"ListItem","position":3,"name":"B\u00e9pine saumon &#8211; collection permanente"}]},{"@type":"WebSite","@id":"https:\/\/www.nilau-paris.com\/#website","url":"https:\/\/www.nilau-paris.com\/","name":"Nilau","description":"French Haute Maroquinerie","publisher":{"@id":"https:\/\/www.nilau-paris.com\/#organization"},"potentialAction":[{"@type":"SearchAction","target":{"@type":"EntryPoint","urlTemplate":"https:\/\/www.nilau-paris.com\/?s={search_term_string}"},"query-input":{"@type":"PropertyValueSpecification","valueRequired":true,"valueName":"search_term_string"}}],"inLanguage":"en-US"},{"@type":"Organization","@id":"https:\/\/www.nilau-paris.com\/#organization","name":"Nilau Paris","url":"https:\/\/www.nilau-paris.com\/","logo":{"@type":"ImageObject","inLanguage":"en-US","@id":"https:\/\/www.nilau-paris.com\/#\/schema\/logo\/image\/","url":"https:\/\/www.nilau-paris.com\/wp-content\/uploads\/2022\/04\/cropped-LOGO-nilau-site.png","contentUrl":"https:\/\/www.nilau-paris.com\/wp-content\/uploads\/2022\/04\/cropped-LOGO-nilau-site.png","width":124,"height":80,"caption":"Nilau Paris"},"image":{"@id":"https:\/\/www.nilau-paris.com\/#\/schema\/logo\/image\/"}}]}},"_links":{"self":[{"href":"https:\/\/www.nilau-paris.com\/en\/wp-json\/wp\/v2\/product\/7597","targetHints":{"allow":["GET"]}}],"collection":[{"href":"https:\/\/www.nilau-paris.com\/en\/wp-json\/wp\/v2\/product"}],"about":[{"href":"https:\/\/www.nilau-paris.com\/en\/wp-json\/wp\/v2\/types\/product"}],"wp:featuredmedia":[{"embeddable":true,"href":"https:\/\/www.nilau-paris.com\/en\/wp-json\/wp\/v2\/media\/2433"}],"wp:attachment":[{"href":"https:\/\/www.nilau-paris.com\/en\/wp-json\/wp\/v2\/media?parent=7597"}],"wp:term":[{"taxonomy":"product_brand","embeddable":true,"href":"https:\/\/www.nilau-paris.com\/en\/wp-json\/wp\/v2\/product_brand?post=7597"},{"taxonomy":"product_cat","embeddable":true,"href":"https:\/\/www.nilau-paris.com\/en\/wp-json\/wp\/v2\/product_cat?post=7597"},{"taxonomy":"product_tag","embeddable":true,"href":"https:\/\/www.nilau-paris.com\/en\/wp-json\/wp\/v2\/product_tag?post=7597"}],"curies":[{"name":"wp","href":"https:\/\/api.w.org\/{rel}","templated":true}]}}