{"id":7473,"date":"2024-03-13T17:09:35","date_gmt":"2024-03-13T16:09:35","guid":{"rendered":"https:\/\/www.nilau-paris.com\/?post_type=product&#038;p=7473"},"modified":"2024-03-14T11:40:12","modified_gmt":"2024-03-14T10:40:12","slug":"alca-collection-exclusive","status":"publish","type":"product","link":"https:\/\/www.nilau-paris.com\/en\/product\/alca-collection-exclusive\/","title":{"rendered":"Alca &#8211; collection exclusive"},"content":{"rendered":"<p>Distinguez-vous avec l&#8217;\u00e9l\u00e9gance intemporelle du sac Alca en cuir d&#8217;autruche, rehauss\u00e9 d&#8217;une robe en cuir pr\u00e9cieux qui lui conf\u00e8re une allure classique. L&#8217;harmonie entre les zones lisses et textur\u00e9es de ce cuir d&#8217;exception conf\u00e8re au sac cartable une personnalit\u00e9 unique et une esth\u00e9tique incomparable.<\/p>\n<p>Portez-le avec gr\u00e2ce \u00e0 la poign\u00e9e raffin\u00e9e ou utilisez la bandouli\u00e8re d\u00e9tachable pour un style &#8220;cross-body&#8221; pratique. <a href=\"https:\/\/www.nilau-paris.com\/en\/savoir-faire\/\">Chaque d\u00e9tail a \u00e9t\u00e9 soigneusement pens\u00e9<\/a>, y compris le fermoir discret plac\u00e9 sous la bande passante, qui assure la s\u00e9curit\u00e9 de vos affaires.<\/p>\n<p>L&#8217;Alca, un sac \u00e0 rabat qui incarne l&#8217;excellence de l&#8217;artisanat fran\u00e7ais, synonyme de patience, d&#8217;exigence et de pr\u00e9cision. En raison des caract\u00e9ristiques uniques du cuir d&#8217;autruche, les m\u00e9thodes automatis\u00e9es traditionnelles ne sont pas applicables. Chaque finition est r\u00e9alis\u00e9e \u00e0 la main, impliquant des artisans hautement qualifi\u00e9s et passionn\u00e9s par le travail du cuir.<\/p>","protected":false},"excerpt":{"rendered":"<div><span lang=\"FR\">Purple ostrich leather bag<\/span><\/div>","protected":false},"featured_media":6056,"template":"","meta":{"content-type":""},"product_brand":[],"product_cat":[104],"product_tag":[45],"class_list":{"0":"post-7473","1":"product","2":"type-product","3":"status-publish","4":"has-post-thumbnail","6":"product_cat-crowdfunding","7":"product_tag-sac","9":"first","10":"instock","11":"sale","12":"sold-individually","13":"shipping-taxable","14":"purchasable","15":"product-type-variable"},"yoast_head":"<!-- This site is optimized with the Yoast SEO plugin v27.5 - https:\/\/yoast.com\/product\/yoast-seo-wordpress\/ -->\n<title>Sac luxueux en cuir pr\u00e9cieux - fabrication fran\u00e7aise - Nilau<\/title>\n<meta name=\"description\" content=\"Le sac de luxe Alca en cuir d&#039;autruche est un vrai bijou gr\u00e2ce \u00e0 la symbiose entre les parties lisses et les parties \u00e0 picots de ce cuir pr\u00e9cieux.\" \/>\n<meta name=\"robots\" content=\"index, follow, max-snippet:-1, max-image-preview:large, max-video-preview:-1\" \/>\n<link rel=\"canonical\" href=\"https:\/\/www.nilau-paris.com\/en\/product\/alca-collection-exclusive\/\" \/>\n<meta property=\"og:locale\" content=\"en_US\" \/>\n<meta property=\"og:type\" content=\"article\" \/>\n<meta property=\"og:title\" content=\"Sac luxueux en cuir pr\u00e9cieux - fabrication fran\u00e7aise - Nilau\" \/>\n<meta property=\"og:description\" content=\"Le sac de luxe Alca en cuir d&#039;autruche est un vrai bijou gr\u00e2ce \u00e0 la symbiose entre les parties lisses et les parties \u00e0 picots de ce cuir pr\u00e9cieux.\" \/>\n<meta property=\"og:url\" content=\"https:\/\/www.nilau-paris.com\/en\/product\/alca-collection-exclusive\/\" \/>\n<meta property=\"og:site_name\" content=\"Nilau\" \/>\n<meta property=\"article:modified_time\" content=\"2024-03-14T10:40:12+00:00\" \/>\n<meta property=\"og:image\" content=\"https:\/\/www.nilau-paris.com\/wp-content\/uploads\/2023\/05\/4.webp\" \/>\n\t<meta property=\"og:image:width\" content=\"1080\" \/>\n\t<meta property=\"og:image:height\" content=\"1080\" \/>\n\t<meta property=\"og:image:type\" content=\"image\/webp\" \/>\n<meta name=\"twitter:card\" content=\"summary_large_image\" \/>\n<meta name=\"twitter:label1\" content=\"Est. reading time\" \/>\n\t<meta name=\"twitter:data1\" content=\"1 minute\" \/>\n<script type=\"application\/ld+json\" class=\"yoast-schema-graph\">{\"@context\":\"https:\\\/\\\/schema.org\",\"@graph\":[{\"@type\":\"WebPage\",\"@id\":\"https:\\\/\\\/www.nilau-paris.com\\\/produit\\\/alca-collection-exclusive\\\/\",\"url\":\"https:\\\/\\\/www.nilau-paris.com\\\/produit\\\/alca-collection-exclusive\\\/\",\"name\":\"Sac luxueux en cuir pr\u00e9cieux - fabrication fran\u00e7aise - Nilau\",\"isPartOf\":{\"@id\":\"https:\\\/\\\/www.nilau-paris.com\\\/#website\"},\"primaryImageOfPage\":{\"@id\":\"https:\\\/\\\/www.nilau-paris.com\\\/produit\\\/alca-collection-exclusive\\\/#primaryimage\"},\"image\":{\"@id\":\"https:\\\/\\\/www.nilau-paris.com\\\/produit\\\/alca-collection-exclusive\\\/#primaryimage\"},\"thumbnailUrl\":\"https:\\\/\\\/www.nilau-paris.com\\\/wp-content\\\/uploads\\\/2023\\\/05\\\/4.webp\",\"datePublished\":\"2024-03-13T16:09:35+00:00\",\"dateModified\":\"2024-03-14T10:40:12+00:00\",\"description\":\"Le sac de luxe Alca en cuir d'autruche est un vrai bijou gr\u00e2ce \u00e0 la symbiose entre les parties lisses et les parties \u00e0 picots de ce cuir pr\u00e9cieux.\",\"breadcrumb\":{\"@id\":\"https:\\\/\\\/www.nilau-paris.com\\\/produit\\\/alca-collection-exclusive\\\/#breadcrumb\"},\"inLanguage\":\"en-US\",\"potentialAction\":[{\"@type\":\"ReadAction\",\"target\":[\"https:\\\/\\\/www.nilau-paris.com\\\/produit\\\/alca-collection-exclusive\\\/\"]}]},{\"@type\":\"ImageObject\",\"inLanguage\":\"en-US\",\"@id\":\"https:\\\/\\\/www.nilau-paris.com\\\/produit\\\/alca-collection-exclusive\\\/#primaryimage\",\"url\":\"https:\\\/\\\/www.nilau-paris.com\\\/wp-content\\\/uploads\\\/2023\\\/05\\\/4.webp\",\"contentUrl\":\"https:\\\/\\\/www.nilau-paris.com\\\/wp-content\\\/uploads\\\/2023\\\/05\\\/4.webp\",\"width\":1080,\"height\":1080,\"caption\":\"Alca c\u00e9leste cuir d'autruche\"},{\"@type\":\"BreadcrumbList\",\"@id\":\"https:\\\/\\\/www.nilau-paris.com\\\/produit\\\/alca-collection-exclusive\\\/#breadcrumb\",\"itemListElement\":[{\"@type\":\"ListItem\",\"position\":1,\"name\":\"Accueil\",\"item\":\"https:\\\/\\\/www.nilau-paris.com\\\/\"},{\"@type\":\"ListItem\",\"position\":2,\"name\":\"Achat imm\u00e9diat &#8211; Collection permanente\",\"item\":\"https:\\\/\\\/www.nilau-paris.com\\\/collections\\\/\"},{\"@type\":\"ListItem\",\"position\":3,\"name\":\"Alca &#8211; collection exclusive\"}]},{\"@type\":\"WebSite\",\"@id\":\"https:\\\/\\\/www.nilau-paris.com\\\/#website\",\"url\":\"https:\\\/\\\/www.nilau-paris.com\\\/\",\"name\":\"Nilau\",\"description\":\"Haute Maroquinerie fran\u00e7aise\",\"publisher\":{\"@id\":\"https:\\\/\\\/www.nilau-paris.com\\\/#organization\"},\"potentialAction\":[{\"@type\":\"SearchAction\",\"target\":{\"@type\":\"EntryPoint\",\"urlTemplate\":\"https:\\\/\\\/www.nilau-paris.com\\\/?s={search_term_string}\"},\"query-input\":{\"@type\":\"PropertyValueSpecification\",\"valueRequired\":true,\"valueName\":\"search_term_string\"}}],\"inLanguage\":\"en-US\"},{\"@type\":\"Organization\",\"@id\":\"https:\\\/\\\/www.nilau-paris.com\\\/#organization\",\"name\":\"Nilau Paris\",\"url\":\"https:\\\/\\\/www.nilau-paris.com\\\/\",\"logo\":{\"@type\":\"ImageObject\",\"inLanguage\":\"en-US\",\"@id\":\"https:\\\/\\\/www.nilau-paris.com\\\/#\\\/schema\\\/logo\\\/image\\\/\",\"url\":\"https:\\\/\\\/www.nilau-paris.com\\\/wp-content\\\/uploads\\\/2022\\\/04\\\/cropped-LOGO-nilau-site.png\",\"contentUrl\":\"https:\\\/\\\/www.nilau-paris.com\\\/wp-content\\\/uploads\\\/2022\\\/04\\\/cropped-LOGO-nilau-site.png\",\"width\":124,\"height\":80,\"caption\":\"Nilau Paris\"},\"image\":{\"@id\":\"https:\\\/\\\/www.nilau-paris.com\\\/#\\\/schema\\\/logo\\\/image\\\/\"}}]}<\/script>\n<!-- \/ Yoast SEO plugin. -->","yoast_head_json":{"title":"Sac luxueux en cuir pr\u00e9cieux - fabrication fran\u00e7aise - Nilau","description":"Le sac de luxe Alca en cuir d'autruche est un vrai bijou gr\u00e2ce \u00e0 la symbiose entre les parties lisses et les parties \u00e0 picots de ce cuir pr\u00e9cieux.","robots":{"index":"index","follow":"follow","max-snippet":"max-snippet:-1","max-image-preview":"max-image-preview:large","max-video-preview":"max-video-preview:-1"},"canonical":"https:\/\/www.nilau-paris.com\/en\/product\/alca-collection-exclusive\/","og_locale":"en_US","og_type":"article","og_title":"Sac luxueux en cuir pr\u00e9cieux - fabrication fran\u00e7aise - Nilau","og_description":"Le sac de luxe Alca en cuir d'autruche est un vrai bijou gr\u00e2ce \u00e0 la symbiose entre les parties lisses et les parties \u00e0 picots de ce cuir pr\u00e9cieux.","og_url":"https:\/\/www.nilau-paris.com\/en\/product\/alca-collection-exclusive\/","og_site_name":"Nilau","article_modified_time":"2024-03-14T10:40:12+00:00","og_image":[{"width":1080,"height":1080,"url":"https:\/\/www.nilau-paris.com\/wp-content\/uploads\/2023\/05\/4.webp","type":"image\/webp"}],"twitter_card":"summary_large_image","twitter_misc":{"Est. reading time":"1 minute"},"schema":{"@context":"https:\/\/schema.org","@graph":[{"@type":"WebPage","@id":"https:\/\/www.nilau-paris.com\/produit\/alca-collection-exclusive\/","url":"https:\/\/www.nilau-paris.com\/produit\/alca-collection-exclusive\/","name":"Sac luxueux en cuir pr\u00e9cieux - fabrication fran\u00e7aise - Nilau","isPartOf":{"@id":"https:\/\/www.nilau-paris.com\/#website"},"primaryImageOfPage":{"@id":"https:\/\/www.nilau-paris.com\/produit\/alca-collection-exclusive\/#primaryimage"},"image":{"@id":"https:\/\/www.nilau-paris.com\/produit\/alca-collection-exclusive\/#primaryimage"},"thumbnailUrl":"https:\/\/www.nilau-paris.com\/wp-content\/uploads\/2023\/05\/4.webp","datePublished":"2024-03-13T16:09:35+00:00","dateModified":"2024-03-14T10:40:12+00:00","description":"Le sac de luxe Alca en cuir d'autruche est un vrai bijou gr\u00e2ce \u00e0 la symbiose entre les parties lisses et les parties \u00e0 picots de ce cuir pr\u00e9cieux.","breadcrumb":{"@id":"https:\/\/www.nilau-paris.com\/produit\/alca-collection-exclusive\/#breadcrumb"},"inLanguage":"en-US","potentialAction":[{"@type":"ReadAction","target":["https:\/\/www.nilau-paris.com\/produit\/alca-collection-exclusive\/"]}]},{"@type":"ImageObject","inLanguage":"en-US","@id":"https:\/\/www.nilau-paris.com\/produit\/alca-collection-exclusive\/#primaryimage","url":"https:\/\/www.nilau-paris.com\/wp-content\/uploads\/2023\/05\/4.webp","contentUrl":"https:\/\/www.nilau-paris.com\/wp-content\/uploads\/2023\/05\/4.webp","width":1080,"height":1080,"caption":"Alca c\u00e9leste cuir d'autruche"},{"@type":"BreadcrumbList","@id":"https:\/\/www.nilau-paris.com\/produit\/alca-collection-exclusive\/#breadcrumb","itemListElement":[{"@type":"ListItem","position":1,"name":"Accueil","item":"https:\/\/www.nilau-paris.com\/"},{"@type":"ListItem","position":2,"name":"Achat imm\u00e9diat &#8211; Collection permanente","item":"https:\/\/www.nilau-paris.com\/collections\/"},{"@type":"ListItem","position":3,"name":"Alca &#8211; collection exclusive"}]},{"@type":"WebSite","@id":"https:\/\/www.nilau-paris.com\/#website","url":"https:\/\/www.nilau-paris.com\/","name":"Nilau","description":"French Haute Maroquinerie","publisher":{"@id":"https:\/\/www.nilau-paris.com\/#organization"},"potentialAction":[{"@type":"SearchAction","target":{"@type":"EntryPoint","urlTemplate":"https:\/\/www.nilau-paris.com\/?s={search_term_string}"},"query-input":{"@type":"PropertyValueSpecification","valueRequired":true,"valueName":"search_term_string"}}],"inLanguage":"en-US"},{"@type":"Organization","@id":"https:\/\/www.nilau-paris.com\/#organization","name":"Nilau Paris","url":"https:\/\/www.nilau-paris.com\/","logo":{"@type":"ImageObject","inLanguage":"en-US","@id":"https:\/\/www.nilau-paris.com\/#\/schema\/logo\/image\/","url":"https:\/\/www.nilau-paris.com\/wp-content\/uploads\/2022\/04\/cropped-LOGO-nilau-site.png","contentUrl":"https:\/\/www.nilau-paris.com\/wp-content\/uploads\/2022\/04\/cropped-LOGO-nilau-site.png","width":124,"height":80,"caption":"Nilau Paris"},"image":{"@id":"https:\/\/www.nilau-paris.com\/#\/schema\/logo\/image\/"}}]}},"_links":{"self":[{"href":"https:\/\/www.nilau-paris.com\/en\/wp-json\/wp\/v2\/product\/7473","targetHints":{"allow":["GET"]}}],"collection":[{"href":"https:\/\/www.nilau-paris.com\/en\/wp-json\/wp\/v2\/product"}],"about":[{"href":"https:\/\/www.nilau-paris.com\/en\/wp-json\/wp\/v2\/types\/product"}],"wp:featuredmedia":[{"embeddable":true,"href":"https:\/\/www.nilau-paris.com\/en\/wp-json\/wp\/v2\/media\/6056"}],"wp:attachment":[{"href":"https:\/\/www.nilau-paris.com\/en\/wp-json\/wp\/v2\/media?parent=7473"}],"wp:term":[{"taxonomy":"product_brand","embeddable":true,"href":"https:\/\/www.nilau-paris.com\/en\/wp-json\/wp\/v2\/product_brand?post=7473"},{"taxonomy":"product_cat","embeddable":true,"href":"https:\/\/www.nilau-paris.com\/en\/wp-json\/wp\/v2\/product_cat?post=7473"},{"taxonomy":"product_tag","embeddable":true,"href":"https:\/\/www.nilau-paris.com\/en\/wp-json\/wp\/v2\/product_tag?post=7473"}],"curies":[{"name":"wp","href":"https:\/\/api.w.org\/{rel}","templated":true}]}}