{"id":6388,"date":"2023-08-29T17:02:38","date_gmt":"2023-08-29T15:02:38","guid":{"rendered":"https:\/\/www.nilau-paris.com\/?post_type=product&#038;p=6388"},"modified":"2024-09-21T11:59:30","modified_gmt":"2024-09-21T09:59:30","slug":"bepine-imperial","status":"publish","type":"product","link":"https:\/\/www.nilau-paris.com\/en\/product\/bepine-imperial\/","title":{"rendered":"B\u00e9pine Imp\u00e9rial"},"content":{"rendered":"<p>D\u00e9couvrez le sac tendance 2024 : le B\u00e9pine Imp\u00e9rial. C&#8217;est une cr\u00e9ation inspir\u00e9e de la pochette \u00e0 jumelles du grand-p\u00e8re de la cr\u00e9atrice. La fusion entre un design \u00e9vocateur charg\u00e9 d&#8217;histoire et le raffinement du <a href=\"https:\/\/www.nilau-paris.com\/en\/cuir-dautruche\/\">ostrich leather<\/a> conf\u00e8re \u00e0 ce mod\u00e8le une signature in\u00e9gal\u00e9e.<\/p>\n<p>Au c\u0153ur de la collection exclusive, le B\u00e9pine occupe une place centrale gr\u00e2ce \u00e0 ses d\u00e9tails lisses ou en relief, qui rehaussent \u00e9l\u00e9gamment la silhouette.<\/p>\n<p>L&#8217;ouverture, s\u00e9curis\u00e9e par un aimant robuste, s&#8217;ouvre en toute fluidit\u00e9 sous la bande passante distinctive, con\u00e7ue par Nilau et pr\u00e9sente sur toutes nos pi\u00e8ces de maroquinerie haut de gamme.<\/p>\n<p>Dot\u00e9 d&#8217;une bandouli\u00e8re en cuir enti\u00e8rement ajustable, le sac \u00e0 main vanity offre des options de port vari\u00e9es : \u00e0 la main ou \u00e0 l&#8217;\u00e9paule. Cette bandouli\u00e8re, minutieusement pens\u00e9e, assure un confort constant gr\u00e2ce \u00e0 sa doublure en cuir de vache au tannage naturel.<\/p>\n<p>Le B\u00e9pine incarne l&#8217;excellence artisanale h\u00e9rit\u00e9e de notre atelier familial en France, refl\u00e9tant un savoir-faire traditionnel d&#8217;exception. Nos artisans, gardiens des secrets de la maroquinerie de luxe, consacrent entre 15 et 20 heures \u00e0 la confection de chaque sac, passant par les \u00e9tapes de d\u00e9coupe, refente, piq\u00fbre, teinture, et plus encore, sans n\u00e9gliger les finitions m\u00e9ticuleuses.<\/p>\n<p>L&#8217;atelier avec lequel nous collaborons est une entreprise familiale \u00e9tablie en Auvergne Rh\u00f4ne-Alpes, \u00e0 proximit\u00e9 de notre ferme familiale.<\/p>\n<p>Le cuir d&#8217;autruche vert, aux reflets brillants et imp\u00e9riaux, provient \u00e9galement de la r\u00e9gion Auvergne Rh\u00f4ne-Alpes, tant pour son<a href=\"https:\/\/www.nilau-paris.com\/en\/nilau-le-cuir-dautruche-francais\/\"> origine<\/a> que son <a href=\"https:\/\/www.maisonsoler.fr\">tannage<\/a>. Chaque pi\u00e8ce unique que nous proposons est trac\u00e9e et accompagn\u00e9e de son certificat d&#8217;authenticit\u00e9.<\/p>\n<p>Pour toute information compl\u00e9mentaire sur notre sac tendance 2024, n&#8217;h\u00e9sitez pas \u00e0 contacter notre \u00e9quipe : What\u2019sapp au +33 85 68 97 48 ou par email \u00e0 contact@nilau-paris.com.<\/p>\n<p>&nbsp;<\/p>","protected":false},"excerpt":{"rendered":"<div><span lang=\"FR\">Green ostrich leather handbag<\/span><\/div>","protected":false},"featured_media":6446,"template":"","meta":{"content-type":""},"product_brand":[],"product_cat":[24,100],"product_tag":[45],"class_list":{"0":"post-6388","1":"product","2":"type-product","3":"status-publish","4":"has-post-thumbnail","6":"product_cat-sac-a-main-bepine","7":"product_cat-collection-exclusive","8":"product_tag-sac","10":"first","11":"instock","12":"sold-individually","13":"shipping-taxable","14":"purchasable","15":"product-type-simple"},"yoast_head":"<!-- This site is optimized with the Yoast SEO plugin v27.5 - https:\/\/yoast.com\/product\/yoast-seo-wordpress\/ -->\n<title>Sac tendance 2024 en cuir d&#039;autruche - maroquinerie de luxe - Nilau<\/title>\n<meta name=\"description\" content=\"Le sac \u00e0 main B\u00e9pine en cuir d&#039;autruche est le sac tendance 2024. Maroquinerie de luxe, Nilau offre des pi\u00e8ces uniques faites \u00e0 la main.\" \/>\n<meta name=\"robots\" content=\"index, follow, max-snippet:-1, max-image-preview:large, max-video-preview:-1\" \/>\n<link rel=\"canonical\" href=\"https:\/\/www.nilau-paris.com\/en\/product\/bepine-imperial\/\" \/>\n<meta property=\"og:locale\" content=\"en_US\" \/>\n<meta property=\"og:type\" content=\"article\" \/>\n<meta property=\"og:title\" content=\"Sac tendance 2024 en cuir d&#039;autruche - maroquinerie de luxe - Nilau\" \/>\n<meta property=\"og:description\" content=\"Le sac \u00e0 main B\u00e9pine en cuir d&#039;autruche est le sac tendance 2024. Maroquinerie de luxe, Nilau offre des pi\u00e8ces uniques faites \u00e0 la main.\" \/>\n<meta property=\"og:url\" content=\"https:\/\/www.nilau-paris.com\/en\/product\/bepine-imperial\/\" \/>\n<meta property=\"og:site_name\" content=\"Nilau\" \/>\n<meta property=\"article:modified_time\" content=\"2024-09-21T09:59:30+00:00\" \/>\n<meta property=\"og:image\" content=\"https:\/\/www.nilau-paris.com\/wp-content\/uploads\/2023\/08\/Bepine-imperial-front-scaled.webp\" \/>\n\t<meta property=\"og:image:width\" content=\"2560\" \/>\n\t<meta property=\"og:image:height\" content=\"2560\" \/>\n\t<meta property=\"og:image:type\" content=\"image\/webp\" \/>\n<meta name=\"twitter:card\" content=\"summary_large_image\" \/>\n<meta name=\"twitter:label1\" content=\"Est. reading time\" \/>\n\t<meta name=\"twitter:data1\" content=\"2 minutes\" \/>\n<script type=\"application\/ld+json\" class=\"yoast-schema-graph\">{\"@context\":\"https:\\\/\\\/schema.org\",\"@graph\":[{\"@type\":\"WebPage\",\"@id\":\"https:\\\/\\\/www.nilau-paris.com\\\/produit\\\/bepine-imperial\\\/\",\"url\":\"https:\\\/\\\/www.nilau-paris.com\\\/produit\\\/bepine-imperial\\\/\",\"name\":\"Sac tendance 2024 en cuir d'autruche - maroquinerie de luxe - Nilau\",\"isPartOf\":{\"@id\":\"https:\\\/\\\/www.nilau-paris.com\\\/#website\"},\"primaryImageOfPage\":{\"@id\":\"https:\\\/\\\/www.nilau-paris.com\\\/produit\\\/bepine-imperial\\\/#primaryimage\"},\"image\":{\"@id\":\"https:\\\/\\\/www.nilau-paris.com\\\/produit\\\/bepine-imperial\\\/#primaryimage\"},\"thumbnailUrl\":\"https:\\\/\\\/www.nilau-paris.com\\\/wp-content\\\/uploads\\\/2023\\\/08\\\/Bepine-imperial-front-scaled.webp\",\"datePublished\":\"2023-08-29T15:02:38+00:00\",\"dateModified\":\"2024-09-21T09:59:30+00:00\",\"description\":\"Le sac \u00e0 main B\u00e9pine en cuir d'autruche est le sac tendance 2024. Maroquinerie de luxe, Nilau offre des pi\u00e8ces uniques faites \u00e0 la main.\",\"breadcrumb\":{\"@id\":\"https:\\\/\\\/www.nilau-paris.com\\\/produit\\\/bepine-imperial\\\/#breadcrumb\"},\"inLanguage\":\"en-US\",\"potentialAction\":[{\"@type\":\"ReadAction\",\"target\":[\"https:\\\/\\\/www.nilau-paris.com\\\/produit\\\/bepine-imperial\\\/\"]}]},{\"@type\":\"ImageObject\",\"inLanguage\":\"en-US\",\"@id\":\"https:\\\/\\\/www.nilau-paris.com\\\/produit\\\/bepine-imperial\\\/#primaryimage\",\"url\":\"https:\\\/\\\/www.nilau-paris.com\\\/wp-content\\\/uploads\\\/2023\\\/08\\\/Bepine-imperial-front-scaled.webp\",\"contentUrl\":\"https:\\\/\\\/www.nilau-paris.com\\\/wp-content\\\/uploads\\\/2023\\\/08\\\/Bepine-imperial-front-scaled.webp\",\"width\":2560,\"height\":2560,\"caption\":\"sac \u00e0 main fran\u00e7ais\"},{\"@type\":\"BreadcrumbList\",\"@id\":\"https:\\\/\\\/www.nilau-paris.com\\\/produit\\\/bepine-imperial\\\/#breadcrumb\",\"itemListElement\":[{\"@type\":\"ListItem\",\"position\":1,\"name\":\"Accueil\",\"item\":\"https:\\\/\\\/www.nilau-paris.com\\\/\"},{\"@type\":\"ListItem\",\"position\":2,\"name\":\"Achat imm\u00e9diat &#8211; Collection permanente\",\"item\":\"https:\\\/\\\/www.nilau-paris.com\\\/collections\\\/\"},{\"@type\":\"ListItem\",\"position\":3,\"name\":\"B\u00e9pine Imp\u00e9rial\"}]},{\"@type\":\"WebSite\",\"@id\":\"https:\\\/\\\/www.nilau-paris.com\\\/#website\",\"url\":\"https:\\\/\\\/www.nilau-paris.com\\\/\",\"name\":\"Nilau\",\"description\":\"Haute Maroquinerie fran\u00e7aise\",\"publisher\":{\"@id\":\"https:\\\/\\\/www.nilau-paris.com\\\/#organization\"},\"potentialAction\":[{\"@type\":\"SearchAction\",\"target\":{\"@type\":\"EntryPoint\",\"urlTemplate\":\"https:\\\/\\\/www.nilau-paris.com\\\/?s={search_term_string}\"},\"query-input\":{\"@type\":\"PropertyValueSpecification\",\"valueRequired\":true,\"valueName\":\"search_term_string\"}}],\"inLanguage\":\"en-US\"},{\"@type\":\"Organization\",\"@id\":\"https:\\\/\\\/www.nilau-paris.com\\\/#organization\",\"name\":\"Nilau Paris\",\"url\":\"https:\\\/\\\/www.nilau-paris.com\\\/\",\"logo\":{\"@type\":\"ImageObject\",\"inLanguage\":\"en-US\",\"@id\":\"https:\\\/\\\/www.nilau-paris.com\\\/#\\\/schema\\\/logo\\\/image\\\/\",\"url\":\"https:\\\/\\\/www.nilau-paris.com\\\/wp-content\\\/uploads\\\/2022\\\/04\\\/cropped-LOGO-nilau-site.png\",\"contentUrl\":\"https:\\\/\\\/www.nilau-paris.com\\\/wp-content\\\/uploads\\\/2022\\\/04\\\/cropped-LOGO-nilau-site.png\",\"width\":124,\"height\":80,\"caption\":\"Nilau Paris\"},\"image\":{\"@id\":\"https:\\\/\\\/www.nilau-paris.com\\\/#\\\/schema\\\/logo\\\/image\\\/\"}}]}<\/script>\n<!-- \/ Yoast SEO plugin. -->","yoast_head_json":{"title":"Sac tendance 2024 en cuir d'autruche - maroquinerie de luxe - Nilau","description":"Le sac \u00e0 main B\u00e9pine en cuir d'autruche est le sac tendance 2024. Maroquinerie de luxe, Nilau offre des pi\u00e8ces uniques faites \u00e0 la main.","robots":{"index":"index","follow":"follow","max-snippet":"max-snippet:-1","max-image-preview":"max-image-preview:large","max-video-preview":"max-video-preview:-1"},"canonical":"https:\/\/www.nilau-paris.com\/en\/product\/bepine-imperial\/","og_locale":"en_US","og_type":"article","og_title":"Sac tendance 2024 en cuir d'autruche - maroquinerie de luxe - Nilau","og_description":"Le sac \u00e0 main B\u00e9pine en cuir d'autruche est le sac tendance 2024. Maroquinerie de luxe, Nilau offre des pi\u00e8ces uniques faites \u00e0 la main.","og_url":"https:\/\/www.nilau-paris.com\/en\/product\/bepine-imperial\/","og_site_name":"Nilau","article_modified_time":"2024-09-21T09:59:30+00:00","og_image":[{"width":2560,"height":2560,"url":"https:\/\/www.nilau-paris.com\/wp-content\/uploads\/2023\/08\/Bepine-imperial-front-scaled.webp","type":"image\/webp"}],"twitter_card":"summary_large_image","twitter_misc":{"Est. reading time":"2 minutes"},"schema":{"@context":"https:\/\/schema.org","@graph":[{"@type":"WebPage","@id":"https:\/\/www.nilau-paris.com\/produit\/bepine-imperial\/","url":"https:\/\/www.nilau-paris.com\/produit\/bepine-imperial\/","name":"Sac tendance 2024 en cuir d'autruche - maroquinerie de luxe - Nilau","isPartOf":{"@id":"https:\/\/www.nilau-paris.com\/#website"},"primaryImageOfPage":{"@id":"https:\/\/www.nilau-paris.com\/produit\/bepine-imperial\/#primaryimage"},"image":{"@id":"https:\/\/www.nilau-paris.com\/produit\/bepine-imperial\/#primaryimage"},"thumbnailUrl":"https:\/\/www.nilau-paris.com\/wp-content\/uploads\/2023\/08\/Bepine-imperial-front-scaled.webp","datePublished":"2023-08-29T15:02:38+00:00","dateModified":"2024-09-21T09:59:30+00:00","description":"Le sac \u00e0 main B\u00e9pine en cuir d'autruche est le sac tendance 2024. Maroquinerie de luxe, Nilau offre des pi\u00e8ces uniques faites \u00e0 la main.","breadcrumb":{"@id":"https:\/\/www.nilau-paris.com\/produit\/bepine-imperial\/#breadcrumb"},"inLanguage":"en-US","potentialAction":[{"@type":"ReadAction","target":["https:\/\/www.nilau-paris.com\/produit\/bepine-imperial\/"]}]},{"@type":"ImageObject","inLanguage":"en-US","@id":"https:\/\/www.nilau-paris.com\/produit\/bepine-imperial\/#primaryimage","url":"https:\/\/www.nilau-paris.com\/wp-content\/uploads\/2023\/08\/Bepine-imperial-front-scaled.webp","contentUrl":"https:\/\/www.nilau-paris.com\/wp-content\/uploads\/2023\/08\/Bepine-imperial-front-scaled.webp","width":2560,"height":2560,"caption":"sac \u00e0 main fran\u00e7ais"},{"@type":"BreadcrumbList","@id":"https:\/\/www.nilau-paris.com\/produit\/bepine-imperial\/#breadcrumb","itemListElement":[{"@type":"ListItem","position":1,"name":"Accueil","item":"https:\/\/www.nilau-paris.com\/"},{"@type":"ListItem","position":2,"name":"Achat imm\u00e9diat &#8211; Collection permanente","item":"https:\/\/www.nilau-paris.com\/collections\/"},{"@type":"ListItem","position":3,"name":"B\u00e9pine Imp\u00e9rial"}]},{"@type":"WebSite","@id":"https:\/\/www.nilau-paris.com\/#website","url":"https:\/\/www.nilau-paris.com\/","name":"Nilau","description":"French Haute Maroquinerie","publisher":{"@id":"https:\/\/www.nilau-paris.com\/#organization"},"potentialAction":[{"@type":"SearchAction","target":{"@type":"EntryPoint","urlTemplate":"https:\/\/www.nilau-paris.com\/?s={search_term_string}"},"query-input":{"@type":"PropertyValueSpecification","valueRequired":true,"valueName":"search_term_string"}}],"inLanguage":"en-US"},{"@type":"Organization","@id":"https:\/\/www.nilau-paris.com\/#organization","name":"Nilau Paris","url":"https:\/\/www.nilau-paris.com\/","logo":{"@type":"ImageObject","inLanguage":"en-US","@id":"https:\/\/www.nilau-paris.com\/#\/schema\/logo\/image\/","url":"https:\/\/www.nilau-paris.com\/wp-content\/uploads\/2022\/04\/cropped-LOGO-nilau-site.png","contentUrl":"https:\/\/www.nilau-paris.com\/wp-content\/uploads\/2022\/04\/cropped-LOGO-nilau-site.png","width":124,"height":80,"caption":"Nilau Paris"},"image":{"@id":"https:\/\/www.nilau-paris.com\/#\/schema\/logo\/image\/"}}]}},"_links":{"self":[{"href":"https:\/\/www.nilau-paris.com\/en\/wp-json\/wp\/v2\/product\/6388","targetHints":{"allow":["GET"]}}],"collection":[{"href":"https:\/\/www.nilau-paris.com\/en\/wp-json\/wp\/v2\/product"}],"about":[{"href":"https:\/\/www.nilau-paris.com\/en\/wp-json\/wp\/v2\/types\/product"}],"wp:featuredmedia":[{"embeddable":true,"href":"https:\/\/www.nilau-paris.com\/en\/wp-json\/wp\/v2\/media\/6446"}],"wp:attachment":[{"href":"https:\/\/www.nilau-paris.com\/en\/wp-json\/wp\/v2\/media?parent=6388"}],"wp:term":[{"taxonomy":"product_brand","embeddable":true,"href":"https:\/\/www.nilau-paris.com\/en\/wp-json\/wp\/v2\/product_brand?post=6388"},{"taxonomy":"product_cat","embeddable":true,"href":"https:\/\/www.nilau-paris.com\/en\/wp-json\/wp\/v2\/product_cat?post=6388"},{"taxonomy":"product_tag","embeddable":true,"href":"https:\/\/www.nilau-paris.com\/en\/wp-json\/wp\/v2\/product_tag?post=6388"}],"curies":[{"name":"wp","href":"https:\/\/api.w.org\/{rel}","templated":true}]}}