{"id":6383,"date":"2023-08-29T16:28:24","date_gmt":"2023-08-29T14:28:24","guid":{"rendered":"https:\/\/www.nilau-paris.com\/?post_type=product&#038;p=6383"},"modified":"2024-09-21T12:28:57","modified_gmt":"2024-09-21T10:28:57","slug":"nera-brun","status":"publish","type":"product","link":"https:\/\/www.nilau-paris.com\/en\/product\/nera-brun\/","title":{"rendered":"N\u00e9ra Brun"},"content":{"rendered":"<p>The N\u00e9ra Brun bag is a masterpiece of French craftsmanship, specifically luxury leatherwork. Featuring elegant, clean curves, this bag with its fluid design stands out with its ostrich leather covering, perfectly embodying the exclusivity of our collection.<\/p>\n<p>Easily worn on the shoulder thanks to its removable shoulder strap, this crescent-shaped model stands out with the subtle contrasts between the different textures of the ostrich leather, creating a distinctive aesthetic.<\/p>\n<p>L&#8217;int\u00e9rieur spacieux de ce sac est enti\u00e8rement doubl\u00e9 de cuir de vache au tannage v\u00e9g\u00e9tal dans une teinte naturelle. La robustesse et l&#8217;authenticit\u00e9 de ce cuir refl\u00e8tent les valeurs fondamentales de Nilau.<\/p>\n<p>Made by passionate and meticulous hands, the N\u00e9ra bag is the result of French craftsmanship. Our innovative approach has allowed us to preserve the ancient traditions of leatherwork by using the entire ostrich leather (including both the smooth and textured parts) through our exclusive wrapping technique.<\/p>\n<p>The<a href=\"https:\/\/www.nilau-paris.com\/en\/nilau-le-cuir-dautruche-francais\/\"> ostrich leather<\/a> couleur marron brun \u00a0provient de la r\u00e9gion Auvergne Rh\u00f4ne-Alpes tout comme l&#8217;<a href=\"https:\/\/www.instagram.com\/atelier_pricillam\/\">workshop<\/a> avec lequel nous travaillons. La doublure en cuir de vache au tannage v\u00e9g\u00e9tal, d&#8217;origine europ\u00e9enne, incarne notre engagement envers des mat\u00e9riaux de qualit\u00e9.<\/p>\n<p>Each of our unique creations is traceable and comes with its certificate of authenticity to guarantee its origin.<\/p>\n<p>Pour toute information compl\u00e9mentaire sur nos produits, n&#8217;h\u00e9sitez pas \u00e0 contacter notre \u00e9quipe via What\u2019sApp au +33 6 85 68 97 48 ou par e-mail \u00e0 l&#8217;adresse <a href=\"mailto:contact@nilau-paris.com\">contact@nilau-paris.com<\/a>.<\/p>\n<p>&nbsp;<\/p>","protected":false},"excerpt":{"rendered":"<div><span lang=\"FR\">Brown ostrich leather handbag<\/span><\/div>","protected":false},"featured_media":6483,"template":"","meta":{"content-type":""},"product_brand":[],"product_cat":[100,25],"product_tag":[45],"class_list":{"0":"post-6383","1":"product","2":"type-product","3":"status-publish","4":"has-post-thumbnail","6":"product_cat-collection-exclusive","7":"product_cat-sac-a-main-nera","8":"product_tag-sac","10":"first","11":"instock","12":"sold-individually","13":"shipping-taxable","14":"purchasable","15":"product-type-simple"},"yoast_head":"<!-- This site is optimized with the Yoast SEO plugin v27.5 - https:\/\/yoast.com\/product\/yoast-seo-wordpress\/ -->\n<title>Sac \u00e0 main en cuir d&#039;autruche - artisanat fran\u00e7ais - Nilau<\/title>\n<meta name=\"description\" content=\"N\u00e9ra : Fruit de l&#039;artisanat fran\u00e7ais. Ce mod\u00e8le demi-lune int\u00e8gre la collection exclusive en cuir d&#039;autruche avec brio gr\u00e2ce \u00e0 ses lignes \u00e9l\u00e9gantes.\" \/>\n<meta name=\"robots\" content=\"index, follow, max-snippet:-1, max-image-preview:large, max-video-preview:-1\" \/>\n<link rel=\"canonical\" href=\"https:\/\/www.nilau-paris.com\/en\/product\/nera-brun\/\" \/>\n<meta property=\"og:locale\" content=\"en_US\" \/>\n<meta property=\"og:type\" content=\"article\" \/>\n<meta property=\"og:title\" content=\"Sac \u00e0 main en cuir d&#039;autruche - artisanat fran\u00e7ais - Nilau\" \/>\n<meta property=\"og:description\" content=\"N\u00e9ra : Fruit de l&#039;artisanat fran\u00e7ais. Ce mod\u00e8le demi-lune int\u00e8gre la collection exclusive en cuir d&#039;autruche avec brio gr\u00e2ce \u00e0 ses lignes \u00e9l\u00e9gantes.\" \/>\n<meta property=\"og:url\" content=\"https:\/\/www.nilau-paris.com\/en\/product\/nera-brun\/\" \/>\n<meta property=\"og:site_name\" content=\"Nilau\" \/>\n<meta property=\"article:modified_time\" content=\"2024-09-21T10:28:57+00:00\" \/>\n<meta property=\"og:image\" content=\"https:\/\/www.nilau-paris.com\/wp-content\/uploads\/2023\/09\/Nera-brun-front-scaled.webp\" \/>\n\t<meta property=\"og:image:width\" content=\"2560\" \/>\n\t<meta property=\"og:image:height\" content=\"2560\" \/>\n\t<meta property=\"og:image:type\" content=\"image\/webp\" \/>\n<meta name=\"twitter:card\" content=\"summary_large_image\" \/>\n<meta name=\"twitter:label1\" content=\"Est. reading time\" \/>\n\t<meta name=\"twitter:data1\" content=\"2 minutes\" \/>\n<script type=\"application\/ld+json\" class=\"yoast-schema-graph\">{\"@context\":\"https:\\\/\\\/schema.org\",\"@graph\":[{\"@type\":\"WebPage\",\"@id\":\"https:\\\/\\\/www.nilau-paris.com\\\/produit\\\/nera-brun\\\/\",\"url\":\"https:\\\/\\\/www.nilau-paris.com\\\/produit\\\/nera-brun\\\/\",\"name\":\"Sac \u00e0 main en cuir d'autruche - artisanat fran\u00e7ais - Nilau\",\"isPartOf\":{\"@id\":\"https:\\\/\\\/www.nilau-paris.com\\\/#website\"},\"primaryImageOfPage\":{\"@id\":\"https:\\\/\\\/www.nilau-paris.com\\\/produit\\\/nera-brun\\\/#primaryimage\"},\"image\":{\"@id\":\"https:\\\/\\\/www.nilau-paris.com\\\/produit\\\/nera-brun\\\/#primaryimage\"},\"thumbnailUrl\":\"https:\\\/\\\/www.nilau-paris.com\\\/wp-content\\\/uploads\\\/2023\\\/09\\\/Nera-brun-front-scaled.webp\",\"datePublished\":\"2023-08-29T14:28:24+00:00\",\"dateModified\":\"2024-09-21T10:28:57+00:00\",\"description\":\"N\u00e9ra : Fruit de l'artisanat fran\u00e7ais. Ce mod\u00e8le demi-lune int\u00e8gre la collection exclusive en cuir d'autruche avec brio gr\u00e2ce \u00e0 ses lignes \u00e9l\u00e9gantes.\",\"breadcrumb\":{\"@id\":\"https:\\\/\\\/www.nilau-paris.com\\\/produit\\\/nera-brun\\\/#breadcrumb\"},\"inLanguage\":\"en-US\",\"potentialAction\":[{\"@type\":\"ReadAction\",\"target\":[\"https:\\\/\\\/www.nilau-paris.com\\\/produit\\\/nera-brun\\\/\"]}]},{\"@type\":\"ImageObject\",\"inLanguage\":\"en-US\",\"@id\":\"https:\\\/\\\/www.nilau-paris.com\\\/produit\\\/nera-brun\\\/#primaryimage\",\"url\":\"https:\\\/\\\/www.nilau-paris.com\\\/wp-content\\\/uploads\\\/2023\\\/09\\\/Nera-brun-front-scaled.webp\",\"contentUrl\":\"https:\\\/\\\/www.nilau-paris.com\\\/wp-content\\\/uploads\\\/2023\\\/09\\\/Nera-brun-front-scaled.webp\",\"width\":2560,\"height\":2560,\"caption\":\"sac cuir marron\"},{\"@type\":\"BreadcrumbList\",\"@id\":\"https:\\\/\\\/www.nilau-paris.com\\\/produit\\\/nera-brun\\\/#breadcrumb\",\"itemListElement\":[{\"@type\":\"ListItem\",\"position\":1,\"name\":\"Accueil\",\"item\":\"https:\\\/\\\/www.nilau-paris.com\\\/\"},{\"@type\":\"ListItem\",\"position\":2,\"name\":\"Achat imm\u00e9diat &#8211; Collection permanente\",\"item\":\"https:\\\/\\\/www.nilau-paris.com\\\/collections\\\/\"},{\"@type\":\"ListItem\",\"position\":3,\"name\":\"N\u00e9ra Brun\"}]},{\"@type\":\"WebSite\",\"@id\":\"https:\\\/\\\/www.nilau-paris.com\\\/#website\",\"url\":\"https:\\\/\\\/www.nilau-paris.com\\\/\",\"name\":\"Nilau\",\"description\":\"Haute Maroquinerie fran\u00e7aise\",\"publisher\":{\"@id\":\"https:\\\/\\\/www.nilau-paris.com\\\/#organization\"},\"potentialAction\":[{\"@type\":\"SearchAction\",\"target\":{\"@type\":\"EntryPoint\",\"urlTemplate\":\"https:\\\/\\\/www.nilau-paris.com\\\/?s={search_term_string}\"},\"query-input\":{\"@type\":\"PropertyValueSpecification\",\"valueRequired\":true,\"valueName\":\"search_term_string\"}}],\"inLanguage\":\"en-US\"},{\"@type\":\"Organization\",\"@id\":\"https:\\\/\\\/www.nilau-paris.com\\\/#organization\",\"name\":\"Nilau Paris\",\"url\":\"https:\\\/\\\/www.nilau-paris.com\\\/\",\"logo\":{\"@type\":\"ImageObject\",\"inLanguage\":\"en-US\",\"@id\":\"https:\\\/\\\/www.nilau-paris.com\\\/#\\\/schema\\\/logo\\\/image\\\/\",\"url\":\"https:\\\/\\\/www.nilau-paris.com\\\/wp-content\\\/uploads\\\/2022\\\/04\\\/cropped-LOGO-nilau-site.png\",\"contentUrl\":\"https:\\\/\\\/www.nilau-paris.com\\\/wp-content\\\/uploads\\\/2022\\\/04\\\/cropped-LOGO-nilau-site.png\",\"width\":124,\"height\":80,\"caption\":\"Nilau Paris\"},\"image\":{\"@id\":\"https:\\\/\\\/www.nilau-paris.com\\\/#\\\/schema\\\/logo\\\/image\\\/\"}}]}<\/script>\n<!-- \/ Yoast SEO plugin. -->","yoast_head_json":{"title":"Sac \u00e0 main en cuir d'autruche - artisanat fran\u00e7ais - Nilau","description":"N\u00e9ra : Fruit de l'artisanat fran\u00e7ais. Ce mod\u00e8le demi-lune int\u00e8gre la collection exclusive en cuir d'autruche avec brio gr\u00e2ce \u00e0 ses lignes \u00e9l\u00e9gantes.","robots":{"index":"index","follow":"follow","max-snippet":"max-snippet:-1","max-image-preview":"max-image-preview:large","max-video-preview":"max-video-preview:-1"},"canonical":"https:\/\/www.nilau-paris.com\/en\/product\/nera-brun\/","og_locale":"en_US","og_type":"article","og_title":"Sac \u00e0 main en cuir d'autruche - artisanat fran\u00e7ais - Nilau","og_description":"N\u00e9ra : Fruit de l'artisanat fran\u00e7ais. Ce mod\u00e8le demi-lune int\u00e8gre la collection exclusive en cuir d'autruche avec brio gr\u00e2ce \u00e0 ses lignes \u00e9l\u00e9gantes.","og_url":"https:\/\/www.nilau-paris.com\/en\/product\/nera-brun\/","og_site_name":"Nilau","article_modified_time":"2024-09-21T10:28:57+00:00","og_image":[{"width":2560,"height":2560,"url":"https:\/\/www.nilau-paris.com\/wp-content\/uploads\/2023\/09\/Nera-brun-front-scaled.webp","type":"image\/webp"}],"twitter_card":"summary_large_image","twitter_misc":{"Est. reading time":"2 minutes"},"schema":{"@context":"https:\/\/schema.org","@graph":[{"@type":"WebPage","@id":"https:\/\/www.nilau-paris.com\/produit\/nera-brun\/","url":"https:\/\/www.nilau-paris.com\/produit\/nera-brun\/","name":"Sac \u00e0 main en cuir d'autruche - artisanat fran\u00e7ais - Nilau","isPartOf":{"@id":"https:\/\/www.nilau-paris.com\/#website"},"primaryImageOfPage":{"@id":"https:\/\/www.nilau-paris.com\/produit\/nera-brun\/#primaryimage"},"image":{"@id":"https:\/\/www.nilau-paris.com\/produit\/nera-brun\/#primaryimage"},"thumbnailUrl":"https:\/\/www.nilau-paris.com\/wp-content\/uploads\/2023\/09\/Nera-brun-front-scaled.webp","datePublished":"2023-08-29T14:28:24+00:00","dateModified":"2024-09-21T10:28:57+00:00","description":"N\u00e9ra : Fruit de l'artisanat fran\u00e7ais. Ce mod\u00e8le demi-lune int\u00e8gre la collection exclusive en cuir d'autruche avec brio gr\u00e2ce \u00e0 ses lignes \u00e9l\u00e9gantes.","breadcrumb":{"@id":"https:\/\/www.nilau-paris.com\/produit\/nera-brun\/#breadcrumb"},"inLanguage":"en-US","potentialAction":[{"@type":"ReadAction","target":["https:\/\/www.nilau-paris.com\/produit\/nera-brun\/"]}]},{"@type":"ImageObject","inLanguage":"en-US","@id":"https:\/\/www.nilau-paris.com\/produit\/nera-brun\/#primaryimage","url":"https:\/\/www.nilau-paris.com\/wp-content\/uploads\/2023\/09\/Nera-brun-front-scaled.webp","contentUrl":"https:\/\/www.nilau-paris.com\/wp-content\/uploads\/2023\/09\/Nera-brun-front-scaled.webp","width":2560,"height":2560,"caption":"sac cuir marron"},{"@type":"BreadcrumbList","@id":"https:\/\/www.nilau-paris.com\/produit\/nera-brun\/#breadcrumb","itemListElement":[{"@type":"ListItem","position":1,"name":"Accueil","item":"https:\/\/www.nilau-paris.com\/"},{"@type":"ListItem","position":2,"name":"Achat imm\u00e9diat &#8211; Collection permanente","item":"https:\/\/www.nilau-paris.com\/collections\/"},{"@type":"ListItem","position":3,"name":"N\u00e9ra Brun"}]},{"@type":"WebSite","@id":"https:\/\/www.nilau-paris.com\/#website","url":"https:\/\/www.nilau-paris.com\/","name":"Nilau","description":"French Haute Maroquinerie","publisher":{"@id":"https:\/\/www.nilau-paris.com\/#organization"},"potentialAction":[{"@type":"SearchAction","target":{"@type":"EntryPoint","urlTemplate":"https:\/\/www.nilau-paris.com\/?s={search_term_string}"},"query-input":{"@type":"PropertyValueSpecification","valueRequired":true,"valueName":"search_term_string"}}],"inLanguage":"en-US"},{"@type":"Organization","@id":"https:\/\/www.nilau-paris.com\/#organization","name":"Nilau Paris","url":"https:\/\/www.nilau-paris.com\/","logo":{"@type":"ImageObject","inLanguage":"en-US","@id":"https:\/\/www.nilau-paris.com\/#\/schema\/logo\/image\/","url":"https:\/\/www.nilau-paris.com\/wp-content\/uploads\/2022\/04\/cropped-LOGO-nilau-site.png","contentUrl":"https:\/\/www.nilau-paris.com\/wp-content\/uploads\/2022\/04\/cropped-LOGO-nilau-site.png","width":124,"height":80,"caption":"Nilau Paris"},"image":{"@id":"https:\/\/www.nilau-paris.com\/#\/schema\/logo\/image\/"}}]}},"_links":{"self":[{"href":"https:\/\/www.nilau-paris.com\/en\/wp-json\/wp\/v2\/product\/6383","targetHints":{"allow":["GET"]}}],"collection":[{"href":"https:\/\/www.nilau-paris.com\/en\/wp-json\/wp\/v2\/product"}],"about":[{"href":"https:\/\/www.nilau-paris.com\/en\/wp-json\/wp\/v2\/types\/product"}],"wp:featuredmedia":[{"embeddable":true,"href":"https:\/\/www.nilau-paris.com\/en\/wp-json\/wp\/v2\/media\/6483"}],"wp:attachment":[{"href":"https:\/\/www.nilau-paris.com\/en\/wp-json\/wp\/v2\/media?parent=6383"}],"wp:term":[{"taxonomy":"product_brand","embeddable":true,"href":"https:\/\/www.nilau-paris.com\/en\/wp-json\/wp\/v2\/product_brand?post=6383"},{"taxonomy":"product_cat","embeddable":true,"href":"https:\/\/www.nilau-paris.com\/en\/wp-json\/wp\/v2\/product_cat?post=6383"},{"taxonomy":"product_tag","embeddable":true,"href":"https:\/\/www.nilau-paris.com\/en\/wp-json\/wp\/v2\/product_tag?post=6383"}],"curies":[{"name":"wp","href":"https:\/\/api.w.org\/{rel}","templated":true}]}}