{"id":6382,"date":"2023-08-29T16:27:48","date_gmt":"2023-08-29T14:27:48","guid":{"rendered":"https:\/\/www.nilau-paris.com\/?post_type=product&#038;p=6382"},"modified":"2025-03-06T18:38:13","modified_gmt":"2025-03-06T17:38:13","slug":"alca-imperial","status":"publish","type":"product","link":"https:\/\/www.nilau-paris.com\/en\/product\/alca-imperial\/","title":{"rendered":"Alca Imp\u00e9rial"},"content":{"rendered":"<p>D\u00e9couvrez l&#8217;\u00e9l\u00e9gant sac en cuir d&#8217;autruche Alca, au style intemporel, sublim\u00e9 par une robe en cuir pr\u00e9cieux. Cette cr\u00e9ation est le r\u00e9sultat d&#8217;un cuir aux surfaces lisses et textur\u00e9es, conf\u00e9rant ainsi au sac cartable une personnalit\u00e9 distincte et un design exclusif.<\/p>\n<p>In addition to its practical handle for carrying by hand, the bag also features a detachable shoulder strap, offering the option for a cross-body style. Every detail has been meticulously thought out, with security ensured by a discreet clasp, carefully placed under the strap.<\/p>\n<p>L&#8217;exceptionnel sac cartable Alca incarne le raffinement de l&#8217;<a href=\"https:\/\/www.nilau-paris.com\/en\/savoir-faire\/\">artisanat fran\u00e7ais<\/a>, marqu\u00e9 par la patience, l&#8217;exigence et la pr\u00e9cision. En raison des caract\u00e9ristiques uniques du cuir d&#8217;autruche, les m\u00e9thodes automatis\u00e9es classiques ne sont pas applicables. Ainsi, les finitions sont r\u00e9alis\u00e9es \u00e0 la main, exigeant le talent de personnes hautement qualifi\u00e9es dot\u00e9es d&#8217;une v\u00e9ritable sensibilit\u00e9 envers le cuir.<\/p>\n<p>Each piece is the result of the skilled and meticulous work of an artisan, dedicating their expertise to shaping these unique creations. The making of the flap bag requires a considerable time investment, taking between 15 and 20 hours of work.<\/p>\n<p>The ostrich leather in an elegant green hue, featuring a semi-matte, semi-gloss finish, comes from the Auvergne Rh\u00f4ne-Alpes region, as do the artisans we collaborate with, including those in our workshops and tanneries.<\/p>\n<p>Chaque article que nous proposons est absolument unique. Fa\u00e7onn\u00e9es par <a href=\"https:\/\/www.instagram.com\/atelier_pricillam\/\">un seul et m\u00eame artisan<\/a>, nos cr\u00e9ations sont enti\u00e8rement tra\u00e7ables et accompagn\u00e9es d&#8217;un certificat d&#8217;authenticit\u00e9, t\u00e9moignant de leur origine et de leur caract\u00e8re exceptionnel.<\/p>\n<p>Pour toute information compl\u00e9mentaire sur nos produits, n&#8217;h\u00e9sitez pas \u00e0 contacter notre \u00e9quipe d\u00e9vou\u00e9e : What\u2019sapp : +33 6 85 68 97 48 ; Email : <a href=\"mailto:contact@nilau-paris.com\" target=\"_new\" rel=\"noopener\">contact@nilau-paris.com<\/a>.<\/p>\n<p>&nbsp;<\/p>","protected":false},"excerpt":{"rendered":"<div><span lang=\"FR\">Green ostrich leather handbag<\/span><\/div>","protected":false},"featured_media":6456,"template":"","meta":{"content-type":""},"product_brand":[],"product_cat":[31,100],"product_tag":[45],"class_list":{"0":"post-6382","1":"product","2":"type-product","3":"status-publish","4":"has-post-thumbnail","6":"product_cat-sac-a-main-alca","7":"product_cat-collection-exclusive","8":"product_tag-sac","10":"first","11":"instock","12":"sold-individually","13":"shipping-taxable","14":"purchasable","15":"product-type-simple"},"yoast_head":"<!-- This site is optimized with the Yoast SEO plugin v27.5 - https:\/\/yoast.com\/product\/yoast-seo-wordpress\/ -->\n<title>Sac cartable en cuir d&#039;autruche - fabrication fran\u00e7aise - Nilau<\/title>\n<meta name=\"description\" content=\"Le sac cartable de luxe Alca en cuir d&#039;autruche est un vrai bijou gr\u00e2ce \u00e0 la symbiose entre les parties lisses et les parties \u00e0 picots de ce cuir pr\u00e9cieux.\" \/>\n<meta name=\"robots\" content=\"index, follow, max-snippet:-1, max-image-preview:large, max-video-preview:-1\" \/>\n<link rel=\"canonical\" href=\"https:\/\/www.nilau-paris.com\/en\/product\/alca-imperial\/\" \/>\n<meta property=\"og:locale\" content=\"en_US\" \/>\n<meta property=\"og:type\" content=\"article\" \/>\n<meta property=\"og:title\" content=\"Sac cartable en cuir d&#039;autruche - fabrication fran\u00e7aise - Nilau\" \/>\n<meta property=\"og:description\" content=\"Le sac cartable de luxe Alca en cuir d&#039;autruche est un vrai bijou gr\u00e2ce \u00e0 la symbiose entre les parties lisses et les parties \u00e0 picots de ce cuir pr\u00e9cieux.\" \/>\n<meta property=\"og:url\" content=\"https:\/\/www.nilau-paris.com\/en\/product\/alca-imperial\/\" \/>\n<meta property=\"og:site_name\" content=\"Nilau\" \/>\n<meta property=\"article:modified_time\" content=\"2025-03-06T17:38:13+00:00\" \/>\n<meta property=\"og:image\" content=\"https:\/\/www.nilau-paris.com\/wp-content\/uploads\/2023\/09\/Alca-Imperial-front-scaled.webp\" \/>\n\t<meta property=\"og:image:width\" content=\"2560\" \/>\n\t<meta property=\"og:image:height\" content=\"2560\" \/>\n\t<meta property=\"og:image:type\" content=\"image\/webp\" \/>\n<meta name=\"twitter:card\" content=\"summary_large_image\" \/>\n<meta name=\"twitter:label1\" content=\"Est. reading time\" \/>\n\t<meta name=\"twitter:data1\" content=\"2 minutes\" \/>\n<script type=\"application\/ld+json\" class=\"yoast-schema-graph\">{\"@context\":\"https:\\\/\\\/schema.org\",\"@graph\":[{\"@type\":\"WebPage\",\"@id\":\"https:\\\/\\\/www.nilau-paris.com\\\/produit\\\/alca-imperial\\\/\",\"url\":\"https:\\\/\\\/www.nilau-paris.com\\\/produit\\\/alca-imperial\\\/\",\"name\":\"Sac cartable en cuir d'autruche - fabrication fran\u00e7aise - Nilau\",\"isPartOf\":{\"@id\":\"https:\\\/\\\/www.nilau-paris.com\\\/#website\"},\"primaryImageOfPage\":{\"@id\":\"https:\\\/\\\/www.nilau-paris.com\\\/produit\\\/alca-imperial\\\/#primaryimage\"},\"image\":{\"@id\":\"https:\\\/\\\/www.nilau-paris.com\\\/produit\\\/alca-imperial\\\/#primaryimage\"},\"thumbnailUrl\":\"https:\\\/\\\/www.nilau-paris.com\\\/wp-content\\\/uploads\\\/2023\\\/09\\\/Alca-Imperial-front-scaled.webp\",\"datePublished\":\"2023-08-29T14:27:48+00:00\",\"dateModified\":\"2025-03-06T17:38:13+00:00\",\"description\":\"Le sac cartable de luxe Alca en cuir d'autruche est un vrai bijou gr\u00e2ce \u00e0 la symbiose entre les parties lisses et les parties \u00e0 picots de ce cuir pr\u00e9cieux.\",\"breadcrumb\":{\"@id\":\"https:\\\/\\\/www.nilau-paris.com\\\/produit\\\/alca-imperial\\\/#breadcrumb\"},\"inLanguage\":\"en-US\",\"potentialAction\":[{\"@type\":\"ReadAction\",\"target\":[\"https:\\\/\\\/www.nilau-paris.com\\\/produit\\\/alca-imperial\\\/\"]}]},{\"@type\":\"ImageObject\",\"inLanguage\":\"en-US\",\"@id\":\"https:\\\/\\\/www.nilau-paris.com\\\/produit\\\/alca-imperial\\\/#primaryimage\",\"url\":\"https:\\\/\\\/www.nilau-paris.com\\\/wp-content\\\/uploads\\\/2023\\\/09\\\/Alca-Imperial-front-scaled.webp\",\"contentUrl\":\"https:\\\/\\\/www.nilau-paris.com\\\/wp-content\\\/uploads\\\/2023\\\/09\\\/Alca-Imperial-front-scaled.webp\",\"width\":2560,\"height\":2560,\"caption\":\"luxury bag\"},{\"@type\":\"BreadcrumbList\",\"@id\":\"https:\\\/\\\/www.nilau-paris.com\\\/produit\\\/alca-imperial\\\/#breadcrumb\",\"itemListElement\":[{\"@type\":\"ListItem\",\"position\":1,\"name\":\"Accueil\",\"item\":\"https:\\\/\\\/www.nilau-paris.com\\\/\"},{\"@type\":\"ListItem\",\"position\":2,\"name\":\"Achat imm\u00e9diat &#8211; Collection permanente\",\"item\":\"https:\\\/\\\/www.nilau-paris.com\\\/collections\\\/\"},{\"@type\":\"ListItem\",\"position\":3,\"name\":\"Alca Imp\u00e9rial\"}]},{\"@type\":\"WebSite\",\"@id\":\"https:\\\/\\\/www.nilau-paris.com\\\/#website\",\"url\":\"https:\\\/\\\/www.nilau-paris.com\\\/\",\"name\":\"Nilau\",\"description\":\"Haute Maroquinerie fran\u00e7aise\",\"publisher\":{\"@id\":\"https:\\\/\\\/www.nilau-paris.com\\\/#organization\"},\"potentialAction\":[{\"@type\":\"SearchAction\",\"target\":{\"@type\":\"EntryPoint\",\"urlTemplate\":\"https:\\\/\\\/www.nilau-paris.com\\\/?s={search_term_string}\"},\"query-input\":{\"@type\":\"PropertyValueSpecification\",\"valueRequired\":true,\"valueName\":\"search_term_string\"}}],\"inLanguage\":\"en-US\"},{\"@type\":\"Organization\",\"@id\":\"https:\\\/\\\/www.nilau-paris.com\\\/#organization\",\"name\":\"Nilau Paris\",\"url\":\"https:\\\/\\\/www.nilau-paris.com\\\/\",\"logo\":{\"@type\":\"ImageObject\",\"inLanguage\":\"en-US\",\"@id\":\"https:\\\/\\\/www.nilau-paris.com\\\/#\\\/schema\\\/logo\\\/image\\\/\",\"url\":\"https:\\\/\\\/www.nilau-paris.com\\\/wp-content\\\/uploads\\\/2022\\\/04\\\/cropped-LOGO-nilau-site.png\",\"contentUrl\":\"https:\\\/\\\/www.nilau-paris.com\\\/wp-content\\\/uploads\\\/2022\\\/04\\\/cropped-LOGO-nilau-site.png\",\"width\":124,\"height\":80,\"caption\":\"Nilau Paris\"},\"image\":{\"@id\":\"https:\\\/\\\/www.nilau-paris.com\\\/#\\\/schema\\\/logo\\\/image\\\/\"}}]}<\/script>\n<!-- \/ Yoast SEO plugin. -->","yoast_head_json":{"title":"Sac cartable en cuir d'autruche - fabrication fran\u00e7aise - Nilau","description":"Le sac cartable de luxe Alca en cuir d'autruche est un vrai bijou gr\u00e2ce \u00e0 la symbiose entre les parties lisses et les parties \u00e0 picots de ce cuir pr\u00e9cieux.","robots":{"index":"index","follow":"follow","max-snippet":"max-snippet:-1","max-image-preview":"max-image-preview:large","max-video-preview":"max-video-preview:-1"},"canonical":"https:\/\/www.nilau-paris.com\/en\/product\/alca-imperial\/","og_locale":"en_US","og_type":"article","og_title":"Sac cartable en cuir d'autruche - fabrication fran\u00e7aise - Nilau","og_description":"Le sac cartable de luxe Alca en cuir d'autruche est un vrai bijou gr\u00e2ce \u00e0 la symbiose entre les parties lisses et les parties \u00e0 picots de ce cuir pr\u00e9cieux.","og_url":"https:\/\/www.nilau-paris.com\/en\/product\/alca-imperial\/","og_site_name":"Nilau","article_modified_time":"2025-03-06T17:38:13+00:00","og_image":[{"width":2560,"height":2560,"url":"https:\/\/www.nilau-paris.com\/wp-content\/uploads\/2023\/09\/Alca-Imperial-front-scaled.webp","type":"image\/webp"}],"twitter_card":"summary_large_image","twitter_misc":{"Est. reading time":"2 minutes"},"schema":{"@context":"https:\/\/schema.org","@graph":[{"@type":"WebPage","@id":"https:\/\/www.nilau-paris.com\/produit\/alca-imperial\/","url":"https:\/\/www.nilau-paris.com\/produit\/alca-imperial\/","name":"Sac cartable en cuir d'autruche - fabrication fran\u00e7aise - Nilau","isPartOf":{"@id":"https:\/\/www.nilau-paris.com\/#website"},"primaryImageOfPage":{"@id":"https:\/\/www.nilau-paris.com\/produit\/alca-imperial\/#primaryimage"},"image":{"@id":"https:\/\/www.nilau-paris.com\/produit\/alca-imperial\/#primaryimage"},"thumbnailUrl":"https:\/\/www.nilau-paris.com\/wp-content\/uploads\/2023\/09\/Alca-Imperial-front-scaled.webp","datePublished":"2023-08-29T14:27:48+00:00","dateModified":"2025-03-06T17:38:13+00:00","description":"Le sac cartable de luxe Alca en cuir d'autruche est un vrai bijou gr\u00e2ce \u00e0 la symbiose entre les parties lisses et les parties \u00e0 picots de ce cuir pr\u00e9cieux.","breadcrumb":{"@id":"https:\/\/www.nilau-paris.com\/produit\/alca-imperial\/#breadcrumb"},"inLanguage":"en-US","potentialAction":[{"@type":"ReadAction","target":["https:\/\/www.nilau-paris.com\/produit\/alca-imperial\/"]}]},{"@type":"ImageObject","inLanguage":"en-US","@id":"https:\/\/www.nilau-paris.com\/produit\/alca-imperial\/#primaryimage","url":"https:\/\/www.nilau-paris.com\/wp-content\/uploads\/2023\/09\/Alca-Imperial-front-scaled.webp","contentUrl":"https:\/\/www.nilau-paris.com\/wp-content\/uploads\/2023\/09\/Alca-Imperial-front-scaled.webp","width":2560,"height":2560,"caption":"luxury bag"},{"@type":"BreadcrumbList","@id":"https:\/\/www.nilau-paris.com\/produit\/alca-imperial\/#breadcrumb","itemListElement":[{"@type":"ListItem","position":1,"name":"Accueil","item":"https:\/\/www.nilau-paris.com\/"},{"@type":"ListItem","position":2,"name":"Achat imm\u00e9diat &#8211; Collection permanente","item":"https:\/\/www.nilau-paris.com\/collections\/"},{"@type":"ListItem","position":3,"name":"Alca Imp\u00e9rial"}]},{"@type":"WebSite","@id":"https:\/\/www.nilau-paris.com\/#website","url":"https:\/\/www.nilau-paris.com\/","name":"Nilau","description":"French Haute Maroquinerie","publisher":{"@id":"https:\/\/www.nilau-paris.com\/#organization"},"potentialAction":[{"@type":"SearchAction","target":{"@type":"EntryPoint","urlTemplate":"https:\/\/www.nilau-paris.com\/?s={search_term_string}"},"query-input":{"@type":"PropertyValueSpecification","valueRequired":true,"valueName":"search_term_string"}}],"inLanguage":"en-US"},{"@type":"Organization","@id":"https:\/\/www.nilau-paris.com\/#organization","name":"Nilau Paris","url":"https:\/\/www.nilau-paris.com\/","logo":{"@type":"ImageObject","inLanguage":"en-US","@id":"https:\/\/www.nilau-paris.com\/#\/schema\/logo\/image\/","url":"https:\/\/www.nilau-paris.com\/wp-content\/uploads\/2022\/04\/cropped-LOGO-nilau-site.png","contentUrl":"https:\/\/www.nilau-paris.com\/wp-content\/uploads\/2022\/04\/cropped-LOGO-nilau-site.png","width":124,"height":80,"caption":"Nilau Paris"},"image":{"@id":"https:\/\/www.nilau-paris.com\/#\/schema\/logo\/image\/"}}]}},"_links":{"self":[{"href":"https:\/\/www.nilau-paris.com\/en\/wp-json\/wp\/v2\/product\/6382","targetHints":{"allow":["GET"]}}],"collection":[{"href":"https:\/\/www.nilau-paris.com\/en\/wp-json\/wp\/v2\/product"}],"about":[{"href":"https:\/\/www.nilau-paris.com\/en\/wp-json\/wp\/v2\/types\/product"}],"wp:featuredmedia":[{"embeddable":true,"href":"https:\/\/www.nilau-paris.com\/en\/wp-json\/wp\/v2\/media\/6456"}],"wp:attachment":[{"href":"https:\/\/www.nilau-paris.com\/en\/wp-json\/wp\/v2\/media?parent=6382"}],"wp:term":[{"taxonomy":"product_brand","embeddable":true,"href":"https:\/\/www.nilau-paris.com\/en\/wp-json\/wp\/v2\/product_brand?post=6382"},{"taxonomy":"product_cat","embeddable":true,"href":"https:\/\/www.nilau-paris.com\/en\/wp-json\/wp\/v2\/product_cat?post=6382"},{"taxonomy":"product_tag","embeddable":true,"href":"https:\/\/www.nilau-paris.com\/en\/wp-json\/wp\/v2\/product_tag?post=6382"}],"curies":[{"name":"wp","href":"https:\/\/api.w.org\/{rel}","templated":true}]}}