{"id":6380,"date":"2023-08-29T16:25:26","date_gmt":"2023-08-29T14:25:26","guid":{"rendered":"https:\/\/www.nilau-paris.com\/?post_type=product&#038;p=6380"},"modified":"2025-02-05T17:25:35","modified_gmt":"2025-02-05T16:25:35","slug":"alca-brun","status":"publish","type":"product","link":"https:\/\/www.nilau-paris.com\/en\/product\/alca-brun\/","title":{"rendered":"Alca Brun"},"content":{"rendered":"<p>D\u00e9couvrez le sac en cuir d&#8217;autruche <a href=\"https:\/\/www.nilau-paris.com\/en\/sacs\/\">Alca<\/a>, alliant un style classique \u00e0 une robe en cuir pr\u00e9cieux. La combinaison harmonieuse de surfaces lisses et de textures \u00e0 picots conf\u00e8re une personnalit\u00e9 unique et un design distinctif au sac cartable.<\/p>\n<p>La polyvalence est \u00e0 l&#8217;honneur : tenez-le par la poign\u00e9e pour une allure sophistiqu\u00e9e ou utilisez la bandouli\u00e8re d\u00e9tachable pour un port en \u00ab cross-body \u00bb. Chaque d\u00e9tail a \u00e9t\u00e9 soigneusement pens\u00e9, notamment le fermoir invisible judicieusement plac\u00e9 sous la bande passante, garantissant la s\u00e9curit\u00e9 de vos affaires.<\/p>\n<p>R\u00e9v\u00e9lant un v\u00e9ritable savoir-faire artisanal fran\u00e7ais, le sac au style classique Alca incarne la patience, l&#8217;exigence et la pr\u00e9cision. En raison des caract\u00e9ristiques singuli\u00e8res du cuir d\u2019autruche, les m\u00e9thodes automatis\u00e9es sont inapplicables. Les finitions, r\u00e9alis\u00e9es \u00e0 la main, impliquent des artisans hautement qualifi\u00e9s et passionn\u00e9s, dot\u00e9s d&#8217;une sensibilit\u00e9 particuli\u00e8re pour le cuir.<\/p>\n<p>Chaque pi\u00e8ce est le fruit du d\u00e9vouement d&#8217;un <a href=\"https:\/\/www.instagram.com\/p\/CTWwuTRsgxK\/\">artisan<\/a> qui fa\u00e7onne avec minutie. Ainsi, la cr\u00e9ation du sac \u00e0 rabat requiert un investissement de 15 \u00e0 20 heures de travail artisanal.<\/p>\n<p>Le cuir d&#8217;autruche de couleur brun, arborant une finition mate, est originaire d&#8217;Auvergne Rh\u00f4ne-Alpes, tout comme nos pr\u00e9cieux artisans et partenaires tanneries.<\/p>\n<p>Each piece we offer is a unique work of art. Crafted by an exclusive artisan, they are fully traceable and come with their certificate of authenticity.<\/p>\n<p>Pour plus d&#8217;informations sur nos produits, n&#8217;h\u00e9sitez pas \u00e0 contacter notre \u00e9quipe via What\u2019sapp : +33 6 85 68 97 48 ou par Email : <a href=\"mailto:contact@nilau-paris.com\" target=\"_new\" rel=\"noopener\">contact@nilau-paris.com<\/a>.<\/p>","protected":false},"excerpt":{"rendered":"<div><span lang=\"FR\">Brown ostrich leather handbag<\/span><\/div>","protected":false},"featured_media":6467,"template":"","meta":{"content-type":""},"product_brand":[],"product_cat":[31,100],"product_tag":[45],"class_list":{"0":"post-6380","1":"product","2":"type-product","3":"status-publish","4":"has-post-thumbnail","6":"product_cat-sac-a-main-alca","7":"product_cat-collection-exclusive","8":"product_tag-sac","10":"first","11":"onbackorder","12":"sold-individually","13":"shipping-taxable","14":"purchasable","15":"product-type-simple"},"yoast_head":"<!-- This site is optimized with the Yoast SEO plugin v27.5 - https:\/\/yoast.com\/product\/yoast-seo-wordpress\/ -->\n<title>Sac style classique en cuir d&#039;autruche - fabrication fran\u00e7aise - Nilau<\/title>\n<meta name=\"description\" content=\"Le sac Alca au style classique est un vrai bijou gr\u00e2ce \u00e0 la symbiose entre les parties lisses et les parties \u00e0 picots de ce cuir pr\u00e9cieux.\" \/>\n<meta name=\"robots\" content=\"index, follow, max-snippet:-1, max-image-preview:large, max-video-preview:-1\" \/>\n<link rel=\"canonical\" href=\"https:\/\/www.nilau-paris.com\/en\/product\/alca-brun\/\" \/>\n<meta property=\"og:locale\" content=\"en_US\" \/>\n<meta property=\"og:type\" content=\"article\" \/>\n<meta property=\"og:title\" content=\"Sac style classique en cuir d&#039;autruche - fabrication fran\u00e7aise - Nilau\" \/>\n<meta property=\"og:description\" content=\"Le sac Alca au style classique est un vrai bijou gr\u00e2ce \u00e0 la symbiose entre les parties lisses et les parties \u00e0 picots de ce cuir pr\u00e9cieux.\" \/>\n<meta property=\"og:url\" content=\"https:\/\/www.nilau-paris.com\/en\/product\/alca-brun\/\" \/>\n<meta property=\"og:site_name\" content=\"Nilau\" \/>\n<meta property=\"article:modified_time\" content=\"2025-02-05T16:25:35+00:00\" \/>\n<meta property=\"og:image\" content=\"https:\/\/www.nilau-paris.com\/wp-content\/uploads\/2023\/09\/Alca-brun-front-scaled.webp\" \/>\n\t<meta property=\"og:image:width\" content=\"2560\" \/>\n\t<meta property=\"og:image:height\" content=\"2560\" \/>\n\t<meta property=\"og:image:type\" content=\"image\/webp\" \/>\n<meta name=\"twitter:card\" content=\"summary_large_image\" \/>\n<meta name=\"twitter:label1\" content=\"Est. reading time\" \/>\n\t<meta name=\"twitter:data1\" content=\"2 minutes\" \/>\n<script type=\"application\/ld+json\" class=\"yoast-schema-graph\">{\"@context\":\"https:\\\/\\\/schema.org\",\"@graph\":[{\"@type\":\"WebPage\",\"@id\":\"https:\\\/\\\/www.nilau-paris.com\\\/produit\\\/alca-brun\\\/\",\"url\":\"https:\\\/\\\/www.nilau-paris.com\\\/produit\\\/alca-brun\\\/\",\"name\":\"Sac style classique en cuir d'autruche - fabrication fran\u00e7aise - Nilau\",\"isPartOf\":{\"@id\":\"https:\\\/\\\/www.nilau-paris.com\\\/#website\"},\"primaryImageOfPage\":{\"@id\":\"https:\\\/\\\/www.nilau-paris.com\\\/produit\\\/alca-brun\\\/#primaryimage\"},\"image\":{\"@id\":\"https:\\\/\\\/www.nilau-paris.com\\\/produit\\\/alca-brun\\\/#primaryimage\"},\"thumbnailUrl\":\"https:\\\/\\\/www.nilau-paris.com\\\/wp-content\\\/uploads\\\/2023\\\/09\\\/Alca-brun-front-scaled.webp\",\"datePublished\":\"2023-08-29T14:25:26+00:00\",\"dateModified\":\"2025-02-05T16:25:35+00:00\",\"description\":\"Le sac Alca au style classique est un vrai bijou gr\u00e2ce \u00e0 la symbiose entre les parties lisses et les parties \u00e0 picots de ce cuir pr\u00e9cieux.\",\"breadcrumb\":{\"@id\":\"https:\\\/\\\/www.nilau-paris.com\\\/produit\\\/alca-brun\\\/#breadcrumb\"},\"inLanguage\":\"en-US\",\"potentialAction\":[{\"@type\":\"ReadAction\",\"target\":[\"https:\\\/\\\/www.nilau-paris.com\\\/produit\\\/alca-brun\\\/\"]}]},{\"@type\":\"ImageObject\",\"inLanguage\":\"en-US\",\"@id\":\"https:\\\/\\\/www.nilau-paris.com\\\/produit\\\/alca-brun\\\/#primaryimage\",\"url\":\"https:\\\/\\\/www.nilau-paris.com\\\/wp-content\\\/uploads\\\/2023\\\/09\\\/Alca-brun-front-scaled.webp\",\"contentUrl\":\"https:\\\/\\\/www.nilau-paris.com\\\/wp-content\\\/uploads\\\/2023\\\/09\\\/Alca-brun-front-scaled.webp\",\"width\":2560,\"height\":2560,\"caption\":\"luxury handbag\"},{\"@type\":\"BreadcrumbList\",\"@id\":\"https:\\\/\\\/www.nilau-paris.com\\\/produit\\\/alca-brun\\\/#breadcrumb\",\"itemListElement\":[{\"@type\":\"ListItem\",\"position\":1,\"name\":\"Accueil\",\"item\":\"https:\\\/\\\/www.nilau-paris.com\\\/\"},{\"@type\":\"ListItem\",\"position\":2,\"name\":\"Achat imm\u00e9diat &#8211; Collection permanente\",\"item\":\"https:\\\/\\\/www.nilau-paris.com\\\/collections\\\/\"},{\"@type\":\"ListItem\",\"position\":3,\"name\":\"Alca Brun\"}]},{\"@type\":\"WebSite\",\"@id\":\"https:\\\/\\\/www.nilau-paris.com\\\/#website\",\"url\":\"https:\\\/\\\/www.nilau-paris.com\\\/\",\"name\":\"Nilau\",\"description\":\"Haute Maroquinerie fran\u00e7aise\",\"publisher\":{\"@id\":\"https:\\\/\\\/www.nilau-paris.com\\\/#organization\"},\"potentialAction\":[{\"@type\":\"SearchAction\",\"target\":{\"@type\":\"EntryPoint\",\"urlTemplate\":\"https:\\\/\\\/www.nilau-paris.com\\\/?s={search_term_string}\"},\"query-input\":{\"@type\":\"PropertyValueSpecification\",\"valueRequired\":true,\"valueName\":\"search_term_string\"}}],\"inLanguage\":\"en-US\"},{\"@type\":\"Organization\",\"@id\":\"https:\\\/\\\/www.nilau-paris.com\\\/#organization\",\"name\":\"Nilau Paris\",\"url\":\"https:\\\/\\\/www.nilau-paris.com\\\/\",\"logo\":{\"@type\":\"ImageObject\",\"inLanguage\":\"en-US\",\"@id\":\"https:\\\/\\\/www.nilau-paris.com\\\/#\\\/schema\\\/logo\\\/image\\\/\",\"url\":\"https:\\\/\\\/www.nilau-paris.com\\\/wp-content\\\/uploads\\\/2022\\\/04\\\/cropped-LOGO-nilau-site.png\",\"contentUrl\":\"https:\\\/\\\/www.nilau-paris.com\\\/wp-content\\\/uploads\\\/2022\\\/04\\\/cropped-LOGO-nilau-site.png\",\"width\":124,\"height\":80,\"caption\":\"Nilau Paris\"},\"image\":{\"@id\":\"https:\\\/\\\/www.nilau-paris.com\\\/#\\\/schema\\\/logo\\\/image\\\/\"}}]}<\/script>\n<!-- \/ Yoast SEO plugin. -->","yoast_head_json":{"title":"Sac style classique en cuir d'autruche - fabrication fran\u00e7aise - Nilau","description":"Le sac Alca au style classique est un vrai bijou gr\u00e2ce \u00e0 la symbiose entre les parties lisses et les parties \u00e0 picots de ce cuir pr\u00e9cieux.","robots":{"index":"index","follow":"follow","max-snippet":"max-snippet:-1","max-image-preview":"max-image-preview:large","max-video-preview":"max-video-preview:-1"},"canonical":"https:\/\/www.nilau-paris.com\/en\/product\/alca-brun\/","og_locale":"en_US","og_type":"article","og_title":"Sac style classique en cuir d'autruche - fabrication fran\u00e7aise - Nilau","og_description":"Le sac Alca au style classique est un vrai bijou gr\u00e2ce \u00e0 la symbiose entre les parties lisses et les parties \u00e0 picots de ce cuir pr\u00e9cieux.","og_url":"https:\/\/www.nilau-paris.com\/en\/product\/alca-brun\/","og_site_name":"Nilau","article_modified_time":"2025-02-05T16:25:35+00:00","og_image":[{"width":2560,"height":2560,"url":"https:\/\/www.nilau-paris.com\/wp-content\/uploads\/2023\/09\/Alca-brun-front-scaled.webp","type":"image\/webp"}],"twitter_card":"summary_large_image","twitter_misc":{"Est. reading time":"2 minutes"},"schema":{"@context":"https:\/\/schema.org","@graph":[{"@type":"WebPage","@id":"https:\/\/www.nilau-paris.com\/produit\/alca-brun\/","url":"https:\/\/www.nilau-paris.com\/produit\/alca-brun\/","name":"Sac style classique en cuir d'autruche - fabrication fran\u00e7aise - Nilau","isPartOf":{"@id":"https:\/\/www.nilau-paris.com\/#website"},"primaryImageOfPage":{"@id":"https:\/\/www.nilau-paris.com\/produit\/alca-brun\/#primaryimage"},"image":{"@id":"https:\/\/www.nilau-paris.com\/produit\/alca-brun\/#primaryimage"},"thumbnailUrl":"https:\/\/www.nilau-paris.com\/wp-content\/uploads\/2023\/09\/Alca-brun-front-scaled.webp","datePublished":"2023-08-29T14:25:26+00:00","dateModified":"2025-02-05T16:25:35+00:00","description":"Le sac Alca au style classique est un vrai bijou gr\u00e2ce \u00e0 la symbiose entre les parties lisses et les parties \u00e0 picots de ce cuir pr\u00e9cieux.","breadcrumb":{"@id":"https:\/\/www.nilau-paris.com\/produit\/alca-brun\/#breadcrumb"},"inLanguage":"en-US","potentialAction":[{"@type":"ReadAction","target":["https:\/\/www.nilau-paris.com\/produit\/alca-brun\/"]}]},{"@type":"ImageObject","inLanguage":"en-US","@id":"https:\/\/www.nilau-paris.com\/produit\/alca-brun\/#primaryimage","url":"https:\/\/www.nilau-paris.com\/wp-content\/uploads\/2023\/09\/Alca-brun-front-scaled.webp","contentUrl":"https:\/\/www.nilau-paris.com\/wp-content\/uploads\/2023\/09\/Alca-brun-front-scaled.webp","width":2560,"height":2560,"caption":"luxury handbag"},{"@type":"BreadcrumbList","@id":"https:\/\/www.nilau-paris.com\/produit\/alca-brun\/#breadcrumb","itemListElement":[{"@type":"ListItem","position":1,"name":"Accueil","item":"https:\/\/www.nilau-paris.com\/"},{"@type":"ListItem","position":2,"name":"Achat imm\u00e9diat &#8211; Collection permanente","item":"https:\/\/www.nilau-paris.com\/collections\/"},{"@type":"ListItem","position":3,"name":"Alca Brun"}]},{"@type":"WebSite","@id":"https:\/\/www.nilau-paris.com\/#website","url":"https:\/\/www.nilau-paris.com\/","name":"Nilau","description":"French Haute Maroquinerie","publisher":{"@id":"https:\/\/www.nilau-paris.com\/#organization"},"potentialAction":[{"@type":"SearchAction","target":{"@type":"EntryPoint","urlTemplate":"https:\/\/www.nilau-paris.com\/?s={search_term_string}"},"query-input":{"@type":"PropertyValueSpecification","valueRequired":true,"valueName":"search_term_string"}}],"inLanguage":"en-US"},{"@type":"Organization","@id":"https:\/\/www.nilau-paris.com\/#organization","name":"Nilau Paris","url":"https:\/\/www.nilau-paris.com\/","logo":{"@type":"ImageObject","inLanguage":"en-US","@id":"https:\/\/www.nilau-paris.com\/#\/schema\/logo\/image\/","url":"https:\/\/www.nilau-paris.com\/wp-content\/uploads\/2022\/04\/cropped-LOGO-nilau-site.png","contentUrl":"https:\/\/www.nilau-paris.com\/wp-content\/uploads\/2022\/04\/cropped-LOGO-nilau-site.png","width":124,"height":80,"caption":"Nilau Paris"},"image":{"@id":"https:\/\/www.nilau-paris.com\/#\/schema\/logo\/image\/"}}]}},"_links":{"self":[{"href":"https:\/\/www.nilau-paris.com\/en\/wp-json\/wp\/v2\/product\/6380","targetHints":{"allow":["GET"]}}],"collection":[{"href":"https:\/\/www.nilau-paris.com\/en\/wp-json\/wp\/v2\/product"}],"about":[{"href":"https:\/\/www.nilau-paris.com\/en\/wp-json\/wp\/v2\/types\/product"}],"wp:featuredmedia":[{"embeddable":true,"href":"https:\/\/www.nilau-paris.com\/en\/wp-json\/wp\/v2\/media\/6467"}],"wp:attachment":[{"href":"https:\/\/www.nilau-paris.com\/en\/wp-json\/wp\/v2\/media?parent=6380"}],"wp:term":[{"taxonomy":"product_brand","embeddable":true,"href":"https:\/\/www.nilau-paris.com\/en\/wp-json\/wp\/v2\/product_brand?post=6380"},{"taxonomy":"product_cat","embeddable":true,"href":"https:\/\/www.nilau-paris.com\/en\/wp-json\/wp\/v2\/product_cat?post=6380"},{"taxonomy":"product_tag","embeddable":true,"href":"https:\/\/www.nilau-paris.com\/en\/wp-json\/wp\/v2\/product_tag?post=6380"}],"curies":[{"name":"wp","href":"https:\/\/api.w.org\/{rel}","templated":true}]}}