{"id":6344,"date":"2023-07-11T08:39:59","date_gmt":"2023-07-11T06:39:59","guid":{"rendered":"https:\/\/www.nilau-paris.com\/?post_type=product&#038;p=6344"},"modified":"2023-08-17T15:46:28","modified_gmt":"2023-08-17T13:46:28","slug":"impermeabilisant-eco-protect","status":"publish","type":"product","link":"https:\/\/www.nilau-paris.com\/en\/product\/impermeabilisant-eco-protect\/","title":{"rendered":"Eco-Protect Waterproofing Agent"},"content":{"rendered":"<p>Vous n&#8217;avez pas envie de tacher votre toile de lin naturelle ? La gamme \u00e9co protect de <a href=\"https:\/\/www.famaco-paris.fr\/shop\/eco-protect\/\">FAMACO<\/a>\u00a0a le produit qu&#8217;il vous faut !<\/p>\n<p>Ce spray imperm\u00e9abilisant sans gaz prot\u00e8ge de fa\u00e7on \u00e9co-responsable <a href=\"https:\/\/www.nilau-paris.com\/en\/collection-permanente\/\">votre sac en lin Nilau<\/a> contre la pluie et les taches.<\/p>\n<p>Apr\u00e8s avoir d\u00e9poussi\u00e9r\u00e9 votre sac \u00e0 l\u2019aide d\u2019une brosse \u00e0 poils doux, vaporisez le lin \u00e0 une distance de 10-15cm. Laissez s\u00e9cher. R\u00e9p\u00e9tez l\u2019op\u00e9ration r\u00e9guli\u00e8rement pour une efficacit\u00e9 optimale.<\/p>\n<p>Ne pas imbiber le lin et \u00e9viter de trop en appliquer sur le cuir.<\/p>","protected":false},"excerpt":{"rendered":"<p>Spray imperm\u00e9abilisant contre la pluie et les taches<\/p>","protected":false},"featured_media":6346,"template":"","meta":{"content-type":""},"product_brand":[],"product_cat":[90],"product_tag":[],"class_list":{"0":"post-6344","1":"product","2":"type-product","3":"status-publish","4":"has-post-thumbnail","6":"product_cat-produits-dentretien","8":"first","9":"instock","10":"shipping-taxable","11":"purchasable","12":"product-type-simple"},"yoast_head":"<!-- This site is optimized with the Yoast SEO plugin v27.5 - https:\/\/yoast.com\/product\/yoast-seo-wordpress\/ -->\n<title>Imperm\u00e9abilisant \u00e9co protect - Nilau<\/title>\n<meta name=\"description\" content=\"Spray imperm\u00e9abilisant \u00e9co protect sans gaz et sans solvant (150mL). Protege votre sac en lin contre les taches et la pluie. Fabrication fran\u00e7aise\" \/>\n<meta name=\"robots\" content=\"index, follow, max-snippet:-1, max-image-preview:large, max-video-preview:-1\" \/>\n<link rel=\"canonical\" href=\"https:\/\/www.nilau-paris.com\/en\/product\/impermeabilisant-eco-protect\/\" \/>\n<meta property=\"og:locale\" content=\"en_US\" \/>\n<meta property=\"og:type\" content=\"article\" \/>\n<meta property=\"og:title\" content=\"Imperm\u00e9abilisant \u00e9co protect - Nilau\" \/>\n<meta property=\"og:description\" content=\"Spray imperm\u00e9abilisant \u00e9co protect sans gaz et sans solvant (150mL). Protege votre sac en lin contre les taches et la pluie. Fabrication fran\u00e7aise\" \/>\n<meta property=\"og:url\" content=\"https:\/\/www.nilau-paris.com\/en\/product\/impermeabilisant-eco-protect\/\" \/>\n<meta property=\"og:site_name\" content=\"Nilau\" \/>\n<meta property=\"article:modified_time\" content=\"2023-08-17T13:46:28+00:00\" \/>\n<meta property=\"og:image\" content=\"https:\/\/www.nilau-paris.com\/wp-content\/uploads\/2023\/07\/impermeabilisant-eco-protect-scaled.webp\" \/>\n\t<meta property=\"og:image:width\" content=\"2560\" \/>\n\t<meta property=\"og:image:height\" content=\"2560\" \/>\n\t<meta property=\"og:image:type\" content=\"image\/webp\" \/>\n<meta name=\"twitter:card\" content=\"summary_large_image\" \/>\n<meta name=\"twitter:label1\" content=\"Est. reading time\" \/>\n\t<meta name=\"twitter:data1\" content=\"1 minute\" \/>\n<script type=\"application\/ld+json\" class=\"yoast-schema-graph\">{\"@context\":\"https:\\\/\\\/schema.org\",\"@graph\":[{\"@type\":\"WebPage\",\"@id\":\"https:\\\/\\\/www.nilau-paris.com\\\/produit\\\/impermeabilisant-eco-protect\\\/\",\"url\":\"https:\\\/\\\/www.nilau-paris.com\\\/produit\\\/impermeabilisant-eco-protect\\\/\",\"name\":\"Imperm\u00e9abilisant \u00e9co protect - Nilau\",\"isPartOf\":{\"@id\":\"https:\\\/\\\/www.nilau-paris.com\\\/#website\"},\"primaryImageOfPage\":{\"@id\":\"https:\\\/\\\/www.nilau-paris.com\\\/produit\\\/impermeabilisant-eco-protect\\\/#primaryimage\"},\"image\":{\"@id\":\"https:\\\/\\\/www.nilau-paris.com\\\/produit\\\/impermeabilisant-eco-protect\\\/#primaryimage\"},\"thumbnailUrl\":\"https:\\\/\\\/www.nilau-paris.com\\\/wp-content\\\/uploads\\\/2023\\\/07\\\/impermeabilisant-eco-protect-scaled.webp\",\"datePublished\":\"2023-07-11T06:39:59+00:00\",\"dateModified\":\"2023-08-17T13:46:28+00:00\",\"description\":\"Spray imperm\u00e9abilisant \u00e9co protect sans gaz et sans solvant (150mL). Protege votre sac en lin contre les taches et la pluie. Fabrication fran\u00e7aise\",\"breadcrumb\":{\"@id\":\"https:\\\/\\\/www.nilau-paris.com\\\/produit\\\/impermeabilisant-eco-protect\\\/#breadcrumb\"},\"inLanguage\":\"en-US\",\"potentialAction\":[{\"@type\":\"ReadAction\",\"target\":[\"https:\\\/\\\/www.nilau-paris.com\\\/produit\\\/impermeabilisant-eco-protect\\\/\"]}]},{\"@type\":\"ImageObject\",\"inLanguage\":\"en-US\",\"@id\":\"https:\\\/\\\/www.nilau-paris.com\\\/produit\\\/impermeabilisant-eco-protect\\\/#primaryimage\",\"url\":\"https:\\\/\\\/www.nilau-paris.com\\\/wp-content\\\/uploads\\\/2023\\\/07\\\/impermeabilisant-eco-protect-scaled.webp\",\"contentUrl\":\"https:\\\/\\\/www.nilau-paris.com\\\/wp-content\\\/uploads\\\/2023\\\/07\\\/impermeabilisant-eco-protect-scaled.webp\",\"width\":2560,\"height\":2560,\"caption\":\"imperm\u00e9abiliser le lin\"},{\"@type\":\"BreadcrumbList\",\"@id\":\"https:\\\/\\\/www.nilau-paris.com\\\/produit\\\/impermeabilisant-eco-protect\\\/#breadcrumb\",\"itemListElement\":[{\"@type\":\"ListItem\",\"position\":1,\"name\":\"Accueil\",\"item\":\"https:\\\/\\\/www.nilau-paris.com\\\/\"},{\"@type\":\"ListItem\",\"position\":2,\"name\":\"Achat imm\u00e9diat &#8211; Collection permanente\",\"item\":\"https:\\\/\\\/www.nilau-paris.com\\\/collections\\\/\"},{\"@type\":\"ListItem\",\"position\":3,\"name\":\"Imperm\u00e9abilisant \u00e9co protect\"}]},{\"@type\":\"WebSite\",\"@id\":\"https:\\\/\\\/www.nilau-paris.com\\\/#website\",\"url\":\"https:\\\/\\\/www.nilau-paris.com\\\/\",\"name\":\"Nilau\",\"description\":\"Haute Maroquinerie fran\u00e7aise\",\"publisher\":{\"@id\":\"https:\\\/\\\/www.nilau-paris.com\\\/#organization\"},\"potentialAction\":[{\"@type\":\"SearchAction\",\"target\":{\"@type\":\"EntryPoint\",\"urlTemplate\":\"https:\\\/\\\/www.nilau-paris.com\\\/?s={search_term_string}\"},\"query-input\":{\"@type\":\"PropertyValueSpecification\",\"valueRequired\":true,\"valueName\":\"search_term_string\"}}],\"inLanguage\":\"en-US\"},{\"@type\":\"Organization\",\"@id\":\"https:\\\/\\\/www.nilau-paris.com\\\/#organization\",\"name\":\"Nilau Paris\",\"url\":\"https:\\\/\\\/www.nilau-paris.com\\\/\",\"logo\":{\"@type\":\"ImageObject\",\"inLanguage\":\"en-US\",\"@id\":\"https:\\\/\\\/www.nilau-paris.com\\\/#\\\/schema\\\/logo\\\/image\\\/\",\"url\":\"https:\\\/\\\/www.nilau-paris.com\\\/wp-content\\\/uploads\\\/2022\\\/04\\\/cropped-LOGO-nilau-site.png\",\"contentUrl\":\"https:\\\/\\\/www.nilau-paris.com\\\/wp-content\\\/uploads\\\/2022\\\/04\\\/cropped-LOGO-nilau-site.png\",\"width\":124,\"height\":80,\"caption\":\"Nilau Paris\"},\"image\":{\"@id\":\"https:\\\/\\\/www.nilau-paris.com\\\/#\\\/schema\\\/logo\\\/image\\\/\"}}]}<\/script>\n<!-- \/ Yoast SEO plugin. -->","yoast_head_json":{"title":"Imperm\u00e9abilisant \u00e9co protect - Nilau","description":"Spray imperm\u00e9abilisant \u00e9co protect sans gaz et sans solvant (150mL). Protege votre sac en lin contre les taches et la pluie. Fabrication fran\u00e7aise","robots":{"index":"index","follow":"follow","max-snippet":"max-snippet:-1","max-image-preview":"max-image-preview:large","max-video-preview":"max-video-preview:-1"},"canonical":"https:\/\/www.nilau-paris.com\/en\/product\/impermeabilisant-eco-protect\/","og_locale":"en_US","og_type":"article","og_title":"Imperm\u00e9abilisant \u00e9co protect - Nilau","og_description":"Spray imperm\u00e9abilisant \u00e9co protect sans gaz et sans solvant (150mL). Protege votre sac en lin contre les taches et la pluie. Fabrication fran\u00e7aise","og_url":"https:\/\/www.nilau-paris.com\/en\/product\/impermeabilisant-eco-protect\/","og_site_name":"Nilau","article_modified_time":"2023-08-17T13:46:28+00:00","og_image":[{"width":2560,"height":2560,"url":"https:\/\/www.nilau-paris.com\/wp-content\/uploads\/2023\/07\/impermeabilisant-eco-protect-scaled.webp","type":"image\/webp"}],"twitter_card":"summary_large_image","twitter_misc":{"Est. reading time":"1 minute"},"schema":{"@context":"https:\/\/schema.org","@graph":[{"@type":"WebPage","@id":"https:\/\/www.nilau-paris.com\/produit\/impermeabilisant-eco-protect\/","url":"https:\/\/www.nilau-paris.com\/produit\/impermeabilisant-eco-protect\/","name":"Imperm\u00e9abilisant \u00e9co protect - Nilau","isPartOf":{"@id":"https:\/\/www.nilau-paris.com\/#website"},"primaryImageOfPage":{"@id":"https:\/\/www.nilau-paris.com\/produit\/impermeabilisant-eco-protect\/#primaryimage"},"image":{"@id":"https:\/\/www.nilau-paris.com\/produit\/impermeabilisant-eco-protect\/#primaryimage"},"thumbnailUrl":"https:\/\/www.nilau-paris.com\/wp-content\/uploads\/2023\/07\/impermeabilisant-eco-protect-scaled.webp","datePublished":"2023-07-11T06:39:59+00:00","dateModified":"2023-08-17T13:46:28+00:00","description":"Spray imperm\u00e9abilisant \u00e9co protect sans gaz et sans solvant (150mL). Protege votre sac en lin contre les taches et la pluie. Fabrication fran\u00e7aise","breadcrumb":{"@id":"https:\/\/www.nilau-paris.com\/produit\/impermeabilisant-eco-protect\/#breadcrumb"},"inLanguage":"en-US","potentialAction":[{"@type":"ReadAction","target":["https:\/\/www.nilau-paris.com\/produit\/impermeabilisant-eco-protect\/"]}]},{"@type":"ImageObject","inLanguage":"en-US","@id":"https:\/\/www.nilau-paris.com\/produit\/impermeabilisant-eco-protect\/#primaryimage","url":"https:\/\/www.nilau-paris.com\/wp-content\/uploads\/2023\/07\/impermeabilisant-eco-protect-scaled.webp","contentUrl":"https:\/\/www.nilau-paris.com\/wp-content\/uploads\/2023\/07\/impermeabilisant-eco-protect-scaled.webp","width":2560,"height":2560,"caption":"imperm\u00e9abiliser le lin"},{"@type":"BreadcrumbList","@id":"https:\/\/www.nilau-paris.com\/produit\/impermeabilisant-eco-protect\/#breadcrumb","itemListElement":[{"@type":"ListItem","position":1,"name":"Accueil","item":"https:\/\/www.nilau-paris.com\/"},{"@type":"ListItem","position":2,"name":"Achat imm\u00e9diat &#8211; Collection permanente","item":"https:\/\/www.nilau-paris.com\/collections\/"},{"@type":"ListItem","position":3,"name":"Imperm\u00e9abilisant \u00e9co protect"}]},{"@type":"WebSite","@id":"https:\/\/www.nilau-paris.com\/#website","url":"https:\/\/www.nilau-paris.com\/","name":"Nilau","description":"French Haute Maroquinerie","publisher":{"@id":"https:\/\/www.nilau-paris.com\/#organization"},"potentialAction":[{"@type":"SearchAction","target":{"@type":"EntryPoint","urlTemplate":"https:\/\/www.nilau-paris.com\/?s={search_term_string}"},"query-input":{"@type":"PropertyValueSpecification","valueRequired":true,"valueName":"search_term_string"}}],"inLanguage":"en-US"},{"@type":"Organization","@id":"https:\/\/www.nilau-paris.com\/#organization","name":"Nilau Paris","url":"https:\/\/www.nilau-paris.com\/","logo":{"@type":"ImageObject","inLanguage":"en-US","@id":"https:\/\/www.nilau-paris.com\/#\/schema\/logo\/image\/","url":"https:\/\/www.nilau-paris.com\/wp-content\/uploads\/2022\/04\/cropped-LOGO-nilau-site.png","contentUrl":"https:\/\/www.nilau-paris.com\/wp-content\/uploads\/2022\/04\/cropped-LOGO-nilau-site.png","width":124,"height":80,"caption":"Nilau Paris"},"image":{"@id":"https:\/\/www.nilau-paris.com\/#\/schema\/logo\/image\/"}}]}},"_links":{"self":[{"href":"https:\/\/www.nilau-paris.com\/en\/wp-json\/wp\/v2\/product\/6344","targetHints":{"allow":["GET"]}}],"collection":[{"href":"https:\/\/www.nilau-paris.com\/en\/wp-json\/wp\/v2\/product"}],"about":[{"href":"https:\/\/www.nilau-paris.com\/en\/wp-json\/wp\/v2\/types\/product"}],"wp:featuredmedia":[{"embeddable":true,"href":"https:\/\/www.nilau-paris.com\/en\/wp-json\/wp\/v2\/media\/6346"}],"wp:attachment":[{"href":"https:\/\/www.nilau-paris.com\/en\/wp-json\/wp\/v2\/media?parent=6344"}],"wp:term":[{"taxonomy":"product_brand","embeddable":true,"href":"https:\/\/www.nilau-paris.com\/en\/wp-json\/wp\/v2\/product_brand?post=6344"},{"taxonomy":"product_cat","embeddable":true,"href":"https:\/\/www.nilau-paris.com\/en\/wp-json\/wp\/v2\/product_cat?post=6344"},{"taxonomy":"product_tag","embeddable":true,"href":"https:\/\/www.nilau-paris.com\/en\/wp-json\/wp\/v2\/product_tag?post=6344"}],"curies":[{"name":"wp","href":"https:\/\/api.w.org\/{rel}","templated":true}]}}