{"id":6223,"date":"2023-06-06T20:21:19","date_gmt":"2023-06-06T18:21:19","guid":{"rendered":"https:\/\/www.nilau-paris.com\/?post_type=product&#038;p=6223"},"modified":"2024-02-23T15:51:11","modified_gmt":"2024-02-23T14:51:11","slug":"alca-bleu-ciel","status":"publish","type":"product","link":"https:\/\/www.nilau-paris.com\/en\/product\/alca-bleu-ciel\/","title":{"rendered":"Alca Bleu Ciel"},"content":{"rendered":"<p>The handbag Alca Bleu ciel is handmade with linen and leather. Thanks to its structure and its exceptional bi-material design, it will attract the greatest attention everywhere it goes. The quality of the finishes is felt at first glance.<\/p>\n<p>Moreover, thanks to our short production <a href=\"http:\/\/www.nilau-paris.com\/en\/notre-demarche\/\">chain and our commitment to local tanners,<\/a> fran\u00e7ais, le cuir d&#8217;autruche a la garantie d&#8217;\u00eatre souple et r\u00e9sistant.<\/p>\n<p>Be tempted by its bi-material design<a href=\"http:\/\/lemaitre-demeestere.com\/en\"> linen<\/a> and of <a href=\"http:\/\/www.maisonsoler.fr\">precious ostrich leather<\/a>, an authentic association that is standing out !<\/p>\n<p>Spacious, Alca will adapt perfectly to your plans and will become your everyday ally thanks to its two interior compartments.<\/p>\n<p>This classic handbag can be carried in two ways:<\/p>\n<ul>\n<li>By hand, thanks to its very resistant handle.<\/li>\n<li>Crois\u00e9 ou \u00e0 l\u2019\u00e9paule avec une bandouli\u00e8re en cuir<\/li>\n<\/ul>\n<p>The handbag in linen and leather Alca is available in 8 colors:<\/p>\n<p>The <a href=\"http:\/\/www.nilau-paris.com\/en\/product\/sac-alca-chocolat\/\">chocolat brown<\/a> to complement your outfits in all sobriety<br \/>\nThe <a href=\"http:\/\/www.nilau-paris.com\/en\/product\/sac-alca-cardinal\/\">Cardinal red<\/a> to make heads turn.<br \/>\nThe <a href=\"http:\/\/www.nilau-paris.com\/en\/product\/sac-alca-encre\/\">Ink black<\/a> to express your personality.<br \/>\nThe <a href=\"http:\/\/www.nilau-paris.com\/en\/product\/sac-alca-atlantique\/\">Atlantic blue<\/a> to stand out from the ordinary.<br \/>\nThe <a href=\"http:\/\/www.nilau-paris.com\/en\/product\/sac-alca-bordeau\/\">Bordeaux burgundy<\/a> to brighten up your day.<br \/>\nThe <a href=\"http:\/\/www.nilau-paris.com\/en\/product\/sac-alca-emeraude\/\">Emerald green<\/a> for those looking for authenticity.<br \/>\nThe <a href=\"https:\/\/www.nilau-paris.com\/en\/product\/alca-terracotta\/\">rose Terracotta<\/a> pour s&#8217;affirmer.<br \/>\nThe <a href=\"https:\/\/www.nilau-paris.com\/en\/product\/alca-bleu-ciel\/\">Sky Blue<\/a> for summer colors.<\/p>","protected":false},"excerpt":{"rendered":"<div><span lang=\"FR\">Sac \u00e0 main en lin de Normandie et cuir d\u2019autruche bleu ciel<\/span><\/div>","protected":false},"featured_media":6301,"template":"","meta":{"content-type":""},"product_brand":[],"product_cat":[31,101],"product_tag":[45],"class_list":{"0":"post-6223","1":"product","2":"type-product","3":"status-publish","4":"has-post-thumbnail","6":"product_cat-sac-a-main-alca","7":"product_cat-collection-permanente","8":"product_tag-sac","10":"first","11":"instock","12":"sold-individually","13":"shipping-taxable","14":"purchasable","15":"product-type-simple"},"yoast_head":"<!-- This site is optimized with the Yoast SEO plugin v27.5 - https:\/\/yoast.com\/product\/yoast-seo-wordpress\/ -->\n<title>Sac classique en lin et cuir d&#039;autruche fabriqu\u00e9 en France - Nilau<\/title>\n<meta name=\"description\" content=\"Le sac classique en lin et cuir d\u2019autruche deviendra votre alli\u00e9 du quotidien gr\u00e2ce \u00e0 ses deux compartiments int\u00e9rieurs et sa forme irr\u00e9sistible.\" \/>\n<meta name=\"robots\" content=\"index, follow, max-snippet:-1, max-image-preview:large, max-video-preview:-1\" \/>\n<link rel=\"canonical\" href=\"https:\/\/www.nilau-paris.com\/en\/product\/alca-bleu-ciel\/\" \/>\n<meta property=\"og:locale\" content=\"en_US\" \/>\n<meta property=\"og:type\" content=\"article\" \/>\n<meta property=\"og:title\" content=\"Sac classique en lin et cuir d&#039;autruche fabriqu\u00e9 en France - Nilau\" \/>\n<meta property=\"og:description\" content=\"Le sac classique en lin et cuir d\u2019autruche deviendra votre alli\u00e9 du quotidien gr\u00e2ce \u00e0 ses deux compartiments int\u00e9rieurs et sa forme irr\u00e9sistible.\" \/>\n<meta property=\"og:url\" content=\"https:\/\/www.nilau-paris.com\/en\/product\/alca-bleu-ciel\/\" \/>\n<meta property=\"og:site_name\" content=\"Nilau\" \/>\n<meta property=\"article:modified_time\" content=\"2024-02-23T14:51:11+00:00\" \/>\n<meta property=\"og:image\" content=\"https:\/\/www.nilau-paris.com\/wp-content\/uploads\/2023\/06\/Alca-bleu-ciel-front-scaled.webp\" \/>\n\t<meta property=\"og:image:width\" content=\"2560\" \/>\n\t<meta property=\"og:image:height\" content=\"2560\" \/>\n\t<meta property=\"og:image:type\" content=\"image\/webp\" \/>\n<meta name=\"twitter:card\" content=\"summary_large_image\" \/>\n<meta name=\"twitter:label1\" content=\"Est. reading time\" \/>\n\t<meta name=\"twitter:data1\" content=\"2 minutes\" \/>\n<script type=\"application\/ld+json\" class=\"yoast-schema-graph\">{\"@context\":\"https:\\\/\\\/schema.org\",\"@graph\":[{\"@type\":\"WebPage\",\"@id\":\"https:\\\/\\\/www.nilau-paris.com\\\/produit\\\/alca-bleu-ciel\\\/\",\"url\":\"https:\\\/\\\/www.nilau-paris.com\\\/produit\\\/alca-bleu-ciel\\\/\",\"name\":\"Sac classique en lin et cuir d'autruche fabriqu\u00e9 en France - Nilau\",\"isPartOf\":{\"@id\":\"https:\\\/\\\/www.nilau-paris.com\\\/#website\"},\"primaryImageOfPage\":{\"@id\":\"https:\\\/\\\/www.nilau-paris.com\\\/produit\\\/alca-bleu-ciel\\\/#primaryimage\"},\"image\":{\"@id\":\"https:\\\/\\\/www.nilau-paris.com\\\/produit\\\/alca-bleu-ciel\\\/#primaryimage\"},\"thumbnailUrl\":\"https:\\\/\\\/www.nilau-paris.com\\\/wp-content\\\/uploads\\\/2023\\\/06\\\/Alca-bleu-ciel-front-scaled.webp\",\"datePublished\":\"2023-06-06T18:21:19+00:00\",\"dateModified\":\"2024-02-23T14:51:11+00:00\",\"description\":\"Le sac classique en lin et cuir d\u2019autruche deviendra votre alli\u00e9 du quotidien gr\u00e2ce \u00e0 ses deux compartiments int\u00e9rieurs et sa forme irr\u00e9sistible.\",\"breadcrumb\":{\"@id\":\"https:\\\/\\\/www.nilau-paris.com\\\/produit\\\/alca-bleu-ciel\\\/#breadcrumb\"},\"inLanguage\":\"en-US\",\"potentialAction\":[{\"@type\":\"ReadAction\",\"target\":[\"https:\\\/\\\/www.nilau-paris.com\\\/produit\\\/alca-bleu-ciel\\\/\"]}]},{\"@type\":\"ImageObject\",\"inLanguage\":\"en-US\",\"@id\":\"https:\\\/\\\/www.nilau-paris.com\\\/produit\\\/alca-bleu-ciel\\\/#primaryimage\",\"url\":\"https:\\\/\\\/www.nilau-paris.com\\\/wp-content\\\/uploads\\\/2023\\\/06\\\/Alca-bleu-ciel-front-scaled.webp\",\"contentUrl\":\"https:\\\/\\\/www.nilau-paris.com\\\/wp-content\\\/uploads\\\/2023\\\/06\\\/Alca-bleu-ciel-front-scaled.webp\",\"width\":2560,\"height\":2560,\"caption\":\"maroquinerie artisanale fran\u00e7aise\"},{\"@type\":\"BreadcrumbList\",\"@id\":\"https:\\\/\\\/www.nilau-paris.com\\\/produit\\\/alca-bleu-ciel\\\/#breadcrumb\",\"itemListElement\":[{\"@type\":\"ListItem\",\"position\":1,\"name\":\"Accueil\",\"item\":\"https:\\\/\\\/www.nilau-paris.com\\\/\"},{\"@type\":\"ListItem\",\"position\":2,\"name\":\"Achat imm\u00e9diat &#8211; Collection permanente\",\"item\":\"https:\\\/\\\/www.nilau-paris.com\\\/collections\\\/\"},{\"@type\":\"ListItem\",\"position\":3,\"name\":\"Alca Bleu Ciel\"}]},{\"@type\":\"WebSite\",\"@id\":\"https:\\\/\\\/www.nilau-paris.com\\\/#website\",\"url\":\"https:\\\/\\\/www.nilau-paris.com\\\/\",\"name\":\"Nilau\",\"description\":\"Haute Maroquinerie fran\u00e7aise\",\"publisher\":{\"@id\":\"https:\\\/\\\/www.nilau-paris.com\\\/#organization\"},\"potentialAction\":[{\"@type\":\"SearchAction\",\"target\":{\"@type\":\"EntryPoint\",\"urlTemplate\":\"https:\\\/\\\/www.nilau-paris.com\\\/?s={search_term_string}\"},\"query-input\":{\"@type\":\"PropertyValueSpecification\",\"valueRequired\":true,\"valueName\":\"search_term_string\"}}],\"inLanguage\":\"en-US\"},{\"@type\":\"Organization\",\"@id\":\"https:\\\/\\\/www.nilau-paris.com\\\/#organization\",\"name\":\"Nilau Paris\",\"url\":\"https:\\\/\\\/www.nilau-paris.com\\\/\",\"logo\":{\"@type\":\"ImageObject\",\"inLanguage\":\"en-US\",\"@id\":\"https:\\\/\\\/www.nilau-paris.com\\\/#\\\/schema\\\/logo\\\/image\\\/\",\"url\":\"https:\\\/\\\/www.nilau-paris.com\\\/wp-content\\\/uploads\\\/2022\\\/04\\\/cropped-LOGO-nilau-site.png\",\"contentUrl\":\"https:\\\/\\\/www.nilau-paris.com\\\/wp-content\\\/uploads\\\/2022\\\/04\\\/cropped-LOGO-nilau-site.png\",\"width\":124,\"height\":80,\"caption\":\"Nilau Paris\"},\"image\":{\"@id\":\"https:\\\/\\\/www.nilau-paris.com\\\/#\\\/schema\\\/logo\\\/image\\\/\"}}]}<\/script>\n<!-- \/ Yoast SEO plugin. -->","yoast_head_json":{"title":"Sac classique en lin et cuir d'autruche fabriqu\u00e9 en France - Nilau","description":"Le sac classique en lin et cuir d\u2019autruche deviendra votre alli\u00e9 du quotidien gr\u00e2ce \u00e0 ses deux compartiments int\u00e9rieurs et sa forme irr\u00e9sistible.","robots":{"index":"index","follow":"follow","max-snippet":"max-snippet:-1","max-image-preview":"max-image-preview:large","max-video-preview":"max-video-preview:-1"},"canonical":"https:\/\/www.nilau-paris.com\/en\/product\/alca-bleu-ciel\/","og_locale":"en_US","og_type":"article","og_title":"Sac classique en lin et cuir d'autruche fabriqu\u00e9 en France - Nilau","og_description":"Le sac classique en lin et cuir d\u2019autruche deviendra votre alli\u00e9 du quotidien gr\u00e2ce \u00e0 ses deux compartiments int\u00e9rieurs et sa forme irr\u00e9sistible.","og_url":"https:\/\/www.nilau-paris.com\/en\/product\/alca-bleu-ciel\/","og_site_name":"Nilau","article_modified_time":"2024-02-23T14:51:11+00:00","og_image":[{"width":2560,"height":2560,"url":"https:\/\/www.nilau-paris.com\/wp-content\/uploads\/2023\/06\/Alca-bleu-ciel-front-scaled.webp","type":"image\/webp"}],"twitter_card":"summary_large_image","twitter_misc":{"Est. reading time":"2 minutes"},"schema":{"@context":"https:\/\/schema.org","@graph":[{"@type":"WebPage","@id":"https:\/\/www.nilau-paris.com\/produit\/alca-bleu-ciel\/","url":"https:\/\/www.nilau-paris.com\/produit\/alca-bleu-ciel\/","name":"Sac classique en lin et cuir d'autruche fabriqu\u00e9 en France - Nilau","isPartOf":{"@id":"https:\/\/www.nilau-paris.com\/#website"},"primaryImageOfPage":{"@id":"https:\/\/www.nilau-paris.com\/produit\/alca-bleu-ciel\/#primaryimage"},"image":{"@id":"https:\/\/www.nilau-paris.com\/produit\/alca-bleu-ciel\/#primaryimage"},"thumbnailUrl":"https:\/\/www.nilau-paris.com\/wp-content\/uploads\/2023\/06\/Alca-bleu-ciel-front-scaled.webp","datePublished":"2023-06-06T18:21:19+00:00","dateModified":"2024-02-23T14:51:11+00:00","description":"Le sac classique en lin et cuir d\u2019autruche deviendra votre alli\u00e9 du quotidien gr\u00e2ce \u00e0 ses deux compartiments int\u00e9rieurs et sa forme irr\u00e9sistible.","breadcrumb":{"@id":"https:\/\/www.nilau-paris.com\/produit\/alca-bleu-ciel\/#breadcrumb"},"inLanguage":"en-US","potentialAction":[{"@type":"ReadAction","target":["https:\/\/www.nilau-paris.com\/produit\/alca-bleu-ciel\/"]}]},{"@type":"ImageObject","inLanguage":"en-US","@id":"https:\/\/www.nilau-paris.com\/produit\/alca-bleu-ciel\/#primaryimage","url":"https:\/\/www.nilau-paris.com\/wp-content\/uploads\/2023\/06\/Alca-bleu-ciel-front-scaled.webp","contentUrl":"https:\/\/www.nilau-paris.com\/wp-content\/uploads\/2023\/06\/Alca-bleu-ciel-front-scaled.webp","width":2560,"height":2560,"caption":"maroquinerie artisanale fran\u00e7aise"},{"@type":"BreadcrumbList","@id":"https:\/\/www.nilau-paris.com\/produit\/alca-bleu-ciel\/#breadcrumb","itemListElement":[{"@type":"ListItem","position":1,"name":"Accueil","item":"https:\/\/www.nilau-paris.com\/"},{"@type":"ListItem","position":2,"name":"Achat imm\u00e9diat &#8211; Collection permanente","item":"https:\/\/www.nilau-paris.com\/collections\/"},{"@type":"ListItem","position":3,"name":"Alca Bleu Ciel"}]},{"@type":"WebSite","@id":"https:\/\/www.nilau-paris.com\/#website","url":"https:\/\/www.nilau-paris.com\/","name":"Nilau","description":"French Haute Maroquinerie","publisher":{"@id":"https:\/\/www.nilau-paris.com\/#organization"},"potentialAction":[{"@type":"SearchAction","target":{"@type":"EntryPoint","urlTemplate":"https:\/\/www.nilau-paris.com\/?s={search_term_string}"},"query-input":{"@type":"PropertyValueSpecification","valueRequired":true,"valueName":"search_term_string"}}],"inLanguage":"en-US"},{"@type":"Organization","@id":"https:\/\/www.nilau-paris.com\/#organization","name":"Nilau Paris","url":"https:\/\/www.nilau-paris.com\/","logo":{"@type":"ImageObject","inLanguage":"en-US","@id":"https:\/\/www.nilau-paris.com\/#\/schema\/logo\/image\/","url":"https:\/\/www.nilau-paris.com\/wp-content\/uploads\/2022\/04\/cropped-LOGO-nilau-site.png","contentUrl":"https:\/\/www.nilau-paris.com\/wp-content\/uploads\/2022\/04\/cropped-LOGO-nilau-site.png","width":124,"height":80,"caption":"Nilau Paris"},"image":{"@id":"https:\/\/www.nilau-paris.com\/#\/schema\/logo\/image\/"}}]}},"_links":{"self":[{"href":"https:\/\/www.nilau-paris.com\/en\/wp-json\/wp\/v2\/product\/6223","targetHints":{"allow":["GET"]}}],"collection":[{"href":"https:\/\/www.nilau-paris.com\/en\/wp-json\/wp\/v2\/product"}],"about":[{"href":"https:\/\/www.nilau-paris.com\/en\/wp-json\/wp\/v2\/types\/product"}],"wp:featuredmedia":[{"embeddable":true,"href":"https:\/\/www.nilau-paris.com\/en\/wp-json\/wp\/v2\/media\/6301"}],"wp:attachment":[{"href":"https:\/\/www.nilau-paris.com\/en\/wp-json\/wp\/v2\/media?parent=6223"}],"wp:term":[{"taxonomy":"product_brand","embeddable":true,"href":"https:\/\/www.nilau-paris.com\/en\/wp-json\/wp\/v2\/product_brand?post=6223"},{"taxonomy":"product_cat","embeddable":true,"href":"https:\/\/www.nilau-paris.com\/en\/wp-json\/wp\/v2\/product_cat?post=6223"},{"taxonomy":"product_tag","embeddable":true,"href":"https:\/\/www.nilau-paris.com\/en\/wp-json\/wp\/v2\/product_tag?post=6223"}],"curies":[{"name":"wp","href":"https:\/\/api.w.org\/{rel}","templated":true}]}}