{"id":5802,"date":"2023-05-03T10:55:56","date_gmt":"2023-05-03T08:55:56","guid":{"rendered":"https:\/\/www.nilau-paris.com\/?post_type=product&#038;p=5802"},"modified":"2024-02-23T15:23:03","modified_gmt":"2024-02-23T14:23:03","slug":"bepine-corail","status":"publish","type":"product","link":"https:\/\/www.nilau-paris.com\/en\/product\/bepine-corail\/","title":{"rendered":"B\u00e9pine Corail"},"content":{"rendered":"<p>Le sac B\u00e9pine Corail, de la marque de haute maroquinerie Nilau Paris, s\u2019inspire de la pochette \u00e0 jumelles du grand-p\u00e8re de la cr\u00e9atrice. L\u2019alliance entre ce design fort, plein de souvenirs et l\u2019\u00e9l\u00e9gance du cuir d\u2019autruche en fait notre mod\u00e8le embl\u00e9matique aux lignes in\u00e9dites.<br \/>\nAu centre de la collection exclusive lorsqu\u2019il est orn\u00e9 de parties lisses ou \u00e0 picots, ce sac \u00e0 main accompagne la silhouette \u00e0 la perfection.<\/p>\n<p>L&#8217;ouverture est s\u00e9curis\u00e9e gr\u00e2ce \u00e0 un aimant robuste. Elle se fait tout en d\u00e9licatesse sous la bande passante qui est une cr\u00e9ation originale de Nilau, maroquinerie Paris, faisant le cachet de toutes ses pi\u00e8ces uniques.<\/p>\n<p>Gr\u00e2ce \u00e0 sa bandouli\u00e8re ajustable tout cuir, le sac \u00e0 main de luxe se porte selon vos envies : \u00e0 la main ou \u00e0 l\u2019\u00e9paule. La bandouli\u00e8re, pens\u00e9e dans les moindres d\u00e9tails, vous assurera un confort permanent gr\u00e2ce \u00e0 sa doublure en cuir de <a href=\"https:\/\/www.nilau-paris.com\/en\/matieres\/\">vache au tannage naturel<\/a>.<\/p>\n<p>Le sac vanity B\u00e9pine est le t\u00e9moignage d\u2019une qualit\u00e9 remarquable provenant du savoir-faire traditionnel de notre atelier familial en France. Nos artisans sont m\u00e9ticuleux et r\u00e9alisent ce sac en 15 \u00e0 20 heures de travail : d\u00e9coupe, refente, piq\u00fbre, teinture etc<\/p>\n<p><a href=\"https:\/\/www.instagram.com\/atelier_pricillam\/\">L\u2019atelier familial<\/a> avec lequel nous travaillons se situe en Auvergne Rh\u00f4ne-Alpes.<\/p>\n<p>Le cuir d\u2019autruche Corail \u00e0 la finition mate provient \u00e9galement d\u2019Auvergne Rh\u00f4ne-Alpes (origine et <a href=\"http:\/\/www.maisonsoler.fr\">tannage<\/a>).<\/p>\n<p>Toutes nos pi\u00e8ces sont tra\u00e7ables et uniques et sont fournies avec leur certificat d\u2019authenticit\u00e9.<br \/>\nSi tout renseignement vous est n\u00e9cessaire pour chaque produit, nous vous conseillons de vous rapprocher de notre \u00e9quipe &#8211;\u00a0What\u2019sapp : +33 6 85 68 97 48 , Email : contact@nilau-paris.com<\/p>","protected":false},"excerpt":{"rendered":"<div><span lang=\"FR\">Coral pink ostrich leather good<\/span><\/div>","protected":false},"featured_media":6044,"template":"","meta":{"content-type":""},"product_brand":[],"product_cat":[24,100],"product_tag":[45],"class_list":{"0":"post-5802","1":"product","2":"type-product","3":"status-publish","4":"has-post-thumbnail","6":"product_cat-sac-a-main-bepine","7":"product_cat-collection-exclusive","8":"product_tag-sac","10":"first","11":"instock","12":"sold-individually","13":"shipping-taxable","14":"purchasable","15":"product-type-simple"},"yoast_head":"<!-- This site is optimized with the Yoast SEO plugin v27.5 - https:\/\/yoast.com\/product\/yoast-seo-wordpress\/ -->\n<title>Sac en cuir d&#039;autruche, made in France - Maroquinerie Paris - Nilau<\/title>\n<meta name=\"description\" content=\"Nilau - Maroquinerie Paris - sac \u00e0 main de luxe en cuir d&#039;autruche fabriqu\u00e9 en France. Mod\u00e8le embl\u00e9matique au design unique et intemporel.\" \/>\n<meta name=\"robots\" content=\"index, follow, max-snippet:-1, max-image-preview:large, max-video-preview:-1\" \/>\n<link rel=\"canonical\" href=\"https:\/\/www.nilau-paris.com\/en\/product\/bepine-corail\/\" \/>\n<meta property=\"og:locale\" content=\"en_US\" \/>\n<meta property=\"og:type\" content=\"article\" \/>\n<meta property=\"og:title\" content=\"Sac en cuir d&#039;autruche, made in France - Maroquinerie Paris - Nilau\" \/>\n<meta property=\"og:description\" content=\"Nilau - Maroquinerie Paris - sac \u00e0 main de luxe en cuir d&#039;autruche fabriqu\u00e9 en France. Mod\u00e8le embl\u00e9matique au design unique et intemporel.\" \/>\n<meta property=\"og:url\" content=\"https:\/\/www.nilau-paris.com\/en\/product\/bepine-corail\/\" \/>\n<meta property=\"og:site_name\" content=\"Nilau\" \/>\n<meta property=\"article:modified_time\" content=\"2024-02-23T14:23:03+00:00\" \/>\n<meta property=\"og:image\" content=\"https:\/\/www.nilau-paris.com\/wp-content\/uploads\/2023\/05\/Bepine-picots-corail-front-scaled.webp\" \/>\n\t<meta property=\"og:image:width\" content=\"2560\" \/>\n\t<meta property=\"og:image:height\" content=\"2560\" \/>\n\t<meta property=\"og:image:type\" content=\"image\/webp\" \/>\n<meta name=\"twitter:card\" content=\"summary_large_image\" \/>\n<meta name=\"twitter:label1\" content=\"Est. reading time\" \/>\n\t<meta name=\"twitter:data1\" content=\"2 minutes\" \/>\n<script type=\"application\/ld+json\" class=\"yoast-schema-graph\">{\"@context\":\"https:\\\/\\\/schema.org\",\"@graph\":[{\"@type\":\"WebPage\",\"@id\":\"https:\\\/\\\/www.nilau-paris.com\\\/produit\\\/bepine-corail\\\/\",\"url\":\"https:\\\/\\\/www.nilau-paris.com\\\/produit\\\/bepine-corail\\\/\",\"name\":\"Sac en cuir d'autruche, made in France - Maroquinerie Paris - Nilau\",\"isPartOf\":{\"@id\":\"https:\\\/\\\/www.nilau-paris.com\\\/#website\"},\"primaryImageOfPage\":{\"@id\":\"https:\\\/\\\/www.nilau-paris.com\\\/produit\\\/bepine-corail\\\/#primaryimage\"},\"image\":{\"@id\":\"https:\\\/\\\/www.nilau-paris.com\\\/produit\\\/bepine-corail\\\/#primaryimage\"},\"thumbnailUrl\":\"https:\\\/\\\/www.nilau-paris.com\\\/wp-content\\\/uploads\\\/2023\\\/05\\\/Bepine-picots-corail-front-scaled.webp\",\"datePublished\":\"2023-05-03T08:55:56+00:00\",\"dateModified\":\"2024-02-23T14:23:03+00:00\",\"description\":\"Nilau - Maroquinerie Paris - sac \u00e0 main de luxe en cuir d'autruche fabriqu\u00e9 en France. Mod\u00e8le embl\u00e9matique au design unique et intemporel.\",\"breadcrumb\":{\"@id\":\"https:\\\/\\\/www.nilau-paris.com\\\/produit\\\/bepine-corail\\\/#breadcrumb\"},\"inLanguage\":\"en-US\",\"potentialAction\":[{\"@type\":\"ReadAction\",\"target\":[\"https:\\\/\\\/www.nilau-paris.com\\\/produit\\\/bepine-corail\\\/\"]}]},{\"@type\":\"ImageObject\",\"inLanguage\":\"en-US\",\"@id\":\"https:\\\/\\\/www.nilau-paris.com\\\/produit\\\/bepine-corail\\\/#primaryimage\",\"url\":\"https:\\\/\\\/www.nilau-paris.com\\\/wp-content\\\/uploads\\\/2023\\\/05\\\/Bepine-picots-corail-front-scaled.webp\",\"contentUrl\":\"https:\\\/\\\/www.nilau-paris.com\\\/wp-content\\\/uploads\\\/2023\\\/05\\\/Bepine-picots-corail-front-scaled.webp\",\"width\":2560,\"height\":2560,\"caption\":\"Sac de cuir fran\u00e7ais de luxe peau d'autruche rose\"},{\"@type\":\"BreadcrumbList\",\"@id\":\"https:\\\/\\\/www.nilau-paris.com\\\/produit\\\/bepine-corail\\\/#breadcrumb\",\"itemListElement\":[{\"@type\":\"ListItem\",\"position\":1,\"name\":\"Accueil\",\"item\":\"https:\\\/\\\/www.nilau-paris.com\\\/\"},{\"@type\":\"ListItem\",\"position\":2,\"name\":\"Achat imm\u00e9diat &#8211; Collection permanente\",\"item\":\"https:\\\/\\\/www.nilau-paris.com\\\/collections\\\/\"},{\"@type\":\"ListItem\",\"position\":3,\"name\":\"B\u00e9pine Corail\"}]},{\"@type\":\"WebSite\",\"@id\":\"https:\\\/\\\/www.nilau-paris.com\\\/#website\",\"url\":\"https:\\\/\\\/www.nilau-paris.com\\\/\",\"name\":\"Nilau\",\"description\":\"Haute Maroquinerie fran\u00e7aise\",\"publisher\":{\"@id\":\"https:\\\/\\\/www.nilau-paris.com\\\/#organization\"},\"potentialAction\":[{\"@type\":\"SearchAction\",\"target\":{\"@type\":\"EntryPoint\",\"urlTemplate\":\"https:\\\/\\\/www.nilau-paris.com\\\/?s={search_term_string}\"},\"query-input\":{\"@type\":\"PropertyValueSpecification\",\"valueRequired\":true,\"valueName\":\"search_term_string\"}}],\"inLanguage\":\"en-US\"},{\"@type\":\"Organization\",\"@id\":\"https:\\\/\\\/www.nilau-paris.com\\\/#organization\",\"name\":\"Nilau Paris\",\"url\":\"https:\\\/\\\/www.nilau-paris.com\\\/\",\"logo\":{\"@type\":\"ImageObject\",\"inLanguage\":\"en-US\",\"@id\":\"https:\\\/\\\/www.nilau-paris.com\\\/#\\\/schema\\\/logo\\\/image\\\/\",\"url\":\"https:\\\/\\\/www.nilau-paris.com\\\/wp-content\\\/uploads\\\/2022\\\/04\\\/cropped-LOGO-nilau-site.png\",\"contentUrl\":\"https:\\\/\\\/www.nilau-paris.com\\\/wp-content\\\/uploads\\\/2022\\\/04\\\/cropped-LOGO-nilau-site.png\",\"width\":124,\"height\":80,\"caption\":\"Nilau Paris\"},\"image\":{\"@id\":\"https:\\\/\\\/www.nilau-paris.com\\\/#\\\/schema\\\/logo\\\/image\\\/\"}}]}<\/script>\n<!-- \/ Yoast SEO plugin. -->","yoast_head_json":{"title":"Sac en cuir d'autruche, made in France - Maroquinerie Paris - Nilau","description":"Nilau - Maroquinerie Paris - sac \u00e0 main de luxe en cuir d'autruche fabriqu\u00e9 en France. Mod\u00e8le embl\u00e9matique au design unique et intemporel.","robots":{"index":"index","follow":"follow","max-snippet":"max-snippet:-1","max-image-preview":"max-image-preview:large","max-video-preview":"max-video-preview:-1"},"canonical":"https:\/\/www.nilau-paris.com\/en\/product\/bepine-corail\/","og_locale":"en_US","og_type":"article","og_title":"Sac en cuir d'autruche, made in France - Maroquinerie Paris - Nilau","og_description":"Nilau - Maroquinerie Paris - sac \u00e0 main de luxe en cuir d'autruche fabriqu\u00e9 en France. Mod\u00e8le embl\u00e9matique au design unique et intemporel.","og_url":"https:\/\/www.nilau-paris.com\/en\/product\/bepine-corail\/","og_site_name":"Nilau","article_modified_time":"2024-02-23T14:23:03+00:00","og_image":[{"width":2560,"height":2560,"url":"https:\/\/www.nilau-paris.com\/wp-content\/uploads\/2023\/05\/Bepine-picots-corail-front-scaled.webp","type":"image\/webp"}],"twitter_card":"summary_large_image","twitter_misc":{"Est. reading time":"2 minutes"},"schema":{"@context":"https:\/\/schema.org","@graph":[{"@type":"WebPage","@id":"https:\/\/www.nilau-paris.com\/produit\/bepine-corail\/","url":"https:\/\/www.nilau-paris.com\/produit\/bepine-corail\/","name":"Sac en cuir d'autruche, made in France - Maroquinerie Paris - Nilau","isPartOf":{"@id":"https:\/\/www.nilau-paris.com\/#website"},"primaryImageOfPage":{"@id":"https:\/\/www.nilau-paris.com\/produit\/bepine-corail\/#primaryimage"},"image":{"@id":"https:\/\/www.nilau-paris.com\/produit\/bepine-corail\/#primaryimage"},"thumbnailUrl":"https:\/\/www.nilau-paris.com\/wp-content\/uploads\/2023\/05\/Bepine-picots-corail-front-scaled.webp","datePublished":"2023-05-03T08:55:56+00:00","dateModified":"2024-02-23T14:23:03+00:00","description":"Nilau - Maroquinerie Paris - sac \u00e0 main de luxe en cuir d'autruche fabriqu\u00e9 en France. Mod\u00e8le embl\u00e9matique au design unique et intemporel.","breadcrumb":{"@id":"https:\/\/www.nilau-paris.com\/produit\/bepine-corail\/#breadcrumb"},"inLanguage":"en-US","potentialAction":[{"@type":"ReadAction","target":["https:\/\/www.nilau-paris.com\/produit\/bepine-corail\/"]}]},{"@type":"ImageObject","inLanguage":"en-US","@id":"https:\/\/www.nilau-paris.com\/produit\/bepine-corail\/#primaryimage","url":"https:\/\/www.nilau-paris.com\/wp-content\/uploads\/2023\/05\/Bepine-picots-corail-front-scaled.webp","contentUrl":"https:\/\/www.nilau-paris.com\/wp-content\/uploads\/2023\/05\/Bepine-picots-corail-front-scaled.webp","width":2560,"height":2560,"caption":"Sac de cuir fran\u00e7ais de luxe peau d'autruche rose"},{"@type":"BreadcrumbList","@id":"https:\/\/www.nilau-paris.com\/produit\/bepine-corail\/#breadcrumb","itemListElement":[{"@type":"ListItem","position":1,"name":"Accueil","item":"https:\/\/www.nilau-paris.com\/"},{"@type":"ListItem","position":2,"name":"Achat imm\u00e9diat &#8211; Collection permanente","item":"https:\/\/www.nilau-paris.com\/collections\/"},{"@type":"ListItem","position":3,"name":"B\u00e9pine Corail"}]},{"@type":"WebSite","@id":"https:\/\/www.nilau-paris.com\/#website","url":"https:\/\/www.nilau-paris.com\/","name":"Nilau","description":"French Haute Maroquinerie","publisher":{"@id":"https:\/\/www.nilau-paris.com\/#organization"},"potentialAction":[{"@type":"SearchAction","target":{"@type":"EntryPoint","urlTemplate":"https:\/\/www.nilau-paris.com\/?s={search_term_string}"},"query-input":{"@type":"PropertyValueSpecification","valueRequired":true,"valueName":"search_term_string"}}],"inLanguage":"en-US"},{"@type":"Organization","@id":"https:\/\/www.nilau-paris.com\/#organization","name":"Nilau Paris","url":"https:\/\/www.nilau-paris.com\/","logo":{"@type":"ImageObject","inLanguage":"en-US","@id":"https:\/\/www.nilau-paris.com\/#\/schema\/logo\/image\/","url":"https:\/\/www.nilau-paris.com\/wp-content\/uploads\/2022\/04\/cropped-LOGO-nilau-site.png","contentUrl":"https:\/\/www.nilau-paris.com\/wp-content\/uploads\/2022\/04\/cropped-LOGO-nilau-site.png","width":124,"height":80,"caption":"Nilau Paris"},"image":{"@id":"https:\/\/www.nilau-paris.com\/#\/schema\/logo\/image\/"}}]}},"_links":{"self":[{"href":"https:\/\/www.nilau-paris.com\/en\/wp-json\/wp\/v2\/product\/5802","targetHints":{"allow":["GET"]}}],"collection":[{"href":"https:\/\/www.nilau-paris.com\/en\/wp-json\/wp\/v2\/product"}],"about":[{"href":"https:\/\/www.nilau-paris.com\/en\/wp-json\/wp\/v2\/types\/product"}],"wp:featuredmedia":[{"embeddable":true,"href":"https:\/\/www.nilau-paris.com\/en\/wp-json\/wp\/v2\/media\/6044"}],"wp:attachment":[{"href":"https:\/\/www.nilau-paris.com\/en\/wp-json\/wp\/v2\/media?parent=5802"}],"wp:term":[{"taxonomy":"product_brand","embeddable":true,"href":"https:\/\/www.nilau-paris.com\/en\/wp-json\/wp\/v2\/product_brand?post=5802"},{"taxonomy":"product_cat","embeddable":true,"href":"https:\/\/www.nilau-paris.com\/en\/wp-json\/wp\/v2\/product_cat?post=5802"},{"taxonomy":"product_tag","embeddable":true,"href":"https:\/\/www.nilau-paris.com\/en\/wp-json\/wp\/v2\/product_tag?post=5802"}],"curies":[{"name":"wp","href":"https:\/\/api.w.org\/{rel}","templated":true}]}}