{"id":5801,"date":"2023-05-03T10:50:36","date_gmt":"2023-05-03T08:50:36","guid":{"rendered":"https:\/\/www.nilau-paris.com\/?post_type=product&#038;p=5801"},"modified":"2025-03-06T18:39:57","modified_gmt":"2025-03-06T17:39:57","slug":"nera-corail","status":"publish","type":"product","link":"https:\/\/www.nilau-paris.com\/en\/product\/nera-corail\/","title":{"rendered":"N\u00e9ra Corail"},"content":{"rendered":"<p>Le sac N\u00e9ra Corail, fruit du savoir-faire de la maroquinerie fran\u00e7aise, a un design en courbe aux lignes \u00e9l\u00e9gantes et pures. Rev\u00eatu enti\u00e8rement de cuir d\u2019autruche, ce mod\u00e8le demi-lune int\u00e8gre la collection exclusive avec brio.<\/p>\n<p>L\u00e9ger au bout du bras avec sa bandouli\u00e8re amovible, il se reconna\u00eet naturellement gr\u00e2ce au contraste entre les diff\u00e9rentes parties du cuir d\u2019autruche.<\/p>\n<p>Ce sac spacieux est enti\u00e8rement doubl\u00e9 en cuir de vache au tannage v\u00e9g\u00e9tal couleur naturelle. R\u00e9sistant et noble, ce cuir refl\u00e8te les valeurs de Nilau.<\/p>\n<p>The Nera half-moon is made by passionate, meticulous craftsmen and with a <a href=\"https:\/\/www.nilau-paris.com\/en\/savoir-faire\/\">unique French know-how<\/a> et Fran\u00e7ais. Les sp\u00e9cificit\u00e9s du cuir d\u2019autruche nous ont permis d\u2019innover tout en conservant le savoir-faire traditionnel de la sellerie maroquinerie fran\u00e7aise. Ainsi, toute la peau est utilis\u00e9e (parties lisses et \u00e0 picots) gr\u00e2ce \u00e0 la technique du gainage.<\/p>\n<p><a href=\"https:\/\/www.nilau-paris.com\/en\/cuir-dautruche\/\">Ostrich leather<\/a> Corail finition mate (<a href=\"http:\/\/www.maisonsoler.fr\">origin Auvergne Rh\u00f4ne-Alpes, France<\/a>) et doublure en cuir de vache au tannage v\u00e9g\u00e9tal naturel (origine Europe).<\/p>\n<p>Toutes nos pi\u00e8ces uniques sont tra\u00e7ables et sont livr\u00e9es avec leur certificat d\u2019authenticit\u00e9.<\/p>\n<p>If you need any information, we advise you to contact our team - Whatsapp: +33 6 85 68 97; E-mail : <a href=\"mailto:contact@nilau-paris.com\">contact@nilau-paris.com\u00a0<\/a><\/p>","protected":false},"excerpt":{"rendered":"<div><span lang=\"FR\">Ostrich leather handbag<\/span><\/div>","protected":false},"featured_media":6041,"template":"","meta":{"content-type":""},"product_brand":[],"product_cat":[100,25],"product_tag":[45],"class_list":{"0":"post-5801","1":"product","2":"type-product","3":"status-publish","4":"has-post-thumbnail","6":"product_cat-collection-exclusive","7":"product_cat-sac-a-main-nera","8":"product_tag-sac","10":"first","11":"instock","12":"sold-individually","13":"shipping-taxable","14":"purchasable","15":"product-type-simple"},"yoast_head":"<!-- This site is optimized with the Yoast SEO plugin v27.5 - https:\/\/yoast.com\/product\/yoast-seo-wordpress\/ -->\n<title>Maroquinerie fran\u00e7aise en cuir d&#039;autruche - fabrication locale - Nilau<\/title>\n<meta name=\"description\" content=\"N\u00e9ra : la maroquinerie fran\u00e7aise en cuir d&#039;autruche. ce mod\u00e8le demi-lune int\u00e8gre la collection exclusive avec brio gr\u00e2ce \u00e0 ses lignes \u00e9l\u00e9gantes et pures.\" \/>\n<meta name=\"robots\" content=\"index, follow, max-snippet:-1, max-image-preview:large, max-video-preview:-1\" \/>\n<link rel=\"canonical\" href=\"https:\/\/www.nilau-paris.com\/en\/product\/nera-corail\/\" \/>\n<meta property=\"og:locale\" content=\"en_US\" \/>\n<meta property=\"og:type\" content=\"article\" \/>\n<meta property=\"og:title\" content=\"Maroquinerie fran\u00e7aise en cuir d&#039;autruche - fabrication locale - Nilau\" \/>\n<meta property=\"og:description\" content=\"N\u00e9ra : la maroquinerie fran\u00e7aise en cuir d&#039;autruche. ce mod\u00e8le demi-lune int\u00e8gre la collection exclusive avec brio gr\u00e2ce \u00e0 ses lignes \u00e9l\u00e9gantes et pures.\" \/>\n<meta property=\"og:url\" content=\"https:\/\/www.nilau-paris.com\/en\/product\/nera-corail\/\" \/>\n<meta property=\"og:site_name\" content=\"Nilau\" \/>\n<meta property=\"article:modified_time\" content=\"2025-03-06T17:39:57+00:00\" \/>\n<meta property=\"og:image\" content=\"https:\/\/www.nilau-paris.com\/wp-content\/uploads\/2023\/05\/Nera-corail-scaled.webp\" \/>\n\t<meta property=\"og:image:width\" content=\"2560\" \/>\n\t<meta property=\"og:image:height\" content=\"2560\" \/>\n\t<meta property=\"og:image:type\" content=\"image\/webp\" \/>\n<meta name=\"twitter:card\" content=\"summary_large_image\" \/>\n<meta name=\"twitter:label1\" content=\"Est. reading time\" \/>\n\t<meta name=\"twitter:data1\" content=\"2 minutes\" \/>\n<script type=\"application\/ld+json\" class=\"yoast-schema-graph\">{\"@context\":\"https:\\\/\\\/schema.org\",\"@graph\":[{\"@type\":\"WebPage\",\"@id\":\"https:\\\/\\\/www.nilau-paris.com\\\/produit\\\/nera-corail\\\/\",\"url\":\"https:\\\/\\\/www.nilau-paris.com\\\/produit\\\/nera-corail\\\/\",\"name\":\"Maroquinerie fran\u00e7aise en cuir d'autruche - fabrication locale - Nilau\",\"isPartOf\":{\"@id\":\"https:\\\/\\\/www.nilau-paris.com\\\/#website\"},\"primaryImageOfPage\":{\"@id\":\"https:\\\/\\\/www.nilau-paris.com\\\/produit\\\/nera-corail\\\/#primaryimage\"},\"image\":{\"@id\":\"https:\\\/\\\/www.nilau-paris.com\\\/produit\\\/nera-corail\\\/#primaryimage\"},\"thumbnailUrl\":\"https:\\\/\\\/www.nilau-paris.com\\\/wp-content\\\/uploads\\\/2023\\\/05\\\/Nera-corail-scaled.webp\",\"datePublished\":\"2023-05-03T08:50:36+00:00\",\"dateModified\":\"2025-03-06T17:39:57+00:00\",\"description\":\"N\u00e9ra : la maroquinerie fran\u00e7aise en cuir d'autruche. ce mod\u00e8le demi-lune int\u00e8gre la collection exclusive avec brio gr\u00e2ce \u00e0 ses lignes \u00e9l\u00e9gantes et pures.\",\"breadcrumb\":{\"@id\":\"https:\\\/\\\/www.nilau-paris.com\\\/produit\\\/nera-corail\\\/#breadcrumb\"},\"inLanguage\":\"en-US\",\"potentialAction\":[{\"@type\":\"ReadAction\",\"target\":[\"https:\\\/\\\/www.nilau-paris.com\\\/produit\\\/nera-corail\\\/\"]}]},{\"@type\":\"ImageObject\",\"inLanguage\":\"en-US\",\"@id\":\"https:\\\/\\\/www.nilau-paris.com\\\/produit\\\/nera-corail\\\/#primaryimage\",\"url\":\"https:\\\/\\\/www.nilau-paris.com\\\/wp-content\\\/uploads\\\/2023\\\/05\\\/Nera-corail-scaled.webp\",\"contentUrl\":\"https:\\\/\\\/www.nilau-paris.com\\\/wp-content\\\/uploads\\\/2023\\\/05\\\/Nera-corail-scaled.webp\",\"width\":2560,\"height\":2560,\"caption\":\"Sac en cuir tout en peau d'autruche rose\"},{\"@type\":\"BreadcrumbList\",\"@id\":\"https:\\\/\\\/www.nilau-paris.com\\\/produit\\\/nera-corail\\\/#breadcrumb\",\"itemListElement\":[{\"@type\":\"ListItem\",\"position\":1,\"name\":\"Accueil\",\"item\":\"https:\\\/\\\/www.nilau-paris.com\\\/\"},{\"@type\":\"ListItem\",\"position\":2,\"name\":\"Achat imm\u00e9diat &#8211; Collection permanente\",\"item\":\"https:\\\/\\\/www.nilau-paris.com\\\/collections\\\/\"},{\"@type\":\"ListItem\",\"position\":3,\"name\":\"N\u00e9ra Corail\"}]},{\"@type\":\"WebSite\",\"@id\":\"https:\\\/\\\/www.nilau-paris.com\\\/#website\",\"url\":\"https:\\\/\\\/www.nilau-paris.com\\\/\",\"name\":\"Nilau\",\"description\":\"Haute Maroquinerie fran\u00e7aise\",\"publisher\":{\"@id\":\"https:\\\/\\\/www.nilau-paris.com\\\/#organization\"},\"potentialAction\":[{\"@type\":\"SearchAction\",\"target\":{\"@type\":\"EntryPoint\",\"urlTemplate\":\"https:\\\/\\\/www.nilau-paris.com\\\/?s={search_term_string}\"},\"query-input\":{\"@type\":\"PropertyValueSpecification\",\"valueRequired\":true,\"valueName\":\"search_term_string\"}}],\"inLanguage\":\"en-US\"},{\"@type\":\"Organization\",\"@id\":\"https:\\\/\\\/www.nilau-paris.com\\\/#organization\",\"name\":\"Nilau Paris\",\"url\":\"https:\\\/\\\/www.nilau-paris.com\\\/\",\"logo\":{\"@type\":\"ImageObject\",\"inLanguage\":\"en-US\",\"@id\":\"https:\\\/\\\/www.nilau-paris.com\\\/#\\\/schema\\\/logo\\\/image\\\/\",\"url\":\"https:\\\/\\\/www.nilau-paris.com\\\/wp-content\\\/uploads\\\/2022\\\/04\\\/cropped-LOGO-nilau-site.png\",\"contentUrl\":\"https:\\\/\\\/www.nilau-paris.com\\\/wp-content\\\/uploads\\\/2022\\\/04\\\/cropped-LOGO-nilau-site.png\",\"width\":124,\"height\":80,\"caption\":\"Nilau Paris\"},\"image\":{\"@id\":\"https:\\\/\\\/www.nilau-paris.com\\\/#\\\/schema\\\/logo\\\/image\\\/\"}}]}<\/script>\n<!-- \/ Yoast SEO plugin. -->","yoast_head_json":{"title":"Maroquinerie fran\u00e7aise en cuir d'autruche - fabrication locale - Nilau","description":"N\u00e9ra : la maroquinerie fran\u00e7aise en cuir d'autruche. ce mod\u00e8le demi-lune int\u00e8gre la collection exclusive avec brio gr\u00e2ce \u00e0 ses lignes \u00e9l\u00e9gantes et pures.","robots":{"index":"index","follow":"follow","max-snippet":"max-snippet:-1","max-image-preview":"max-image-preview:large","max-video-preview":"max-video-preview:-1"},"canonical":"https:\/\/www.nilau-paris.com\/en\/product\/nera-corail\/","og_locale":"en_US","og_type":"article","og_title":"Maroquinerie fran\u00e7aise en cuir d'autruche - fabrication locale - Nilau","og_description":"N\u00e9ra : la maroquinerie fran\u00e7aise en cuir d'autruche. ce mod\u00e8le demi-lune int\u00e8gre la collection exclusive avec brio gr\u00e2ce \u00e0 ses lignes \u00e9l\u00e9gantes et pures.","og_url":"https:\/\/www.nilau-paris.com\/en\/product\/nera-corail\/","og_site_name":"Nilau","article_modified_time":"2025-03-06T17:39:57+00:00","og_image":[{"width":2560,"height":2560,"url":"https:\/\/www.nilau-paris.com\/wp-content\/uploads\/2023\/05\/Nera-corail-scaled.webp","type":"image\/webp"}],"twitter_card":"summary_large_image","twitter_misc":{"Est. reading time":"2 minutes"},"schema":{"@context":"https:\/\/schema.org","@graph":[{"@type":"WebPage","@id":"https:\/\/www.nilau-paris.com\/produit\/nera-corail\/","url":"https:\/\/www.nilau-paris.com\/produit\/nera-corail\/","name":"Maroquinerie fran\u00e7aise en cuir d'autruche - fabrication locale - Nilau","isPartOf":{"@id":"https:\/\/www.nilau-paris.com\/#website"},"primaryImageOfPage":{"@id":"https:\/\/www.nilau-paris.com\/produit\/nera-corail\/#primaryimage"},"image":{"@id":"https:\/\/www.nilau-paris.com\/produit\/nera-corail\/#primaryimage"},"thumbnailUrl":"https:\/\/www.nilau-paris.com\/wp-content\/uploads\/2023\/05\/Nera-corail-scaled.webp","datePublished":"2023-05-03T08:50:36+00:00","dateModified":"2025-03-06T17:39:57+00:00","description":"N\u00e9ra : la maroquinerie fran\u00e7aise en cuir d'autruche. ce mod\u00e8le demi-lune int\u00e8gre la collection exclusive avec brio gr\u00e2ce \u00e0 ses lignes \u00e9l\u00e9gantes et pures.","breadcrumb":{"@id":"https:\/\/www.nilau-paris.com\/produit\/nera-corail\/#breadcrumb"},"inLanguage":"en-US","potentialAction":[{"@type":"ReadAction","target":["https:\/\/www.nilau-paris.com\/produit\/nera-corail\/"]}]},{"@type":"ImageObject","inLanguage":"en-US","@id":"https:\/\/www.nilau-paris.com\/produit\/nera-corail\/#primaryimage","url":"https:\/\/www.nilau-paris.com\/wp-content\/uploads\/2023\/05\/Nera-corail-scaled.webp","contentUrl":"https:\/\/www.nilau-paris.com\/wp-content\/uploads\/2023\/05\/Nera-corail-scaled.webp","width":2560,"height":2560,"caption":"Sac en cuir tout en peau d'autruche rose"},{"@type":"BreadcrumbList","@id":"https:\/\/www.nilau-paris.com\/produit\/nera-corail\/#breadcrumb","itemListElement":[{"@type":"ListItem","position":1,"name":"Accueil","item":"https:\/\/www.nilau-paris.com\/"},{"@type":"ListItem","position":2,"name":"Achat imm\u00e9diat &#8211; Collection permanente","item":"https:\/\/www.nilau-paris.com\/collections\/"},{"@type":"ListItem","position":3,"name":"N\u00e9ra Corail"}]},{"@type":"WebSite","@id":"https:\/\/www.nilau-paris.com\/#website","url":"https:\/\/www.nilau-paris.com\/","name":"Nilau","description":"French Haute Maroquinerie","publisher":{"@id":"https:\/\/www.nilau-paris.com\/#organization"},"potentialAction":[{"@type":"SearchAction","target":{"@type":"EntryPoint","urlTemplate":"https:\/\/www.nilau-paris.com\/?s={search_term_string}"},"query-input":{"@type":"PropertyValueSpecification","valueRequired":true,"valueName":"search_term_string"}}],"inLanguage":"en-US"},{"@type":"Organization","@id":"https:\/\/www.nilau-paris.com\/#organization","name":"Nilau Paris","url":"https:\/\/www.nilau-paris.com\/","logo":{"@type":"ImageObject","inLanguage":"en-US","@id":"https:\/\/www.nilau-paris.com\/#\/schema\/logo\/image\/","url":"https:\/\/www.nilau-paris.com\/wp-content\/uploads\/2022\/04\/cropped-LOGO-nilau-site.png","contentUrl":"https:\/\/www.nilau-paris.com\/wp-content\/uploads\/2022\/04\/cropped-LOGO-nilau-site.png","width":124,"height":80,"caption":"Nilau Paris"},"image":{"@id":"https:\/\/www.nilau-paris.com\/#\/schema\/logo\/image\/"}}]}},"_links":{"self":[{"href":"https:\/\/www.nilau-paris.com\/en\/wp-json\/wp\/v2\/product\/5801","targetHints":{"allow":["GET"]}}],"collection":[{"href":"https:\/\/www.nilau-paris.com\/en\/wp-json\/wp\/v2\/product"}],"about":[{"href":"https:\/\/www.nilau-paris.com\/en\/wp-json\/wp\/v2\/types\/product"}],"wp:featuredmedia":[{"embeddable":true,"href":"https:\/\/www.nilau-paris.com\/en\/wp-json\/wp\/v2\/media\/6041"}],"wp:attachment":[{"href":"https:\/\/www.nilau-paris.com\/en\/wp-json\/wp\/v2\/media?parent=5801"}],"wp:term":[{"taxonomy":"product_brand","embeddable":true,"href":"https:\/\/www.nilau-paris.com\/en\/wp-json\/wp\/v2\/product_brand?post=5801"},{"taxonomy":"product_cat","embeddable":true,"href":"https:\/\/www.nilau-paris.com\/en\/wp-json\/wp\/v2\/product_cat?post=5801"},{"taxonomy":"product_tag","embeddable":true,"href":"https:\/\/www.nilau-paris.com\/en\/wp-json\/wp\/v2\/product_tag?post=5801"}],"curies":[{"name":"wp","href":"https:\/\/api.w.org\/{rel}","templated":true}]}}