{"id":5795,"date":"2023-05-03T10:11:49","date_gmt":"2023-05-03T08:11:49","guid":{"rendered":"https:\/\/www.nilau-paris.com\/?post_type=product&#038;p=5795"},"modified":"2025-03-06T18:41:55","modified_gmt":"2025-03-06T17:41:55","slug":"alca-corail","status":"publish","type":"product","link":"https:\/\/www.nilau-paris.com\/en\/product\/alca-corail\/","title":{"rendered":"Alca Corail"},"content":{"rendered":"<p>Enti\u00e8rement habill\u00e9 de cuir d\u2019autruche, le sac de luxe Alca Corail n\u2019en sera que sublim\u00e9 sous cette robe qui rend style encore plus classique. La symbiose entre les parties lisses et les parties \u00e0 picots de ce cuir pr\u00e9cieux donne du caract\u00e8re au sac cartable tout en lui offrant un design unique.<\/p>\n<p>If the handle allows it to be carried by hand, it is also accompanied by its easily detachable shoulder strap for carrying it in cross-body. Thought out down to the smallest detail, this handbag is secure thanks to its invisible clasp placed under the strap.<\/p>\n<p>Le Alca, sac de luxe par excellence, est une d\u00e9monstration du <a href=\"https:\/\/www.nilau-paris.com\/en\/savoir-faire\/\">French craftsmanship<\/a> : patience, exigence et pr\u00e9cision.\u00a0 Puisque le cuir d\u2019autruche a des caract\u00e9ristiques bien particuli\u00e8res, nous ne pouvons pas utiliser les m\u00e9thodes habituelles automatis\u00e9es. Les d\u00e9coupes se font \u00e0 la main et n\u00e9cessitent l\u2019intervention de personnes hautement qualifi\u00e9es qui ont une vraie sensibilit\u00e9 du cuir.<\/p>\n<p>A craftsman dedicates his dexterity to each pieces he meticulously works on. Thus, this flap bag requires between 15 and 20 hours of work.<\/p>\n<p>The coral-coloured ostrich leather with a matte finish comes from Auvergne Rh\u00f4ne-Alpes, just like the craftsmen we work with (<a href=\"https:\/\/www.instagram.com\/atelier_pricillam\/\">workshop<\/a>, <a href=\"http:\/\/www.maisonsoler.fr\">tannery<\/a>).<\/p>\n<p>Toutes nos pi\u00e8ces uniques sont tra\u00e7ables et sont livr\u00e9es avec leur certificat d\u2019authenticit\u00e9.<\/p>\n<p>If you need any information, we advise you to contact our team - Whatsapp: +33 6 85 68 97; E-mail : <a href=\"mailto:contact@nilau-paris.com\">contact@nilau-paris.com\u00a0<\/a><\/p>","protected":false},"excerpt":{"rendered":"<div><span lang=\"FR\">Coral pink ostrich leather good<\/span><\/div>","protected":false},"featured_media":6045,"template":"","meta":{"content-type":""},"product_brand":[],"product_cat":[31,100],"product_tag":[45],"class_list":{"0":"post-5795","1":"product","2":"type-product","3":"status-publish","4":"has-post-thumbnail","6":"product_cat-sac-a-main-alca","7":"product_cat-collection-exclusive","8":"product_tag-sac","10":"first","11":"instock","12":"sold-individually","13":"shipping-taxable","14":"purchasable","15":"product-type-simple"},"yoast_head":"<!-- This site is optimized with the Yoast SEO plugin v27.5 - https:\/\/yoast.com\/product\/yoast-seo-wordpress\/ -->\n<title>Sac de luxe en cuir d&#039;autruche - fabrication fran\u00e7aise - Nilau<\/title>\n<meta name=\"description\" content=\"Le sac de luxe Alca en cuir d&#039;autruche est un vrai bijou gr\u00e2ce \u00e0 la symbiose entre les parties lisses et les parties \u00e0 picots de ce cuir pr\u00e9cieux.\" \/>\n<meta name=\"robots\" content=\"index, follow, max-snippet:-1, max-image-preview:large, max-video-preview:-1\" \/>\n<link rel=\"canonical\" href=\"https:\/\/www.nilau-paris.com\/en\/product\/alca-corail\/\" \/>\n<meta property=\"og:locale\" content=\"en_US\" \/>\n<meta property=\"og:type\" content=\"article\" \/>\n<meta property=\"og:title\" content=\"Sac de luxe en cuir d&#039;autruche - fabrication fran\u00e7aise - Nilau\" \/>\n<meta property=\"og:description\" content=\"Le sac de luxe Alca en cuir d&#039;autruche est un vrai bijou gr\u00e2ce \u00e0 la symbiose entre les parties lisses et les parties \u00e0 picots de ce cuir pr\u00e9cieux.\" \/>\n<meta property=\"og:url\" content=\"https:\/\/www.nilau-paris.com\/en\/product\/alca-corail\/\" \/>\n<meta property=\"og:site_name\" content=\"Nilau\" \/>\n<meta property=\"article:modified_time\" content=\"2025-03-06T17:41:55+00:00\" \/>\n<meta property=\"og:image\" content=\"https:\/\/www.nilau-paris.com\/wp-content\/uploads\/2023\/05\/Alca-picots-corail-front-scaled.webp\" \/>\n\t<meta property=\"og:image:width\" content=\"2560\" \/>\n\t<meta property=\"og:image:height\" content=\"2560\" \/>\n\t<meta property=\"og:image:type\" content=\"image\/webp\" \/>\n<meta name=\"twitter:card\" content=\"summary_large_image\" \/>\n<meta name=\"twitter:label1\" content=\"Est. reading time\" \/>\n\t<meta name=\"twitter:data1\" content=\"2 minutes\" \/>\n<script type=\"application\/ld+json\" class=\"yoast-schema-graph\">{\"@context\":\"https:\\\/\\\/schema.org\",\"@graph\":[{\"@type\":\"WebPage\",\"@id\":\"https:\\\/\\\/www.nilau-paris.com\\\/produit\\\/alca-corail\\\/\",\"url\":\"https:\\\/\\\/www.nilau-paris.com\\\/produit\\\/alca-corail\\\/\",\"name\":\"Sac de luxe en cuir d'autruche - fabrication fran\u00e7aise - Nilau\",\"isPartOf\":{\"@id\":\"https:\\\/\\\/www.nilau-paris.com\\\/#website\"},\"primaryImageOfPage\":{\"@id\":\"https:\\\/\\\/www.nilau-paris.com\\\/produit\\\/alca-corail\\\/#primaryimage\"},\"image\":{\"@id\":\"https:\\\/\\\/www.nilau-paris.com\\\/produit\\\/alca-corail\\\/#primaryimage\"},\"thumbnailUrl\":\"https:\\\/\\\/www.nilau-paris.com\\\/wp-content\\\/uploads\\\/2023\\\/05\\\/Alca-picots-corail-front-scaled.webp\",\"datePublished\":\"2023-05-03T08:11:49+00:00\",\"dateModified\":\"2025-03-06T17:41:55+00:00\",\"description\":\"Le sac de luxe Alca en cuir d'autruche est un vrai bijou gr\u00e2ce \u00e0 la symbiose entre les parties lisses et les parties \u00e0 picots de ce cuir pr\u00e9cieux.\",\"breadcrumb\":{\"@id\":\"https:\\\/\\\/www.nilau-paris.com\\\/produit\\\/alca-corail\\\/#breadcrumb\"},\"inLanguage\":\"en-US\",\"potentialAction\":[{\"@type\":\"ReadAction\",\"target\":[\"https:\\\/\\\/www.nilau-paris.com\\\/produit\\\/alca-corail\\\/\"]}]},{\"@type\":\"ImageObject\",\"inLanguage\":\"en-US\",\"@id\":\"https:\\\/\\\/www.nilau-paris.com\\\/produit\\\/alca-corail\\\/#primaryimage\",\"url\":\"https:\\\/\\\/www.nilau-paris.com\\\/wp-content\\\/uploads\\\/2023\\\/05\\\/Alca-picots-corail-front-scaled.webp\",\"contentUrl\":\"https:\\\/\\\/www.nilau-paris.com\\\/wp-content\\\/uploads\\\/2023\\\/05\\\/Alca-picots-corail-front-scaled.webp\",\"width\":2560,\"height\":2560,\"caption\":\"Cuir pr\u00e9cieux d'autruche rose\"},{\"@type\":\"BreadcrumbList\",\"@id\":\"https:\\\/\\\/www.nilau-paris.com\\\/produit\\\/alca-corail\\\/#breadcrumb\",\"itemListElement\":[{\"@type\":\"ListItem\",\"position\":1,\"name\":\"Accueil\",\"item\":\"https:\\\/\\\/www.nilau-paris.com\\\/\"},{\"@type\":\"ListItem\",\"position\":2,\"name\":\"Achat imm\u00e9diat &#8211; Collection permanente\",\"item\":\"https:\\\/\\\/www.nilau-paris.com\\\/collections\\\/\"},{\"@type\":\"ListItem\",\"position\":3,\"name\":\"Alca Corail\"}]},{\"@type\":\"WebSite\",\"@id\":\"https:\\\/\\\/www.nilau-paris.com\\\/#website\",\"url\":\"https:\\\/\\\/www.nilau-paris.com\\\/\",\"name\":\"Nilau\",\"description\":\"Haute Maroquinerie fran\u00e7aise\",\"publisher\":{\"@id\":\"https:\\\/\\\/www.nilau-paris.com\\\/#organization\"},\"potentialAction\":[{\"@type\":\"SearchAction\",\"target\":{\"@type\":\"EntryPoint\",\"urlTemplate\":\"https:\\\/\\\/www.nilau-paris.com\\\/?s={search_term_string}\"},\"query-input\":{\"@type\":\"PropertyValueSpecification\",\"valueRequired\":true,\"valueName\":\"search_term_string\"}}],\"inLanguage\":\"en-US\"},{\"@type\":\"Organization\",\"@id\":\"https:\\\/\\\/www.nilau-paris.com\\\/#organization\",\"name\":\"Nilau Paris\",\"url\":\"https:\\\/\\\/www.nilau-paris.com\\\/\",\"logo\":{\"@type\":\"ImageObject\",\"inLanguage\":\"en-US\",\"@id\":\"https:\\\/\\\/www.nilau-paris.com\\\/#\\\/schema\\\/logo\\\/image\\\/\",\"url\":\"https:\\\/\\\/www.nilau-paris.com\\\/wp-content\\\/uploads\\\/2022\\\/04\\\/cropped-LOGO-nilau-site.png\",\"contentUrl\":\"https:\\\/\\\/www.nilau-paris.com\\\/wp-content\\\/uploads\\\/2022\\\/04\\\/cropped-LOGO-nilau-site.png\",\"width\":124,\"height\":80,\"caption\":\"Nilau Paris\"},\"image\":{\"@id\":\"https:\\\/\\\/www.nilau-paris.com\\\/#\\\/schema\\\/logo\\\/image\\\/\"}}]}<\/script>\n<!-- \/ Yoast SEO plugin. -->","yoast_head_json":{"title":"Sac de luxe en cuir d'autruche - fabrication fran\u00e7aise - Nilau","description":"Le sac de luxe Alca en cuir d'autruche est un vrai bijou gr\u00e2ce \u00e0 la symbiose entre les parties lisses et les parties \u00e0 picots de ce cuir pr\u00e9cieux.","robots":{"index":"index","follow":"follow","max-snippet":"max-snippet:-1","max-image-preview":"max-image-preview:large","max-video-preview":"max-video-preview:-1"},"canonical":"https:\/\/www.nilau-paris.com\/en\/product\/alca-corail\/","og_locale":"en_US","og_type":"article","og_title":"Sac de luxe en cuir d'autruche - fabrication fran\u00e7aise - Nilau","og_description":"Le sac de luxe Alca en cuir d'autruche est un vrai bijou gr\u00e2ce \u00e0 la symbiose entre les parties lisses et les parties \u00e0 picots de ce cuir pr\u00e9cieux.","og_url":"https:\/\/www.nilau-paris.com\/en\/product\/alca-corail\/","og_site_name":"Nilau","article_modified_time":"2025-03-06T17:41:55+00:00","og_image":[{"width":2560,"height":2560,"url":"https:\/\/www.nilau-paris.com\/wp-content\/uploads\/2023\/05\/Alca-picots-corail-front-scaled.webp","type":"image\/webp"}],"twitter_card":"summary_large_image","twitter_misc":{"Est. reading time":"2 minutes"},"schema":{"@context":"https:\/\/schema.org","@graph":[{"@type":"WebPage","@id":"https:\/\/www.nilau-paris.com\/produit\/alca-corail\/","url":"https:\/\/www.nilau-paris.com\/produit\/alca-corail\/","name":"Sac de luxe en cuir d'autruche - fabrication fran\u00e7aise - Nilau","isPartOf":{"@id":"https:\/\/www.nilau-paris.com\/#website"},"primaryImageOfPage":{"@id":"https:\/\/www.nilau-paris.com\/produit\/alca-corail\/#primaryimage"},"image":{"@id":"https:\/\/www.nilau-paris.com\/produit\/alca-corail\/#primaryimage"},"thumbnailUrl":"https:\/\/www.nilau-paris.com\/wp-content\/uploads\/2023\/05\/Alca-picots-corail-front-scaled.webp","datePublished":"2023-05-03T08:11:49+00:00","dateModified":"2025-03-06T17:41:55+00:00","description":"Le sac de luxe Alca en cuir d'autruche est un vrai bijou gr\u00e2ce \u00e0 la symbiose entre les parties lisses et les parties \u00e0 picots de ce cuir pr\u00e9cieux.","breadcrumb":{"@id":"https:\/\/www.nilau-paris.com\/produit\/alca-corail\/#breadcrumb"},"inLanguage":"en-US","potentialAction":[{"@type":"ReadAction","target":["https:\/\/www.nilau-paris.com\/produit\/alca-corail\/"]}]},{"@type":"ImageObject","inLanguage":"en-US","@id":"https:\/\/www.nilau-paris.com\/produit\/alca-corail\/#primaryimage","url":"https:\/\/www.nilau-paris.com\/wp-content\/uploads\/2023\/05\/Alca-picots-corail-front-scaled.webp","contentUrl":"https:\/\/www.nilau-paris.com\/wp-content\/uploads\/2023\/05\/Alca-picots-corail-front-scaled.webp","width":2560,"height":2560,"caption":"Cuir pr\u00e9cieux d'autruche rose"},{"@type":"BreadcrumbList","@id":"https:\/\/www.nilau-paris.com\/produit\/alca-corail\/#breadcrumb","itemListElement":[{"@type":"ListItem","position":1,"name":"Accueil","item":"https:\/\/www.nilau-paris.com\/"},{"@type":"ListItem","position":2,"name":"Achat imm\u00e9diat &#8211; Collection permanente","item":"https:\/\/www.nilau-paris.com\/collections\/"},{"@type":"ListItem","position":3,"name":"Alca Corail"}]},{"@type":"WebSite","@id":"https:\/\/www.nilau-paris.com\/#website","url":"https:\/\/www.nilau-paris.com\/","name":"Nilau","description":"French Haute Maroquinerie","publisher":{"@id":"https:\/\/www.nilau-paris.com\/#organization"},"potentialAction":[{"@type":"SearchAction","target":{"@type":"EntryPoint","urlTemplate":"https:\/\/www.nilau-paris.com\/?s={search_term_string}"},"query-input":{"@type":"PropertyValueSpecification","valueRequired":true,"valueName":"search_term_string"}}],"inLanguage":"en-US"},{"@type":"Organization","@id":"https:\/\/www.nilau-paris.com\/#organization","name":"Nilau Paris","url":"https:\/\/www.nilau-paris.com\/","logo":{"@type":"ImageObject","inLanguage":"en-US","@id":"https:\/\/www.nilau-paris.com\/#\/schema\/logo\/image\/","url":"https:\/\/www.nilau-paris.com\/wp-content\/uploads\/2022\/04\/cropped-LOGO-nilau-site.png","contentUrl":"https:\/\/www.nilau-paris.com\/wp-content\/uploads\/2022\/04\/cropped-LOGO-nilau-site.png","width":124,"height":80,"caption":"Nilau Paris"},"image":{"@id":"https:\/\/www.nilau-paris.com\/#\/schema\/logo\/image\/"}}]}},"_links":{"self":[{"href":"https:\/\/www.nilau-paris.com\/en\/wp-json\/wp\/v2\/product\/5795","targetHints":{"allow":["GET"]}}],"collection":[{"href":"https:\/\/www.nilau-paris.com\/en\/wp-json\/wp\/v2\/product"}],"about":[{"href":"https:\/\/www.nilau-paris.com\/en\/wp-json\/wp\/v2\/types\/product"}],"wp:featuredmedia":[{"embeddable":true,"href":"https:\/\/www.nilau-paris.com\/en\/wp-json\/wp\/v2\/media\/6045"}],"wp:attachment":[{"href":"https:\/\/www.nilau-paris.com\/en\/wp-json\/wp\/v2\/media?parent=5795"}],"wp:term":[{"taxonomy":"product_brand","embeddable":true,"href":"https:\/\/www.nilau-paris.com\/en\/wp-json\/wp\/v2\/product_brand?post=5795"},{"taxonomy":"product_cat","embeddable":true,"href":"https:\/\/www.nilau-paris.com\/en\/wp-json\/wp\/v2\/product_cat?post=5795"},{"taxonomy":"product_tag","embeddable":true,"href":"https:\/\/www.nilau-paris.com\/en\/wp-json\/wp\/v2\/product_tag?post=5795"}],"curies":[{"name":"wp","href":"https:\/\/api.w.org\/{rel}","templated":true}]}}