{"id":4444,"date":"2022-11-09T18:26:22","date_gmt":"2022-11-09T17:26:22","guid":{"rendered":"https:\/\/www.nilau-paris.com\/?post_type=product&#038;p=4444"},"modified":"2023-07-11T19:27:03","modified_gmt":"2023-07-11T17:27:03","slug":"creme-pour-cuir","status":"publish","type":"product","link":"https:\/\/www.nilau-paris.com\/en\/product\/creme-pour-cuir\/","title":{"rendered":"Leather cream"},"content":{"rendered":"<p>Afin d&#8217;entretenir <a href=\"https:\/\/www.nilau-paris.com\/en\/sacs\/\">votre sac Nilau<\/a> et son cuir, notre cr\u00e8me pour cuir est le produit qu&#8217;il vous faut.<\/p>\n<p>La cr\u00e8me nourrit et assouplit le cuir comme il le faut et lui\u00a0donne une patine sans le foncer ou le matifier.<\/p>\n<p><a href=\"http:\/\/www.entretien-du-cuir.com\/index.htm\">Fabriqu\u00e9e en France<\/a> \u00e0 partir de mati\u00e8res naturelles (Emulsion compos\u00e9e d\u02bceau, de tensio-actifs v\u00e9g\u00e9taux, de lanoline, de cire, et d\u02bchuile), elle est id\u00e9ale pour les <a href=\"https:\/\/www.nilau-paris.com\/en\/nilau-le-cuir-dautruche-francais\/\">cuirs pr\u00e9cieux d&#8217;autruche<\/a> ou de saumon.<\/p>\n<p>Conseils d&#8217;application :<\/p>\n<p style=\"font-weight: 400;\">Avec un chiffon microfibre ou une chamoisine, essuyez les pi\u00e8ces en cuir pour enlever la poussi\u00e8re ou les petites salissures.<\/p>\n<p style=\"font-weight: 400;\">Ensuite, venez nourrir le cuir avec la <em>cr\u00e8me Nilau<\/em>, cette \u00e9tape est importante pour r\u00e9v\u00e9ler toute la beaut\u00e9 de celui-ci.<\/p>\n<p style=\"font-weight: 400;\">Riche d\u2019ingr\u00e9dients naturels, notre cr\u00e8me apporte tous les nutriments indispensables.<\/p>\n<p style=\"font-weight: 400;\">Avec la chamoisine ou la microfibre appliquez-la d\u2019un mouvement circulaire, en \u00e9talant de mani\u00e8re homog\u00e8ne.<\/p>\n<p style=\"font-weight: 400;\">Attention \u00e0 ne pas trop en mettre pour \u00e9viter que la cr\u00e8me n\u2019aille pas sur le lin pour ne pas la tacher.<\/p>\n<p style=\"font-weight: 400;\">Repassez un coup de chiffon sec rapide pour enlever le surplus.<\/p>","protected":false},"excerpt":{"rendered":"<p>Cr\u00e8me d&#8217;entretien cuir<\/p>","protected":false},"featured_media":6345,"template":"","meta":{"content-type":""},"product_brand":[],"product_cat":[90],"product_tag":[],"class_list":{"0":"post-4444","1":"product","2":"type-product","3":"status-publish","4":"has-post-thumbnail","6":"product_cat-produits-dentretien","8":"first","9":"instock","10":"shipping-taxable","11":"purchasable","12":"product-type-simple"},"yoast_head":"<!-- This site is optimized with the Yoast SEO plugin v27.5 - https:\/\/yoast.com\/product\/yoast-seo-wordpress\/ -->\n<title>Cr\u00e8me pour cuir - Nilau<\/title>\n<meta name=\"description\" content=\"Cette cr\u00e8me pour cuir, qui nourri et prot\u00e8ge votre sac Nilau, est \u00e9labor\u00e9e en France \u00e0 partir de mati\u00e8res naturelles. Id\u00e9ale pour les cuirs pr\u00e9cieux.\" \/>\n<meta name=\"robots\" content=\"index, follow, max-snippet:-1, max-image-preview:large, max-video-preview:-1\" \/>\n<link rel=\"canonical\" href=\"https:\/\/www.nilau-paris.com\/en\/product\/creme-pour-cuir\/\" \/>\n<meta property=\"og:locale\" content=\"en_US\" \/>\n<meta property=\"og:type\" content=\"article\" \/>\n<meta property=\"og:title\" content=\"Cr\u00e8me pour cuir - Nilau\" \/>\n<meta property=\"og:description\" content=\"Cette cr\u00e8me pour cuir, qui nourri et prot\u00e8ge votre sac Nilau, est \u00e9labor\u00e9e en France \u00e0 partir de mati\u00e8res naturelles. Id\u00e9ale pour les cuirs pr\u00e9cieux.\" \/>\n<meta property=\"og:url\" content=\"https:\/\/www.nilau-paris.com\/en\/product\/creme-pour-cuir\/\" \/>\n<meta property=\"og:site_name\" content=\"Nilau\" \/>\n<meta property=\"article:modified_time\" content=\"2023-07-11T17:27:03+00:00\" \/>\n<meta property=\"og:image\" content=\"https:\/\/www.nilau-paris.com\/wp-content\/uploads\/2023\/07\/creme-cuir-scaled.webp\" \/>\n\t<meta property=\"og:image:width\" content=\"2560\" \/>\n\t<meta property=\"og:image:height\" content=\"2560\" \/>\n\t<meta property=\"og:image:type\" content=\"image\/webp\" \/>\n<meta name=\"twitter:card\" content=\"summary_large_image\" \/>\n<meta name=\"twitter:label1\" content=\"Est. reading time\" \/>\n\t<meta name=\"twitter:data1\" content=\"1 minute\" \/>\n<script type=\"application\/ld+json\" class=\"yoast-schema-graph\">{\"@context\":\"https:\\\/\\\/schema.org\",\"@graph\":[{\"@type\":\"WebPage\",\"@id\":\"https:\\\/\\\/www.nilau-paris.com\\\/produit\\\/creme-pour-cuir\\\/\",\"url\":\"https:\\\/\\\/www.nilau-paris.com\\\/produit\\\/creme-pour-cuir\\\/\",\"name\":\"Cr\u00e8me pour cuir - Nilau\",\"isPartOf\":{\"@id\":\"https:\\\/\\\/www.nilau-paris.com\\\/#website\"},\"primaryImageOfPage\":{\"@id\":\"https:\\\/\\\/www.nilau-paris.com\\\/produit\\\/creme-pour-cuir\\\/#primaryimage\"},\"image\":{\"@id\":\"https:\\\/\\\/www.nilau-paris.com\\\/produit\\\/creme-pour-cuir\\\/#primaryimage\"},\"thumbnailUrl\":\"https:\\\/\\\/www.nilau-paris.com\\\/wp-content\\\/uploads\\\/2023\\\/07\\\/creme-cuir-scaled.webp\",\"datePublished\":\"2022-11-09T17:26:22+00:00\",\"dateModified\":\"2023-07-11T17:27:03+00:00\",\"description\":\"Cette cr\u00e8me pour cuir, qui nourri et prot\u00e8ge votre sac Nilau, est \u00e9labor\u00e9e en France \u00e0 partir de mati\u00e8res naturelles. Id\u00e9ale pour les cuirs pr\u00e9cieux.\",\"breadcrumb\":{\"@id\":\"https:\\\/\\\/www.nilau-paris.com\\\/produit\\\/creme-pour-cuir\\\/#breadcrumb\"},\"inLanguage\":\"en-US\",\"potentialAction\":[{\"@type\":\"ReadAction\",\"target\":[\"https:\\\/\\\/www.nilau-paris.com\\\/produit\\\/creme-pour-cuir\\\/\"]}]},{\"@type\":\"ImageObject\",\"inLanguage\":\"en-US\",\"@id\":\"https:\\\/\\\/www.nilau-paris.com\\\/produit\\\/creme-pour-cuir\\\/#primaryimage\",\"url\":\"https:\\\/\\\/www.nilau-paris.com\\\/wp-content\\\/uploads\\\/2023\\\/07\\\/creme-cuir-scaled.webp\",\"contentUrl\":\"https:\\\/\\\/www.nilau-paris.com\\\/wp-content\\\/uploads\\\/2023\\\/07\\\/creme-cuir-scaled.webp\",\"width\":2560,\"height\":2560,\"caption\":\"entretenir son sac en cuir\"},{\"@type\":\"BreadcrumbList\",\"@id\":\"https:\\\/\\\/www.nilau-paris.com\\\/produit\\\/creme-pour-cuir\\\/#breadcrumb\",\"itemListElement\":[{\"@type\":\"ListItem\",\"position\":1,\"name\":\"Accueil\",\"item\":\"https:\\\/\\\/www.nilau-paris.com\\\/\"},{\"@type\":\"ListItem\",\"position\":2,\"name\":\"Achat imm\u00e9diat &#8211; Collection permanente\",\"item\":\"https:\\\/\\\/www.nilau-paris.com\\\/collections\\\/\"},{\"@type\":\"ListItem\",\"position\":3,\"name\":\"Cr\u00e8me pour cuir\"}]},{\"@type\":\"WebSite\",\"@id\":\"https:\\\/\\\/www.nilau-paris.com\\\/#website\",\"url\":\"https:\\\/\\\/www.nilau-paris.com\\\/\",\"name\":\"Nilau\",\"description\":\"Haute Maroquinerie fran\u00e7aise\",\"publisher\":{\"@id\":\"https:\\\/\\\/www.nilau-paris.com\\\/#organization\"},\"potentialAction\":[{\"@type\":\"SearchAction\",\"target\":{\"@type\":\"EntryPoint\",\"urlTemplate\":\"https:\\\/\\\/www.nilau-paris.com\\\/?s={search_term_string}\"},\"query-input\":{\"@type\":\"PropertyValueSpecification\",\"valueRequired\":true,\"valueName\":\"search_term_string\"}}],\"inLanguage\":\"en-US\"},{\"@type\":\"Organization\",\"@id\":\"https:\\\/\\\/www.nilau-paris.com\\\/#organization\",\"name\":\"Nilau Paris\",\"url\":\"https:\\\/\\\/www.nilau-paris.com\\\/\",\"logo\":{\"@type\":\"ImageObject\",\"inLanguage\":\"en-US\",\"@id\":\"https:\\\/\\\/www.nilau-paris.com\\\/#\\\/schema\\\/logo\\\/image\\\/\",\"url\":\"https:\\\/\\\/www.nilau-paris.com\\\/wp-content\\\/uploads\\\/2022\\\/04\\\/cropped-LOGO-nilau-site.png\",\"contentUrl\":\"https:\\\/\\\/www.nilau-paris.com\\\/wp-content\\\/uploads\\\/2022\\\/04\\\/cropped-LOGO-nilau-site.png\",\"width\":124,\"height\":80,\"caption\":\"Nilau Paris\"},\"image\":{\"@id\":\"https:\\\/\\\/www.nilau-paris.com\\\/#\\\/schema\\\/logo\\\/image\\\/\"}}]}<\/script>\n<!-- \/ Yoast SEO plugin. -->","yoast_head_json":{"title":"Cr\u00e8me pour cuir - Nilau","description":"Cette cr\u00e8me pour cuir, qui nourri et prot\u00e8ge votre sac Nilau, est \u00e9labor\u00e9e en France \u00e0 partir de mati\u00e8res naturelles. Id\u00e9ale pour les cuirs pr\u00e9cieux.","robots":{"index":"index","follow":"follow","max-snippet":"max-snippet:-1","max-image-preview":"max-image-preview:large","max-video-preview":"max-video-preview:-1"},"canonical":"https:\/\/www.nilau-paris.com\/en\/product\/creme-pour-cuir\/","og_locale":"en_US","og_type":"article","og_title":"Cr\u00e8me pour cuir - Nilau","og_description":"Cette cr\u00e8me pour cuir, qui nourri et prot\u00e8ge votre sac Nilau, est \u00e9labor\u00e9e en France \u00e0 partir de mati\u00e8res naturelles. Id\u00e9ale pour les cuirs pr\u00e9cieux.","og_url":"https:\/\/www.nilau-paris.com\/en\/product\/creme-pour-cuir\/","og_site_name":"Nilau","article_modified_time":"2023-07-11T17:27:03+00:00","og_image":[{"width":2560,"height":2560,"url":"https:\/\/www.nilau-paris.com\/wp-content\/uploads\/2023\/07\/creme-cuir-scaled.webp","type":"image\/webp"}],"twitter_card":"summary_large_image","twitter_misc":{"Est. reading time":"1 minute"},"schema":{"@context":"https:\/\/schema.org","@graph":[{"@type":"WebPage","@id":"https:\/\/www.nilau-paris.com\/produit\/creme-pour-cuir\/","url":"https:\/\/www.nilau-paris.com\/produit\/creme-pour-cuir\/","name":"Cr\u00e8me pour cuir - Nilau","isPartOf":{"@id":"https:\/\/www.nilau-paris.com\/#website"},"primaryImageOfPage":{"@id":"https:\/\/www.nilau-paris.com\/produit\/creme-pour-cuir\/#primaryimage"},"image":{"@id":"https:\/\/www.nilau-paris.com\/produit\/creme-pour-cuir\/#primaryimage"},"thumbnailUrl":"https:\/\/www.nilau-paris.com\/wp-content\/uploads\/2023\/07\/creme-cuir-scaled.webp","datePublished":"2022-11-09T17:26:22+00:00","dateModified":"2023-07-11T17:27:03+00:00","description":"Cette cr\u00e8me pour cuir, qui nourri et prot\u00e8ge votre sac Nilau, est \u00e9labor\u00e9e en France \u00e0 partir de mati\u00e8res naturelles. Id\u00e9ale pour les cuirs pr\u00e9cieux.","breadcrumb":{"@id":"https:\/\/www.nilau-paris.com\/produit\/creme-pour-cuir\/#breadcrumb"},"inLanguage":"en-US","potentialAction":[{"@type":"ReadAction","target":["https:\/\/www.nilau-paris.com\/produit\/creme-pour-cuir\/"]}]},{"@type":"ImageObject","inLanguage":"en-US","@id":"https:\/\/www.nilau-paris.com\/produit\/creme-pour-cuir\/#primaryimage","url":"https:\/\/www.nilau-paris.com\/wp-content\/uploads\/2023\/07\/creme-cuir-scaled.webp","contentUrl":"https:\/\/www.nilau-paris.com\/wp-content\/uploads\/2023\/07\/creme-cuir-scaled.webp","width":2560,"height":2560,"caption":"entretenir son sac en cuir"},{"@type":"BreadcrumbList","@id":"https:\/\/www.nilau-paris.com\/produit\/creme-pour-cuir\/#breadcrumb","itemListElement":[{"@type":"ListItem","position":1,"name":"Accueil","item":"https:\/\/www.nilau-paris.com\/"},{"@type":"ListItem","position":2,"name":"Achat imm\u00e9diat &#8211; Collection permanente","item":"https:\/\/www.nilau-paris.com\/collections\/"},{"@type":"ListItem","position":3,"name":"Cr\u00e8me pour cuir"}]},{"@type":"WebSite","@id":"https:\/\/www.nilau-paris.com\/#website","url":"https:\/\/www.nilau-paris.com\/","name":"Nilau","description":"French Haute Maroquinerie","publisher":{"@id":"https:\/\/www.nilau-paris.com\/#organization"},"potentialAction":[{"@type":"SearchAction","target":{"@type":"EntryPoint","urlTemplate":"https:\/\/www.nilau-paris.com\/?s={search_term_string}"},"query-input":{"@type":"PropertyValueSpecification","valueRequired":true,"valueName":"search_term_string"}}],"inLanguage":"en-US"},{"@type":"Organization","@id":"https:\/\/www.nilau-paris.com\/#organization","name":"Nilau Paris","url":"https:\/\/www.nilau-paris.com\/","logo":{"@type":"ImageObject","inLanguage":"en-US","@id":"https:\/\/www.nilau-paris.com\/#\/schema\/logo\/image\/","url":"https:\/\/www.nilau-paris.com\/wp-content\/uploads\/2022\/04\/cropped-LOGO-nilau-site.png","contentUrl":"https:\/\/www.nilau-paris.com\/wp-content\/uploads\/2022\/04\/cropped-LOGO-nilau-site.png","width":124,"height":80,"caption":"Nilau Paris"},"image":{"@id":"https:\/\/www.nilau-paris.com\/#\/schema\/logo\/image\/"}}]}},"_links":{"self":[{"href":"https:\/\/www.nilau-paris.com\/en\/wp-json\/wp\/v2\/product\/4444","targetHints":{"allow":["GET"]}}],"collection":[{"href":"https:\/\/www.nilau-paris.com\/en\/wp-json\/wp\/v2\/product"}],"about":[{"href":"https:\/\/www.nilau-paris.com\/en\/wp-json\/wp\/v2\/types\/product"}],"wp:featuredmedia":[{"embeddable":true,"href":"https:\/\/www.nilau-paris.com\/en\/wp-json\/wp\/v2\/media\/6345"}],"wp:attachment":[{"href":"https:\/\/www.nilau-paris.com\/en\/wp-json\/wp\/v2\/media?parent=4444"}],"wp:term":[{"taxonomy":"product_brand","embeddable":true,"href":"https:\/\/www.nilau-paris.com\/en\/wp-json\/wp\/v2\/product_brand?post=4444"},{"taxonomy":"product_cat","embeddable":true,"href":"https:\/\/www.nilau-paris.com\/en\/wp-json\/wp\/v2\/product_cat?post=4444"},{"taxonomy":"product_tag","embeddable":true,"href":"https:\/\/www.nilau-paris.com\/en\/wp-json\/wp\/v2\/product_tag?post=4444"}],"curies":[{"name":"wp","href":"https:\/\/api.w.org\/{rel}","templated":true}]}}