{"id":4217,"date":"2022-10-19T18:29:31","date_gmt":"2022-10-19T16:29:31","guid":{"rendered":"https:\/\/www.nilau-paris.com\/?post_type=product&#038;p=4217"},"modified":"2025-10-21T22:38:01","modified_gmt":"2025-10-21T20:38:01","slug":"alca-black","status":"publish","type":"product","link":"https:\/\/www.nilau-paris.com\/en\/product\/alca-black\/","title":{"rendered":"Alca Black"},"content":{"rendered":"<p>Le sac en cuir couleur noire Alca est con\u00e7u dans notre atelier fran\u00e7ais pour celles et ceux qui veulent se distinguer \u00e0 tout moment puisque sa structure et son design bi-mati\u00e8res d\u2019exception attirent l&#8217;attention partout o\u00f9 il passe.<\/p>\n<p>A business lunch? A date? A meeting with friends? Alca fits your plans perfectly and will become your daily partner thanks to its two interior compartments and its interior patch pocket.<\/p>\n<p>Alca can be carried in two ways:<\/p>\n<ul>\n<li>By hand, thanks to its very resistant handle.<\/li>\n<li>Crossed body or on the shoulder with the thin leather shoulder strap or the lare embroidered linen shoulder strap : you can combine as you wish!<\/li>\n<\/ul>\n<p>Pr\u00e9commandez ce sac en \u00e9dition limit\u00e9e fabriqu\u00e9e uniquement pour vous et vivez l&#8217;exp\u00e9rience de porter un sac \u00e0 main con\u00e7u par des artisans fran\u00e7ais avec des mat\u00e9riaux de la plus haute qualit\u00e9.<\/p>\n<p>The Alca leather bag is also available in linen and precious leather:<\/p>\n<p>The <a href=\"http:\/\/www.nilau-paris.com\/en\/product\/sac-alca-chocolat\/\">chocolat brown<\/a> to complement your outfits in all sobriety<br \/>\nThe <a href=\"http:\/\/www.nilau-paris.com\/en\/product\/sac-alca-cardinal\/\">Cardinal red<\/a> to make heads turn.<br \/>\nThe <a href=\"http:\/\/www.nilau-paris.com\/en\/product\/sac-alca-encre\/\">Ink black<\/a> to express your personality.<br \/>\nThe <a href=\"http:\/\/www.nilau-paris.com\/en\/product\/sac-alca-atlantique\/\">Atlantic blue<\/a> to stand out from the ordinary.<br \/>\nThe <a href=\"http:\/\/www.nilau-paris.com\/en\/product\/sac-alca-bordeau\/\">Bordeaux burgundy<\/a> to brighten up your day.<br \/>\nThe <a href=\"http:\/\/www.nilau-paris.com\/en\/product\/sac-alca-emeraude\/\">Emerald green<\/a> for those looking for authenticity.<\/p>","protected":false},"excerpt":{"rendered":"<p>\u00c9dition limit\u00e9e &#8211; seulement que quelques mod\u00e8les disponibles<\/p>","protected":false},"featured_media":4844,"template":"","meta":{"content-type":""},"product_brand":[],"product_cat":[31,86],"product_tag":[45,107],"class_list":{"0":"post-4217","1":"product","2":"type-product","3":"status-publish","4":"has-post-thumbnail","6":"product_cat-sac-a-main-alca","7":"product_cat-collection-capsule","8":"product_tag-sac","9":"product_tag-toasty","11":"first","12":"instock","13":"sold-individually","14":"shipping-taxable","15":"purchasable","16":"product-type-variable"},"yoast_head":"<!-- This site is optimized with the Yoast SEO plugin v27.5 - https:\/\/yoast.com\/product\/yoast-seo-wordpress\/ -->\n<title>Sac en cuir issu de stocks dormants - fabrication fran\u00e7aise - Nilau<\/title>\n<meta name=\"description\" content=\"Le sac Alca en cuir H\u00e9ritage de la tannerie ROUX deviendra votre alli\u00e9 du quotidien gr\u00e2ce \u00e0 ses deux compartiments int\u00e9rieurs et sa forme irr\u00e9sistible.\" \/>\n<meta name=\"robots\" content=\"index, follow, max-snippet:-1, max-image-preview:large, max-video-preview:-1\" \/>\n<link rel=\"canonical\" href=\"https:\/\/www.nilau-paris.com\/en\/product\/alca-black\/\" \/>\n<meta property=\"og:locale\" content=\"en_US\" \/>\n<meta property=\"og:type\" content=\"article\" \/>\n<meta property=\"og:title\" content=\"Sac en cuir issu de stocks dormants - fabrication fran\u00e7aise - Nilau\" \/>\n<meta property=\"og:description\" content=\"Le sac Alca en cuir H\u00e9ritage de la tannerie ROUX deviendra votre alli\u00e9 du quotidien gr\u00e2ce \u00e0 ses deux compartiments int\u00e9rieurs et sa forme irr\u00e9sistible.\" \/>\n<meta property=\"og:url\" content=\"https:\/\/www.nilau-paris.com\/en\/product\/alca-black\/\" \/>\n<meta property=\"og:site_name\" content=\"Nilau\" \/>\n<meta property=\"article:modified_time\" content=\"2025-10-21T20:38:01+00:00\" \/>\n<meta property=\"og:image\" content=\"https:\/\/www.nilau-paris.com\/wp-content\/uploads\/2023\/02\/Alca-black-front-png-scaled.webp\" \/>\n\t<meta property=\"og:image:width\" content=\"2560\" \/>\n\t<meta property=\"og:image:height\" content=\"2560\" \/>\n\t<meta property=\"og:image:type\" content=\"image\/webp\" \/>\n<meta name=\"twitter:card\" content=\"summary_large_image\" \/>\n<meta name=\"twitter:label1\" content=\"Est. reading time\" \/>\n\t<meta name=\"twitter:data1\" content=\"2 minutes\" \/>\n<script type=\"application\/ld+json\" class=\"yoast-schema-graph\">{\"@context\":\"https:\\\/\\\/schema.org\",\"@graph\":[{\"@type\":\"WebPage\",\"@id\":\"https:\\\/\\\/www.nilau-paris.com\\\/produit\\\/alca-black\\\/\",\"url\":\"https:\\\/\\\/www.nilau-paris.com\\\/produit\\\/alca-black\\\/\",\"name\":\"Sac en cuir issu de stocks dormants - fabrication fran\u00e7aise - Nilau\",\"isPartOf\":{\"@id\":\"https:\\\/\\\/www.nilau-paris.com\\\/#website\"},\"primaryImageOfPage\":{\"@id\":\"https:\\\/\\\/www.nilau-paris.com\\\/produit\\\/alca-black\\\/#primaryimage\"},\"image\":{\"@id\":\"https:\\\/\\\/www.nilau-paris.com\\\/produit\\\/alca-black\\\/#primaryimage\"},\"thumbnailUrl\":\"https:\\\/\\\/www.nilau-paris.com\\\/wp-content\\\/uploads\\\/2023\\\/02\\\/Alca-black-front-png-scaled.webp\",\"datePublished\":\"2022-10-19T16:29:31+00:00\",\"dateModified\":\"2025-10-21T20:38:01+00:00\",\"description\":\"Le sac Alca en cuir H\u00e9ritage de la tannerie ROUX deviendra votre alli\u00e9 du quotidien gr\u00e2ce \u00e0 ses deux compartiments int\u00e9rieurs et sa forme irr\u00e9sistible.\",\"breadcrumb\":{\"@id\":\"https:\\\/\\\/www.nilau-paris.com\\\/produit\\\/alca-black\\\/#breadcrumb\"},\"inLanguage\":\"en-US\",\"potentialAction\":[{\"@type\":\"ReadAction\",\"target\":[\"https:\\\/\\\/www.nilau-paris.com\\\/produit\\\/alca-black\\\/\"]}]},{\"@type\":\"ImageObject\",\"inLanguage\":\"en-US\",\"@id\":\"https:\\\/\\\/www.nilau-paris.com\\\/produit\\\/alca-black\\\/#primaryimage\",\"url\":\"https:\\\/\\\/www.nilau-paris.com\\\/wp-content\\\/uploads\\\/2023\\\/02\\\/Alca-black-front-png-scaled.webp\",\"contentUrl\":\"https:\\\/\\\/www.nilau-paris.com\\\/wp-content\\\/uploads\\\/2023\\\/02\\\/Alca-black-front-png-scaled.webp\",\"width\":2560,\"height\":2560,\"caption\":\"sac de face png\"},{\"@type\":\"BreadcrumbList\",\"@id\":\"https:\\\/\\\/www.nilau-paris.com\\\/produit\\\/alca-black\\\/#breadcrumb\",\"itemListElement\":[{\"@type\":\"ListItem\",\"position\":1,\"name\":\"Accueil\",\"item\":\"https:\\\/\\\/www.nilau-paris.com\\\/\"},{\"@type\":\"ListItem\",\"position\":2,\"name\":\"Achat imm\u00e9diat &#8211; Collection permanente\",\"item\":\"https:\\\/\\\/www.nilau-paris.com\\\/collections\\\/\"},{\"@type\":\"ListItem\",\"position\":3,\"name\":\"Alca Black\"}]},{\"@type\":\"WebSite\",\"@id\":\"https:\\\/\\\/www.nilau-paris.com\\\/#website\",\"url\":\"https:\\\/\\\/www.nilau-paris.com\\\/\",\"name\":\"Nilau\",\"description\":\"Haute Maroquinerie fran\u00e7aise\",\"publisher\":{\"@id\":\"https:\\\/\\\/www.nilau-paris.com\\\/#organization\"},\"potentialAction\":[{\"@type\":\"SearchAction\",\"target\":{\"@type\":\"EntryPoint\",\"urlTemplate\":\"https:\\\/\\\/www.nilau-paris.com\\\/?s={search_term_string}\"},\"query-input\":{\"@type\":\"PropertyValueSpecification\",\"valueRequired\":true,\"valueName\":\"search_term_string\"}}],\"inLanguage\":\"en-US\"},{\"@type\":\"Organization\",\"@id\":\"https:\\\/\\\/www.nilau-paris.com\\\/#organization\",\"name\":\"Nilau Paris\",\"url\":\"https:\\\/\\\/www.nilau-paris.com\\\/\",\"logo\":{\"@type\":\"ImageObject\",\"inLanguage\":\"en-US\",\"@id\":\"https:\\\/\\\/www.nilau-paris.com\\\/#\\\/schema\\\/logo\\\/image\\\/\",\"url\":\"https:\\\/\\\/www.nilau-paris.com\\\/wp-content\\\/uploads\\\/2022\\\/04\\\/cropped-LOGO-nilau-site.png\",\"contentUrl\":\"https:\\\/\\\/www.nilau-paris.com\\\/wp-content\\\/uploads\\\/2022\\\/04\\\/cropped-LOGO-nilau-site.png\",\"width\":124,\"height\":80,\"caption\":\"Nilau Paris\"},\"image\":{\"@id\":\"https:\\\/\\\/www.nilau-paris.com\\\/#\\\/schema\\\/logo\\\/image\\\/\"}}]}<\/script>\n<!-- \/ Yoast SEO plugin. -->","yoast_head_json":{"title":"Sac en cuir issu de stocks dormants - fabrication fran\u00e7aise - Nilau","description":"Le sac Alca en cuir H\u00e9ritage de la tannerie ROUX deviendra votre alli\u00e9 du quotidien gr\u00e2ce \u00e0 ses deux compartiments int\u00e9rieurs et sa forme irr\u00e9sistible.","robots":{"index":"index","follow":"follow","max-snippet":"max-snippet:-1","max-image-preview":"max-image-preview:large","max-video-preview":"max-video-preview:-1"},"canonical":"https:\/\/www.nilau-paris.com\/en\/product\/alca-black\/","og_locale":"en_US","og_type":"article","og_title":"Sac en cuir issu de stocks dormants - fabrication fran\u00e7aise - Nilau","og_description":"Le sac Alca en cuir H\u00e9ritage de la tannerie ROUX deviendra votre alli\u00e9 du quotidien gr\u00e2ce \u00e0 ses deux compartiments int\u00e9rieurs et sa forme irr\u00e9sistible.","og_url":"https:\/\/www.nilau-paris.com\/en\/product\/alca-black\/","og_site_name":"Nilau","article_modified_time":"2025-10-21T20:38:01+00:00","og_image":[{"width":2560,"height":2560,"url":"https:\/\/www.nilau-paris.com\/wp-content\/uploads\/2023\/02\/Alca-black-front-png-scaled.webp","type":"image\/webp"}],"twitter_card":"summary_large_image","twitter_misc":{"Est. reading time":"2 minutes"},"schema":{"@context":"https:\/\/schema.org","@graph":[{"@type":"WebPage","@id":"https:\/\/www.nilau-paris.com\/produit\/alca-black\/","url":"https:\/\/www.nilau-paris.com\/produit\/alca-black\/","name":"Sac en cuir issu de stocks dormants - fabrication fran\u00e7aise - Nilau","isPartOf":{"@id":"https:\/\/www.nilau-paris.com\/#website"},"primaryImageOfPage":{"@id":"https:\/\/www.nilau-paris.com\/produit\/alca-black\/#primaryimage"},"image":{"@id":"https:\/\/www.nilau-paris.com\/produit\/alca-black\/#primaryimage"},"thumbnailUrl":"https:\/\/www.nilau-paris.com\/wp-content\/uploads\/2023\/02\/Alca-black-front-png-scaled.webp","datePublished":"2022-10-19T16:29:31+00:00","dateModified":"2025-10-21T20:38:01+00:00","description":"Le sac Alca en cuir H\u00e9ritage de la tannerie ROUX deviendra votre alli\u00e9 du quotidien gr\u00e2ce \u00e0 ses deux compartiments int\u00e9rieurs et sa forme irr\u00e9sistible.","breadcrumb":{"@id":"https:\/\/www.nilau-paris.com\/produit\/alca-black\/#breadcrumb"},"inLanguage":"en-US","potentialAction":[{"@type":"ReadAction","target":["https:\/\/www.nilau-paris.com\/produit\/alca-black\/"]}]},{"@type":"ImageObject","inLanguage":"en-US","@id":"https:\/\/www.nilau-paris.com\/produit\/alca-black\/#primaryimage","url":"https:\/\/www.nilau-paris.com\/wp-content\/uploads\/2023\/02\/Alca-black-front-png-scaled.webp","contentUrl":"https:\/\/www.nilau-paris.com\/wp-content\/uploads\/2023\/02\/Alca-black-front-png-scaled.webp","width":2560,"height":2560,"caption":"sac de face png"},{"@type":"BreadcrumbList","@id":"https:\/\/www.nilau-paris.com\/produit\/alca-black\/#breadcrumb","itemListElement":[{"@type":"ListItem","position":1,"name":"Accueil","item":"https:\/\/www.nilau-paris.com\/"},{"@type":"ListItem","position":2,"name":"Achat imm\u00e9diat &#8211; Collection permanente","item":"https:\/\/www.nilau-paris.com\/collections\/"},{"@type":"ListItem","position":3,"name":"Alca Black"}]},{"@type":"WebSite","@id":"https:\/\/www.nilau-paris.com\/#website","url":"https:\/\/www.nilau-paris.com\/","name":"Nilau","description":"French Haute Maroquinerie","publisher":{"@id":"https:\/\/www.nilau-paris.com\/#organization"},"potentialAction":[{"@type":"SearchAction","target":{"@type":"EntryPoint","urlTemplate":"https:\/\/www.nilau-paris.com\/?s={search_term_string}"},"query-input":{"@type":"PropertyValueSpecification","valueRequired":true,"valueName":"search_term_string"}}],"inLanguage":"en-US"},{"@type":"Organization","@id":"https:\/\/www.nilau-paris.com\/#organization","name":"Nilau Paris","url":"https:\/\/www.nilau-paris.com\/","logo":{"@type":"ImageObject","inLanguage":"en-US","@id":"https:\/\/www.nilau-paris.com\/#\/schema\/logo\/image\/","url":"https:\/\/www.nilau-paris.com\/wp-content\/uploads\/2022\/04\/cropped-LOGO-nilau-site.png","contentUrl":"https:\/\/www.nilau-paris.com\/wp-content\/uploads\/2022\/04\/cropped-LOGO-nilau-site.png","width":124,"height":80,"caption":"Nilau Paris"},"image":{"@id":"https:\/\/www.nilau-paris.com\/#\/schema\/logo\/image\/"}}]}},"_links":{"self":[{"href":"https:\/\/www.nilau-paris.com\/en\/wp-json\/wp\/v2\/product\/4217","targetHints":{"allow":["GET"]}}],"collection":[{"href":"https:\/\/www.nilau-paris.com\/en\/wp-json\/wp\/v2\/product"}],"about":[{"href":"https:\/\/www.nilau-paris.com\/en\/wp-json\/wp\/v2\/types\/product"}],"wp:featuredmedia":[{"embeddable":true,"href":"https:\/\/www.nilau-paris.com\/en\/wp-json\/wp\/v2\/media\/4844"}],"wp:attachment":[{"href":"https:\/\/www.nilau-paris.com\/en\/wp-json\/wp\/v2\/media?parent=4217"}],"wp:term":[{"taxonomy":"product_brand","embeddable":true,"href":"https:\/\/www.nilau-paris.com\/en\/wp-json\/wp\/v2\/product_brand?post=4217"},{"taxonomy":"product_cat","embeddable":true,"href":"https:\/\/www.nilau-paris.com\/en\/wp-json\/wp\/v2\/product_cat?post=4217"},{"taxonomy":"product_tag","embeddable":true,"href":"https:\/\/www.nilau-paris.com\/en\/wp-json\/wp\/v2\/product_tag?post=4217"}],"curies":[{"name":"wp","href":"https:\/\/api.w.org\/{rel}","templated":true}]}}