{"id":3233,"date":"2022-06-03T10:51:55","date_gmt":"2022-06-03T08:51:55","guid":{"rendered":"http:\/\/www.nilau-paris.com\/?post_type=product&#038;p=3233"},"modified":"2024-02-23T15:43:14","modified_gmt":"2024-02-23T14:43:14","slug":"sac-bepine-gold","status":"publish","type":"product","link":"https:\/\/www.nilau-paris.com\/en\/product\/sac-bepine-gold\/","title":{"rendered":"B\u00e9pine Gold"},"content":{"rendered":"<p>Con\u00e7u par des artisans en France en \u00e9dition limit\u00e9e, le sac \u00e0 main bandouli\u00e8re B\u00e9pine, mod\u00e8le phare de Nilau, se rev\u00eat d&#8217;un cuir <a href=\"http:\/\/www.degermann.com\">DEGERMANN<\/a> couleur gold. Avec sa forme revisit\u00e9e du vanity et sa structure rigide, ce mod\u00e8le vous accompagnera dans toutes vos aventures !<\/p>\n<p>Pour cette belle saison d&#8217;\u00e9t\u00e9 qui arrive, plus de doutes : optez pour notre mod\u00e8le B\u00e9pine habill\u00e9 d&#8217;un cuir pleine fleur aux couleurs chaudes.<\/p>\n<p>Apr\u00e8s avoir explor\u00e9 des stocks dormants, nous avons trouv\u00e9 des tr\u00e9sors provenant de la tannerie fran\u00e7aise DEGERMANN ! Ainsi, gr\u00e2ce\u00a0\u00e0 notre co-cr\u00e9ation,\u00a0le cuir id\u00e9al pour une collection unique bicolore\u00a0!<\/p>\n<p>Used to carry a lot of things in your bag such as your phone, wallet, notebook... and so many more? This bag is made for you because it will protect your precious objects, without losing your style.<\/p>\n<p>Alors craquez pour ce design bicolore qui fera tourner plus d\u2019une t\u00eate !<\/p>\n<p>B\u00e9pine Gold peut se porter de deux fa\u00e7ons :<\/p>\n<ul>\n<li>By hand, thanks to its very resistant handle.<\/li>\n<li>Crossed body or on the shoulder with the thin leather shoulder strap or the wide embroidered linen shoulder strap : you can combine as you wish!<\/li>\n<\/ul>\n<p>Wearing a Nilau piece is to experience high-end leather goods in the French way.<\/p>\n<p>Le sac \u00e0 main bandouli\u00e8re Nilau est \u00e9galement disponible en lin et en cuir pr\u00e9cieux :<br \/>\nThe <a href=\"http:\/\/www.nilau-paris.com\/en\/product\/sac-a-main-bepine-chocolat\/\">chocolat brown<\/a> to complement your outfits in a sober way.<br \/>\nThe <a href=\"http:\/\/www.nilau-paris.com\/en\/product\/sac-bepine-cardinal\/\">Cardinal red<\/a> to create a head-turning effect.<br \/>\nThe <a href=\"http:\/\/www.nilau-paris.com\/en\/product\/sac-bepine-encre\/\">Ink black<\/a> to express your personality.<br \/>\nThe <a href=\"http:\/\/www.nilau-paris.com\/en\/product\/sac-bepine-atlantique\/\">Atlantic blue<\/a> to stand out from the ordinary.<br \/>\nThe <a href=\"http:\/\/www.nilau-paris.com\/en\/product\/bepine-bordeaux\/\">bordeaux<\/a> to brighten up your day.<br \/>\nThe <a href=\"http:\/\/www.nilau-paris.com\/en\/product\/sac-a-main-bepine-emeraude\/\">Emerald green<\/a> for those looking for authenticity.<\/p>\n<p>&nbsp;<\/p>","protected":false},"excerpt":{"rendered":"<p>Sac \u00e0 main vanity en cuir upcycl\u00e9<\/p>","protected":false},"featured_media":6248,"template":"","meta":{"content-type":""},"product_brand":[],"product_cat":[24,86],"product_tag":[45],"class_list":{"0":"post-3233","1":"product","2":"type-product","3":"status-publish","4":"has-post-thumbnail","6":"product_cat-sac-a-main-bepine","7":"product_cat-collection-capsule","8":"product_tag-sac","10":"first","11":"outofstock","12":"sold-individually","13":"shipping-taxable","14":"purchasable","15":"product-type-variable"},"yoast_head":"<!-- This site is optimized with the Yoast SEO plugin v27.5 - https:\/\/yoast.com\/product\/yoast-seo-wordpress\/ -->\n<title>Sac \u00e0 main bandouli\u00e8re B\u00e9pine Gold fabrication locale - Nilau<\/title>\n<meta name=\"description\" content=\"Le sac \u00e0 main bandouli\u00e8re en cuir upcycl\u00e9 est le compagnon id\u00e9al pour l&#039;\u00e9t\u00e9 ! Fabriqu\u00e9 en France, il fait partie d&#039;une collection limit\u00e9e.\" \/>\n<meta name=\"robots\" content=\"index, follow, max-snippet:-1, max-image-preview:large, max-video-preview:-1\" \/>\n<link rel=\"canonical\" href=\"https:\/\/www.nilau-paris.com\/en\/product\/sac-bepine-gold\/\" \/>\n<meta property=\"og:locale\" content=\"en_US\" \/>\n<meta property=\"og:type\" content=\"article\" \/>\n<meta property=\"og:title\" content=\"Sac \u00e0 main bandouli\u00e8re B\u00e9pine Gold fabrication locale - Nilau\" \/>\n<meta property=\"og:description\" content=\"Le sac \u00e0 main bandouli\u00e8re en cuir upcycl\u00e9 est le compagnon id\u00e9al pour l&#039;\u00e9t\u00e9 ! Fabriqu\u00e9 en France, il fait partie d&#039;une collection limit\u00e9e.\" \/>\n<meta property=\"og:url\" content=\"https:\/\/www.nilau-paris.com\/en\/product\/sac-bepine-gold\/\" \/>\n<meta property=\"og:site_name\" content=\"Nilau\" \/>\n<meta property=\"article:modified_time\" content=\"2024-02-23T14:43:14+00:00\" \/>\n<meta property=\"og:image\" content=\"https:\/\/www.nilau-paris.com\/wp-content\/uploads\/2023\/06\/En-rupture-de-stock-En-rupture-de-stock-En-rupture-de-stock-En-rupture-de-stock-En-rupture-de-stock.webp\" \/>\n\t<meta property=\"og:image:width\" content=\"1080\" \/>\n\t<meta property=\"og:image:height\" content=\"1080\" \/>\n\t<meta property=\"og:image:type\" content=\"image\/webp\" \/>\n<meta name=\"twitter:card\" content=\"summary_large_image\" \/>\n<meta name=\"twitter:label1\" content=\"Est. reading time\" \/>\n\t<meta name=\"twitter:data1\" content=\"2 minutes\" \/>\n<script type=\"application\/ld+json\" class=\"yoast-schema-graph\">{\"@context\":\"https:\\\/\\\/schema.org\",\"@graph\":[{\"@type\":\"WebPage\",\"@id\":\"https:\\\/\\\/www.nilau-paris.com\\\/produit\\\/sac-bepine-gold\\\/\",\"url\":\"https:\\\/\\\/www.nilau-paris.com\\\/produit\\\/sac-bepine-gold\\\/\",\"name\":\"Sac \u00e0 main bandouli\u00e8re B\u00e9pine Gold fabrication locale - Nilau\",\"isPartOf\":{\"@id\":\"https:\\\/\\\/www.nilau-paris.com\\\/#website\"},\"primaryImageOfPage\":{\"@id\":\"https:\\\/\\\/www.nilau-paris.com\\\/produit\\\/sac-bepine-gold\\\/#primaryimage\"},\"image\":{\"@id\":\"https:\\\/\\\/www.nilau-paris.com\\\/produit\\\/sac-bepine-gold\\\/#primaryimage\"},\"thumbnailUrl\":\"https:\\\/\\\/www.nilau-paris.com\\\/wp-content\\\/uploads\\\/2023\\\/06\\\/En-rupture-de-stock-En-rupture-de-stock-En-rupture-de-stock-En-rupture-de-stock-En-rupture-de-stock.webp\",\"datePublished\":\"2022-06-03T08:51:55+00:00\",\"dateModified\":\"2024-02-23T14:43:14+00:00\",\"description\":\"Le sac \u00e0 main bandouli\u00e8re en cuir upcycl\u00e9 est le compagnon id\u00e9al pour l'\u00e9t\u00e9 ! Fabriqu\u00e9 en France, il fait partie d'une collection limit\u00e9e.\",\"breadcrumb\":{\"@id\":\"https:\\\/\\\/www.nilau-paris.com\\\/produit\\\/sac-bepine-gold\\\/#breadcrumb\"},\"inLanguage\":\"en-US\",\"potentialAction\":[{\"@type\":\"ReadAction\",\"target\":[\"https:\\\/\\\/www.nilau-paris.com\\\/produit\\\/sac-bepine-gold\\\/\"]}]},{\"@type\":\"ImageObject\",\"inLanguage\":\"en-US\",\"@id\":\"https:\\\/\\\/www.nilau-paris.com\\\/produit\\\/sac-bepine-gold\\\/#primaryimage\",\"url\":\"https:\\\/\\\/www.nilau-paris.com\\\/wp-content\\\/uploads\\\/2023\\\/06\\\/En-rupture-de-stock-En-rupture-de-stock-En-rupture-de-stock-En-rupture-de-stock-En-rupture-de-stock.webp\",\"contentUrl\":\"https:\\\/\\\/www.nilau-paris.com\\\/wp-content\\\/uploads\\\/2023\\\/06\\\/En-rupture-de-stock-En-rupture-de-stock-En-rupture-de-stock-En-rupture-de-stock-En-rupture-de-stock.webp\",\"width\":1080,\"height\":1080,\"caption\":\"sac \u00e0 main cuir fabrication fran\u00e7aise\"},{\"@type\":\"BreadcrumbList\",\"@id\":\"https:\\\/\\\/www.nilau-paris.com\\\/produit\\\/sac-bepine-gold\\\/#breadcrumb\",\"itemListElement\":[{\"@type\":\"ListItem\",\"position\":1,\"name\":\"Accueil\",\"item\":\"https:\\\/\\\/www.nilau-paris.com\\\/\"},{\"@type\":\"ListItem\",\"position\":2,\"name\":\"Achat imm\u00e9diat &#8211; Collection permanente\",\"item\":\"https:\\\/\\\/www.nilau-paris.com\\\/collections\\\/\"},{\"@type\":\"ListItem\",\"position\":3,\"name\":\"B\u00e9pine Gold\"}]},{\"@type\":\"WebSite\",\"@id\":\"https:\\\/\\\/www.nilau-paris.com\\\/#website\",\"url\":\"https:\\\/\\\/www.nilau-paris.com\\\/\",\"name\":\"Nilau\",\"description\":\"Haute Maroquinerie fran\u00e7aise\",\"publisher\":{\"@id\":\"https:\\\/\\\/www.nilau-paris.com\\\/#organization\"},\"potentialAction\":[{\"@type\":\"SearchAction\",\"target\":{\"@type\":\"EntryPoint\",\"urlTemplate\":\"https:\\\/\\\/www.nilau-paris.com\\\/?s={search_term_string}\"},\"query-input\":{\"@type\":\"PropertyValueSpecification\",\"valueRequired\":true,\"valueName\":\"search_term_string\"}}],\"inLanguage\":\"en-US\"},{\"@type\":\"Organization\",\"@id\":\"https:\\\/\\\/www.nilau-paris.com\\\/#organization\",\"name\":\"Nilau Paris\",\"url\":\"https:\\\/\\\/www.nilau-paris.com\\\/\",\"logo\":{\"@type\":\"ImageObject\",\"inLanguage\":\"en-US\",\"@id\":\"https:\\\/\\\/www.nilau-paris.com\\\/#\\\/schema\\\/logo\\\/image\\\/\",\"url\":\"https:\\\/\\\/www.nilau-paris.com\\\/wp-content\\\/uploads\\\/2022\\\/04\\\/cropped-LOGO-nilau-site.png\",\"contentUrl\":\"https:\\\/\\\/www.nilau-paris.com\\\/wp-content\\\/uploads\\\/2022\\\/04\\\/cropped-LOGO-nilau-site.png\",\"width\":124,\"height\":80,\"caption\":\"Nilau Paris\"},\"image\":{\"@id\":\"https:\\\/\\\/www.nilau-paris.com\\\/#\\\/schema\\\/logo\\\/image\\\/\"}}]}<\/script>\n<!-- \/ Yoast SEO plugin. -->","yoast_head_json":{"title":"Sac \u00e0 main bandouli\u00e8re B\u00e9pine Gold fabrication locale - Nilau","description":"Le sac \u00e0 main bandouli\u00e8re en cuir upcycl\u00e9 est le compagnon id\u00e9al pour l'\u00e9t\u00e9 ! Fabriqu\u00e9 en France, il fait partie d'une collection limit\u00e9e.","robots":{"index":"index","follow":"follow","max-snippet":"max-snippet:-1","max-image-preview":"max-image-preview:large","max-video-preview":"max-video-preview:-1"},"canonical":"https:\/\/www.nilau-paris.com\/en\/product\/sac-bepine-gold\/","og_locale":"en_US","og_type":"article","og_title":"Sac \u00e0 main bandouli\u00e8re B\u00e9pine Gold fabrication locale - Nilau","og_description":"Le sac \u00e0 main bandouli\u00e8re en cuir upcycl\u00e9 est le compagnon id\u00e9al pour l'\u00e9t\u00e9 ! Fabriqu\u00e9 en France, il fait partie d'une collection limit\u00e9e.","og_url":"https:\/\/www.nilau-paris.com\/en\/product\/sac-bepine-gold\/","og_site_name":"Nilau","article_modified_time":"2024-02-23T14:43:14+00:00","og_image":[{"width":1080,"height":1080,"url":"https:\/\/www.nilau-paris.com\/wp-content\/uploads\/2023\/06\/En-rupture-de-stock-En-rupture-de-stock-En-rupture-de-stock-En-rupture-de-stock-En-rupture-de-stock.webp","type":"image\/webp"}],"twitter_card":"summary_large_image","twitter_misc":{"Est. reading time":"2 minutes"},"schema":{"@context":"https:\/\/schema.org","@graph":[{"@type":"WebPage","@id":"https:\/\/www.nilau-paris.com\/produit\/sac-bepine-gold\/","url":"https:\/\/www.nilau-paris.com\/produit\/sac-bepine-gold\/","name":"Sac \u00e0 main bandouli\u00e8re B\u00e9pine Gold fabrication locale - Nilau","isPartOf":{"@id":"https:\/\/www.nilau-paris.com\/#website"},"primaryImageOfPage":{"@id":"https:\/\/www.nilau-paris.com\/produit\/sac-bepine-gold\/#primaryimage"},"image":{"@id":"https:\/\/www.nilau-paris.com\/produit\/sac-bepine-gold\/#primaryimage"},"thumbnailUrl":"https:\/\/www.nilau-paris.com\/wp-content\/uploads\/2023\/06\/En-rupture-de-stock-En-rupture-de-stock-En-rupture-de-stock-En-rupture-de-stock-En-rupture-de-stock.webp","datePublished":"2022-06-03T08:51:55+00:00","dateModified":"2024-02-23T14:43:14+00:00","description":"Le sac \u00e0 main bandouli\u00e8re en cuir upcycl\u00e9 est le compagnon id\u00e9al pour l'\u00e9t\u00e9 ! Fabriqu\u00e9 en France, il fait partie d'une collection limit\u00e9e.","breadcrumb":{"@id":"https:\/\/www.nilau-paris.com\/produit\/sac-bepine-gold\/#breadcrumb"},"inLanguage":"en-US","potentialAction":[{"@type":"ReadAction","target":["https:\/\/www.nilau-paris.com\/produit\/sac-bepine-gold\/"]}]},{"@type":"ImageObject","inLanguage":"en-US","@id":"https:\/\/www.nilau-paris.com\/produit\/sac-bepine-gold\/#primaryimage","url":"https:\/\/www.nilau-paris.com\/wp-content\/uploads\/2023\/06\/En-rupture-de-stock-En-rupture-de-stock-En-rupture-de-stock-En-rupture-de-stock-En-rupture-de-stock.webp","contentUrl":"https:\/\/www.nilau-paris.com\/wp-content\/uploads\/2023\/06\/En-rupture-de-stock-En-rupture-de-stock-En-rupture-de-stock-En-rupture-de-stock-En-rupture-de-stock.webp","width":1080,"height":1080,"caption":"sac \u00e0 main cuir fabrication fran\u00e7aise"},{"@type":"BreadcrumbList","@id":"https:\/\/www.nilau-paris.com\/produit\/sac-bepine-gold\/#breadcrumb","itemListElement":[{"@type":"ListItem","position":1,"name":"Accueil","item":"https:\/\/www.nilau-paris.com\/"},{"@type":"ListItem","position":2,"name":"Achat imm\u00e9diat &#8211; Collection permanente","item":"https:\/\/www.nilau-paris.com\/collections\/"},{"@type":"ListItem","position":3,"name":"B\u00e9pine Gold"}]},{"@type":"WebSite","@id":"https:\/\/www.nilau-paris.com\/#website","url":"https:\/\/www.nilau-paris.com\/","name":"Nilau","description":"French Haute Maroquinerie","publisher":{"@id":"https:\/\/www.nilau-paris.com\/#organization"},"potentialAction":[{"@type":"SearchAction","target":{"@type":"EntryPoint","urlTemplate":"https:\/\/www.nilau-paris.com\/?s={search_term_string}"},"query-input":{"@type":"PropertyValueSpecification","valueRequired":true,"valueName":"search_term_string"}}],"inLanguage":"en-US"},{"@type":"Organization","@id":"https:\/\/www.nilau-paris.com\/#organization","name":"Nilau Paris","url":"https:\/\/www.nilau-paris.com\/","logo":{"@type":"ImageObject","inLanguage":"en-US","@id":"https:\/\/www.nilau-paris.com\/#\/schema\/logo\/image\/","url":"https:\/\/www.nilau-paris.com\/wp-content\/uploads\/2022\/04\/cropped-LOGO-nilau-site.png","contentUrl":"https:\/\/www.nilau-paris.com\/wp-content\/uploads\/2022\/04\/cropped-LOGO-nilau-site.png","width":124,"height":80,"caption":"Nilau Paris"},"image":{"@id":"https:\/\/www.nilau-paris.com\/#\/schema\/logo\/image\/"}}]}},"_links":{"self":[{"href":"https:\/\/www.nilau-paris.com\/en\/wp-json\/wp\/v2\/product\/3233","targetHints":{"allow":["GET"]}}],"collection":[{"href":"https:\/\/www.nilau-paris.com\/en\/wp-json\/wp\/v2\/product"}],"about":[{"href":"https:\/\/www.nilau-paris.com\/en\/wp-json\/wp\/v2\/types\/product"}],"wp:featuredmedia":[{"embeddable":true,"href":"https:\/\/www.nilau-paris.com\/en\/wp-json\/wp\/v2\/media\/6248"}],"wp:attachment":[{"href":"https:\/\/www.nilau-paris.com\/en\/wp-json\/wp\/v2\/media?parent=3233"}],"wp:term":[{"taxonomy":"product_brand","embeddable":true,"href":"https:\/\/www.nilau-paris.com\/en\/wp-json\/wp\/v2\/product_brand?post=3233"},{"taxonomy":"product_cat","embeddable":true,"href":"https:\/\/www.nilau-paris.com\/en\/wp-json\/wp\/v2\/product_cat?post=3233"},{"taxonomy":"product_tag","embeddable":true,"href":"https:\/\/www.nilau-paris.com\/en\/wp-json\/wp\/v2\/product_tag?post=3233"}],"curies":[{"name":"wp","href":"https:\/\/api.w.org\/{rel}","templated":true}]}}