{"id":3223,"date":"2022-06-02T17:24:19","date_gmt":"2022-06-02T15:24:19","guid":{"rendered":"http:\/\/www.nilau-paris.com\/?post_type=product&#038;p=3223"},"modified":"2024-02-23T15:34:56","modified_gmt":"2024-02-23T14:34:56","slug":"alca-gold","status":"publish","type":"product","link":"https:\/\/www.nilau-paris.com\/en\/product\/alca-gold\/","title":{"rendered":"Alca Gold"},"content":{"rendered":"<p>Le sac en cuir couleur gold Alca est con\u00e7u dans notre atelier fran\u00e7ais pour celles et ceux qui veulent se distinguer \u00e0 tout moment puisque sa structure et son design bi-mati\u00e8res d\u2019exception attirent l&#8217;attention partout o\u00f9 il passe.<\/p>\n<p>A business lunch? A date? A meeting with friends? Alca fits your plans perfectly and will become your daily partner thanks to its two interior compartments and its interior patch pocket.<\/p>\n<p>Alca can be carried in two ways:<\/p>\n<ul>\n<li>By hand, thanks to its very resistant handle.<\/li>\n<li>Crossed body or on the shoulder with the thin leather shoulder strap or the lare embroidered linen shoulder strap : you can combine as you wish!<\/li>\n<\/ul>\n<p>Pr\u00e9commandez ce sac en \u00e9dition limit\u00e9e fabriqu\u00e9e uniquement pour vous et vivez l&#8217;exp\u00e9rience de porter un sac \u00e0 main con\u00e7u par des artisans fran\u00e7ais avec des mat\u00e9riaux de la plus haute qualit\u00e9.<\/p>\n<p>The Alca leather bag is also available in linen and precious leather:<\/p>\n<p>The <a href=\"http:\/\/www.nilau-paris.com\/en\/product\/sac-alca-chocolat\/\">chocolat brown<\/a> to complement your outfits in all sobriety<br \/>\nThe <a href=\"http:\/\/www.nilau-paris.com\/en\/product\/sac-alca-cardinal\/\">Cardinal red<\/a> to make heads turn.<br \/>\nThe <a href=\"http:\/\/www.nilau-paris.com\/en\/product\/sac-alca-encre\/\">Ink black<\/a> to express your personality.<br \/>\nThe <a href=\"http:\/\/www.nilau-paris.com\/en\/product\/sac-alca-atlantique\/\">Atlantic blue<\/a> to stand out from the ordinary.<br \/>\nThe <a href=\"http:\/\/www.nilau-paris.com\/en\/product\/sac-alca-bordeau\/\">Bordeaux burgundy<\/a> to brighten up your day.<br \/>\nThe <a href=\"http:\/\/www.nilau-paris.com\/en\/product\/sac-alca-emeraude\/\">Emerald green<\/a> for those looking for authenticity.<\/p>","protected":false},"excerpt":{"rendered":"<p>Sac \u00e0 main en cuir upcycl\u00e9<\/p>","protected":false},"featured_media":6246,"template":"","meta":{"content-type":""},"product_brand":[],"product_cat":[31,86],"product_tag":[45],"class_list":{"0":"post-3223","1":"product","2":"type-product","3":"status-publish","4":"has-post-thumbnail","6":"product_cat-sac-a-main-alca","7":"product_cat-collection-capsule","8":"product_tag-sac","10":"first","11":"outofstock","12":"sold-individually","13":"shipping-taxable","14":"purchasable","15":"product-type-variable"},"yoast_head":"<!-- This site is optimized with the Yoast SEO plugin v27.5 - https:\/\/yoast.com\/product\/yoast-seo-wordpress\/ -->\n<title>Sac en cuir issu de stocks dormants - fabrication fran\u00e7aise<\/title>\n<meta name=\"description\" content=\"Le sac Alca en cuir Gold de DEGERMANN deviendra votre alli\u00e9 du quotidien gr\u00e2ce \u00e0 ses deux compartiments int\u00e9rieurs et sa forme irr\u00e9sistible.\" \/>\n<meta name=\"robots\" content=\"index, follow, max-snippet:-1, max-image-preview:large, max-video-preview:-1\" \/>\n<link rel=\"canonical\" href=\"https:\/\/www.nilau-paris.com\/en\/product\/alca-gold\/\" \/>\n<meta property=\"og:locale\" content=\"en_US\" \/>\n<meta property=\"og:type\" content=\"article\" \/>\n<meta property=\"og:title\" content=\"Sac en cuir issu de stocks dormants - fabrication fran\u00e7aise\" \/>\n<meta property=\"og:description\" content=\"Le sac Alca en cuir Gold de DEGERMANN deviendra votre alli\u00e9 du quotidien gr\u00e2ce \u00e0 ses deux compartiments int\u00e9rieurs et sa forme irr\u00e9sistible.\" \/>\n<meta property=\"og:url\" content=\"https:\/\/www.nilau-paris.com\/en\/product\/alca-gold\/\" \/>\n<meta property=\"og:site_name\" content=\"Nilau\" \/>\n<meta property=\"article:modified_time\" content=\"2024-02-23T14:34:56+00:00\" \/>\n<meta property=\"og:image\" content=\"https:\/\/www.nilau-paris.com\/wp-content\/uploads\/2023\/06\/2-1.webp\" \/>\n\t<meta property=\"og:image:width\" content=\"1080\" \/>\n\t<meta property=\"og:image:height\" content=\"1080\" \/>\n\t<meta property=\"og:image:type\" content=\"image\/webp\" \/>\n<meta name=\"twitter:card\" content=\"summary_large_image\" \/>\n<meta name=\"twitter:label1\" content=\"Est. reading time\" \/>\n\t<meta name=\"twitter:data1\" content=\"2 minutes\" \/>\n<script type=\"application\/ld+json\" class=\"yoast-schema-graph\">{\"@context\":\"https:\\\/\\\/schema.org\",\"@graph\":[{\"@type\":\"WebPage\",\"@id\":\"https:\\\/\\\/www.nilau-paris.com\\\/produit\\\/alca-gold\\\/\",\"url\":\"https:\\\/\\\/www.nilau-paris.com\\\/produit\\\/alca-gold\\\/\",\"name\":\"Sac en cuir issu de stocks dormants - fabrication fran\u00e7aise\",\"isPartOf\":{\"@id\":\"https:\\\/\\\/www.nilau-paris.com\\\/#website\"},\"primaryImageOfPage\":{\"@id\":\"https:\\\/\\\/www.nilau-paris.com\\\/produit\\\/alca-gold\\\/#primaryimage\"},\"image\":{\"@id\":\"https:\\\/\\\/www.nilau-paris.com\\\/produit\\\/alca-gold\\\/#primaryimage\"},\"thumbnailUrl\":\"https:\\\/\\\/www.nilau-paris.com\\\/wp-content\\\/uploads\\\/2023\\\/06\\\/2-1.webp\",\"datePublished\":\"2022-06-02T15:24:19+00:00\",\"dateModified\":\"2024-02-23T14:34:56+00:00\",\"description\":\"Le sac Alca en cuir Gold de DEGERMANN deviendra votre alli\u00e9 du quotidien gr\u00e2ce \u00e0 ses deux compartiments int\u00e9rieurs et sa forme irr\u00e9sistible.\",\"breadcrumb\":{\"@id\":\"https:\\\/\\\/www.nilau-paris.com\\\/produit\\\/alca-gold\\\/#breadcrumb\"},\"inLanguage\":\"en-US\",\"potentialAction\":[{\"@type\":\"ReadAction\",\"target\":[\"https:\\\/\\\/www.nilau-paris.com\\\/produit\\\/alca-gold\\\/\"]}]},{\"@type\":\"ImageObject\",\"inLanguage\":\"en-US\",\"@id\":\"https:\\\/\\\/www.nilau-paris.com\\\/produit\\\/alca-gold\\\/#primaryimage\",\"url\":\"https:\\\/\\\/www.nilau-paris.com\\\/wp-content\\\/uploads\\\/2023\\\/06\\\/2-1.webp\",\"contentUrl\":\"https:\\\/\\\/www.nilau-paris.com\\\/wp-content\\\/uploads\\\/2023\\\/06\\\/2-1.webp\",\"width\":1080,\"height\":1080,\"caption\":\"fabricant de sac \u00e0 main france\"},{\"@type\":\"BreadcrumbList\",\"@id\":\"https:\\\/\\\/www.nilau-paris.com\\\/produit\\\/alca-gold\\\/#breadcrumb\",\"itemListElement\":[{\"@type\":\"ListItem\",\"position\":1,\"name\":\"Accueil\",\"item\":\"https:\\\/\\\/www.nilau-paris.com\\\/\"},{\"@type\":\"ListItem\",\"position\":2,\"name\":\"Achat imm\u00e9diat &#8211; Collection permanente\",\"item\":\"https:\\\/\\\/www.nilau-paris.com\\\/collections\\\/\"},{\"@type\":\"ListItem\",\"position\":3,\"name\":\"Alca Gold\"}]},{\"@type\":\"WebSite\",\"@id\":\"https:\\\/\\\/www.nilau-paris.com\\\/#website\",\"url\":\"https:\\\/\\\/www.nilau-paris.com\\\/\",\"name\":\"Nilau\",\"description\":\"Haute Maroquinerie fran\u00e7aise\",\"publisher\":{\"@id\":\"https:\\\/\\\/www.nilau-paris.com\\\/#organization\"},\"potentialAction\":[{\"@type\":\"SearchAction\",\"target\":{\"@type\":\"EntryPoint\",\"urlTemplate\":\"https:\\\/\\\/www.nilau-paris.com\\\/?s={search_term_string}\"},\"query-input\":{\"@type\":\"PropertyValueSpecification\",\"valueRequired\":true,\"valueName\":\"search_term_string\"}}],\"inLanguage\":\"en-US\"},{\"@type\":\"Organization\",\"@id\":\"https:\\\/\\\/www.nilau-paris.com\\\/#organization\",\"name\":\"Nilau Paris\",\"url\":\"https:\\\/\\\/www.nilau-paris.com\\\/\",\"logo\":{\"@type\":\"ImageObject\",\"inLanguage\":\"en-US\",\"@id\":\"https:\\\/\\\/www.nilau-paris.com\\\/#\\\/schema\\\/logo\\\/image\\\/\",\"url\":\"https:\\\/\\\/www.nilau-paris.com\\\/wp-content\\\/uploads\\\/2022\\\/04\\\/cropped-LOGO-nilau-site.png\",\"contentUrl\":\"https:\\\/\\\/www.nilau-paris.com\\\/wp-content\\\/uploads\\\/2022\\\/04\\\/cropped-LOGO-nilau-site.png\",\"width\":124,\"height\":80,\"caption\":\"Nilau Paris\"},\"image\":{\"@id\":\"https:\\\/\\\/www.nilau-paris.com\\\/#\\\/schema\\\/logo\\\/image\\\/\"}}]}<\/script>\n<!-- \/ Yoast SEO plugin. -->","yoast_head_json":{"title":"Sac en cuir issu de stocks dormants - fabrication fran\u00e7aise","description":"Le sac Alca en cuir Gold de DEGERMANN deviendra votre alli\u00e9 du quotidien gr\u00e2ce \u00e0 ses deux compartiments int\u00e9rieurs et sa forme irr\u00e9sistible.","robots":{"index":"index","follow":"follow","max-snippet":"max-snippet:-1","max-image-preview":"max-image-preview:large","max-video-preview":"max-video-preview:-1"},"canonical":"https:\/\/www.nilau-paris.com\/en\/product\/alca-gold\/","og_locale":"en_US","og_type":"article","og_title":"Sac en cuir issu de stocks dormants - fabrication fran\u00e7aise","og_description":"Le sac Alca en cuir Gold de DEGERMANN deviendra votre alli\u00e9 du quotidien gr\u00e2ce \u00e0 ses deux compartiments int\u00e9rieurs et sa forme irr\u00e9sistible.","og_url":"https:\/\/www.nilau-paris.com\/en\/product\/alca-gold\/","og_site_name":"Nilau","article_modified_time":"2024-02-23T14:34:56+00:00","og_image":[{"width":1080,"height":1080,"url":"https:\/\/www.nilau-paris.com\/wp-content\/uploads\/2023\/06\/2-1.webp","type":"image\/webp"}],"twitter_card":"summary_large_image","twitter_misc":{"Est. reading time":"2 minutes"},"schema":{"@context":"https:\/\/schema.org","@graph":[{"@type":"WebPage","@id":"https:\/\/www.nilau-paris.com\/produit\/alca-gold\/","url":"https:\/\/www.nilau-paris.com\/produit\/alca-gold\/","name":"Sac en cuir issu de stocks dormants - fabrication fran\u00e7aise","isPartOf":{"@id":"https:\/\/www.nilau-paris.com\/#website"},"primaryImageOfPage":{"@id":"https:\/\/www.nilau-paris.com\/produit\/alca-gold\/#primaryimage"},"image":{"@id":"https:\/\/www.nilau-paris.com\/produit\/alca-gold\/#primaryimage"},"thumbnailUrl":"https:\/\/www.nilau-paris.com\/wp-content\/uploads\/2023\/06\/2-1.webp","datePublished":"2022-06-02T15:24:19+00:00","dateModified":"2024-02-23T14:34:56+00:00","description":"Le sac Alca en cuir Gold de DEGERMANN deviendra votre alli\u00e9 du quotidien gr\u00e2ce \u00e0 ses deux compartiments int\u00e9rieurs et sa forme irr\u00e9sistible.","breadcrumb":{"@id":"https:\/\/www.nilau-paris.com\/produit\/alca-gold\/#breadcrumb"},"inLanguage":"en-US","potentialAction":[{"@type":"ReadAction","target":["https:\/\/www.nilau-paris.com\/produit\/alca-gold\/"]}]},{"@type":"ImageObject","inLanguage":"en-US","@id":"https:\/\/www.nilau-paris.com\/produit\/alca-gold\/#primaryimage","url":"https:\/\/www.nilau-paris.com\/wp-content\/uploads\/2023\/06\/2-1.webp","contentUrl":"https:\/\/www.nilau-paris.com\/wp-content\/uploads\/2023\/06\/2-1.webp","width":1080,"height":1080,"caption":"fabricant de sac \u00e0 main france"},{"@type":"BreadcrumbList","@id":"https:\/\/www.nilau-paris.com\/produit\/alca-gold\/#breadcrumb","itemListElement":[{"@type":"ListItem","position":1,"name":"Accueil","item":"https:\/\/www.nilau-paris.com\/"},{"@type":"ListItem","position":2,"name":"Achat imm\u00e9diat &#8211; Collection permanente","item":"https:\/\/www.nilau-paris.com\/collections\/"},{"@type":"ListItem","position":3,"name":"Alca Gold"}]},{"@type":"WebSite","@id":"https:\/\/www.nilau-paris.com\/#website","url":"https:\/\/www.nilau-paris.com\/","name":"Nilau","description":"French Haute Maroquinerie","publisher":{"@id":"https:\/\/www.nilau-paris.com\/#organization"},"potentialAction":[{"@type":"SearchAction","target":{"@type":"EntryPoint","urlTemplate":"https:\/\/www.nilau-paris.com\/?s={search_term_string}"},"query-input":{"@type":"PropertyValueSpecification","valueRequired":true,"valueName":"search_term_string"}}],"inLanguage":"en-US"},{"@type":"Organization","@id":"https:\/\/www.nilau-paris.com\/#organization","name":"Nilau Paris","url":"https:\/\/www.nilau-paris.com\/","logo":{"@type":"ImageObject","inLanguage":"en-US","@id":"https:\/\/www.nilau-paris.com\/#\/schema\/logo\/image\/","url":"https:\/\/www.nilau-paris.com\/wp-content\/uploads\/2022\/04\/cropped-LOGO-nilau-site.png","contentUrl":"https:\/\/www.nilau-paris.com\/wp-content\/uploads\/2022\/04\/cropped-LOGO-nilau-site.png","width":124,"height":80,"caption":"Nilau Paris"},"image":{"@id":"https:\/\/www.nilau-paris.com\/#\/schema\/logo\/image\/"}}]}},"_links":{"self":[{"href":"https:\/\/www.nilau-paris.com\/en\/wp-json\/wp\/v2\/product\/3223","targetHints":{"allow":["GET"]}}],"collection":[{"href":"https:\/\/www.nilau-paris.com\/en\/wp-json\/wp\/v2\/product"}],"about":[{"href":"https:\/\/www.nilau-paris.com\/en\/wp-json\/wp\/v2\/types\/product"}],"wp:featuredmedia":[{"embeddable":true,"href":"https:\/\/www.nilau-paris.com\/en\/wp-json\/wp\/v2\/media\/6246"}],"wp:attachment":[{"href":"https:\/\/www.nilau-paris.com\/en\/wp-json\/wp\/v2\/media?parent=3223"}],"wp:term":[{"taxonomy":"product_brand","embeddable":true,"href":"https:\/\/www.nilau-paris.com\/en\/wp-json\/wp\/v2\/product_brand?post=3223"},{"taxonomy":"product_cat","embeddable":true,"href":"https:\/\/www.nilau-paris.com\/en\/wp-json\/wp\/v2\/product_cat?post=3223"},{"taxonomy":"product_tag","embeddable":true,"href":"https:\/\/www.nilau-paris.com\/en\/wp-json\/wp\/v2\/product_tag?post=3223"}],"curies":[{"name":"wp","href":"https:\/\/api.w.org\/{rel}","templated":true}]}}