{"id":2957,"date":"2022-05-30T18:28:00","date_gmt":"2022-05-30T16:28:00","guid":{"rendered":"http:\/\/www.nilau-paris.com\/?post_type=product&#038;p=2957"},"modified":"2025-01-08T09:28:39","modified_gmt":"2025-01-08T08:28:39","slug":"boucles-doreilles-mone-atlantique","status":"publish","type":"product","link":"https:\/\/www.nilau-paris.com\/en\/product\/boucles-doreilles-mone-atlantique\/","title":{"rendered":"Mone Atlantique"},"content":{"rendered":"<p>Travaill\u00e9e dans la douceur des courbes, la paire de boucle d\u2019oreille en cuir upcycl\u00e9 Mone rehausse toutes vos tenues. Vous vous assurez donc \u00e9l\u00e9gance et originalit\u00e9 avec ce bijou bicolore en cuir de saumon (revaloris\u00e9 de l&#8217;industrie alimentaire et <a href=\"http:\/\/www.ictyos.com\">tanned<\/a> in Lyon, France) and cowhide.<\/p>\n<p>Each earring is handmade in France by an artisan.  Both types of leather are upcycled from our leather leftovers.<\/p>\n<p>The light and colorful pair of earrings can be worn separately or matched, mix and match them as you wish!<\/p>\n<p>La paire de boucle d&#8217;oreille en cuir upcycl\u00e9 Mone est disponible en 6 couleurs:<\/p>\n<p><a href=\"http:\/\/www.nilau-paris.com\/en\/product\/boucles-doreilles-mone-chocolat\/\">Chocolate Brown<\/a> for a natural look in your accessories.<br \/>\n<a href=\"http:\/\/www.nilau-paris.com\/en\/product\/boucles-doreilles-mone-cardinal\/\">Cardinal red<\/a> to catch everyone's eye.<br \/>\n<a href=\"http:\/\/www.nilau-paris.com\/en\/product\/boucles-doreilles-mone-atlantique\/\">Atlantic Blue<\/a> to express your personality.<br \/>\n<a href=\"http:\/\/www.nilau-paris.com\/en\/product\/boucles-doreilles-mone-encre\/\">Ink black<\/a> for a sober look.<br \/>\n<a href=\"http:\/\/www.nilau-paris.com\/en\/product\/boucle-doreilles-mone-emeraude\/\">Emerald green<\/a> for a refreshing touch.<br \/>\n<a href=\"http:\/\/www.nilau-paris.com\/en\/product\/boucles-doreilles-mone-bordeaux\/\">Bordeaux burgundy<\/a> for a touch of sweetness<\/p>","protected":false},"excerpt":{"rendered":"<div><span lang=\"FR\">Blue salmon and cow leather earrings <\/span><\/div>","protected":false},"featured_media":5154,"template":"","meta":{"content-type":""},"product_brand":[],"product_cat":[103,82],"product_tag":[67],"class_list":{"0":"post-2957","1":"product","2":"type-product","3":"status-publish","4":"has-post-thumbnail","6":"product_cat-accessoires","7":"product_cat-boucles-doreilles-mone","8":"product_tag-accessoires","10":"first","11":"instock","12":"sale","13":"sold-individually","14":"shipping-taxable","15":"purchasable","16":"product-type-variable"},"yoast_head":"<!-- This site is optimized with the Yoast SEO plugin v27.5 - https:\/\/yoast.com\/product\/yoast-seo-wordpress\/ -->\n<title>Paire de boucle d\u2019oreille Mone Atlantique en cuir upcycl\u00e9 - Nilau<\/title>\n<meta name=\"description\" content=\"La paire de boucle d\u2019oreille Mone en cuir de saumon bleu et de vache est fabriqu\u00e9e \u00e0 la main en France \u00e0 partir de chutes de cuir upcycl\u00e9.\" \/>\n<meta name=\"robots\" content=\"index, follow, max-snippet:-1, max-image-preview:large, max-video-preview:-1\" \/>\n<link rel=\"canonical\" href=\"https:\/\/www.nilau-paris.com\/en\/product\/boucles-doreilles-mone-atlantique\/\" \/>\n<meta property=\"og:locale\" content=\"en_US\" \/>\n<meta property=\"og:type\" content=\"article\" \/>\n<meta property=\"og:title\" content=\"Paire de boucle d\u2019oreille Mone Atlantique en cuir upcycl\u00e9 - Nilau\" \/>\n<meta property=\"og:description\" content=\"La paire de boucle d\u2019oreille Mone en cuir de saumon bleu et de vache est fabriqu\u00e9e \u00e0 la main en France \u00e0 partir de chutes de cuir upcycl\u00e9.\" \/>\n<meta property=\"og:url\" content=\"https:\/\/www.nilau-paris.com\/en\/product\/boucles-doreilles-mone-atlantique\/\" \/>\n<meta property=\"og:site_name\" content=\"Nilau\" \/>\n<meta property=\"article:modified_time\" content=\"2025-01-08T08:28:39+00:00\" \/>\n<meta property=\"og:image\" content=\"https:\/\/www.nilau-paris.com\/wp-content\/uploads\/2023\/02\/Mone-atlantique-similaire-png-scaled.webp\" \/>\n\t<meta property=\"og:image:width\" content=\"2560\" \/>\n\t<meta property=\"og:image:height\" content=\"2560\" \/>\n\t<meta property=\"og:image:type\" content=\"image\/webp\" \/>\n<meta name=\"twitter:card\" content=\"summary_large_image\" \/>\n<meta name=\"twitter:label1\" content=\"Est. reading time\" \/>\n\t<meta name=\"twitter:data1\" content=\"1 minute\" \/>\n<script type=\"application\/ld+json\" class=\"yoast-schema-graph\">{\"@context\":\"https:\\\/\\\/schema.org\",\"@graph\":[{\"@type\":\"WebPage\",\"@id\":\"https:\\\/\\\/www.nilau-paris.com\\\/produit\\\/boucles-doreilles-mone-atlantique\\\/\",\"url\":\"https:\\\/\\\/www.nilau-paris.com\\\/produit\\\/boucles-doreilles-mone-atlantique\\\/\",\"name\":\"Paire de boucle d\u2019oreille Mone Atlantique en cuir upcycl\u00e9 - Nilau\",\"isPartOf\":{\"@id\":\"https:\\\/\\\/www.nilau-paris.com\\\/#website\"},\"primaryImageOfPage\":{\"@id\":\"https:\\\/\\\/www.nilau-paris.com\\\/produit\\\/boucles-doreilles-mone-atlantique\\\/#primaryimage\"},\"image\":{\"@id\":\"https:\\\/\\\/www.nilau-paris.com\\\/produit\\\/boucles-doreilles-mone-atlantique\\\/#primaryimage\"},\"thumbnailUrl\":\"https:\\\/\\\/www.nilau-paris.com\\\/wp-content\\\/uploads\\\/2023\\\/02\\\/Mone-atlantique-similaire-png-scaled.webp\",\"datePublished\":\"2022-05-30T16:28:00+00:00\",\"dateModified\":\"2025-01-08T08:28:39+00:00\",\"description\":\"La paire de boucle d\u2019oreille Mone en cuir de saumon bleu et de vache est fabriqu\u00e9e \u00e0 la main en France \u00e0 partir de chutes de cuir upcycl\u00e9.\",\"breadcrumb\":{\"@id\":\"https:\\\/\\\/www.nilau-paris.com\\\/produit\\\/boucles-doreilles-mone-atlantique\\\/#breadcrumb\"},\"inLanguage\":\"en-US\",\"potentialAction\":[{\"@type\":\"ReadAction\",\"target\":[\"https:\\\/\\\/www.nilau-paris.com\\\/produit\\\/boucles-doreilles-mone-atlantique\\\/\"]}]},{\"@type\":\"ImageObject\",\"inLanguage\":\"en-US\",\"@id\":\"https:\\\/\\\/www.nilau-paris.com\\\/produit\\\/boucles-doreilles-mone-atlantique\\\/#primaryimage\",\"url\":\"https:\\\/\\\/www.nilau-paris.com\\\/wp-content\\\/uploads\\\/2023\\\/02\\\/Mone-atlantique-similaire-png-scaled.webp\",\"contentUrl\":\"https:\\\/\\\/www.nilau-paris.com\\\/wp-content\\\/uploads\\\/2023\\\/02\\\/Mone-atlantique-similaire-png-scaled.webp\",\"width\":2560,\"height\":2560,\"caption\":\"Boucle d'oreille avec d\u00e9tail de couture apparente\"},{\"@type\":\"BreadcrumbList\",\"@id\":\"https:\\\/\\\/www.nilau-paris.com\\\/produit\\\/boucles-doreilles-mone-atlantique\\\/#breadcrumb\",\"itemListElement\":[{\"@type\":\"ListItem\",\"position\":1,\"name\":\"Accueil\",\"item\":\"https:\\\/\\\/www.nilau-paris.com\\\/\"},{\"@type\":\"ListItem\",\"position\":2,\"name\":\"Achat imm\u00e9diat &#8211; Collection permanente\",\"item\":\"https:\\\/\\\/www.nilau-paris.com\\\/collections\\\/\"},{\"@type\":\"ListItem\",\"position\":3,\"name\":\"Mone Atlantique\"}]},{\"@type\":\"WebSite\",\"@id\":\"https:\\\/\\\/www.nilau-paris.com\\\/#website\",\"url\":\"https:\\\/\\\/www.nilau-paris.com\\\/\",\"name\":\"Nilau\",\"description\":\"Haute Maroquinerie fran\u00e7aise\",\"publisher\":{\"@id\":\"https:\\\/\\\/www.nilau-paris.com\\\/#organization\"},\"potentialAction\":[{\"@type\":\"SearchAction\",\"target\":{\"@type\":\"EntryPoint\",\"urlTemplate\":\"https:\\\/\\\/www.nilau-paris.com\\\/?s={search_term_string}\"},\"query-input\":{\"@type\":\"PropertyValueSpecification\",\"valueRequired\":true,\"valueName\":\"search_term_string\"}}],\"inLanguage\":\"en-US\"},{\"@type\":\"Organization\",\"@id\":\"https:\\\/\\\/www.nilau-paris.com\\\/#organization\",\"name\":\"Nilau Paris\",\"url\":\"https:\\\/\\\/www.nilau-paris.com\\\/\",\"logo\":{\"@type\":\"ImageObject\",\"inLanguage\":\"en-US\",\"@id\":\"https:\\\/\\\/www.nilau-paris.com\\\/#\\\/schema\\\/logo\\\/image\\\/\",\"url\":\"https:\\\/\\\/www.nilau-paris.com\\\/wp-content\\\/uploads\\\/2022\\\/04\\\/cropped-LOGO-nilau-site.png\",\"contentUrl\":\"https:\\\/\\\/www.nilau-paris.com\\\/wp-content\\\/uploads\\\/2022\\\/04\\\/cropped-LOGO-nilau-site.png\",\"width\":124,\"height\":80,\"caption\":\"Nilau Paris\"},\"image\":{\"@id\":\"https:\\\/\\\/www.nilau-paris.com\\\/#\\\/schema\\\/logo\\\/image\\\/\"}}]}<\/script>\n<!-- \/ Yoast SEO plugin. -->","yoast_head_json":{"title":"Paire de boucle d\u2019oreille Mone Atlantique en cuir upcycl\u00e9 - Nilau","description":"La paire de boucle d\u2019oreille Mone en cuir de saumon bleu et de vache est fabriqu\u00e9e \u00e0 la main en France \u00e0 partir de chutes de cuir upcycl\u00e9.","robots":{"index":"index","follow":"follow","max-snippet":"max-snippet:-1","max-image-preview":"max-image-preview:large","max-video-preview":"max-video-preview:-1"},"canonical":"https:\/\/www.nilau-paris.com\/en\/product\/boucles-doreilles-mone-atlantique\/","og_locale":"en_US","og_type":"article","og_title":"Paire de boucle d\u2019oreille Mone Atlantique en cuir upcycl\u00e9 - Nilau","og_description":"La paire de boucle d\u2019oreille Mone en cuir de saumon bleu et de vache est fabriqu\u00e9e \u00e0 la main en France \u00e0 partir de chutes de cuir upcycl\u00e9.","og_url":"https:\/\/www.nilau-paris.com\/en\/product\/boucles-doreilles-mone-atlantique\/","og_site_name":"Nilau","article_modified_time":"2025-01-08T08:28:39+00:00","og_image":[{"width":2560,"height":2560,"url":"https:\/\/www.nilau-paris.com\/wp-content\/uploads\/2023\/02\/Mone-atlantique-similaire-png-scaled.webp","type":"image\/webp"}],"twitter_card":"summary_large_image","twitter_misc":{"Est. reading time":"1 minute"},"schema":{"@context":"https:\/\/schema.org","@graph":[{"@type":"WebPage","@id":"https:\/\/www.nilau-paris.com\/produit\/boucles-doreilles-mone-atlantique\/","url":"https:\/\/www.nilau-paris.com\/produit\/boucles-doreilles-mone-atlantique\/","name":"Paire de boucle d\u2019oreille Mone Atlantique en cuir upcycl\u00e9 - Nilau","isPartOf":{"@id":"https:\/\/www.nilau-paris.com\/#website"},"primaryImageOfPage":{"@id":"https:\/\/www.nilau-paris.com\/produit\/boucles-doreilles-mone-atlantique\/#primaryimage"},"image":{"@id":"https:\/\/www.nilau-paris.com\/produit\/boucles-doreilles-mone-atlantique\/#primaryimage"},"thumbnailUrl":"https:\/\/www.nilau-paris.com\/wp-content\/uploads\/2023\/02\/Mone-atlantique-similaire-png-scaled.webp","datePublished":"2022-05-30T16:28:00+00:00","dateModified":"2025-01-08T08:28:39+00:00","description":"La paire de boucle d\u2019oreille Mone en cuir de saumon bleu et de vache est fabriqu\u00e9e \u00e0 la main en France \u00e0 partir de chutes de cuir upcycl\u00e9.","breadcrumb":{"@id":"https:\/\/www.nilau-paris.com\/produit\/boucles-doreilles-mone-atlantique\/#breadcrumb"},"inLanguage":"en-US","potentialAction":[{"@type":"ReadAction","target":["https:\/\/www.nilau-paris.com\/produit\/boucles-doreilles-mone-atlantique\/"]}]},{"@type":"ImageObject","inLanguage":"en-US","@id":"https:\/\/www.nilau-paris.com\/produit\/boucles-doreilles-mone-atlantique\/#primaryimage","url":"https:\/\/www.nilau-paris.com\/wp-content\/uploads\/2023\/02\/Mone-atlantique-similaire-png-scaled.webp","contentUrl":"https:\/\/www.nilau-paris.com\/wp-content\/uploads\/2023\/02\/Mone-atlantique-similaire-png-scaled.webp","width":2560,"height":2560,"caption":"Boucle d'oreille avec d\u00e9tail de couture apparente"},{"@type":"BreadcrumbList","@id":"https:\/\/www.nilau-paris.com\/produit\/boucles-doreilles-mone-atlantique\/#breadcrumb","itemListElement":[{"@type":"ListItem","position":1,"name":"Accueil","item":"https:\/\/www.nilau-paris.com\/"},{"@type":"ListItem","position":2,"name":"Achat imm\u00e9diat &#8211; Collection permanente","item":"https:\/\/www.nilau-paris.com\/collections\/"},{"@type":"ListItem","position":3,"name":"Mone Atlantique"}]},{"@type":"WebSite","@id":"https:\/\/www.nilau-paris.com\/#website","url":"https:\/\/www.nilau-paris.com\/","name":"Nilau","description":"French Haute Maroquinerie","publisher":{"@id":"https:\/\/www.nilau-paris.com\/#organization"},"potentialAction":[{"@type":"SearchAction","target":{"@type":"EntryPoint","urlTemplate":"https:\/\/www.nilau-paris.com\/?s={search_term_string}"},"query-input":{"@type":"PropertyValueSpecification","valueRequired":true,"valueName":"search_term_string"}}],"inLanguage":"en-US"},{"@type":"Organization","@id":"https:\/\/www.nilau-paris.com\/#organization","name":"Nilau Paris","url":"https:\/\/www.nilau-paris.com\/","logo":{"@type":"ImageObject","inLanguage":"en-US","@id":"https:\/\/www.nilau-paris.com\/#\/schema\/logo\/image\/","url":"https:\/\/www.nilau-paris.com\/wp-content\/uploads\/2022\/04\/cropped-LOGO-nilau-site.png","contentUrl":"https:\/\/www.nilau-paris.com\/wp-content\/uploads\/2022\/04\/cropped-LOGO-nilau-site.png","width":124,"height":80,"caption":"Nilau Paris"},"image":{"@id":"https:\/\/www.nilau-paris.com\/#\/schema\/logo\/image\/"}}]}},"_links":{"self":[{"href":"https:\/\/www.nilau-paris.com\/en\/wp-json\/wp\/v2\/product\/2957","targetHints":{"allow":["GET"]}}],"collection":[{"href":"https:\/\/www.nilau-paris.com\/en\/wp-json\/wp\/v2\/product"}],"about":[{"href":"https:\/\/www.nilau-paris.com\/en\/wp-json\/wp\/v2\/types\/product"}],"wp:featuredmedia":[{"embeddable":true,"href":"https:\/\/www.nilau-paris.com\/en\/wp-json\/wp\/v2\/media\/5154"}],"wp:attachment":[{"href":"https:\/\/www.nilau-paris.com\/en\/wp-json\/wp\/v2\/media?parent=2957"}],"wp:term":[{"taxonomy":"product_brand","embeddable":true,"href":"https:\/\/www.nilau-paris.com\/en\/wp-json\/wp\/v2\/product_brand?post=2957"},{"taxonomy":"product_cat","embeddable":true,"href":"https:\/\/www.nilau-paris.com\/en\/wp-json\/wp\/v2\/product_cat?post=2957"},{"taxonomy":"product_tag","embeddable":true,"href":"https:\/\/www.nilau-paris.com\/en\/wp-json\/wp\/v2\/product_tag?post=2957"}],"curies":[{"name":"wp","href":"https:\/\/api.w.org\/{rel}","templated":true}]}}