{"id":2929,"date":"2022-05-30T15:54:06","date_gmt":"2022-05-30T13:54:06","guid":{"rendered":"http:\/\/www.nilau-paris.com\/?post_type=product&#038;p=2929"},"modified":"2023-11-30T19:37:34","modified_gmt":"2023-11-30T18:37:34","slug":"boucles-doreilles-aires-chocolat","status":"publish","type":"product","link":"https:\/\/www.nilau-paris.com\/en\/product\/boucles-doreilles-aires-chocolat\/","title":{"rendered":"Aires Chocolat"},"content":{"rendered":"<p>Votre prochaine paire de boucles d&#8217;oreilles asym\u00e9triques Nilau m\u00eale le caract\u00e8re du cuir d&#8217;autruche (d&#8217;origine fran\u00e7aise et <a href=\"http:\/\/www.maisonsoler.fr\">tanned<\/a> in Cantal, France) and the softness of natural cowhide in perfect harmony. Refined and easy to wear with its round shape and ideal dimensions, the Aires earring will liven up your daily and evening outfits.<\/p>\n<p>Each earring is handmade in France by an artisan.  Both types of leather are upcycled from our leather leftovers.<\/p>\n<p>The light and colorful pair of earrings can be worn separately or matched, mix and match them as you wish!<\/p>\n<p>Les boucles d&#8217;oreilles asym\u00e9triques Aires sont disponibles en 6 couleurs :<br \/>\n<a href=\"http:\/\/www.nilau-paris.com\/en\/product\/boucles-doreilles-aires-chocolat\/\">Chocolate Brown<\/a> for a natural look in your accessories.<br \/>\n<a href=\"http:\/\/www.nilau-paris.com\/en\/product\/boucles-doreilles-aires-cardinal\/\">Cardinal red<\/a> to catch everyone's eye.<br \/>\n<a href=\"http:\/\/www.nilau-paris.com\/en\/product\/boucles-doreilles-aires-atlantique\/\">Atlantic Blue<\/a> to express your personality.<br \/>\n<a href=\"http:\/\/www.nilau-paris.com\/en\/product\/boucles-doreilles-aires-encre\/\">Ink black<\/a> for a sober look.<br \/>\n<a href=\"http:\/\/www.nilau-paris.com\/en\/product\/boucles-doreilles-aires-emeraude\/\">Emerald green<\/a> for a refreshing touch.<br \/>\n<a href=\"http:\/\/www.nilau-paris.com\/en\/product\/boucles-doreilles-aires-bordeaux\/\">Bordeaux burgundy<\/a> for a touch of sweetness<\/p>","protected":false},"excerpt":{"rendered":"<p>Boucles d\u2019oreilles en cuir d&#8217;autruche marron et vvn<\/p>","protected":false},"featured_media":5145,"template":"","meta":{"content-type":""},"product_brand":[],"product_cat":[103,75],"product_tag":[67],"class_list":{"0":"post-2929","1":"product","2":"type-product","3":"status-publish","4":"has-post-thumbnail","6":"product_cat-accessoires","7":"product_cat-boucles-doreilles-aires","8":"product_tag-accessoires","10":"first","11":"instock","12":"sold-individually","13":"shipping-taxable","14":"purchasable","15":"product-type-variable"},"yoast_head":"<!-- This site is optimized with the Yoast SEO plugin v27.5 - https:\/\/yoast.com\/product\/yoast-seo-wordpress\/ -->\n<title>Boucles d&#039;oreilles asym\u00e9triques Aires en cuir pr\u00e9cieux - Nilau<\/title>\n<meta name=\"description\" content=\"Cette paire de boucles d&#039;oreilles asym\u00e9triques en cuir pr\u00e9cieux upcycl\u00e9 est fabriqu\u00e9e \u00e0 la main en France \u00e0 partir de chutes de cuir.\" \/>\n<meta name=\"robots\" content=\"index, follow, max-snippet:-1, max-image-preview:large, max-video-preview:-1\" \/>\n<link rel=\"canonical\" href=\"https:\/\/www.nilau-paris.com\/en\/product\/boucles-doreilles-aires-chocolat\/\" \/>\n<meta property=\"og:locale\" content=\"en_US\" \/>\n<meta property=\"og:type\" content=\"article\" \/>\n<meta property=\"og:title\" content=\"Boucles d&#039;oreilles asym\u00e9triques Aires en cuir pr\u00e9cieux - Nilau\" \/>\n<meta property=\"og:description\" content=\"Cette paire de boucles d&#039;oreilles asym\u00e9triques en cuir pr\u00e9cieux upcycl\u00e9 est fabriqu\u00e9e \u00e0 la main en France \u00e0 partir de chutes de cuir.\" \/>\n<meta property=\"og:url\" content=\"https:\/\/www.nilau-paris.com\/en\/product\/boucles-doreilles-aires-chocolat\/\" \/>\n<meta property=\"og:site_name\" content=\"Nilau\" \/>\n<meta property=\"article:modified_time\" content=\"2023-11-30T18:37:34+00:00\" \/>\n<meta property=\"og:image\" content=\"https:\/\/www.nilau-paris.com\/wp-content\/uploads\/2023\/02\/Aires-chocolat-depareille-png-scaled.webp\" \/>\n\t<meta property=\"og:image:width\" content=\"2560\" \/>\n\t<meta property=\"og:image:height\" content=\"2560\" \/>\n\t<meta property=\"og:image:type\" content=\"image\/webp\" \/>\n<meta name=\"twitter:card\" content=\"summary_large_image\" \/>\n<meta name=\"twitter:label1\" content=\"Est. reading time\" \/>\n\t<meta name=\"twitter:data1\" content=\"1 minute\" \/>\n<script type=\"application\/ld+json\" class=\"yoast-schema-graph\">{\"@context\":\"https:\\\/\\\/schema.org\",\"@graph\":[{\"@type\":\"WebPage\",\"@id\":\"https:\\\/\\\/www.nilau-paris.com\\\/produit\\\/boucles-doreilles-aires-chocolat\\\/\",\"url\":\"https:\\\/\\\/www.nilau-paris.com\\\/produit\\\/boucles-doreilles-aires-chocolat\\\/\",\"name\":\"Boucles d'oreilles asym\u00e9triques Aires en cuir pr\u00e9cieux - Nilau\",\"isPartOf\":{\"@id\":\"https:\\\/\\\/www.nilau-paris.com\\\/#website\"},\"primaryImageOfPage\":{\"@id\":\"https:\\\/\\\/www.nilau-paris.com\\\/produit\\\/boucles-doreilles-aires-chocolat\\\/#primaryimage\"},\"image\":{\"@id\":\"https:\\\/\\\/www.nilau-paris.com\\\/produit\\\/boucles-doreilles-aires-chocolat\\\/#primaryimage\"},\"thumbnailUrl\":\"https:\\\/\\\/www.nilau-paris.com\\\/wp-content\\\/uploads\\\/2023\\\/02\\\/Aires-chocolat-depareille-png-scaled.webp\",\"datePublished\":\"2022-05-30T13:54:06+00:00\",\"dateModified\":\"2023-11-30T18:37:34+00:00\",\"description\":\"Cette paire de boucles d'oreilles asym\u00e9triques en cuir pr\u00e9cieux upcycl\u00e9 est fabriqu\u00e9e \u00e0 la main en France \u00e0 partir de chutes de cuir.\",\"breadcrumb\":{\"@id\":\"https:\\\/\\\/www.nilau-paris.com\\\/produit\\\/boucles-doreilles-aires-chocolat\\\/#breadcrumb\"},\"inLanguage\":\"en-US\",\"potentialAction\":[{\"@type\":\"ReadAction\",\"target\":[\"https:\\\/\\\/www.nilau-paris.com\\\/produit\\\/boucles-doreilles-aires-chocolat\\\/\"]}]},{\"@type\":\"ImageObject\",\"inLanguage\":\"en-US\",\"@id\":\"https:\\\/\\\/www.nilau-paris.com\\\/produit\\\/boucles-doreilles-aires-chocolat\\\/#primaryimage\",\"url\":\"https:\\\/\\\/www.nilau-paris.com\\\/wp-content\\\/uploads\\\/2023\\\/02\\\/Aires-chocolat-depareille-png-scaled.webp\",\"contentUrl\":\"https:\\\/\\\/www.nilau-paris.com\\\/wp-content\\\/uploads\\\/2023\\\/02\\\/Aires-chocolat-depareille-png-scaled.webp\",\"width\":2560,\"height\":2560,\"caption\":\"Bijoux en cuir d'autruche responsable et engag\u00e9e marron chocolat\"},{\"@type\":\"BreadcrumbList\",\"@id\":\"https:\\\/\\\/www.nilau-paris.com\\\/produit\\\/boucles-doreilles-aires-chocolat\\\/#breadcrumb\",\"itemListElement\":[{\"@type\":\"ListItem\",\"position\":1,\"name\":\"Accueil\",\"item\":\"https:\\\/\\\/www.nilau-paris.com\\\/\"},{\"@type\":\"ListItem\",\"position\":2,\"name\":\"Achat imm\u00e9diat &#8211; Collection permanente\",\"item\":\"https:\\\/\\\/www.nilau-paris.com\\\/collections\\\/\"},{\"@type\":\"ListItem\",\"position\":3,\"name\":\"Aires Chocolat\"}]},{\"@type\":\"WebSite\",\"@id\":\"https:\\\/\\\/www.nilau-paris.com\\\/#website\",\"url\":\"https:\\\/\\\/www.nilau-paris.com\\\/\",\"name\":\"Nilau\",\"description\":\"Haute Maroquinerie fran\u00e7aise\",\"publisher\":{\"@id\":\"https:\\\/\\\/www.nilau-paris.com\\\/#organization\"},\"potentialAction\":[{\"@type\":\"SearchAction\",\"target\":{\"@type\":\"EntryPoint\",\"urlTemplate\":\"https:\\\/\\\/www.nilau-paris.com\\\/?s={search_term_string}\"},\"query-input\":{\"@type\":\"PropertyValueSpecification\",\"valueRequired\":true,\"valueName\":\"search_term_string\"}}],\"inLanguage\":\"en-US\"},{\"@type\":\"Organization\",\"@id\":\"https:\\\/\\\/www.nilau-paris.com\\\/#organization\",\"name\":\"Nilau Paris\",\"url\":\"https:\\\/\\\/www.nilau-paris.com\\\/\",\"logo\":{\"@type\":\"ImageObject\",\"inLanguage\":\"en-US\",\"@id\":\"https:\\\/\\\/www.nilau-paris.com\\\/#\\\/schema\\\/logo\\\/image\\\/\",\"url\":\"https:\\\/\\\/www.nilau-paris.com\\\/wp-content\\\/uploads\\\/2022\\\/04\\\/cropped-LOGO-nilau-site.png\",\"contentUrl\":\"https:\\\/\\\/www.nilau-paris.com\\\/wp-content\\\/uploads\\\/2022\\\/04\\\/cropped-LOGO-nilau-site.png\",\"width\":124,\"height\":80,\"caption\":\"Nilau Paris\"},\"image\":{\"@id\":\"https:\\\/\\\/www.nilau-paris.com\\\/#\\\/schema\\\/logo\\\/image\\\/\"}}]}<\/script>\n<!-- \/ Yoast SEO plugin. -->","yoast_head_json":{"title":"Boucles d'oreilles asym\u00e9triques Aires en cuir pr\u00e9cieux - Nilau","description":"Cette paire de boucles d'oreilles asym\u00e9triques en cuir pr\u00e9cieux upcycl\u00e9 est fabriqu\u00e9e \u00e0 la main en France \u00e0 partir de chutes de cuir.","robots":{"index":"index","follow":"follow","max-snippet":"max-snippet:-1","max-image-preview":"max-image-preview:large","max-video-preview":"max-video-preview:-1"},"canonical":"https:\/\/www.nilau-paris.com\/en\/product\/boucles-doreilles-aires-chocolat\/","og_locale":"en_US","og_type":"article","og_title":"Boucles d'oreilles asym\u00e9triques Aires en cuir pr\u00e9cieux - Nilau","og_description":"Cette paire de boucles d'oreilles asym\u00e9triques en cuir pr\u00e9cieux upcycl\u00e9 est fabriqu\u00e9e \u00e0 la main en France \u00e0 partir de chutes de cuir.","og_url":"https:\/\/www.nilau-paris.com\/en\/product\/boucles-doreilles-aires-chocolat\/","og_site_name":"Nilau","article_modified_time":"2023-11-30T18:37:34+00:00","og_image":[{"width":2560,"height":2560,"url":"https:\/\/www.nilau-paris.com\/wp-content\/uploads\/2023\/02\/Aires-chocolat-depareille-png-scaled.webp","type":"image\/webp"}],"twitter_card":"summary_large_image","twitter_misc":{"Est. reading time":"1 minute"},"schema":{"@context":"https:\/\/schema.org","@graph":[{"@type":"WebPage","@id":"https:\/\/www.nilau-paris.com\/produit\/boucles-doreilles-aires-chocolat\/","url":"https:\/\/www.nilau-paris.com\/produit\/boucles-doreilles-aires-chocolat\/","name":"Boucles d'oreilles asym\u00e9triques Aires en cuir pr\u00e9cieux - Nilau","isPartOf":{"@id":"https:\/\/www.nilau-paris.com\/#website"},"primaryImageOfPage":{"@id":"https:\/\/www.nilau-paris.com\/produit\/boucles-doreilles-aires-chocolat\/#primaryimage"},"image":{"@id":"https:\/\/www.nilau-paris.com\/produit\/boucles-doreilles-aires-chocolat\/#primaryimage"},"thumbnailUrl":"https:\/\/www.nilau-paris.com\/wp-content\/uploads\/2023\/02\/Aires-chocolat-depareille-png-scaled.webp","datePublished":"2022-05-30T13:54:06+00:00","dateModified":"2023-11-30T18:37:34+00:00","description":"Cette paire de boucles d'oreilles asym\u00e9triques en cuir pr\u00e9cieux upcycl\u00e9 est fabriqu\u00e9e \u00e0 la main en France \u00e0 partir de chutes de cuir.","breadcrumb":{"@id":"https:\/\/www.nilau-paris.com\/produit\/boucles-doreilles-aires-chocolat\/#breadcrumb"},"inLanguage":"en-US","potentialAction":[{"@type":"ReadAction","target":["https:\/\/www.nilau-paris.com\/produit\/boucles-doreilles-aires-chocolat\/"]}]},{"@type":"ImageObject","inLanguage":"en-US","@id":"https:\/\/www.nilau-paris.com\/produit\/boucles-doreilles-aires-chocolat\/#primaryimage","url":"https:\/\/www.nilau-paris.com\/wp-content\/uploads\/2023\/02\/Aires-chocolat-depareille-png-scaled.webp","contentUrl":"https:\/\/www.nilau-paris.com\/wp-content\/uploads\/2023\/02\/Aires-chocolat-depareille-png-scaled.webp","width":2560,"height":2560,"caption":"Bijoux en cuir d'autruche responsable et engag\u00e9e marron chocolat"},{"@type":"BreadcrumbList","@id":"https:\/\/www.nilau-paris.com\/produit\/boucles-doreilles-aires-chocolat\/#breadcrumb","itemListElement":[{"@type":"ListItem","position":1,"name":"Accueil","item":"https:\/\/www.nilau-paris.com\/"},{"@type":"ListItem","position":2,"name":"Achat imm\u00e9diat &#8211; Collection permanente","item":"https:\/\/www.nilau-paris.com\/collections\/"},{"@type":"ListItem","position":3,"name":"Aires Chocolat"}]},{"@type":"WebSite","@id":"https:\/\/www.nilau-paris.com\/#website","url":"https:\/\/www.nilau-paris.com\/","name":"Nilau","description":"French Haute Maroquinerie","publisher":{"@id":"https:\/\/www.nilau-paris.com\/#organization"},"potentialAction":[{"@type":"SearchAction","target":{"@type":"EntryPoint","urlTemplate":"https:\/\/www.nilau-paris.com\/?s={search_term_string}"},"query-input":{"@type":"PropertyValueSpecification","valueRequired":true,"valueName":"search_term_string"}}],"inLanguage":"en-US"},{"@type":"Organization","@id":"https:\/\/www.nilau-paris.com\/#organization","name":"Nilau Paris","url":"https:\/\/www.nilau-paris.com\/","logo":{"@type":"ImageObject","inLanguage":"en-US","@id":"https:\/\/www.nilau-paris.com\/#\/schema\/logo\/image\/","url":"https:\/\/www.nilau-paris.com\/wp-content\/uploads\/2022\/04\/cropped-LOGO-nilau-site.png","contentUrl":"https:\/\/www.nilau-paris.com\/wp-content\/uploads\/2022\/04\/cropped-LOGO-nilau-site.png","width":124,"height":80,"caption":"Nilau Paris"},"image":{"@id":"https:\/\/www.nilau-paris.com\/#\/schema\/logo\/image\/"}}]}},"_links":{"self":[{"href":"https:\/\/www.nilau-paris.com\/en\/wp-json\/wp\/v2\/product\/2929","targetHints":{"allow":["GET"]}}],"collection":[{"href":"https:\/\/www.nilau-paris.com\/en\/wp-json\/wp\/v2\/product"}],"about":[{"href":"https:\/\/www.nilau-paris.com\/en\/wp-json\/wp\/v2\/types\/product"}],"wp:featuredmedia":[{"embeddable":true,"href":"https:\/\/www.nilau-paris.com\/en\/wp-json\/wp\/v2\/media\/5145"}],"wp:attachment":[{"href":"https:\/\/www.nilau-paris.com\/en\/wp-json\/wp\/v2\/media?parent=2929"}],"wp:term":[{"taxonomy":"product_brand","embeddable":true,"href":"https:\/\/www.nilau-paris.com\/en\/wp-json\/wp\/v2\/product_brand?post=2929"},{"taxonomy":"product_cat","embeddable":true,"href":"https:\/\/www.nilau-paris.com\/en\/wp-json\/wp\/v2\/product_cat?post=2929"},{"taxonomy":"product_tag","embeddable":true,"href":"https:\/\/www.nilau-paris.com\/en\/wp-json\/wp\/v2\/product_tag?post=2929"}],"curies":[{"name":"wp","href":"https:\/\/api.w.org\/{rel}","templated":true}]}}