{"id":2728,"date":"2022-05-30T12:47:32","date_gmt":"2022-05-30T10:47:32","guid":{"rendered":"http:\/\/www.nilau-paris.com\/?post_type=product&#038;p=2728"},"modified":"2023-11-30T19:34:59","modified_gmt":"2023-11-30T18:34:59","slug":"boucles-doreilles-stralia-emeraude","status":"publish","type":"product","link":"https:\/\/www.nilau-paris.com\/en\/product\/boucles-doreilles-stralia-emeraude\/","title":{"rendered":"Stralia \u00c9meraude"},"content":{"rendered":"<p>Stralia earrings are real works of art as shown in their geometric shapes.<\/p>\n<p>Ces cr\u00e9ations uniques sont un subtil contraste entre le cuir pr\u00e9cieux d&#8217;autruche (d&#8217;origine fran\u00e7aise et <a href=\"http:\/\/www.maisonsoler.fr\">tanned<\/a> in Cantal, France) and the natural color of the vegetable-tanned cow leather. The ideal accessory for all your beautiful outfits.<\/p>\n<p>Each earring is handmade in France by an artisan.  Both types of leather are upcycled from our leather leftovers.<\/p>\n<p>The light and colorful pair of earrings can be worn separately or matched, mix and match them as you wish!<\/p>\n<p>Les boucles d&#8217;oreilles Stralia se d\u00e9clinent en 6 couleurs.<br \/>\n<a href=\"http:\/\/www.nilau-paris.com\/en\/product\/boucles-doreilles-stralia-chocolat\/\">Chocolate Brown<\/a> for a natural look in your accessories.<br \/>\n<a href=\"http:\/\/www.nilau-paris.com\/en\/product\/boucles-doreilles-stralia-cardinal\/\">Cardinal red<\/a> to catch everyone's eye.<br \/>\n<a href=\"http:\/\/www.nilau-paris.com\/en\/product\/boucles-doreilles-stralia-atlantique\/\">Atlantic Blue<\/a> to express your personality.<br \/>\n<a href=\"http:\/\/www.nilau-paris.com\/en\/product\/boucles-doreille-stralia-encre\/\">Ink black<\/a> for a sober look.<br \/>\n<a href=\"http:\/\/www.nilau-paris.com\/en\/product\/boucles-doreilles-stralia-emeraude\/\">Emerald green<\/a> for a refreshing touch.<br \/>\n<a href=\"http:\/\/www.nilau-paris.com\/en\/product\/bouces-doreilles-stralia-bordeaux\/\">Bordeaux burgundy<\/a> for a touch of sweetness<\/p>","protected":false},"excerpt":{"rendered":"<p>Boucles d\u2019oreilles en cuir d&#8217;autruche vert et vvn<\/p>","protected":false},"featured_media":5196,"template":"","meta":{"content-type":""},"product_brand":[],"product_cat":[103,83],"product_tag":[67],"class_list":{"0":"post-2728","1":"product","2":"type-product","3":"status-publish","4":"has-post-thumbnail","6":"product_cat-accessoires","7":"product_cat-boucles-doreilles-stralia","8":"product_tag-accessoires","10":"first","11":"instock","12":"sold-individually","13":"shipping-taxable","14":"purchasable","15":"product-type-variable"},"yoast_head":"<!-- This site is optimized with the Yoast SEO plugin v27.5 - https:\/\/yoast.com\/product\/yoast-seo-wordpress\/ -->\n<title>Boucles d\u2019oreilles Stralia \u00c9meraude en cuir pr\u00e9cieux upcycl\u00e9 - Nilau<\/title>\n<meta name=\"description\" content=\"Cette paire de boucles d\u2019oreilles bicolore en cuir d&#039;autruche et de vache est fabriqu\u00e9e \u00e0 la main en France \u00e0 partir de chute de cuir upcycl\u00e9\" \/>\n<meta name=\"robots\" content=\"index, follow, max-snippet:-1, max-image-preview:large, max-video-preview:-1\" \/>\n<link rel=\"canonical\" href=\"https:\/\/www.nilau-paris.com\/en\/product\/boucles-doreilles-stralia-emeraude\/\" \/>\n<meta property=\"og:locale\" content=\"en_US\" \/>\n<meta property=\"og:type\" content=\"article\" \/>\n<meta property=\"og:title\" content=\"Boucles d\u2019oreilles Stralia \u00c9meraude en cuir pr\u00e9cieux upcycl\u00e9 - Nilau\" \/>\n<meta property=\"og:description\" content=\"Cette paire de boucles d\u2019oreilles bicolore en cuir d&#039;autruche et de vache est fabriqu\u00e9e \u00e0 la main en France \u00e0 partir de chute de cuir upcycl\u00e9\" \/>\n<meta property=\"og:url\" content=\"https:\/\/www.nilau-paris.com\/en\/product\/boucles-doreilles-stralia-emeraude\/\" \/>\n<meta property=\"og:site_name\" content=\"Nilau\" \/>\n<meta property=\"article:modified_time\" content=\"2023-11-30T18:34:59+00:00\" \/>\n<meta property=\"og:image\" content=\"https:\/\/www.nilau-paris.com\/wp-content\/uploads\/2023\/02\/Stralia-emeraude-similaire-png-1-scaled.webp\" \/>\n\t<meta property=\"og:image:width\" content=\"2560\" \/>\n\t<meta property=\"og:image:height\" content=\"2560\" \/>\n\t<meta property=\"og:image:type\" content=\"image\/webp\" \/>\n<meta name=\"twitter:card\" content=\"summary_large_image\" \/>\n<meta name=\"twitter:label1\" content=\"Est. reading time\" \/>\n\t<meta name=\"twitter:data1\" content=\"1 minute\" \/>\n<script type=\"application\/ld+json\" class=\"yoast-schema-graph\">{\"@context\":\"https:\\\/\\\/schema.org\",\"@graph\":[{\"@type\":\"WebPage\",\"@id\":\"https:\\\/\\\/www.nilau-paris.com\\\/produit\\\/boucles-doreilles-stralia-emeraude\\\/\",\"url\":\"https:\\\/\\\/www.nilau-paris.com\\\/produit\\\/boucles-doreilles-stralia-emeraude\\\/\",\"name\":\"Boucles d\u2019oreilles Stralia \u00c9meraude en cuir pr\u00e9cieux upcycl\u00e9 - Nilau\",\"isPartOf\":{\"@id\":\"https:\\\/\\\/www.nilau-paris.com\\\/#website\"},\"primaryImageOfPage\":{\"@id\":\"https:\\\/\\\/www.nilau-paris.com\\\/produit\\\/boucles-doreilles-stralia-emeraude\\\/#primaryimage\"},\"image\":{\"@id\":\"https:\\\/\\\/www.nilau-paris.com\\\/produit\\\/boucles-doreilles-stralia-emeraude\\\/#primaryimage\"},\"thumbnailUrl\":\"https:\\\/\\\/www.nilau-paris.com\\\/wp-content\\\/uploads\\\/2023\\\/02\\\/Stralia-emeraude-similaire-png-1-scaled.webp\",\"datePublished\":\"2022-05-30T10:47:32+00:00\",\"dateModified\":\"2023-11-30T18:34:59+00:00\",\"description\":\"Cette paire de boucles d\u2019oreilles bicolore en cuir d'autruche et de vache est fabriqu\u00e9e \u00e0 la main en France \u00e0 partir de chute de cuir upcycl\u00e9\",\"breadcrumb\":{\"@id\":\"https:\\\/\\\/www.nilau-paris.com\\\/produit\\\/boucles-doreilles-stralia-emeraude\\\/#breadcrumb\"},\"inLanguage\":\"en-US\",\"potentialAction\":[{\"@type\":\"ReadAction\",\"target\":[\"https:\\\/\\\/www.nilau-paris.com\\\/produit\\\/boucles-doreilles-stralia-emeraude\\\/\"]}]},{\"@type\":\"ImageObject\",\"inLanguage\":\"en-US\",\"@id\":\"https:\\\/\\\/www.nilau-paris.com\\\/produit\\\/boucles-doreilles-stralia-emeraude\\\/#primaryimage\",\"url\":\"https:\\\/\\\/www.nilau-paris.com\\\/wp-content\\\/uploads\\\/2023\\\/02\\\/Stralia-emeraude-similaire-png-1-scaled.webp\",\"contentUrl\":\"https:\\\/\\\/www.nilau-paris.com\\\/wp-content\\\/uploads\\\/2023\\\/02\\\/Stralia-emeraude-similaire-png-1-scaled.webp\",\"width\":2560,\"height\":2560,\"caption\":\"Boucles d'oreille en losange\"},{\"@type\":\"BreadcrumbList\",\"@id\":\"https:\\\/\\\/www.nilau-paris.com\\\/produit\\\/boucles-doreilles-stralia-emeraude\\\/#breadcrumb\",\"itemListElement\":[{\"@type\":\"ListItem\",\"position\":1,\"name\":\"Accueil\",\"item\":\"https:\\\/\\\/www.nilau-paris.com\\\/\"},{\"@type\":\"ListItem\",\"position\":2,\"name\":\"Achat imm\u00e9diat &#8211; Collection permanente\",\"item\":\"https:\\\/\\\/www.nilau-paris.com\\\/collections\\\/\"},{\"@type\":\"ListItem\",\"position\":3,\"name\":\"Stralia \u00c9meraude\"}]},{\"@type\":\"WebSite\",\"@id\":\"https:\\\/\\\/www.nilau-paris.com\\\/#website\",\"url\":\"https:\\\/\\\/www.nilau-paris.com\\\/\",\"name\":\"Nilau\",\"description\":\"Haute Maroquinerie fran\u00e7aise\",\"publisher\":{\"@id\":\"https:\\\/\\\/www.nilau-paris.com\\\/#organization\"},\"potentialAction\":[{\"@type\":\"SearchAction\",\"target\":{\"@type\":\"EntryPoint\",\"urlTemplate\":\"https:\\\/\\\/www.nilau-paris.com\\\/?s={search_term_string}\"},\"query-input\":{\"@type\":\"PropertyValueSpecification\",\"valueRequired\":true,\"valueName\":\"search_term_string\"}}],\"inLanguage\":\"en-US\"},{\"@type\":\"Organization\",\"@id\":\"https:\\\/\\\/www.nilau-paris.com\\\/#organization\",\"name\":\"Nilau Paris\",\"url\":\"https:\\\/\\\/www.nilau-paris.com\\\/\",\"logo\":{\"@type\":\"ImageObject\",\"inLanguage\":\"en-US\",\"@id\":\"https:\\\/\\\/www.nilau-paris.com\\\/#\\\/schema\\\/logo\\\/image\\\/\",\"url\":\"https:\\\/\\\/www.nilau-paris.com\\\/wp-content\\\/uploads\\\/2022\\\/04\\\/cropped-LOGO-nilau-site.png\",\"contentUrl\":\"https:\\\/\\\/www.nilau-paris.com\\\/wp-content\\\/uploads\\\/2022\\\/04\\\/cropped-LOGO-nilau-site.png\",\"width\":124,\"height\":80,\"caption\":\"Nilau Paris\"},\"image\":{\"@id\":\"https:\\\/\\\/www.nilau-paris.com\\\/#\\\/schema\\\/logo\\\/image\\\/\"}}]}<\/script>\n<!-- \/ Yoast SEO plugin. -->","yoast_head_json":{"title":"Boucles d\u2019oreilles Stralia \u00c9meraude en cuir pr\u00e9cieux upcycl\u00e9 - Nilau","description":"Cette paire de boucles d\u2019oreilles bicolore en cuir d'autruche et de vache est fabriqu\u00e9e \u00e0 la main en France \u00e0 partir de chute de cuir upcycl\u00e9","robots":{"index":"index","follow":"follow","max-snippet":"max-snippet:-1","max-image-preview":"max-image-preview:large","max-video-preview":"max-video-preview:-1"},"canonical":"https:\/\/www.nilau-paris.com\/en\/product\/boucles-doreilles-stralia-emeraude\/","og_locale":"en_US","og_type":"article","og_title":"Boucles d\u2019oreilles Stralia \u00c9meraude en cuir pr\u00e9cieux upcycl\u00e9 - Nilau","og_description":"Cette paire de boucles d\u2019oreilles bicolore en cuir d'autruche et de vache est fabriqu\u00e9e \u00e0 la main en France \u00e0 partir de chute de cuir upcycl\u00e9","og_url":"https:\/\/www.nilau-paris.com\/en\/product\/boucles-doreilles-stralia-emeraude\/","og_site_name":"Nilau","article_modified_time":"2023-11-30T18:34:59+00:00","og_image":[{"width":2560,"height":2560,"url":"https:\/\/www.nilau-paris.com\/wp-content\/uploads\/2023\/02\/Stralia-emeraude-similaire-png-1-scaled.webp","type":"image\/webp"}],"twitter_card":"summary_large_image","twitter_misc":{"Est. reading time":"1 minute"},"schema":{"@context":"https:\/\/schema.org","@graph":[{"@type":"WebPage","@id":"https:\/\/www.nilau-paris.com\/produit\/boucles-doreilles-stralia-emeraude\/","url":"https:\/\/www.nilau-paris.com\/produit\/boucles-doreilles-stralia-emeraude\/","name":"Boucles d\u2019oreilles Stralia \u00c9meraude en cuir pr\u00e9cieux upcycl\u00e9 - Nilau","isPartOf":{"@id":"https:\/\/www.nilau-paris.com\/#website"},"primaryImageOfPage":{"@id":"https:\/\/www.nilau-paris.com\/produit\/boucles-doreilles-stralia-emeraude\/#primaryimage"},"image":{"@id":"https:\/\/www.nilau-paris.com\/produit\/boucles-doreilles-stralia-emeraude\/#primaryimage"},"thumbnailUrl":"https:\/\/www.nilau-paris.com\/wp-content\/uploads\/2023\/02\/Stralia-emeraude-similaire-png-1-scaled.webp","datePublished":"2022-05-30T10:47:32+00:00","dateModified":"2023-11-30T18:34:59+00:00","description":"Cette paire de boucles d\u2019oreilles bicolore en cuir d'autruche et de vache est fabriqu\u00e9e \u00e0 la main en France \u00e0 partir de chute de cuir upcycl\u00e9","breadcrumb":{"@id":"https:\/\/www.nilau-paris.com\/produit\/boucles-doreilles-stralia-emeraude\/#breadcrumb"},"inLanguage":"en-US","potentialAction":[{"@type":"ReadAction","target":["https:\/\/www.nilau-paris.com\/produit\/boucles-doreilles-stralia-emeraude\/"]}]},{"@type":"ImageObject","inLanguage":"en-US","@id":"https:\/\/www.nilau-paris.com\/produit\/boucles-doreilles-stralia-emeraude\/#primaryimage","url":"https:\/\/www.nilau-paris.com\/wp-content\/uploads\/2023\/02\/Stralia-emeraude-similaire-png-1-scaled.webp","contentUrl":"https:\/\/www.nilau-paris.com\/wp-content\/uploads\/2023\/02\/Stralia-emeraude-similaire-png-1-scaled.webp","width":2560,"height":2560,"caption":"Boucles d'oreille en losange"},{"@type":"BreadcrumbList","@id":"https:\/\/www.nilau-paris.com\/produit\/boucles-doreilles-stralia-emeraude\/#breadcrumb","itemListElement":[{"@type":"ListItem","position":1,"name":"Accueil","item":"https:\/\/www.nilau-paris.com\/"},{"@type":"ListItem","position":2,"name":"Achat imm\u00e9diat &#8211; Collection permanente","item":"https:\/\/www.nilau-paris.com\/collections\/"},{"@type":"ListItem","position":3,"name":"Stralia \u00c9meraude"}]},{"@type":"WebSite","@id":"https:\/\/www.nilau-paris.com\/#website","url":"https:\/\/www.nilau-paris.com\/","name":"Nilau","description":"French Haute Maroquinerie","publisher":{"@id":"https:\/\/www.nilau-paris.com\/#organization"},"potentialAction":[{"@type":"SearchAction","target":{"@type":"EntryPoint","urlTemplate":"https:\/\/www.nilau-paris.com\/?s={search_term_string}"},"query-input":{"@type":"PropertyValueSpecification","valueRequired":true,"valueName":"search_term_string"}}],"inLanguage":"en-US"},{"@type":"Organization","@id":"https:\/\/www.nilau-paris.com\/#organization","name":"Nilau Paris","url":"https:\/\/www.nilau-paris.com\/","logo":{"@type":"ImageObject","inLanguage":"en-US","@id":"https:\/\/www.nilau-paris.com\/#\/schema\/logo\/image\/","url":"https:\/\/www.nilau-paris.com\/wp-content\/uploads\/2022\/04\/cropped-LOGO-nilau-site.png","contentUrl":"https:\/\/www.nilau-paris.com\/wp-content\/uploads\/2022\/04\/cropped-LOGO-nilau-site.png","width":124,"height":80,"caption":"Nilau Paris"},"image":{"@id":"https:\/\/www.nilau-paris.com\/#\/schema\/logo\/image\/"}}]}},"_links":{"self":[{"href":"https:\/\/www.nilau-paris.com\/en\/wp-json\/wp\/v2\/product\/2728","targetHints":{"allow":["GET"]}}],"collection":[{"href":"https:\/\/www.nilau-paris.com\/en\/wp-json\/wp\/v2\/product"}],"about":[{"href":"https:\/\/www.nilau-paris.com\/en\/wp-json\/wp\/v2\/types\/product"}],"wp:featuredmedia":[{"embeddable":true,"href":"https:\/\/www.nilau-paris.com\/en\/wp-json\/wp\/v2\/media\/5196"}],"wp:attachment":[{"href":"https:\/\/www.nilau-paris.com\/en\/wp-json\/wp\/v2\/media?parent=2728"}],"wp:term":[{"taxonomy":"product_brand","embeddable":true,"href":"https:\/\/www.nilau-paris.com\/en\/wp-json\/wp\/v2\/product_brand?post=2728"},{"taxonomy":"product_cat","embeddable":true,"href":"https:\/\/www.nilau-paris.com\/en\/wp-json\/wp\/v2\/product_cat?post=2728"},{"taxonomy":"product_tag","embeddable":true,"href":"https:\/\/www.nilau-paris.com\/en\/wp-json\/wp\/v2\/product_tag?post=2728"}],"curies":[{"name":"wp","href":"https:\/\/api.w.org\/{rel}","templated":true}]}}