{"id":2706,"date":"2022-05-30T09:51:46","date_gmt":"2022-05-30T07:51:46","guid":{"rendered":"http:\/\/www.nilau-paris.com\/?post_type=product&#038;p=2706"},"modified":"2025-06-25T11:20:20","modified_gmt":"2025-06-25T09:20:20","slug":"pochette-oleine-cardinal","status":"publish","type":"product","link":"https:\/\/www.nilau-paris.com\/en\/product\/pochette-oleine-cardinal\/","title":{"rendered":"Ol\u00e9ine Cardinal"},"content":{"rendered":"<p>Ol\u00e9ine Cardinal will become your favorite minimalist pouch!<\/p>\n<p>With its large space, Ol\u00e9ine allows you to save all the essentials you need while protecting them from loss thanks to a very resistant zipper.<\/p>\n<p>This discreet and chic pouch can be used in many ways: as a bag extension, a light bag or a travel kit. Use it according to your needs!<\/p>\n<p>Laissez-vous tenter par l&#8217;alliance du lin naturel (cultiv\u00e9 en Normandie et <a href=\"http:\/\/lemaitre-demeestere.com\/en\">woven<\/a> dans les Hauts de France) et de l&#8217;audacieux cuir de saumon (revaloris\u00e9 de l&#8217;industrie alimentaire et <a href=\"http:\/\/www.ictyos.com\">tanned<\/a>\u00a0in Lyon) that makes it an exceptional piece of fine leather goods.<\/p>\n<p>Every Nilau creation is entirely made in France by craftsmen with ancestral know-how.<\/p>\n<p>Vivez l&#8217;exp\u00e9rience Nilau et d\u00e9couvrez la maroquinerie d&#8217;aujourd&#8217;hui.<\/p>\n<p>Ol\u00e9ine is available in 6 colors to refine your outfits :<br \/>\n<a href=\"http:\/\/www.nilau-paris.com\/en\/product\/pochette-oleine-chocolat\/\">Marron chocolat<\/a> to match all your looks.<br \/>\n<a href=\"http:\/\/www.nilau-paris.com\/en\/product\/pochette-oleine-cardinal\/\">Cardinal red<\/a> to catch everyone's eye.<br \/>\n<a href=\"http:\/\/www.nilau-paris.com\/en\/product\/pochette-oleine-atlantique\/\">Atlantic Blue<\/a> for everyday wear.<br \/>\n<a href=\"http:\/\/www.nilau-paris.com\/en\/product\/pochette-oleine-encre\/\">Ink black<\/a> for a classic and chic look.<br \/>\n<a href=\"http:\/\/www.nilau-paris.com\/en\/product\/pochette-oleine-emeraude\/\">Emerald Green<\/a> for those looking for authenticity.<br \/>\n<a href=\"http:\/\/www.nilau-paris.com\/en\/product\/pochette-oleine-bordeaux\/\">Bordeaux burgundy<\/a> to brighten up your day.<\/p>","protected":false},"excerpt":{"rendered":"<p>Normandy linen and red salmon leather pouch<\/p>","protected":false},"featured_media":5103,"template":"","meta":{"content-type":""},"product_brand":[],"product_cat":[103,73],"product_tag":[67,107],"class_list":{"0":"post-2706","1":"product","2":"type-product","3":"status-publish","4":"has-post-thumbnail","6":"product_cat-accessoires","7":"product_cat-oleine","8":"product_tag-accessoires","9":"product_tag-toasty","11":"first","12":"instock","13":"sale","14":"shipping-taxable","15":"purchasable","16":"product-type-simple"},"yoast_head":"<!-- This site is optimized with the Yoast SEO plugin v27.5 - https:\/\/yoast.com\/product\/yoast-seo-wordpress\/ -->\n<title>Sac pochette Ol\u00e9ine Cardinal en lin et cuir pr\u00e9cieux de saumon - Nilau<\/title>\n<meta name=\"description\" content=\"Gr\u00e2ce \u00e0 son grand espace, ce sac pochette fabriqu\u00e9 en France vous permet de ranger tous vos essentiels de mani\u00e8re chic et d\u00e9contract\u00e9e.\" \/>\n<meta name=\"robots\" content=\"index, follow, max-snippet:-1, max-image-preview:large, max-video-preview:-1\" \/>\n<link rel=\"canonical\" href=\"https:\/\/www.nilau-paris.com\/en\/product\/pochette-oleine-cardinal\/\" \/>\n<meta property=\"og:locale\" content=\"en_US\" \/>\n<meta property=\"og:type\" content=\"article\" \/>\n<meta property=\"og:title\" content=\"Sac pochette Ol\u00e9ine Cardinal en lin et cuir pr\u00e9cieux de saumon - Nilau\" \/>\n<meta property=\"og:description\" content=\"Gr\u00e2ce \u00e0 son grand espace, ce sac pochette fabriqu\u00e9 en France vous permet de ranger tous vos essentiels de mani\u00e8re chic et d\u00e9contract\u00e9e.\" \/>\n<meta property=\"og:url\" content=\"https:\/\/www.nilau-paris.com\/en\/product\/pochette-oleine-cardinal\/\" \/>\n<meta property=\"og:site_name\" content=\"Nilau\" \/>\n<meta property=\"article:modified_time\" content=\"2025-06-25T09:20:20+00:00\" \/>\n<meta property=\"og:image\" content=\"https:\/\/www.nilau-paris.com\/wp-content\/uploads\/2023\/02\/Oleine-cardinal-front-png-scaled.webp\" \/>\n\t<meta property=\"og:image:width\" content=\"2560\" \/>\n\t<meta property=\"og:image:height\" content=\"2560\" \/>\n\t<meta property=\"og:image:type\" content=\"image\/webp\" \/>\n<meta name=\"twitter:card\" content=\"summary_large_image\" \/>\n<meta name=\"twitter:label1\" content=\"Est. reading time\" \/>\n\t<meta name=\"twitter:data1\" content=\"2 minutes\" \/>\n<script type=\"application\/ld+json\" class=\"yoast-schema-graph\">{\"@context\":\"https:\\\/\\\/schema.org\",\"@graph\":[{\"@type\":\"WebPage\",\"@id\":\"https:\\\/\\\/www.nilau-paris.com\\\/produit\\\/pochette-oleine-cardinal\\\/\",\"url\":\"https:\\\/\\\/www.nilau-paris.com\\\/produit\\\/pochette-oleine-cardinal\\\/\",\"name\":\"Sac pochette Ol\u00e9ine Cardinal en lin et cuir pr\u00e9cieux de saumon - Nilau\",\"isPartOf\":{\"@id\":\"https:\\\/\\\/www.nilau-paris.com\\\/#website\"},\"primaryImageOfPage\":{\"@id\":\"https:\\\/\\\/www.nilau-paris.com\\\/produit\\\/pochette-oleine-cardinal\\\/#primaryimage\"},\"image\":{\"@id\":\"https:\\\/\\\/www.nilau-paris.com\\\/produit\\\/pochette-oleine-cardinal\\\/#primaryimage\"},\"thumbnailUrl\":\"https:\\\/\\\/www.nilau-paris.com\\\/wp-content\\\/uploads\\\/2023\\\/02\\\/Oleine-cardinal-front-png-scaled.webp\",\"datePublished\":\"2022-05-30T07:51:46+00:00\",\"dateModified\":\"2025-06-25T09:20:20+00:00\",\"description\":\"Gr\u00e2ce \u00e0 son grand espace, ce sac pochette fabriqu\u00e9 en France vous permet de ranger tous vos essentiels de mani\u00e8re chic et d\u00e9contract\u00e9e.\",\"breadcrumb\":{\"@id\":\"https:\\\/\\\/www.nilau-paris.com\\\/produit\\\/pochette-oleine-cardinal\\\/#breadcrumb\"},\"inLanguage\":\"en-US\",\"potentialAction\":[{\"@type\":\"ReadAction\",\"target\":[\"https:\\\/\\\/www.nilau-paris.com\\\/produit\\\/pochette-oleine-cardinal\\\/\"]}]},{\"@type\":\"ImageObject\",\"inLanguage\":\"en-US\",\"@id\":\"https:\\\/\\\/www.nilau-paris.com\\\/produit\\\/pochette-oleine-cardinal\\\/#primaryimage\",\"url\":\"https:\\\/\\\/www.nilau-paris.com\\\/wp-content\\\/uploads\\\/2023\\\/02\\\/Oleine-cardinal-front-png-scaled.webp\",\"contentUrl\":\"https:\\\/\\\/www.nilau-paris.com\\\/wp-content\\\/uploads\\\/2023\\\/02\\\/Oleine-cardinal-front-png-scaled.webp\",\"width\":2560,\"height\":2560,\"caption\":\"Trousse de cuir lyonnais recycl\u00e9 et durable\"},{\"@type\":\"BreadcrumbList\",\"@id\":\"https:\\\/\\\/www.nilau-paris.com\\\/produit\\\/pochette-oleine-cardinal\\\/#breadcrumb\",\"itemListElement\":[{\"@type\":\"ListItem\",\"position\":1,\"name\":\"Accueil\",\"item\":\"https:\\\/\\\/www.nilau-paris.com\\\/\"},{\"@type\":\"ListItem\",\"position\":2,\"name\":\"Achat imm\u00e9diat &#8211; Collection permanente\",\"item\":\"https:\\\/\\\/www.nilau-paris.com\\\/collections\\\/\"},{\"@type\":\"ListItem\",\"position\":3,\"name\":\"Ol\u00e9ine Cardinal\"}]},{\"@type\":\"WebSite\",\"@id\":\"https:\\\/\\\/www.nilau-paris.com\\\/#website\",\"url\":\"https:\\\/\\\/www.nilau-paris.com\\\/\",\"name\":\"Nilau\",\"description\":\"Haute Maroquinerie fran\u00e7aise\",\"publisher\":{\"@id\":\"https:\\\/\\\/www.nilau-paris.com\\\/#organization\"},\"potentialAction\":[{\"@type\":\"SearchAction\",\"target\":{\"@type\":\"EntryPoint\",\"urlTemplate\":\"https:\\\/\\\/www.nilau-paris.com\\\/?s={search_term_string}\"},\"query-input\":{\"@type\":\"PropertyValueSpecification\",\"valueRequired\":true,\"valueName\":\"search_term_string\"}}],\"inLanguage\":\"en-US\"},{\"@type\":\"Organization\",\"@id\":\"https:\\\/\\\/www.nilau-paris.com\\\/#organization\",\"name\":\"Nilau Paris\",\"url\":\"https:\\\/\\\/www.nilau-paris.com\\\/\",\"logo\":{\"@type\":\"ImageObject\",\"inLanguage\":\"en-US\",\"@id\":\"https:\\\/\\\/www.nilau-paris.com\\\/#\\\/schema\\\/logo\\\/image\\\/\",\"url\":\"https:\\\/\\\/www.nilau-paris.com\\\/wp-content\\\/uploads\\\/2022\\\/04\\\/cropped-LOGO-nilau-site.png\",\"contentUrl\":\"https:\\\/\\\/www.nilau-paris.com\\\/wp-content\\\/uploads\\\/2022\\\/04\\\/cropped-LOGO-nilau-site.png\",\"width\":124,\"height\":80,\"caption\":\"Nilau Paris\"},\"image\":{\"@id\":\"https:\\\/\\\/www.nilau-paris.com\\\/#\\\/schema\\\/logo\\\/image\\\/\"}}]}<\/script>\n<!-- \/ Yoast SEO plugin. -->","yoast_head_json":{"title":"Sac pochette Ol\u00e9ine Cardinal en lin et cuir pr\u00e9cieux de saumon - Nilau","description":"Gr\u00e2ce \u00e0 son grand espace, ce sac pochette fabriqu\u00e9 en France vous permet de ranger tous vos essentiels de mani\u00e8re chic et d\u00e9contract\u00e9e.","robots":{"index":"index","follow":"follow","max-snippet":"max-snippet:-1","max-image-preview":"max-image-preview:large","max-video-preview":"max-video-preview:-1"},"canonical":"https:\/\/www.nilau-paris.com\/en\/product\/pochette-oleine-cardinal\/","og_locale":"en_US","og_type":"article","og_title":"Sac pochette Ol\u00e9ine Cardinal en lin et cuir pr\u00e9cieux de saumon - Nilau","og_description":"Gr\u00e2ce \u00e0 son grand espace, ce sac pochette fabriqu\u00e9 en France vous permet de ranger tous vos essentiels de mani\u00e8re chic et d\u00e9contract\u00e9e.","og_url":"https:\/\/www.nilau-paris.com\/en\/product\/pochette-oleine-cardinal\/","og_site_name":"Nilau","article_modified_time":"2025-06-25T09:20:20+00:00","og_image":[{"width":2560,"height":2560,"url":"https:\/\/www.nilau-paris.com\/wp-content\/uploads\/2023\/02\/Oleine-cardinal-front-png-scaled.webp","type":"image\/webp"}],"twitter_card":"summary_large_image","twitter_misc":{"Est. reading time":"2 minutes"},"schema":{"@context":"https:\/\/schema.org","@graph":[{"@type":"WebPage","@id":"https:\/\/www.nilau-paris.com\/produit\/pochette-oleine-cardinal\/","url":"https:\/\/www.nilau-paris.com\/produit\/pochette-oleine-cardinal\/","name":"Sac pochette Ol\u00e9ine Cardinal en lin et cuir pr\u00e9cieux de saumon - Nilau","isPartOf":{"@id":"https:\/\/www.nilau-paris.com\/#website"},"primaryImageOfPage":{"@id":"https:\/\/www.nilau-paris.com\/produit\/pochette-oleine-cardinal\/#primaryimage"},"image":{"@id":"https:\/\/www.nilau-paris.com\/produit\/pochette-oleine-cardinal\/#primaryimage"},"thumbnailUrl":"https:\/\/www.nilau-paris.com\/wp-content\/uploads\/2023\/02\/Oleine-cardinal-front-png-scaled.webp","datePublished":"2022-05-30T07:51:46+00:00","dateModified":"2025-06-25T09:20:20+00:00","description":"Gr\u00e2ce \u00e0 son grand espace, ce sac pochette fabriqu\u00e9 en France vous permet de ranger tous vos essentiels de mani\u00e8re chic et d\u00e9contract\u00e9e.","breadcrumb":{"@id":"https:\/\/www.nilau-paris.com\/produit\/pochette-oleine-cardinal\/#breadcrumb"},"inLanguage":"en-US","potentialAction":[{"@type":"ReadAction","target":["https:\/\/www.nilau-paris.com\/produit\/pochette-oleine-cardinal\/"]}]},{"@type":"ImageObject","inLanguage":"en-US","@id":"https:\/\/www.nilau-paris.com\/produit\/pochette-oleine-cardinal\/#primaryimage","url":"https:\/\/www.nilau-paris.com\/wp-content\/uploads\/2023\/02\/Oleine-cardinal-front-png-scaled.webp","contentUrl":"https:\/\/www.nilau-paris.com\/wp-content\/uploads\/2023\/02\/Oleine-cardinal-front-png-scaled.webp","width":2560,"height":2560,"caption":"Trousse de cuir lyonnais recycl\u00e9 et durable"},{"@type":"BreadcrumbList","@id":"https:\/\/www.nilau-paris.com\/produit\/pochette-oleine-cardinal\/#breadcrumb","itemListElement":[{"@type":"ListItem","position":1,"name":"Accueil","item":"https:\/\/www.nilau-paris.com\/"},{"@type":"ListItem","position":2,"name":"Achat imm\u00e9diat &#8211; Collection permanente","item":"https:\/\/www.nilau-paris.com\/collections\/"},{"@type":"ListItem","position":3,"name":"Ol\u00e9ine Cardinal"}]},{"@type":"WebSite","@id":"https:\/\/www.nilau-paris.com\/#website","url":"https:\/\/www.nilau-paris.com\/","name":"Nilau","description":"French Haute Maroquinerie","publisher":{"@id":"https:\/\/www.nilau-paris.com\/#organization"},"potentialAction":[{"@type":"SearchAction","target":{"@type":"EntryPoint","urlTemplate":"https:\/\/www.nilau-paris.com\/?s={search_term_string}"},"query-input":{"@type":"PropertyValueSpecification","valueRequired":true,"valueName":"search_term_string"}}],"inLanguage":"en-US"},{"@type":"Organization","@id":"https:\/\/www.nilau-paris.com\/#organization","name":"Nilau Paris","url":"https:\/\/www.nilau-paris.com\/","logo":{"@type":"ImageObject","inLanguage":"en-US","@id":"https:\/\/www.nilau-paris.com\/#\/schema\/logo\/image\/","url":"https:\/\/www.nilau-paris.com\/wp-content\/uploads\/2022\/04\/cropped-LOGO-nilau-site.png","contentUrl":"https:\/\/www.nilau-paris.com\/wp-content\/uploads\/2022\/04\/cropped-LOGO-nilau-site.png","width":124,"height":80,"caption":"Nilau Paris"},"image":{"@id":"https:\/\/www.nilau-paris.com\/#\/schema\/logo\/image\/"}}]}},"_links":{"self":[{"href":"https:\/\/www.nilau-paris.com\/en\/wp-json\/wp\/v2\/product\/2706","targetHints":{"allow":["GET"]}}],"collection":[{"href":"https:\/\/www.nilau-paris.com\/en\/wp-json\/wp\/v2\/product"}],"about":[{"href":"https:\/\/www.nilau-paris.com\/en\/wp-json\/wp\/v2\/types\/product"}],"wp:featuredmedia":[{"embeddable":true,"href":"https:\/\/www.nilau-paris.com\/en\/wp-json\/wp\/v2\/media\/5103"}],"wp:attachment":[{"href":"https:\/\/www.nilau-paris.com\/en\/wp-json\/wp\/v2\/media?parent=2706"}],"wp:term":[{"taxonomy":"product_brand","embeddable":true,"href":"https:\/\/www.nilau-paris.com\/en\/wp-json\/wp\/v2\/product_brand?post=2706"},{"taxonomy":"product_cat","embeddable":true,"href":"https:\/\/www.nilau-paris.com\/en\/wp-json\/wp\/v2\/product_cat?post=2706"},{"taxonomy":"product_tag","embeddable":true,"href":"https:\/\/www.nilau-paris.com\/en\/wp-json\/wp\/v2\/product_tag?post=2706"}],"curies":[{"name":"wp","href":"https:\/\/api.w.org\/{rel}","templated":true}]}}