{"id":2693,"date":"2022-05-29T12:54:08","date_gmt":"2022-05-29T10:54:08","guid":{"rendered":"http:\/\/www.nilau-paris.com\/?post_type=product&#038;p=2693"},"modified":"2023-11-30T20:17:36","modified_gmt":"2023-11-30T19:17:36","slug":"ceinture-xine-bordeaux","status":"publish","type":"product","link":"https:\/\/www.nilau-paris.com\/en\/product\/ceinture-xine-bordeaux\/","title":{"rendered":"Xine Bordeaux"},"content":{"rendered":"<p>La ceinture en cuir Xine bordeaux se chargera de sculpter vos looks, gr\u00e2ce \u00e0 son m\u00e9lange original de mat\u00e9riaux tels que le lin et le cuir d&#8217;autruche. Des mati\u00e8res qui feront tourner les t\u00eates partout o\u00f9 vous irez par le c\u00f4t\u00e9 original qu&#8217;elles projettent.<\/p>\n<p>Confiez vos looks quotidiens \u00e0 une ceinture en cuir d&#8217;autruche (d&#8217;origine fran\u00e7aise et<a href=\"http:\/\/www.maisonsoler.fr\"> tanned<\/a> in Cantal area, France) with linen (cultivated in Normandy and <a href=\"http:\/\/lemaitre-demeestere.com\/en\">woven<\/a> in the North of France) of the highest quality, created 100% in France by artisanal hands with ancestral know-how.<\/p>\n<p>Vivez l&#8217;exp\u00e9rience Nilau et d\u00e9couvrez la maroquinerie d&#8217;aujourd&#8217;hui.<\/p>\n<p>Xine offers 2 sizes for more comfort :<\/p>\n<ul>\n<li>size 1 : 85CM<\/li>\n<li>taille 2 : 90CM<\/li>\n<li>taille 3 : 95CM<\/li>\n<\/ul>\n<p>The leather belt Xine is available in 6 colors to refine your outfits :<\/p>\n<p>Color<a href=\"http:\/\/www.nilau-paris.com\/en\/product\/ceinture-xine-chocolat\/\"> Chocolate brown<\/a> to match all your looks.<br \/>\nColor <a href=\"http:\/\/www.nilau-paris.com\/en\/product\/ceinture-xine-cardinal\/\">Cardinal red<\/a> to catch everyone's eye.<br \/>\nColor <a href=\"http:\/\/www.nilau-paris.com\/en\/product\/xine-atlantique\/\">Atlantic blue<\/a> for everyday wear.<br \/>\nColor <a href=\"http:\/\/www.nilau-paris.com\/en\/product\/ceinture-xine-encre\/\">Ink black<\/a> for a classic and chic look.<br \/>\nColor <a href=\"http:\/\/www.nilau-paris.com\/en\/product\/ceinture-xine-emeraude\/\">Emerald green<\/a> for those looking for authenticity.<br \/>\nColor <a href=\"http:\/\/www.nilau-paris.com\/en\/product\/ceinture-xine-bordeaux\/\">Bordeaux burgundy<\/a> to brighten up your day.<\/p>","protected":false},"excerpt":{"rendered":"<div><span lang=\"FR\">Ceinture en lin de Normandie et cuir d&#8217;autruche bordeaux\u00a0<\/span><\/div>","protected":false},"featured_media":5117,"template":"","meta":{"content-type":""},"product_brand":[],"product_cat":[103,74],"product_tag":[67],"class_list":{"0":"post-2693","1":"product","2":"type-product","3":"status-publish","4":"has-post-thumbnail","6":"product_cat-accessoires","7":"product_cat-xine","8":"product_tag-accessoires","10":"first","11":"instock","12":"sold-individually","13":"shipping-taxable","14":"purchasable","15":"product-type-variable"},"yoast_head":"<!-- This site is optimized with the Yoast SEO plugin v27.5 - https:\/\/yoast.com\/product\/yoast-seo-wordpress\/ -->\n<title>Ceinture en cuir d&#039;autruche et lin - fabrication locale - Nilau<\/title>\n<meta name=\"description\" content=\"Cette ceinture en cuir se chargera de sculpter votre allure gr\u00e2ce \u00e0 son m\u00e9lange original du lin et du cuir d&#039;autruche fabriqu\u00e9 en France.\" \/>\n<meta name=\"robots\" content=\"index, follow, max-snippet:-1, max-image-preview:large, max-video-preview:-1\" \/>\n<link rel=\"canonical\" href=\"https:\/\/www.nilau-paris.com\/en\/product\/ceinture-xine-bordeaux\/\" \/>\n<meta property=\"og:locale\" content=\"en_US\" \/>\n<meta property=\"og:type\" content=\"article\" \/>\n<meta property=\"og:title\" content=\"Ceinture en cuir d&#039;autruche et lin - fabrication locale - Nilau\" \/>\n<meta property=\"og:description\" content=\"Cette ceinture en cuir se chargera de sculpter votre allure gr\u00e2ce \u00e0 son m\u00e9lange original du lin et du cuir d&#039;autruche fabriqu\u00e9 en France.\" \/>\n<meta property=\"og:url\" content=\"https:\/\/www.nilau-paris.com\/en\/product\/ceinture-xine-bordeaux\/\" \/>\n<meta property=\"og:site_name\" content=\"Nilau\" \/>\n<meta property=\"article:modified_time\" content=\"2023-11-30T19:17:36+00:00\" \/>\n<meta property=\"og:image\" content=\"https:\/\/www.nilau-paris.com\/wp-content\/uploads\/2023\/02\/Xine-bordeaux-front-png-scaled.webp\" \/>\n\t<meta property=\"og:image:width\" content=\"2560\" \/>\n\t<meta property=\"og:image:height\" content=\"2560\" \/>\n\t<meta property=\"og:image:type\" content=\"image\/webp\" \/>\n<meta name=\"twitter:card\" content=\"summary_large_image\" \/>\n<meta name=\"twitter:label1\" content=\"Est. reading time\" \/>\n\t<meta name=\"twitter:data1\" content=\"1 minute\" \/>\n<script type=\"application\/ld+json\" class=\"yoast-schema-graph\">{\"@context\":\"https:\\\/\\\/schema.org\",\"@graph\":[{\"@type\":\"WebPage\",\"@id\":\"https:\\\/\\\/www.nilau-paris.com\\\/produit\\\/ceinture-xine-bordeaux\\\/\",\"url\":\"https:\\\/\\\/www.nilau-paris.com\\\/produit\\\/ceinture-xine-bordeaux\\\/\",\"name\":\"Ceinture en cuir d'autruche et lin - fabrication locale - Nilau\",\"isPartOf\":{\"@id\":\"https:\\\/\\\/www.nilau-paris.com\\\/#website\"},\"primaryImageOfPage\":{\"@id\":\"https:\\\/\\\/www.nilau-paris.com\\\/produit\\\/ceinture-xine-bordeaux\\\/#primaryimage\"},\"image\":{\"@id\":\"https:\\\/\\\/www.nilau-paris.com\\\/produit\\\/ceinture-xine-bordeaux\\\/#primaryimage\"},\"thumbnailUrl\":\"https:\\\/\\\/www.nilau-paris.com\\\/wp-content\\\/uploads\\\/2023\\\/02\\\/Xine-bordeaux-front-png-scaled.webp\",\"datePublished\":\"2022-05-29T10:54:08+00:00\",\"dateModified\":\"2023-11-30T19:17:36+00:00\",\"description\":\"Cette ceinture en cuir se chargera de sculpter votre allure gr\u00e2ce \u00e0 son m\u00e9lange original du lin et du cuir d'autruche fabriqu\u00e9 en France.\",\"breadcrumb\":{\"@id\":\"https:\\\/\\\/www.nilau-paris.com\\\/produit\\\/ceinture-xine-bordeaux\\\/#breadcrumb\"},\"inLanguage\":\"en-US\",\"potentialAction\":[{\"@type\":\"ReadAction\",\"target\":[\"https:\\\/\\\/www.nilau-paris.com\\\/produit\\\/ceinture-xine-bordeaux\\\/\"]}]},{\"@type\":\"ImageObject\",\"inLanguage\":\"en-US\",\"@id\":\"https:\\\/\\\/www.nilau-paris.com\\\/produit\\\/ceinture-xine-bordeaux\\\/#primaryimage\",\"url\":\"https:\\\/\\\/www.nilau-paris.com\\\/wp-content\\\/uploads\\\/2023\\\/02\\\/Xine-bordeaux-front-png-scaled.webp\",\"contentUrl\":\"https:\\\/\\\/www.nilau-paris.com\\\/wp-content\\\/uploads\\\/2023\\\/02\\\/Xine-bordeaux-front-png-scaled.webp\",\"width\":2560,\"height\":2560,\"caption\":\"Ceinture fabriquer en france en cuir\"},{\"@type\":\"BreadcrumbList\",\"@id\":\"https:\\\/\\\/www.nilau-paris.com\\\/produit\\\/ceinture-xine-bordeaux\\\/#breadcrumb\",\"itemListElement\":[{\"@type\":\"ListItem\",\"position\":1,\"name\":\"Accueil\",\"item\":\"https:\\\/\\\/www.nilau-paris.com\\\/\"},{\"@type\":\"ListItem\",\"position\":2,\"name\":\"Achat imm\u00e9diat &#8211; Collection permanente\",\"item\":\"https:\\\/\\\/www.nilau-paris.com\\\/collections\\\/\"},{\"@type\":\"ListItem\",\"position\":3,\"name\":\"Xine Bordeaux\"}]},{\"@type\":\"WebSite\",\"@id\":\"https:\\\/\\\/www.nilau-paris.com\\\/#website\",\"url\":\"https:\\\/\\\/www.nilau-paris.com\\\/\",\"name\":\"Nilau\",\"description\":\"Haute Maroquinerie fran\u00e7aise\",\"publisher\":{\"@id\":\"https:\\\/\\\/www.nilau-paris.com\\\/#organization\"},\"potentialAction\":[{\"@type\":\"SearchAction\",\"target\":{\"@type\":\"EntryPoint\",\"urlTemplate\":\"https:\\\/\\\/www.nilau-paris.com\\\/?s={search_term_string}\"},\"query-input\":{\"@type\":\"PropertyValueSpecification\",\"valueRequired\":true,\"valueName\":\"search_term_string\"}}],\"inLanguage\":\"en-US\"},{\"@type\":\"Organization\",\"@id\":\"https:\\\/\\\/www.nilau-paris.com\\\/#organization\",\"name\":\"Nilau Paris\",\"url\":\"https:\\\/\\\/www.nilau-paris.com\\\/\",\"logo\":{\"@type\":\"ImageObject\",\"inLanguage\":\"en-US\",\"@id\":\"https:\\\/\\\/www.nilau-paris.com\\\/#\\\/schema\\\/logo\\\/image\\\/\",\"url\":\"https:\\\/\\\/www.nilau-paris.com\\\/wp-content\\\/uploads\\\/2022\\\/04\\\/cropped-LOGO-nilau-site.png\",\"contentUrl\":\"https:\\\/\\\/www.nilau-paris.com\\\/wp-content\\\/uploads\\\/2022\\\/04\\\/cropped-LOGO-nilau-site.png\",\"width\":124,\"height\":80,\"caption\":\"Nilau Paris\"},\"image\":{\"@id\":\"https:\\\/\\\/www.nilau-paris.com\\\/#\\\/schema\\\/logo\\\/image\\\/\"}}]}<\/script>\n<!-- \/ Yoast SEO plugin. -->","yoast_head_json":{"title":"Ceinture en cuir d'autruche et lin - fabrication locale - Nilau","description":"Cette ceinture en cuir se chargera de sculpter votre allure gr\u00e2ce \u00e0 son m\u00e9lange original du lin et du cuir d'autruche fabriqu\u00e9 en France.","robots":{"index":"index","follow":"follow","max-snippet":"max-snippet:-1","max-image-preview":"max-image-preview:large","max-video-preview":"max-video-preview:-1"},"canonical":"https:\/\/www.nilau-paris.com\/en\/product\/ceinture-xine-bordeaux\/","og_locale":"en_US","og_type":"article","og_title":"Ceinture en cuir d'autruche et lin - fabrication locale - Nilau","og_description":"Cette ceinture en cuir se chargera de sculpter votre allure gr\u00e2ce \u00e0 son m\u00e9lange original du lin et du cuir d'autruche fabriqu\u00e9 en France.","og_url":"https:\/\/www.nilau-paris.com\/en\/product\/ceinture-xine-bordeaux\/","og_site_name":"Nilau","article_modified_time":"2023-11-30T19:17:36+00:00","og_image":[{"width":2560,"height":2560,"url":"https:\/\/www.nilau-paris.com\/wp-content\/uploads\/2023\/02\/Xine-bordeaux-front-png-scaled.webp","type":"image\/webp"}],"twitter_card":"summary_large_image","twitter_misc":{"Est. reading time":"1 minute"},"schema":{"@context":"https:\/\/schema.org","@graph":[{"@type":"WebPage","@id":"https:\/\/www.nilau-paris.com\/produit\/ceinture-xine-bordeaux\/","url":"https:\/\/www.nilau-paris.com\/produit\/ceinture-xine-bordeaux\/","name":"Ceinture en cuir d'autruche et lin - fabrication locale - Nilau","isPartOf":{"@id":"https:\/\/www.nilau-paris.com\/#website"},"primaryImageOfPage":{"@id":"https:\/\/www.nilau-paris.com\/produit\/ceinture-xine-bordeaux\/#primaryimage"},"image":{"@id":"https:\/\/www.nilau-paris.com\/produit\/ceinture-xine-bordeaux\/#primaryimage"},"thumbnailUrl":"https:\/\/www.nilau-paris.com\/wp-content\/uploads\/2023\/02\/Xine-bordeaux-front-png-scaled.webp","datePublished":"2022-05-29T10:54:08+00:00","dateModified":"2023-11-30T19:17:36+00:00","description":"Cette ceinture en cuir se chargera de sculpter votre allure gr\u00e2ce \u00e0 son m\u00e9lange original du lin et du cuir d'autruche fabriqu\u00e9 en France.","breadcrumb":{"@id":"https:\/\/www.nilau-paris.com\/produit\/ceinture-xine-bordeaux\/#breadcrumb"},"inLanguage":"en-US","potentialAction":[{"@type":"ReadAction","target":["https:\/\/www.nilau-paris.com\/produit\/ceinture-xine-bordeaux\/"]}]},{"@type":"ImageObject","inLanguage":"en-US","@id":"https:\/\/www.nilau-paris.com\/produit\/ceinture-xine-bordeaux\/#primaryimage","url":"https:\/\/www.nilau-paris.com\/wp-content\/uploads\/2023\/02\/Xine-bordeaux-front-png-scaled.webp","contentUrl":"https:\/\/www.nilau-paris.com\/wp-content\/uploads\/2023\/02\/Xine-bordeaux-front-png-scaled.webp","width":2560,"height":2560,"caption":"Ceinture fabriquer en france en cuir"},{"@type":"BreadcrumbList","@id":"https:\/\/www.nilau-paris.com\/produit\/ceinture-xine-bordeaux\/#breadcrumb","itemListElement":[{"@type":"ListItem","position":1,"name":"Accueil","item":"https:\/\/www.nilau-paris.com\/"},{"@type":"ListItem","position":2,"name":"Achat imm\u00e9diat &#8211; Collection permanente","item":"https:\/\/www.nilau-paris.com\/collections\/"},{"@type":"ListItem","position":3,"name":"Xine Bordeaux"}]},{"@type":"WebSite","@id":"https:\/\/www.nilau-paris.com\/#website","url":"https:\/\/www.nilau-paris.com\/","name":"Nilau","description":"French Haute Maroquinerie","publisher":{"@id":"https:\/\/www.nilau-paris.com\/#organization"},"potentialAction":[{"@type":"SearchAction","target":{"@type":"EntryPoint","urlTemplate":"https:\/\/www.nilau-paris.com\/?s={search_term_string}"},"query-input":{"@type":"PropertyValueSpecification","valueRequired":true,"valueName":"search_term_string"}}],"inLanguage":"en-US"},{"@type":"Organization","@id":"https:\/\/www.nilau-paris.com\/#organization","name":"Nilau Paris","url":"https:\/\/www.nilau-paris.com\/","logo":{"@type":"ImageObject","inLanguage":"en-US","@id":"https:\/\/www.nilau-paris.com\/#\/schema\/logo\/image\/","url":"https:\/\/www.nilau-paris.com\/wp-content\/uploads\/2022\/04\/cropped-LOGO-nilau-site.png","contentUrl":"https:\/\/www.nilau-paris.com\/wp-content\/uploads\/2022\/04\/cropped-LOGO-nilau-site.png","width":124,"height":80,"caption":"Nilau Paris"},"image":{"@id":"https:\/\/www.nilau-paris.com\/#\/schema\/logo\/image\/"}}]}},"_links":{"self":[{"href":"https:\/\/www.nilau-paris.com\/en\/wp-json\/wp\/v2\/product\/2693","targetHints":{"allow":["GET"]}}],"collection":[{"href":"https:\/\/www.nilau-paris.com\/en\/wp-json\/wp\/v2\/product"}],"about":[{"href":"https:\/\/www.nilau-paris.com\/en\/wp-json\/wp\/v2\/types\/product"}],"wp:featuredmedia":[{"embeddable":true,"href":"https:\/\/www.nilau-paris.com\/en\/wp-json\/wp\/v2\/media\/5117"}],"wp:attachment":[{"href":"https:\/\/www.nilau-paris.com\/en\/wp-json\/wp\/v2\/media?parent=2693"}],"wp:term":[{"taxonomy":"product_brand","embeddable":true,"href":"https:\/\/www.nilau-paris.com\/en\/wp-json\/wp\/v2\/product_brand?post=2693"},{"taxonomy":"product_cat","embeddable":true,"href":"https:\/\/www.nilau-paris.com\/en\/wp-json\/wp\/v2\/product_cat?post=2693"},{"taxonomy":"product_tag","embeddable":true,"href":"https:\/\/www.nilau-paris.com\/en\/wp-json\/wp\/v2\/product_tag?post=2693"}],"curies":[{"name":"wp","href":"https:\/\/api.w.org\/{rel}","templated":true}]}}