{"id":2689,"date":"2022-05-29T10:33:04","date_gmt":"2022-05-29T08:33:04","guid":{"rendered":"http:\/\/www.nilau-paris.com\/?post_type=product&#038;p=2689"},"modified":"2025-06-25T11:07:08","modified_gmt":"2025-06-25T09:07:08","slug":"porte-carte-gotin-encre","status":"publish","type":"product","link":"https:\/\/www.nilau-paris.com\/en\/product\/porte-carte-gotin-encre\/","title":{"rendered":"Gotin Encre"},"content":{"rendered":"<p>Notre porte carte (homme et\u00a0femme) Gotin Encre deviendra votre alli\u00e9 pr\u00e9f\u00e9r\u00e9 gr\u00e2ce \u00e0 son design aussi pratique qu&#8217;\u00e9l\u00e9gant.<\/p>\n<p>Its internal compartment allows you to store 4 to 6 cards in a light but resistant format that will let you slip it in any type of bag or even in your pocket!<\/p>\n<p>Be tempted by this exceptional bi-material design and choose between the precious <a href=\"http:\/\/www.maisonsoler.fr\">ostrich leather<\/a> or the original <a href=\"http:\/\/www.ictyos.com\">salmon leather<\/a>, tous deux associ\u00e9s \u00e0 l&#8217;ancestral <a href=\"http:\/\/lemaitre-demeestere.com\/en\">linen<\/a> de Normandie. Ces mat\u00e9riaux d&#8217;exception sont d&#8217;origine fran\u00e7aise et transform\u00e9s localement.<\/p>\n<p>Chaque pi\u00e8ce est con\u00e7ue et fabriqu\u00e9e enti\u00e8rement en France par des mains d&#8217;artisans au savoir-faire mill\u00e9naire.<\/p>\n<p>Vivez l&#8217;exp\u00e9rience Nilau et d\u00e9couvrez la maroquinerie d&#8217;aujourd&#8217;hui.<\/p>\n<p>The men cardholder Gotin is available in 6 colors to refine your outfits :<br \/>\nColor <a href=\"http:\/\/www.nilau-paris.com\/en\/product\/porte-carte-gotin-chocolat\/\">Chocolate brown<\/a> to match all your looks.<br \/>\nColor <a href=\"http:\/\/www.nilau-paris.com\/en\/product\/porte-carte-gotin-cardinal\/\">Cardinal red<\/a> to catch everyone's eye.<br \/>\nColor <a href=\"http:\/\/www.nilau-paris.com\/en\/product\/porte-carte-gotin-atlantique\/\">Atlantic blue<\/a> for everyday wear.<br \/>\nColor <a href=\"http:\/\/www.nilau-paris.com\/en\/product\/porte-carte-gotin-encre-2\/\">Ink black<\/a> for a classic and chic look.<br \/>\nColor <a href=\"http:\/\/www.nilau-paris.com\/en\/product\/porte-cartes-gotin-emeraude\/\">Emerald green<\/a> for those looking for authenticity.<br \/>\nColor <a href=\"http:\/\/www.nilau-paris.com\/en\/product\/porte-cartes-gotin-bordeaux\/\">Bordeaux burgundy<\/a> to brighten up your day.<\/p>","protected":false},"excerpt":{"rendered":"<div><span lang=\"FR\">Cardholder in black salmon leather and Normandy linen<\/span><\/div>","protected":false},"featured_media":5092,"template":"","meta":{"content-type":""},"product_brand":[],"product_cat":[103,72],"product_tag":[67,107],"class_list":{"0":"post-2689","1":"product","2":"type-product","3":"status-publish","4":"has-post-thumbnail","6":"product_cat-accessoires","7":"product_cat-porte-cartes-gotin","8":"product_tag-accessoires","9":"product_tag-toasty","11":"first","12":"instock","13":"sale","14":"shipping-taxable","15":"purchasable","16":"product-type-simple"},"yoast_head":"<!-- This site is optimized with the Yoast SEO plugin v27.5 - https:\/\/yoast.com\/product\/yoast-seo-wordpress\/ -->\n<title>Porte carte homme cuir Gotin Encre - fabriqu\u00e9 localement - Nilau<\/title>\n<meta name=\"description\" content=\"Ce porte carte pour homme en cuir de saumon et lin est fabriqu\u00e9 en France et poss\u00e8de une division interne qui permet de ranger 4 \u00e0 6 cartes.\" \/>\n<meta name=\"robots\" content=\"index, follow, max-snippet:-1, max-image-preview:large, max-video-preview:-1\" \/>\n<link rel=\"canonical\" href=\"https:\/\/www.nilau-paris.com\/en\/product\/porte-carte-gotin-encre\/\" \/>\n<meta property=\"og:locale\" content=\"en_US\" \/>\n<meta property=\"og:type\" content=\"article\" \/>\n<meta property=\"og:title\" content=\"Porte carte homme cuir Gotin Encre - fabriqu\u00e9 localement - Nilau\" \/>\n<meta property=\"og:description\" content=\"Ce porte carte pour homme en cuir de saumon et lin est fabriqu\u00e9 en France et poss\u00e8de une division interne qui permet de ranger 4 \u00e0 6 cartes.\" \/>\n<meta property=\"og:url\" content=\"https:\/\/www.nilau-paris.com\/en\/product\/porte-carte-gotin-encre\/\" \/>\n<meta property=\"og:site_name\" content=\"Nilau\" \/>\n<meta property=\"article:modified_time\" content=\"2025-06-25T09:07:08+00:00\" \/>\n<meta property=\"og:image\" content=\"https:\/\/www.nilau-paris.com\/wp-content\/uploads\/2023\/02\/Porte-cartes-encre-png-scaled.webp\" \/>\n\t<meta property=\"og:image:width\" content=\"2560\" \/>\n\t<meta property=\"og:image:height\" content=\"2560\" \/>\n\t<meta property=\"og:image:type\" content=\"image\/webp\" \/>\n<meta name=\"twitter:card\" content=\"summary_large_image\" \/>\n<meta name=\"twitter:label1\" content=\"Est. reading time\" \/>\n\t<meta name=\"twitter:data1\" content=\"2 minutes\" \/>\n<script type=\"application\/ld+json\" class=\"yoast-schema-graph\">{\"@context\":\"https:\\\/\\\/schema.org\",\"@graph\":[{\"@type\":\"WebPage\",\"@id\":\"https:\\\/\\\/www.nilau-paris.com\\\/produit\\\/porte-carte-gotin-encre\\\/\",\"url\":\"https:\\\/\\\/www.nilau-paris.com\\\/produit\\\/porte-carte-gotin-encre\\\/\",\"name\":\"Porte carte homme cuir Gotin Encre - fabriqu\u00e9 localement - Nilau\",\"isPartOf\":{\"@id\":\"https:\\\/\\\/www.nilau-paris.com\\\/#website\"},\"primaryImageOfPage\":{\"@id\":\"https:\\\/\\\/www.nilau-paris.com\\\/produit\\\/porte-carte-gotin-encre\\\/#primaryimage\"},\"image\":{\"@id\":\"https:\\\/\\\/www.nilau-paris.com\\\/produit\\\/porte-carte-gotin-encre\\\/#primaryimage\"},\"thumbnailUrl\":\"https:\\\/\\\/www.nilau-paris.com\\\/wp-content\\\/uploads\\\/2023\\\/02\\\/Porte-cartes-encre-png-scaled.webp\",\"datePublished\":\"2022-05-29T08:33:04+00:00\",\"dateModified\":\"2025-06-25T09:07:08+00:00\",\"description\":\"Ce porte carte pour homme en cuir de saumon et lin est fabriqu\u00e9 en France et poss\u00e8de une division interne qui permet de ranger 4 \u00e0 6 cartes.\",\"breadcrumb\":{\"@id\":\"https:\\\/\\\/www.nilau-paris.com\\\/produit\\\/porte-carte-gotin-encre\\\/#breadcrumb\"},\"inLanguage\":\"en-US\",\"potentialAction\":[{\"@type\":\"ReadAction\",\"target\":[\"https:\\\/\\\/www.nilau-paris.com\\\/produit\\\/porte-carte-gotin-encre\\\/\"]}]},{\"@type\":\"ImageObject\",\"inLanguage\":\"en-US\",\"@id\":\"https:\\\/\\\/www.nilau-paris.com\\\/produit\\\/porte-carte-gotin-encre\\\/#primaryimage\",\"url\":\"https:\\\/\\\/www.nilau-paris.com\\\/wp-content\\\/uploads\\\/2023\\\/02\\\/Porte-cartes-encre-png-scaled.webp\",\"contentUrl\":\"https:\\\/\\\/www.nilau-paris.com\\\/wp-content\\\/uploads\\\/2023\\\/02\\\/Porte-cartes-encre-png-scaled.webp\",\"width\":2560,\"height\":2560,\"caption\":\"Porte carte noir homme\"},{\"@type\":\"BreadcrumbList\",\"@id\":\"https:\\\/\\\/www.nilau-paris.com\\\/produit\\\/porte-carte-gotin-encre\\\/#breadcrumb\",\"itemListElement\":[{\"@type\":\"ListItem\",\"position\":1,\"name\":\"Accueil\",\"item\":\"https:\\\/\\\/www.nilau-paris.com\\\/\"},{\"@type\":\"ListItem\",\"position\":2,\"name\":\"Achat imm\u00e9diat &#8211; Collection permanente\",\"item\":\"https:\\\/\\\/www.nilau-paris.com\\\/collections\\\/\"},{\"@type\":\"ListItem\",\"position\":3,\"name\":\"Gotin Encre\"}]},{\"@type\":\"WebSite\",\"@id\":\"https:\\\/\\\/www.nilau-paris.com\\\/#website\",\"url\":\"https:\\\/\\\/www.nilau-paris.com\\\/\",\"name\":\"Nilau\",\"description\":\"Haute Maroquinerie fran\u00e7aise\",\"publisher\":{\"@id\":\"https:\\\/\\\/www.nilau-paris.com\\\/#organization\"},\"potentialAction\":[{\"@type\":\"SearchAction\",\"target\":{\"@type\":\"EntryPoint\",\"urlTemplate\":\"https:\\\/\\\/www.nilau-paris.com\\\/?s={search_term_string}\"},\"query-input\":{\"@type\":\"PropertyValueSpecification\",\"valueRequired\":true,\"valueName\":\"search_term_string\"}}],\"inLanguage\":\"en-US\"},{\"@type\":\"Organization\",\"@id\":\"https:\\\/\\\/www.nilau-paris.com\\\/#organization\",\"name\":\"Nilau Paris\",\"url\":\"https:\\\/\\\/www.nilau-paris.com\\\/\",\"logo\":{\"@type\":\"ImageObject\",\"inLanguage\":\"en-US\",\"@id\":\"https:\\\/\\\/www.nilau-paris.com\\\/#\\\/schema\\\/logo\\\/image\\\/\",\"url\":\"https:\\\/\\\/www.nilau-paris.com\\\/wp-content\\\/uploads\\\/2022\\\/04\\\/cropped-LOGO-nilau-site.png\",\"contentUrl\":\"https:\\\/\\\/www.nilau-paris.com\\\/wp-content\\\/uploads\\\/2022\\\/04\\\/cropped-LOGO-nilau-site.png\",\"width\":124,\"height\":80,\"caption\":\"Nilau Paris\"},\"image\":{\"@id\":\"https:\\\/\\\/www.nilau-paris.com\\\/#\\\/schema\\\/logo\\\/image\\\/\"}}]}<\/script>\n<!-- \/ Yoast SEO plugin. -->","yoast_head_json":{"title":"Porte carte homme cuir Gotin Encre - fabriqu\u00e9 localement - Nilau","description":"Ce porte carte pour homme en cuir de saumon et lin est fabriqu\u00e9 en France et poss\u00e8de une division interne qui permet de ranger 4 \u00e0 6 cartes.","robots":{"index":"index","follow":"follow","max-snippet":"max-snippet:-1","max-image-preview":"max-image-preview:large","max-video-preview":"max-video-preview:-1"},"canonical":"https:\/\/www.nilau-paris.com\/en\/product\/porte-carte-gotin-encre\/","og_locale":"en_US","og_type":"article","og_title":"Porte carte homme cuir Gotin Encre - fabriqu\u00e9 localement - Nilau","og_description":"Ce porte carte pour homme en cuir de saumon et lin est fabriqu\u00e9 en France et poss\u00e8de une division interne qui permet de ranger 4 \u00e0 6 cartes.","og_url":"https:\/\/www.nilau-paris.com\/en\/product\/porte-carte-gotin-encre\/","og_site_name":"Nilau","article_modified_time":"2025-06-25T09:07:08+00:00","og_image":[{"width":2560,"height":2560,"url":"https:\/\/www.nilau-paris.com\/wp-content\/uploads\/2023\/02\/Porte-cartes-encre-png-scaled.webp","type":"image\/webp"}],"twitter_card":"summary_large_image","twitter_misc":{"Est. reading time":"2 minutes"},"schema":{"@context":"https:\/\/schema.org","@graph":[{"@type":"WebPage","@id":"https:\/\/www.nilau-paris.com\/produit\/porte-carte-gotin-encre\/","url":"https:\/\/www.nilau-paris.com\/produit\/porte-carte-gotin-encre\/","name":"Porte carte homme cuir Gotin Encre - fabriqu\u00e9 localement - Nilau","isPartOf":{"@id":"https:\/\/www.nilau-paris.com\/#website"},"primaryImageOfPage":{"@id":"https:\/\/www.nilau-paris.com\/produit\/porte-carte-gotin-encre\/#primaryimage"},"image":{"@id":"https:\/\/www.nilau-paris.com\/produit\/porte-carte-gotin-encre\/#primaryimage"},"thumbnailUrl":"https:\/\/www.nilau-paris.com\/wp-content\/uploads\/2023\/02\/Porte-cartes-encre-png-scaled.webp","datePublished":"2022-05-29T08:33:04+00:00","dateModified":"2025-06-25T09:07:08+00:00","description":"Ce porte carte pour homme en cuir de saumon et lin est fabriqu\u00e9 en France et poss\u00e8de une division interne qui permet de ranger 4 \u00e0 6 cartes.","breadcrumb":{"@id":"https:\/\/www.nilau-paris.com\/produit\/porte-carte-gotin-encre\/#breadcrumb"},"inLanguage":"en-US","potentialAction":[{"@type":"ReadAction","target":["https:\/\/www.nilau-paris.com\/produit\/porte-carte-gotin-encre\/"]}]},{"@type":"ImageObject","inLanguage":"en-US","@id":"https:\/\/www.nilau-paris.com\/produit\/porte-carte-gotin-encre\/#primaryimage","url":"https:\/\/www.nilau-paris.com\/wp-content\/uploads\/2023\/02\/Porte-cartes-encre-png-scaled.webp","contentUrl":"https:\/\/www.nilau-paris.com\/wp-content\/uploads\/2023\/02\/Porte-cartes-encre-png-scaled.webp","width":2560,"height":2560,"caption":"Porte carte noir homme"},{"@type":"BreadcrumbList","@id":"https:\/\/www.nilau-paris.com\/produit\/porte-carte-gotin-encre\/#breadcrumb","itemListElement":[{"@type":"ListItem","position":1,"name":"Accueil","item":"https:\/\/www.nilau-paris.com\/"},{"@type":"ListItem","position":2,"name":"Achat imm\u00e9diat &#8211; Collection permanente","item":"https:\/\/www.nilau-paris.com\/collections\/"},{"@type":"ListItem","position":3,"name":"Gotin Encre"}]},{"@type":"WebSite","@id":"https:\/\/www.nilau-paris.com\/#website","url":"https:\/\/www.nilau-paris.com\/","name":"Nilau","description":"French Haute Maroquinerie","publisher":{"@id":"https:\/\/www.nilau-paris.com\/#organization"},"potentialAction":[{"@type":"SearchAction","target":{"@type":"EntryPoint","urlTemplate":"https:\/\/www.nilau-paris.com\/?s={search_term_string}"},"query-input":{"@type":"PropertyValueSpecification","valueRequired":true,"valueName":"search_term_string"}}],"inLanguage":"en-US"},{"@type":"Organization","@id":"https:\/\/www.nilau-paris.com\/#organization","name":"Nilau Paris","url":"https:\/\/www.nilau-paris.com\/","logo":{"@type":"ImageObject","inLanguage":"en-US","@id":"https:\/\/www.nilau-paris.com\/#\/schema\/logo\/image\/","url":"https:\/\/www.nilau-paris.com\/wp-content\/uploads\/2022\/04\/cropped-LOGO-nilau-site.png","contentUrl":"https:\/\/www.nilau-paris.com\/wp-content\/uploads\/2022\/04\/cropped-LOGO-nilau-site.png","width":124,"height":80,"caption":"Nilau Paris"},"image":{"@id":"https:\/\/www.nilau-paris.com\/#\/schema\/logo\/image\/"}}]}},"_links":{"self":[{"href":"https:\/\/www.nilau-paris.com\/en\/wp-json\/wp\/v2\/product\/2689","targetHints":{"allow":["GET"]}}],"collection":[{"href":"https:\/\/www.nilau-paris.com\/en\/wp-json\/wp\/v2\/product"}],"about":[{"href":"https:\/\/www.nilau-paris.com\/en\/wp-json\/wp\/v2\/types\/product"}],"wp:featuredmedia":[{"embeddable":true,"href":"https:\/\/www.nilau-paris.com\/en\/wp-json\/wp\/v2\/media\/5092"}],"wp:attachment":[{"href":"https:\/\/www.nilau-paris.com\/en\/wp-json\/wp\/v2\/media?parent=2689"}],"wp:term":[{"taxonomy":"product_brand","embeddable":true,"href":"https:\/\/www.nilau-paris.com\/en\/wp-json\/wp\/v2\/product_brand?post=2689"},{"taxonomy":"product_cat","embeddable":true,"href":"https:\/\/www.nilau-paris.com\/en\/wp-json\/wp\/v2\/product_cat?post=2689"},{"taxonomy":"product_tag","embeddable":true,"href":"https:\/\/www.nilau-paris.com\/en\/wp-json\/wp\/v2\/product_tag?post=2689"}],"curies":[{"name":"wp","href":"https:\/\/api.w.org\/{rel}","templated":true}]}}