{"id":2612,"date":"2022-05-28T09:36:51","date_gmt":"2022-05-28T07:36:51","guid":{"rendered":"http:\/\/www.nilau-paris.com\/?post_type=product&#038;p=2612"},"modified":"2025-10-22T14:09:58","modified_gmt":"2025-10-22T12:09:58","slug":"sac-alca-emeraude","status":"publish","type":"product","link":"https:\/\/www.nilau-paris.com\/en\/product\/sac-alca-emeraude\/","title":{"rendered":"Alca \u00c9meraude"},"content":{"rendered":"<p>Le sac \u00e0 main Alca \u00e9meraude est con\u00e7u dans notre atelier fran\u00e7ais pour celles et ceux qui veulent se distinguer \u00e0 tout moment puisque sa structure et son design bi-mati\u00e8re d\u2019exception attirent l&#8217;attention partout o\u00f9 il passe.<\/p>\n<p>A business lunch? A date? A meeting with friends? Alca fits your plans perfectly and will become your daily partner thanks to its two interior compartments and its interior patch pocket.<\/p>\n<p>Alca can be carried in two ways:<\/p>\n<ul>\n<li>By hand, thanks to its very resistant handle.<\/li>\n<li>Crossed body or on the shoulder with the thin leather shoulder strap or the lare embroidered linen shoulder strap : you can combine as you wish!<\/li>\n<\/ul>\n<p>Thanks to our short production <a href=\"http:\/\/www.nilau-paris.com\/en\/notre-demarche\/\">chain and our commitment to local tanners,<\/a> the ostrich leather we work with is no longer reserved only for the luxury industry, and better yet it is still having the same high quality.<\/p>\n<p>Be tempted by its bi-material design<a href=\"http:\/\/lemaitre-demeestere.com\/en\"> linen<\/a> and of <a href=\"http:\/\/www.maisonsoler.fr\">precious ostrich leather<\/a>, an authentic association that is standing out !<\/p>\n<p>The handbag in linen and leather Alca is available in 6 colors:<\/p>\n<p>The <a href=\"http:\/\/www.nilau-paris.com\/en\/product\/sac-alca-chocolat\/\">chocolat brown<\/a> to complement your outfits in all sobriety<br \/>\nThe <a href=\"http:\/\/www.nilau-paris.com\/en\/product\/sac-alca-cardinal\/\">Cardinal red<\/a> to make heads turn.<br \/>\nThe <a href=\"http:\/\/www.nilau-paris.com\/en\/product\/sac-alca-encre\/\">Ink black<\/a> to express your personality.<br \/>\nThe <a href=\"http:\/\/www.nilau-paris.com\/en\/product\/sac-alca-atlantique\/\">Atlantic blue<\/a> to stand out from the ordinary.<br \/>\nThe <a href=\"http:\/\/www.nilau-paris.com\/en\/product\/sac-alca-bordeau\/\">Bordeaux burgundy<\/a> to brighten up your day.<br \/>\nThe <a href=\"http:\/\/www.nilau-paris.com\/en\/product\/sac-alca-emeraude\/\">Emerald green<\/a> for those looking for authenticity.<\/p>","protected":false},"excerpt":{"rendered":"<div><span lang=\"FR\">Handbag in Normandy linen and green ostrich leather<\/span><\/div>","protected":false},"featured_media":4961,"template":"","meta":{"content-type":""},"product_brand":[],"product_cat":[31,101],"product_tag":[45,107],"class_list":{"0":"post-2612","1":"product","2":"type-product","3":"status-publish","4":"has-post-thumbnail","6":"product_cat-sac-a-main-alca","7":"product_cat-collection-permanente","8":"product_tag-sac","9":"product_tag-toasty","11":"first","12":"instock","13":"sold-individually","14":"shipping-taxable","15":"purchasable","16":"product-type-variable"},"yoast_head":"<!-- This site is optimized with the Yoast SEO plugin v27.5 - https:\/\/yoast.com\/product\/yoast-seo-wordpress\/ -->\n<title>Sac \u00e0 main Alca \u00c9meraude en cuir d\u2019autruche fabriqu\u00e9 en France<\/title>\n<meta name=\"description\" content=\"Le sac \u00e0 main Alca en cuir d\u2019autruche deviendra votre alli\u00e9 du quotidien gr\u00e2ce \u00e0 ses deux compartiments int\u00e9rieurs et sa forme irr\u00e9sistible.\" \/>\n<meta name=\"robots\" content=\"index, follow, max-snippet:-1, max-image-preview:large, max-video-preview:-1\" \/>\n<link rel=\"canonical\" href=\"https:\/\/www.nilau-paris.com\/en\/product\/sac-alca-emeraude\/\" \/>\n<meta property=\"og:locale\" content=\"en_US\" \/>\n<meta property=\"og:type\" content=\"article\" \/>\n<meta property=\"og:title\" content=\"Sac \u00e0 main Alca \u00c9meraude en cuir d\u2019autruche fabriqu\u00e9 en France\" \/>\n<meta property=\"og:description\" content=\"Le sac \u00e0 main Alca en cuir d\u2019autruche deviendra votre alli\u00e9 du quotidien gr\u00e2ce \u00e0 ses deux compartiments int\u00e9rieurs et sa forme irr\u00e9sistible.\" \/>\n<meta property=\"og:url\" content=\"https:\/\/www.nilau-paris.com\/en\/product\/sac-alca-emeraude\/\" \/>\n<meta property=\"og:site_name\" content=\"Nilau\" \/>\n<meta property=\"article:modified_time\" content=\"2025-10-22T12:09:58+00:00\" \/>\n<meta property=\"og:image\" content=\"https:\/\/www.nilau-paris.com\/wp-content\/uploads\/2023\/02\/Alca-emeraude-Front-png-scaled.webp\" \/>\n\t<meta property=\"og:image:width\" content=\"2560\" \/>\n\t<meta property=\"og:image:height\" content=\"2560\" \/>\n\t<meta property=\"og:image:type\" content=\"image\/webp\" \/>\n<meta name=\"twitter:card\" content=\"summary_large_image\" \/>\n<meta name=\"twitter:label1\" content=\"Est. reading time\" \/>\n\t<meta name=\"twitter:data1\" content=\"2 minutes\" \/>\n<script type=\"application\/ld+json\" class=\"yoast-schema-graph\">{\"@context\":\"https:\\\/\\\/schema.org\",\"@graph\":[{\"@type\":\"WebPage\",\"@id\":\"https:\\\/\\\/www.nilau-paris.com\\\/produit\\\/sac-alca-emeraude\\\/\",\"url\":\"https:\\\/\\\/www.nilau-paris.com\\\/produit\\\/sac-alca-emeraude\\\/\",\"name\":\"Sac \u00e0 main Alca \u00c9meraude en cuir d\u2019autruche fabriqu\u00e9 en France\",\"isPartOf\":{\"@id\":\"https:\\\/\\\/www.nilau-paris.com\\\/#website\"},\"primaryImageOfPage\":{\"@id\":\"https:\\\/\\\/www.nilau-paris.com\\\/produit\\\/sac-alca-emeraude\\\/#primaryimage\"},\"image\":{\"@id\":\"https:\\\/\\\/www.nilau-paris.com\\\/produit\\\/sac-alca-emeraude\\\/#primaryimage\"},\"thumbnailUrl\":\"https:\\\/\\\/www.nilau-paris.com\\\/wp-content\\\/uploads\\\/2023\\\/02\\\/Alca-emeraude-Front-png-scaled.webp\",\"datePublished\":\"2022-05-28T07:36:51+00:00\",\"dateModified\":\"2025-10-22T12:09:58+00:00\",\"description\":\"Le sac \u00e0 main Alca en cuir d\u2019autruche deviendra votre alli\u00e9 du quotidien gr\u00e2ce \u00e0 ses deux compartiments int\u00e9rieurs et sa forme irr\u00e9sistible.\",\"breadcrumb\":{\"@id\":\"https:\\\/\\\/www.nilau-paris.com\\\/produit\\\/sac-alca-emeraude\\\/#breadcrumb\"},\"inLanguage\":\"en-US\",\"potentialAction\":[{\"@type\":\"ReadAction\",\"target\":[\"https:\\\/\\\/www.nilau-paris.com\\\/produit\\\/sac-alca-emeraude\\\/\"]}]},{\"@type\":\"ImageObject\",\"inLanguage\":\"en-US\",\"@id\":\"https:\\\/\\\/www.nilau-paris.com\\\/produit\\\/sac-alca-emeraude\\\/#primaryimage\",\"url\":\"https:\\\/\\\/www.nilau-paris.com\\\/wp-content\\\/uploads\\\/2023\\\/02\\\/Alca-emeraude-Front-png-scaled.webp\",\"contentUrl\":\"https:\\\/\\\/www.nilau-paris.com\\\/wp-content\\\/uploads\\\/2023\\\/02\\\/Alca-emeraude-Front-png-scaled.webp\",\"width\":2560,\"height\":2560},{\"@type\":\"BreadcrumbList\",\"@id\":\"https:\\\/\\\/www.nilau-paris.com\\\/produit\\\/sac-alca-emeraude\\\/#breadcrumb\",\"itemListElement\":[{\"@type\":\"ListItem\",\"position\":1,\"name\":\"Accueil\",\"item\":\"https:\\\/\\\/www.nilau-paris.com\\\/\"},{\"@type\":\"ListItem\",\"position\":2,\"name\":\"Achat imm\u00e9diat &#8211; Collection permanente\",\"item\":\"https:\\\/\\\/www.nilau-paris.com\\\/collections\\\/\"},{\"@type\":\"ListItem\",\"position\":3,\"name\":\"Alca \u00c9meraude\"}]},{\"@type\":\"WebSite\",\"@id\":\"https:\\\/\\\/www.nilau-paris.com\\\/#website\",\"url\":\"https:\\\/\\\/www.nilau-paris.com\\\/\",\"name\":\"Nilau\",\"description\":\"Haute Maroquinerie fran\u00e7aise\",\"publisher\":{\"@id\":\"https:\\\/\\\/www.nilau-paris.com\\\/#organization\"},\"potentialAction\":[{\"@type\":\"SearchAction\",\"target\":{\"@type\":\"EntryPoint\",\"urlTemplate\":\"https:\\\/\\\/www.nilau-paris.com\\\/?s={search_term_string}\"},\"query-input\":{\"@type\":\"PropertyValueSpecification\",\"valueRequired\":true,\"valueName\":\"search_term_string\"}}],\"inLanguage\":\"en-US\"},{\"@type\":\"Organization\",\"@id\":\"https:\\\/\\\/www.nilau-paris.com\\\/#organization\",\"name\":\"Nilau Paris\",\"url\":\"https:\\\/\\\/www.nilau-paris.com\\\/\",\"logo\":{\"@type\":\"ImageObject\",\"inLanguage\":\"en-US\",\"@id\":\"https:\\\/\\\/www.nilau-paris.com\\\/#\\\/schema\\\/logo\\\/image\\\/\",\"url\":\"https:\\\/\\\/www.nilau-paris.com\\\/wp-content\\\/uploads\\\/2022\\\/04\\\/cropped-LOGO-nilau-site.png\",\"contentUrl\":\"https:\\\/\\\/www.nilau-paris.com\\\/wp-content\\\/uploads\\\/2022\\\/04\\\/cropped-LOGO-nilau-site.png\",\"width\":124,\"height\":80,\"caption\":\"Nilau Paris\"},\"image\":{\"@id\":\"https:\\\/\\\/www.nilau-paris.com\\\/#\\\/schema\\\/logo\\\/image\\\/\"}}]}<\/script>\n<!-- \/ Yoast SEO plugin. -->","yoast_head_json":{"title":"Sac \u00e0 main Alca \u00c9meraude en cuir d\u2019autruche fabriqu\u00e9 en France","description":"Le sac \u00e0 main Alca en cuir d\u2019autruche deviendra votre alli\u00e9 du quotidien gr\u00e2ce \u00e0 ses deux compartiments int\u00e9rieurs et sa forme irr\u00e9sistible.","robots":{"index":"index","follow":"follow","max-snippet":"max-snippet:-1","max-image-preview":"max-image-preview:large","max-video-preview":"max-video-preview:-1"},"canonical":"https:\/\/www.nilau-paris.com\/en\/product\/sac-alca-emeraude\/","og_locale":"en_US","og_type":"article","og_title":"Sac \u00e0 main Alca \u00c9meraude en cuir d\u2019autruche fabriqu\u00e9 en France","og_description":"Le sac \u00e0 main Alca en cuir d\u2019autruche deviendra votre alli\u00e9 du quotidien gr\u00e2ce \u00e0 ses deux compartiments int\u00e9rieurs et sa forme irr\u00e9sistible.","og_url":"https:\/\/www.nilau-paris.com\/en\/product\/sac-alca-emeraude\/","og_site_name":"Nilau","article_modified_time":"2025-10-22T12:09:58+00:00","og_image":[{"width":2560,"height":2560,"url":"https:\/\/www.nilau-paris.com\/wp-content\/uploads\/2023\/02\/Alca-emeraude-Front-png-scaled.webp","type":"image\/webp"}],"twitter_card":"summary_large_image","twitter_misc":{"Est. reading time":"2 minutes"},"schema":{"@context":"https:\/\/schema.org","@graph":[{"@type":"WebPage","@id":"https:\/\/www.nilau-paris.com\/produit\/sac-alca-emeraude\/","url":"https:\/\/www.nilau-paris.com\/produit\/sac-alca-emeraude\/","name":"Sac \u00e0 main Alca \u00c9meraude en cuir d\u2019autruche fabriqu\u00e9 en France","isPartOf":{"@id":"https:\/\/www.nilau-paris.com\/#website"},"primaryImageOfPage":{"@id":"https:\/\/www.nilau-paris.com\/produit\/sac-alca-emeraude\/#primaryimage"},"image":{"@id":"https:\/\/www.nilau-paris.com\/produit\/sac-alca-emeraude\/#primaryimage"},"thumbnailUrl":"https:\/\/www.nilau-paris.com\/wp-content\/uploads\/2023\/02\/Alca-emeraude-Front-png-scaled.webp","datePublished":"2022-05-28T07:36:51+00:00","dateModified":"2025-10-22T12:09:58+00:00","description":"Le sac \u00e0 main Alca en cuir d\u2019autruche deviendra votre alli\u00e9 du quotidien gr\u00e2ce \u00e0 ses deux compartiments int\u00e9rieurs et sa forme irr\u00e9sistible.","breadcrumb":{"@id":"https:\/\/www.nilau-paris.com\/produit\/sac-alca-emeraude\/#breadcrumb"},"inLanguage":"en-US","potentialAction":[{"@type":"ReadAction","target":["https:\/\/www.nilau-paris.com\/produit\/sac-alca-emeraude\/"]}]},{"@type":"ImageObject","inLanguage":"en-US","@id":"https:\/\/www.nilau-paris.com\/produit\/sac-alca-emeraude\/#primaryimage","url":"https:\/\/www.nilau-paris.com\/wp-content\/uploads\/2023\/02\/Alca-emeraude-Front-png-scaled.webp","contentUrl":"https:\/\/www.nilau-paris.com\/wp-content\/uploads\/2023\/02\/Alca-emeraude-Front-png-scaled.webp","width":2560,"height":2560},{"@type":"BreadcrumbList","@id":"https:\/\/www.nilau-paris.com\/produit\/sac-alca-emeraude\/#breadcrumb","itemListElement":[{"@type":"ListItem","position":1,"name":"Accueil","item":"https:\/\/www.nilau-paris.com\/"},{"@type":"ListItem","position":2,"name":"Achat imm\u00e9diat &#8211; Collection permanente","item":"https:\/\/www.nilau-paris.com\/collections\/"},{"@type":"ListItem","position":3,"name":"Alca \u00c9meraude"}]},{"@type":"WebSite","@id":"https:\/\/www.nilau-paris.com\/#website","url":"https:\/\/www.nilau-paris.com\/","name":"Nilau","description":"French Haute Maroquinerie","publisher":{"@id":"https:\/\/www.nilau-paris.com\/#organization"},"potentialAction":[{"@type":"SearchAction","target":{"@type":"EntryPoint","urlTemplate":"https:\/\/www.nilau-paris.com\/?s={search_term_string}"},"query-input":{"@type":"PropertyValueSpecification","valueRequired":true,"valueName":"search_term_string"}}],"inLanguage":"en-US"},{"@type":"Organization","@id":"https:\/\/www.nilau-paris.com\/#organization","name":"Nilau Paris","url":"https:\/\/www.nilau-paris.com\/","logo":{"@type":"ImageObject","inLanguage":"en-US","@id":"https:\/\/www.nilau-paris.com\/#\/schema\/logo\/image\/","url":"https:\/\/www.nilau-paris.com\/wp-content\/uploads\/2022\/04\/cropped-LOGO-nilau-site.png","contentUrl":"https:\/\/www.nilau-paris.com\/wp-content\/uploads\/2022\/04\/cropped-LOGO-nilau-site.png","width":124,"height":80,"caption":"Nilau Paris"},"image":{"@id":"https:\/\/www.nilau-paris.com\/#\/schema\/logo\/image\/"}}]}},"_links":{"self":[{"href":"https:\/\/www.nilau-paris.com\/en\/wp-json\/wp\/v2\/product\/2612","targetHints":{"allow":["GET"]}}],"collection":[{"href":"https:\/\/www.nilau-paris.com\/en\/wp-json\/wp\/v2\/product"}],"about":[{"href":"https:\/\/www.nilau-paris.com\/en\/wp-json\/wp\/v2\/types\/product"}],"wp:featuredmedia":[{"embeddable":true,"href":"https:\/\/www.nilau-paris.com\/en\/wp-json\/wp\/v2\/media\/4961"}],"wp:attachment":[{"href":"https:\/\/www.nilau-paris.com\/en\/wp-json\/wp\/v2\/media?parent=2612"}],"wp:term":[{"taxonomy":"product_brand","embeddable":true,"href":"https:\/\/www.nilau-paris.com\/en\/wp-json\/wp\/v2\/product_brand?post=2612"},{"taxonomy":"product_cat","embeddable":true,"href":"https:\/\/www.nilau-paris.com\/en\/wp-json\/wp\/v2\/product_cat?post=2612"},{"taxonomy":"product_tag","embeddable":true,"href":"https:\/\/www.nilau-paris.com\/en\/wp-json\/wp\/v2\/product_tag?post=2612"}],"curies":[{"name":"wp","href":"https:\/\/api.w.org\/{rel}","templated":true}]}}