{"id":2570,"date":"2022-05-27T22:08:13","date_gmt":"2022-05-27T20:08:13","guid":{"rendered":"http:\/\/www.nilau-paris.com\/?post_type=product&#038;p=2570"},"modified":"2025-06-25T11:07:34","modified_gmt":"2025-06-25T09:07:34","slug":"sac-bepine-chocolat","status":"publish","type":"product","link":"https:\/\/www.nilau-paris.com\/en\/product\/sac-bepine-chocolat\/","title":{"rendered":"B\u00e9pine Chocolat"},"content":{"rendered":"<p>Con\u00e7u par des artisans en France, le sac en cuir d&#8217;autruche\u00a0B\u00e9pine chocolat est rapidement devenu le mod\u00e8le phare de Nilau. Avec sa forme revisit\u00e9e du vanity et sa structure rigide, ce mod\u00e8le vous accompagnera dans toutes vos aventures.<\/p>\n<p>Used to carry a lot of things in your bag such as your phone, wallet, notebook... and so many more? This bag is made for you because it will protect your precious objects, without losing your style.<\/p>\n<p>So fall for this bi-material design with linen and precious ostrich leather : an authentic combination that will turn many heads!<\/p>\n<p>B\u00e9pine can be carried in two ways:<\/p>\n<ul>\n<li>By hand, thanks to its very resistant handle.<\/li>\n<li>Crossed body or on the shoulder with the thin leather shoulder strap or the wide embroidered linen shoulder strap : you can combine as you wish!<\/li>\n<\/ul>\n<p>Thanks to our short production <a href=\"http:\/\/www.nilau-paris.com\/en\/notre-demarche\/\">chain and our commitment to local tanners,<\/a> the ostrich leather we work with is no longer reserved only for the luxury industry, and better yet it is still having the same high quality.<\/p>\n<p>Wearing a Nilau piece is to experience high-end leather goods in the French way.<\/p>\n<p>Each component comes from our regions with ancestral know-how: the linen is grown in Normandy and <a href=\"http:\/\/lemaitre-demeestere.com\/en\">woven in the North of France,<\/a>, the ostrich leather comes from French farms and is <a href=\"http:\/\/www.maisonsoler.fr\">tanned in the Cantal,<\/a> and, finally, the <a href=\"http:\/\/www.poursin.com\">brass jewelry<\/a> is made in Paris.<\/p>\n<p>Le sac en cuir d&#8217;autruche B\u00e9pine est disponible en 6 couleurs\u00a0:<br \/>\nThe <a href=\"http:\/\/www.nilau-paris.com\/en\/product\/sac-a-main-bepine-chocolat\/\">chocolat brown<\/a> to complement your outfits in a sober way.<br \/>\nThe <a href=\"http:\/\/www.nilau-paris.com\/en\/product\/sac-bepine-cardinal\/\">Cardinal red<\/a> to create a head-turning effect.<br \/>\nThe <a href=\"http:\/\/www.nilau-paris.com\/en\/product\/sac-bepine-encre\/\">Ink black<\/a> to express your personality.<br \/>\nThe <a href=\"http:\/\/www.nilau-paris.com\/en\/product\/sac-bepine-atlantique\/\">Atlantic blue<\/a> to stand out from the ordinary.<br \/>\nThe <a href=\"http:\/\/www.nilau-paris.com\/en\/product\/bepine-bordeaux\/\">bordeaux<\/a> to brighten up your day.<br \/>\nThe <a href=\"http:\/\/www.nilau-paris.com\/en\/product\/sac-a-main-bepine-emeraude\/\">Emerald green<\/a> for those looking for authenticity.<\/p>\n<p>&nbsp;<\/p>","protected":false},"excerpt":{"rendered":"<div><span lang=\"FR\">Sac \u00e0 main en lin de Normandie et cuir d\u2019autruche marron<\/span><\/div>","protected":false},"featured_media":5004,"template":"","meta":{"content-type":""},"product_brand":[],"product_cat":[24,101],"product_tag":[45,107],"class_list":{"0":"post-2570","1":"product","2":"type-product","3":"status-publish","4":"has-post-thumbnail","6":"product_cat-sac-a-main-bepine","7":"product_cat-collection-permanente","8":"product_tag-sac","9":"product_tag-toasty","11":"first","12":"instock","13":"sold-individually","14":"shipping-taxable","15":"purchasable","16":"product-type-variable"},"yoast_head":"<!-- This site is optimized with the Yoast SEO plugin v27.5 - https:\/\/yoast.com\/product\/yoast-seo-wordpress\/ -->\n<title>Sac \u00e0 main en cuir d&#039;autruche marron - fabrication fran\u00e7aise - Nilau<\/title>\n<meta name=\"description\" content=\"B\u00e9pine, le sac en cuir d&#039;autruche et lin vous accompagnera dans toutes vos aventures gr\u00e2ce \u00e0 son int\u00e9rieur spacieux et sa structure rigide.\" \/>\n<meta name=\"robots\" content=\"index, follow, max-snippet:-1, max-image-preview:large, max-video-preview:-1\" \/>\n<link rel=\"canonical\" href=\"https:\/\/www.nilau-paris.com\/en\/product\/sac-bepine-chocolat\/\" \/>\n<meta property=\"og:locale\" content=\"en_US\" \/>\n<meta property=\"og:type\" content=\"article\" \/>\n<meta property=\"og:title\" content=\"Sac \u00e0 main en cuir d&#039;autruche marron - fabrication fran\u00e7aise - Nilau\" \/>\n<meta property=\"og:description\" content=\"B\u00e9pine, le sac en cuir d&#039;autruche et lin vous accompagnera dans toutes vos aventures gr\u00e2ce \u00e0 son int\u00e9rieur spacieux et sa structure rigide.\" \/>\n<meta property=\"og:url\" content=\"https:\/\/www.nilau-paris.com\/en\/product\/sac-bepine-chocolat\/\" \/>\n<meta property=\"og:site_name\" content=\"Nilau\" \/>\n<meta property=\"article:modified_time\" content=\"2025-06-25T09:07:34+00:00\" \/>\n<meta property=\"og:image\" content=\"https:\/\/www.nilau-paris.com\/wp-content\/uploads\/2023\/02\/Bepine-chocolat-front-png-scaled.webp\" \/>\n\t<meta property=\"og:image:width\" content=\"2560\" \/>\n\t<meta property=\"og:image:height\" content=\"2560\" \/>\n\t<meta property=\"og:image:type\" content=\"image\/webp\" \/>\n<meta name=\"twitter:card\" content=\"summary_large_image\" \/>\n<meta name=\"twitter:label1\" content=\"Est. reading time\" \/>\n\t<meta name=\"twitter:data1\" content=\"2 minutes\" \/>\n<script type=\"application\/ld+json\" class=\"yoast-schema-graph\">{\"@context\":\"https:\\\/\\\/schema.org\",\"@graph\":[{\"@type\":\"WebPage\",\"@id\":\"https:\\\/\\\/www.nilau-paris.com\\\/produit\\\/sac-bepine-chocolat\\\/\",\"url\":\"https:\\\/\\\/www.nilau-paris.com\\\/produit\\\/sac-bepine-chocolat\\\/\",\"name\":\"Sac \u00e0 main en cuir d'autruche marron - fabrication fran\u00e7aise - Nilau\",\"isPartOf\":{\"@id\":\"https:\\\/\\\/www.nilau-paris.com\\\/#website\"},\"primaryImageOfPage\":{\"@id\":\"https:\\\/\\\/www.nilau-paris.com\\\/produit\\\/sac-bepine-chocolat\\\/#primaryimage\"},\"image\":{\"@id\":\"https:\\\/\\\/www.nilau-paris.com\\\/produit\\\/sac-bepine-chocolat\\\/#primaryimage\"},\"thumbnailUrl\":\"https:\\\/\\\/www.nilau-paris.com\\\/wp-content\\\/uploads\\\/2023\\\/02\\\/Bepine-chocolat-front-png-scaled.webp\",\"datePublished\":\"2022-05-27T20:08:13+00:00\",\"dateModified\":\"2025-06-25T09:07:34+00:00\",\"description\":\"B\u00e9pine, le sac en cuir d'autruche et lin vous accompagnera dans toutes vos aventures gr\u00e2ce \u00e0 son int\u00e9rieur spacieux et sa structure rigide.\",\"breadcrumb\":{\"@id\":\"https:\\\/\\\/www.nilau-paris.com\\\/produit\\\/sac-bepine-chocolat\\\/#breadcrumb\"},\"inLanguage\":\"en-US\",\"potentialAction\":[{\"@type\":\"ReadAction\",\"target\":[\"https:\\\/\\\/www.nilau-paris.com\\\/produit\\\/sac-bepine-chocolat\\\/\"]}]},{\"@type\":\"ImageObject\",\"inLanguage\":\"en-US\",\"@id\":\"https:\\\/\\\/www.nilau-paris.com\\\/produit\\\/sac-bepine-chocolat\\\/#primaryimage\",\"url\":\"https:\\\/\\\/www.nilau-paris.com\\\/wp-content\\\/uploads\\\/2023\\\/02\\\/Bepine-chocolat-front-png-scaled.webp\",\"contentUrl\":\"https:\\\/\\\/www.nilau-paris.com\\\/wp-content\\\/uploads\\\/2023\\\/02\\\/Bepine-chocolat-front-png-scaled.webp\",\"width\":2560,\"height\":2560,\"caption\":\"Sac d'\u00e9t\u00e9 pratique\"},{\"@type\":\"BreadcrumbList\",\"@id\":\"https:\\\/\\\/www.nilau-paris.com\\\/produit\\\/sac-bepine-chocolat\\\/#breadcrumb\",\"itemListElement\":[{\"@type\":\"ListItem\",\"position\":1,\"name\":\"Accueil\",\"item\":\"https:\\\/\\\/www.nilau-paris.com\\\/\"},{\"@type\":\"ListItem\",\"position\":2,\"name\":\"Achat imm\u00e9diat &#8211; Collection permanente\",\"item\":\"https:\\\/\\\/www.nilau-paris.com\\\/collections\\\/\"},{\"@type\":\"ListItem\",\"position\":3,\"name\":\"B\u00e9pine Chocolat\"}]},{\"@type\":\"WebSite\",\"@id\":\"https:\\\/\\\/www.nilau-paris.com\\\/#website\",\"url\":\"https:\\\/\\\/www.nilau-paris.com\\\/\",\"name\":\"Nilau\",\"description\":\"Haute Maroquinerie fran\u00e7aise\",\"publisher\":{\"@id\":\"https:\\\/\\\/www.nilau-paris.com\\\/#organization\"},\"potentialAction\":[{\"@type\":\"SearchAction\",\"target\":{\"@type\":\"EntryPoint\",\"urlTemplate\":\"https:\\\/\\\/www.nilau-paris.com\\\/?s={search_term_string}\"},\"query-input\":{\"@type\":\"PropertyValueSpecification\",\"valueRequired\":true,\"valueName\":\"search_term_string\"}}],\"inLanguage\":\"en-US\"},{\"@type\":\"Organization\",\"@id\":\"https:\\\/\\\/www.nilau-paris.com\\\/#organization\",\"name\":\"Nilau Paris\",\"url\":\"https:\\\/\\\/www.nilau-paris.com\\\/\",\"logo\":{\"@type\":\"ImageObject\",\"inLanguage\":\"en-US\",\"@id\":\"https:\\\/\\\/www.nilau-paris.com\\\/#\\\/schema\\\/logo\\\/image\\\/\",\"url\":\"https:\\\/\\\/www.nilau-paris.com\\\/wp-content\\\/uploads\\\/2022\\\/04\\\/cropped-LOGO-nilau-site.png\",\"contentUrl\":\"https:\\\/\\\/www.nilau-paris.com\\\/wp-content\\\/uploads\\\/2022\\\/04\\\/cropped-LOGO-nilau-site.png\",\"width\":124,\"height\":80,\"caption\":\"Nilau Paris\"},\"image\":{\"@id\":\"https:\\\/\\\/www.nilau-paris.com\\\/#\\\/schema\\\/logo\\\/image\\\/\"}}]}<\/script>\n<!-- \/ Yoast SEO plugin. -->","yoast_head_json":{"title":"Sac \u00e0 main en cuir d'autruche marron - fabrication fran\u00e7aise - Nilau","description":"B\u00e9pine, le sac en cuir d'autruche et lin vous accompagnera dans toutes vos aventures gr\u00e2ce \u00e0 son int\u00e9rieur spacieux et sa structure rigide.","robots":{"index":"index","follow":"follow","max-snippet":"max-snippet:-1","max-image-preview":"max-image-preview:large","max-video-preview":"max-video-preview:-1"},"canonical":"https:\/\/www.nilau-paris.com\/en\/product\/sac-bepine-chocolat\/","og_locale":"en_US","og_type":"article","og_title":"Sac \u00e0 main en cuir d'autruche marron - fabrication fran\u00e7aise - Nilau","og_description":"B\u00e9pine, le sac en cuir d'autruche et lin vous accompagnera dans toutes vos aventures gr\u00e2ce \u00e0 son int\u00e9rieur spacieux et sa structure rigide.","og_url":"https:\/\/www.nilau-paris.com\/en\/product\/sac-bepine-chocolat\/","og_site_name":"Nilau","article_modified_time":"2025-06-25T09:07:34+00:00","og_image":[{"width":2560,"height":2560,"url":"https:\/\/www.nilau-paris.com\/wp-content\/uploads\/2023\/02\/Bepine-chocolat-front-png-scaled.webp","type":"image\/webp"}],"twitter_card":"summary_large_image","twitter_misc":{"Est. reading time":"2 minutes"},"schema":{"@context":"https:\/\/schema.org","@graph":[{"@type":"WebPage","@id":"https:\/\/www.nilau-paris.com\/produit\/sac-bepine-chocolat\/","url":"https:\/\/www.nilau-paris.com\/produit\/sac-bepine-chocolat\/","name":"Sac \u00e0 main en cuir d'autruche marron - fabrication fran\u00e7aise - Nilau","isPartOf":{"@id":"https:\/\/www.nilau-paris.com\/#website"},"primaryImageOfPage":{"@id":"https:\/\/www.nilau-paris.com\/produit\/sac-bepine-chocolat\/#primaryimage"},"image":{"@id":"https:\/\/www.nilau-paris.com\/produit\/sac-bepine-chocolat\/#primaryimage"},"thumbnailUrl":"https:\/\/www.nilau-paris.com\/wp-content\/uploads\/2023\/02\/Bepine-chocolat-front-png-scaled.webp","datePublished":"2022-05-27T20:08:13+00:00","dateModified":"2025-06-25T09:07:34+00:00","description":"B\u00e9pine, le sac en cuir d'autruche et lin vous accompagnera dans toutes vos aventures gr\u00e2ce \u00e0 son int\u00e9rieur spacieux et sa structure rigide.","breadcrumb":{"@id":"https:\/\/www.nilau-paris.com\/produit\/sac-bepine-chocolat\/#breadcrumb"},"inLanguage":"en-US","potentialAction":[{"@type":"ReadAction","target":["https:\/\/www.nilau-paris.com\/produit\/sac-bepine-chocolat\/"]}]},{"@type":"ImageObject","inLanguage":"en-US","@id":"https:\/\/www.nilau-paris.com\/produit\/sac-bepine-chocolat\/#primaryimage","url":"https:\/\/www.nilau-paris.com\/wp-content\/uploads\/2023\/02\/Bepine-chocolat-front-png-scaled.webp","contentUrl":"https:\/\/www.nilau-paris.com\/wp-content\/uploads\/2023\/02\/Bepine-chocolat-front-png-scaled.webp","width":2560,"height":2560,"caption":"Sac d'\u00e9t\u00e9 pratique"},{"@type":"BreadcrumbList","@id":"https:\/\/www.nilau-paris.com\/produit\/sac-bepine-chocolat\/#breadcrumb","itemListElement":[{"@type":"ListItem","position":1,"name":"Accueil","item":"https:\/\/www.nilau-paris.com\/"},{"@type":"ListItem","position":2,"name":"Achat imm\u00e9diat &#8211; Collection permanente","item":"https:\/\/www.nilau-paris.com\/collections\/"},{"@type":"ListItem","position":3,"name":"B\u00e9pine Chocolat"}]},{"@type":"WebSite","@id":"https:\/\/www.nilau-paris.com\/#website","url":"https:\/\/www.nilau-paris.com\/","name":"Nilau","description":"French Haute Maroquinerie","publisher":{"@id":"https:\/\/www.nilau-paris.com\/#organization"},"potentialAction":[{"@type":"SearchAction","target":{"@type":"EntryPoint","urlTemplate":"https:\/\/www.nilau-paris.com\/?s={search_term_string}"},"query-input":{"@type":"PropertyValueSpecification","valueRequired":true,"valueName":"search_term_string"}}],"inLanguage":"en-US"},{"@type":"Organization","@id":"https:\/\/www.nilau-paris.com\/#organization","name":"Nilau Paris","url":"https:\/\/www.nilau-paris.com\/","logo":{"@type":"ImageObject","inLanguage":"en-US","@id":"https:\/\/www.nilau-paris.com\/#\/schema\/logo\/image\/","url":"https:\/\/www.nilau-paris.com\/wp-content\/uploads\/2022\/04\/cropped-LOGO-nilau-site.png","contentUrl":"https:\/\/www.nilau-paris.com\/wp-content\/uploads\/2022\/04\/cropped-LOGO-nilau-site.png","width":124,"height":80,"caption":"Nilau Paris"},"image":{"@id":"https:\/\/www.nilau-paris.com\/#\/schema\/logo\/image\/"}}]}},"_links":{"self":[{"href":"https:\/\/www.nilau-paris.com\/en\/wp-json\/wp\/v2\/product\/2570","targetHints":{"allow":["GET"]}}],"collection":[{"href":"https:\/\/www.nilau-paris.com\/en\/wp-json\/wp\/v2\/product"}],"about":[{"href":"https:\/\/www.nilau-paris.com\/en\/wp-json\/wp\/v2\/types\/product"}],"wp:featuredmedia":[{"embeddable":true,"href":"https:\/\/www.nilau-paris.com\/en\/wp-json\/wp\/v2\/media\/5004"}],"wp:attachment":[{"href":"https:\/\/www.nilau-paris.com\/en\/wp-json\/wp\/v2\/media?parent=2570"}],"wp:term":[{"taxonomy":"product_brand","embeddable":true,"href":"https:\/\/www.nilau-paris.com\/en\/wp-json\/wp\/v2\/product_brand?post=2570"},{"taxonomy":"product_cat","embeddable":true,"href":"https:\/\/www.nilau-paris.com\/en\/wp-json\/wp\/v2\/product_cat?post=2570"},{"taxonomy":"product_tag","embeddable":true,"href":"https:\/\/www.nilau-paris.com\/en\/wp-json\/wp\/v2\/product_tag?post=2570"}],"curies":[{"name":"wp","href":"https:\/\/api.w.org\/{rel}","templated":true}]}}