{"id":563,"date":"2022-05-11T21:56:37","date_gmt":"2022-05-11T19:56:37","guid":{"rendered":"http:\/\/www.nilau-paris.com\/?page_id=563"},"modified":"2023-02-23T09:02:34","modified_gmt":"2023-02-23T08:02:34","slug":"mon-compte","status":"publish","type":"page","link":"https:\/\/www.nilau-paris.com\/en\/mon-compte\/","title":{"rendered":"My account"},"content":{"rendered":"\t\t<div data-elementor-type=\"wp-page\" data-elementor-id=\"563\" class=\"elementor elementor-563\">\n\t\t\t\t\t\t<section class=\"elementor-section elementor-top-section elementor-element elementor-element-a937a14 elementor-section-boxed elementor-section-height-default elementor-section-height-default\" data-id=\"a937a14\" data-element_type=\"section\" data-e-type=\"section\">\n\t\t\t\t\t\t<div class=\"elementor-container elementor-column-gap-default\">\n\t\t\t\t\t<div class=\"elementor-column elementor-col-100 elementor-top-column elementor-element elementor-element-f71902c\" data-id=\"f71902c\" data-element_type=\"column\" data-e-type=\"column\">\n\t\t\t<div class=\"elementor-widget-wrap elementor-element-populated\">\n\t\t\t\t\t\t<div class=\"elementor-element elementor-element-180b708 elementor-widget elementor-widget-spacer\" data-id=\"180b708\" data-element_type=\"widget\" data-e-type=\"widget\" data-widget_type=\"spacer.default\">\n\t\t\t\t<div class=\"elementor-widget-container\">\n\t\t\t\t\t\t\t<div class=\"elementor-spacer\">\n\t\t\t<div class=\"elementor-spacer-inner\"><\/div>\n\t\t<\/div>\n\t\t\t\t\t\t<\/div>\n\t\t\t\t<\/div>\n\t\t\t\t<div class=\"elementor-element elementor-element-6dae8f7 elementor-widget elementor-widget-heading\" data-id=\"6dae8f7\" data-element_type=\"widget\" data-e-type=\"widget\" data-widget_type=\"heading.default\">\n\t\t\t\t<div class=\"elementor-widget-container\">\n\t\t\t\t\t<h2 class=\"elementor-heading-title elementor-size-default\">Mon compte Nilau<\/h2>\t\t\t\t<\/div>\n\t\t\t\t<\/div>\n\t\t\t\t<div class=\"elementor-element elementor-element-4849dcb e-my-account-tabs-vertical elementor-widget elementor-widget-woocommerce-my-account\" data-id=\"4849dcb\" data-element_type=\"widget\" data-e-type=\"widget\" data-widget_type=\"woocommerce-my-account.default\">\n\t\t\t\t<div class=\"elementor-widget-container\">\n\t\t\t\t\t\t\t<div class=\"e-my-account-tab e-my-account-tab__\">\n\t\t\t<span class=\"elementor-hidden\">[woocommerce_my_account]<\/span>\n\t\t\t<div class=\"woocommerce\"><\/div>\t\t<\/div>\n\t\t\t\t\t\t<\/div>\n\t\t\t\t<\/div>\n\t\t\t\t<div class=\"elementor-element elementor-element-c82c849 elementor-widget elementor-widget-spacer\" data-id=\"c82c849\" data-element_type=\"widget\" data-e-type=\"widget\" data-widget_type=\"spacer.default\">\n\t\t\t\t<div class=\"elementor-widget-container\">\n\t\t\t\t\t\t\t<div class=\"elementor-spacer\">\n\t\t\t<div class=\"elementor-spacer-inner\"><\/div>\n\t\t<\/div>\n\t\t\t\t\t\t<\/div>\n\t\t\t\t<\/div>\n\t\t\t\t\t<\/div>\n\t\t<\/div>\n\t\t\t\t\t<\/div>\n\t\t<\/section>\n\t\t\t\t<section class=\"elementor-section elementor-top-section elementor-element elementor-element-3afd910 elementor-section-boxed elementor-section-height-default elementor-section-height-default\" data-id=\"3afd910\" data-element_type=\"section\" data-e-type=\"section\" data-settings=\"{&quot;background_background&quot;:&quot;classic&quot;}\">\n\t\t\t\t\t\t<div class=\"elementor-container elementor-column-gap-default\">\n\t\t\t\t\t<div class=\"elementor-column elementor-col-100 elementor-top-column elementor-element elementor-element-64168bc\" data-id=\"64168bc\" data-element_type=\"column\" data-e-type=\"column\">\n\t\t\t<div class=\"elementor-widget-wrap elementor-element-populated\">\n\t\t\t\t\t\t<div class=\"elementor-element elementor-element-d4d4c81 elementor-widget elementor-widget-text-editor\" data-id=\"d4d4c81\" data-element_type=\"widget\" data-e-type=\"widget\" data-widget_type=\"text-editor.default\">\n\t\t\t\t<div class=\"elementor-widget-container\">\n\t\t\t\t\t\t\t\t\t<p>Notre engagement ?<br \/>Revaloriser des beaut\u00e9s cach\u00e9es en soutenant l\u2019\u00e9conomie locale<br \/>afin de mettre en avant les savoir-faire reconnus \u00e0 leur juste valeur.<\/p>\t\t\t\t\t\t\t\t<\/div>\n\t\t\t\t<\/div>\n\t\t\t\t<section class=\"elementor-section elementor-inner-section elementor-element elementor-element-cfe7631 elementor-section-boxed elementor-section-height-default elementor-section-height-default\" data-id=\"cfe7631\" data-element_type=\"section\" data-e-type=\"section\">\n\t\t\t\t\t\t<div class=\"elementor-container elementor-column-gap-default\">\n\t\t\t\t\t<div class=\"elementor-column elementor-col-33 elementor-inner-column elementor-element elementor-element-9c6c23b\" data-id=\"9c6c23b\" data-element_type=\"column\" data-e-type=\"column\">\n\t\t\t<div class=\"elementor-widget-wrap elementor-element-populated\">\n\t\t\t\t\t\t<div class=\"elementor-element elementor-element-9dc4660 elementor-widget elementor-widget-image\" data-id=\"9dc4660\" data-element_type=\"widget\" data-e-type=\"widget\" data-widget_type=\"image.default\">\n\t\t\t\t<div class=\"elementor-widget-container\">\n\t\t\t\t\t\t\t\t\t\t\t\t\t\t\t<img decoding=\"async\" src=\"https:\/\/www.nilau-paris.com\/wp-content\/uploads\/elementor\/thumbs\/Icone-loupe-carte-france-gris-q273fmzmazqjphugr5hv34336ojlhw7docspibch60.png\" title=\"Icone loupe carte france gris\" alt=\"emojis de zoom sur la fabrication fran\u00e7ais\" loading=\"lazy\" \/>\t\t\t\t\t\t\t\t\t\t\t\t\t\t\t<\/div>\n\t\t\t\t<\/div>\n\t\t\t\t<div class=\"elementor-element elementor-element-3ec83a6 elementor-widget elementor-widget-text-editor\" data-id=\"3ec83a6\" data-element_type=\"widget\" data-e-type=\"widget\" data-widget_type=\"text-editor.default\">\n\t\t\t\t<div class=\"elementor-widget-container\">\n\t\t\t\t\t\t\t\t\t<p>Fabrication 100% fran\u00e7aise,<br \/>juste et transparente<\/p>\t\t\t\t\t\t\t\t<\/div>\n\t\t\t\t<\/div>\n\t\t\t\t\t<\/div>\n\t\t<\/div>\n\t\t\t\t<div class=\"elementor-column elementor-col-33 elementor-inner-column elementor-element elementor-element-98de056\" data-id=\"98de056\" data-element_type=\"column\" data-e-type=\"column\">\n\t\t\t<div class=\"elementor-widget-wrap elementor-element-populated\">\n\t\t\t\t\t\t<div class=\"elementor-element elementor-element-75395b2 elementor-widget elementor-widget-image\" data-id=\"75395b2\" data-element_type=\"widget\" data-e-type=\"widget\" data-widget_type=\"image.default\">\n\t\t\t\t<div class=\"elementor-widget-container\">\n\t\t\t\t\t\t\t\t\t\t\t\t\t\t\t<img decoding=\"async\" src=\"https:\/\/www.nilau-paris.com\/wp-content\/uploads\/elementor\/thumbs\/icone-carte-bancaire-gris-q273fm1s45p9dvvtwn38imbmlao8a73nc85811dvc8.png\" title=\"icone carte bancaire gris\" alt=\"emojis carte bleu s\u00e9curiser\" loading=\"lazy\" \/>\t\t\t\t\t\t\t\t\t\t\t\t\t\t\t<\/div>\n\t\t\t\t<\/div>\n\t\t\t\t<div class=\"elementor-element elementor-element-40c7566 elementor-widget elementor-widget-text-editor\" data-id=\"40c7566\" data-element_type=\"widget\" data-e-type=\"widget\" data-widget_type=\"text-editor.default\">\n\t\t\t\t<div class=\"elementor-widget-container\">\n\t\t\t\t\t\t\t\t\t<p>Paiement s\u00e9curis\u00e9 et en 3 fois<br \/>par carte bancaire Visa, MasterCard et\u00a0<a href=\"http:\/\/www.paypal.com\/fr\/webapps\/mpp\/pay-online\">Paypal<\/a><\/p>\t\t\t\t\t\t\t\t<\/div>\n\t\t\t\t<\/div>\n\t\t\t\t\t<\/div>\n\t\t<\/div>\n\t\t\t\t<div class=\"elementor-column elementor-col-33 elementor-inner-column elementor-element elementor-element-3a26e06\" data-id=\"3a26e06\" data-element_type=\"column\" data-e-type=\"column\">\n\t\t\t<div class=\"elementor-widget-wrap elementor-element-populated\">\n\t\t\t\t\t\t<div class=\"elementor-element elementor-element-4b6ae09 elementor-widget elementor-widget-image\" data-id=\"4b6ae09\" data-element_type=\"widget\" data-e-type=\"widget\" data-widget_type=\"image.default\">\n\t\t\t\t<div class=\"elementor-widget-container\">\n\t\t\t\t\t\t\t\t\t\t\t\t\t\t\t<img decoding=\"async\" src=\"https:\/\/www.nilau-paris.com\/wp-content\/uploads\/elementor\/thumbs\/Icone-retour-gris-q273fnxghtru13t3lnwhnlujs2eyplb40hg6zlb2zs.png\" title=\"Icone retour gris\" alt=\"emojis de retour de colis\" loading=\"lazy\" \/>\t\t\t\t\t\t\t\t\t\t\t\t\t\t\t<\/div>\n\t\t\t\t<\/div>\n\t\t\t\t<div class=\"elementor-element elementor-element-3671cc4 elementor-widget elementor-widget-text-editor\" data-id=\"3671cc4\" data-element_type=\"widget\" data-e-type=\"widget\" data-widget_type=\"text-editor.default\">\n\t\t\t\t<div class=\"elementor-widget-container\">\n\t\t\t\t\t\t\t\t\tRetours gratuits depuis la France,<br> sous 14 jours apr\u00e8s r\u00e9ception de votre commande\t\t\t\t\t\t\t\t<\/div>\n\t\t\t\t<\/div>\n\t\t\t\t\t<\/div>\n\t\t<\/div>\n\t\t\t\t\t<\/div>\n\t\t<\/section>\n\t\t\t\t\t<\/div>\n\t\t<\/div>\n\t\t\t\t\t<\/div>\n\t\t<\/section>\n\t\t\t\t<section class=\"elementor-section elementor-top-section elementor-element elementor-element-59168c2 elementor-section-boxed elementor-section-height-default elementor-section-height-default\" data-id=\"59168c2\" data-element_type=\"section\" data-e-type=\"section\">\n\t\t\t\t\t\t<div class=\"elementor-container elementor-column-gap-default\">\n\t\t\t\t\t<div class=\"elementor-column elementor-col-100 elementor-top-column elementor-element elementor-element-dcb9e90\" data-id=\"dcb9e90\" data-element_type=\"column\" data-e-type=\"column\">\n\t\t\t<div class=\"elementor-widget-wrap elementor-element-populated\">\n\t\t\t\t\t\t<div class=\"elementor-element elementor-element-135ad3c elementor-widget elementor-widget-image\" data-id=\"135ad3c\" data-element_type=\"widget\" data-e-type=\"widget\" data-widget_type=\"image.default\">\n\t\t\t\t<div class=\"elementor-widget-container\">\n\t\t\t\t\t\t\t\t\t\t\t\t\t\t\t<img decoding=\"async\" src=\"https:\/\/www.nilau-paris.com\/wp-content\/uploads\/elementor\/thumbs\/PACKAGING-NILAU-pwahbmnsou1zc7lzfqlpn3i1q2vwxe4d64rvvwb7ns.webp\" title=\"PACKAGING-NILAU\" alt=\"retour nilau\" loading=\"lazy\" \/>\t\t\t\t\t\t\t\t\t\t\t\t\t\t\t<\/div>\n\t\t\t\t<\/div>\n\t\t\t\t\t<\/div>\n\t\t<\/div>\n\t\t\t\t\t<\/div>\n\t\t<\/section>\n\t\t\t\t<\/div>\n\t\t","protected":false},"excerpt":{"rendered":"<p>Mon compte Nilau Tableau de bord Commandes T\u00e9l\u00e9chargements Adresses Moyens de paiement D\u00e9tails du compte D\u00e9connexion Bonjour Marie Nilau (vous n\u2019\u00eates pas Marie Nilau\u00a0? D\u00e9connexion) \u00c0 partir du tableau de bord de votre compte, vous pouvez visualiser vos commandes r\u00e9centes, g\u00e9rer vos adresses de livraison et de facturation ainsi que changer votre mot de passe [&hellip;]<\/p>\n","protected":false},"author":2,"featured_media":0,"parent":0,"menu_order":0,"comment_status":"closed","ping_status":"closed","template":"","meta":{"content-type":"","footnotes":""},"class_list":["post-563","page","type-page","status-publish","hentry"],"yoast_head":"<!-- This site is optimized with the Yoast SEO plugin v27.5 - https:\/\/yoast.com\/product\/yoast-seo-wordpress\/ -->\n<title>Mon compte Nilau - Haute Maroquinerie d&#039;aujourd&#039;hui<\/title>\n<meta name=\"description\" content=\"Acc\u00e9der \u00e0 votre compte Nilau - Accessoires minimalistes et \u00e9l\u00e9gants en cuir pr\u00e9cieux et lin. Pens\u00e9s pour votre quotidien. Fabriqu\u00e9s en France\" \/>\n<meta name=\"robots\" content=\"index, follow, max-snippet:-1, max-image-preview:large, max-video-preview:-1\" \/>\n<link rel=\"canonical\" href=\"https:\/\/www.nilau-paris.com\/en\/mon-compte\/\" \/>\n<meta property=\"og:locale\" content=\"en_US\" \/>\n<meta property=\"og:type\" content=\"article\" \/>\n<meta property=\"og:title\" content=\"Mon compte Nilau - Haute Maroquinerie d&#039;aujourd&#039;hui\" \/>\n<meta property=\"og:description\" content=\"Acc\u00e9der \u00e0 votre compte Nilau - Accessoires minimalistes et \u00e9l\u00e9gants en cuir pr\u00e9cieux et lin. Pens\u00e9s pour votre quotidien. Fabriqu\u00e9s en France\" \/>\n<meta property=\"og:url\" content=\"https:\/\/www.nilau-paris.com\/en\/mon-compte\/\" \/>\n<meta property=\"og:site_name\" content=\"Nilau\" \/>\n<meta property=\"article:modified_time\" content=\"2023-02-23T08:02:34+00:00\" \/>\n<meta property=\"og:image\" content=\"https:\/\/www.nilau-paris.com\/wp-content\/uploads\/elementor\/thumbs\/Icone-loupe-carte-france-gris-q273fmzmazqjphugr5hv34336ojlhw7docspibch60.png\" \/>\n<meta name=\"twitter:card\" content=\"summary_large_image\" \/>\n<meta name=\"twitter:label1\" content=\"Est. reading time\" \/>\n\t<meta name=\"twitter:data1\" content=\"3 minutes\" \/>\n<script type=\"application\/ld+json\" class=\"yoast-schema-graph\">{\"@context\":\"https:\\\/\\\/schema.org\",\"@graph\":[{\"@type\":\"WebPage\",\"@id\":\"https:\\\/\\\/www.nilau-paris.com\\\/mon-compte\\\/\",\"url\":\"https:\\\/\\\/www.nilau-paris.com\\\/mon-compte\\\/\",\"name\":\"Mon compte Nilau - Haute Maroquinerie d'aujourd'hui\",\"isPartOf\":{\"@id\":\"https:\\\/\\\/www.nilau-paris.com\\\/#website\"},\"primaryImageOfPage\":{\"@id\":\"https:\\\/\\\/www.nilau-paris.com\\\/mon-compte\\\/#primaryimage\"},\"image\":{\"@id\":\"https:\\\/\\\/www.nilau-paris.com\\\/mon-compte\\\/#primaryimage\"},\"thumbnailUrl\":\"https:\\\/\\\/www.nilau-paris.com\\\/wp-content\\\/uploads\\\/elementor\\\/thumbs\\\/Icone-loupe-carte-france-gris-q273fmzmazqjphugr5hv34336ojlhw7docspibch60.png\",\"datePublished\":\"2022-05-11T19:56:37+00:00\",\"dateModified\":\"2023-02-23T08:02:34+00:00\",\"description\":\"Acc\u00e9der \u00e0 votre compte Nilau - Accessoires minimalistes et \u00e9l\u00e9gants en cuir pr\u00e9cieux et lin. Pens\u00e9s pour votre quotidien. Fabriqu\u00e9s en France\",\"breadcrumb\":{\"@id\":\"https:\\\/\\\/www.nilau-paris.com\\\/mon-compte\\\/#breadcrumb\"},\"inLanguage\":\"en-US\",\"potentialAction\":[{\"@type\":\"ReadAction\",\"target\":[\"https:\\\/\\\/www.nilau-paris.com\\\/mon-compte\\\/\"]}]},{\"@type\":\"ImageObject\",\"inLanguage\":\"en-US\",\"@id\":\"https:\\\/\\\/www.nilau-paris.com\\\/mon-compte\\\/#primaryimage\",\"url\":\"https:\\\/\\\/www.nilau-paris.com\\\/wp-content\\\/uploads\\\/elementor\\\/thumbs\\\/Icone-loupe-carte-france-gris-q273fmzmazqjphugr5hv34336ojlhw7docspibch60.png\",\"contentUrl\":\"https:\\\/\\\/www.nilau-paris.com\\\/wp-content\\\/uploads\\\/elementor\\\/thumbs\\\/Icone-loupe-carte-france-gris-q273fmzmazqjphugr5hv34336ojlhw7docspibch60.png\"},{\"@type\":\"BreadcrumbList\",\"@id\":\"https:\\\/\\\/www.nilau-paris.com\\\/mon-compte\\\/#breadcrumb\",\"itemListElement\":[{\"@type\":\"ListItem\",\"position\":1,\"name\":\"Accueil\",\"item\":\"https:\\\/\\\/www.nilau-paris.com\\\/\"},{\"@type\":\"ListItem\",\"position\":2,\"name\":\"Mon compte\"}]},{\"@type\":\"WebSite\",\"@id\":\"https:\\\/\\\/www.nilau-paris.com\\\/#website\",\"url\":\"https:\\\/\\\/www.nilau-paris.com\\\/\",\"name\":\"Nilau\",\"description\":\"Haute Maroquinerie fran\u00e7aise\",\"publisher\":{\"@id\":\"https:\\\/\\\/www.nilau-paris.com\\\/#organization\"},\"potentialAction\":[{\"@type\":\"SearchAction\",\"target\":{\"@type\":\"EntryPoint\",\"urlTemplate\":\"https:\\\/\\\/www.nilau-paris.com\\\/?s={search_term_string}\"},\"query-input\":{\"@type\":\"PropertyValueSpecification\",\"valueRequired\":true,\"valueName\":\"search_term_string\"}}],\"inLanguage\":\"en-US\"},{\"@type\":\"Organization\",\"@id\":\"https:\\\/\\\/www.nilau-paris.com\\\/#organization\",\"name\":\"Nilau Paris\",\"url\":\"https:\\\/\\\/www.nilau-paris.com\\\/\",\"logo\":{\"@type\":\"ImageObject\",\"inLanguage\":\"en-US\",\"@id\":\"https:\\\/\\\/www.nilau-paris.com\\\/#\\\/schema\\\/logo\\\/image\\\/\",\"url\":\"https:\\\/\\\/www.nilau-paris.com\\\/wp-content\\\/uploads\\\/2022\\\/04\\\/cropped-LOGO-nilau-site.png\",\"contentUrl\":\"https:\\\/\\\/www.nilau-paris.com\\\/wp-content\\\/uploads\\\/2022\\\/04\\\/cropped-LOGO-nilau-site.png\",\"width\":124,\"height\":80,\"caption\":\"Nilau Paris\"},\"image\":{\"@id\":\"https:\\\/\\\/www.nilau-paris.com\\\/#\\\/schema\\\/logo\\\/image\\\/\"}}]}<\/script>\n<!-- \/ Yoast SEO plugin. -->","yoast_head_json":{"title":"Mon compte Nilau - Haute Maroquinerie d'aujourd'hui","description":"Acc\u00e9der \u00e0 votre compte Nilau - Accessoires minimalistes et \u00e9l\u00e9gants en cuir pr\u00e9cieux et lin. Pens\u00e9s pour votre quotidien. Fabriqu\u00e9s en France","robots":{"index":"index","follow":"follow","max-snippet":"max-snippet:-1","max-image-preview":"max-image-preview:large","max-video-preview":"max-video-preview:-1"},"canonical":"https:\/\/www.nilau-paris.com\/en\/mon-compte\/","og_locale":"en_US","og_type":"article","og_title":"Mon compte Nilau - Haute Maroquinerie d'aujourd'hui","og_description":"Acc\u00e9der \u00e0 votre compte Nilau - Accessoires minimalistes et \u00e9l\u00e9gants en cuir pr\u00e9cieux et lin. Pens\u00e9s pour votre quotidien. Fabriqu\u00e9s en France","og_url":"https:\/\/www.nilau-paris.com\/en\/mon-compte\/","og_site_name":"Nilau","article_modified_time":"2023-02-23T08:02:34+00:00","og_image":[{"url":"https:\/\/www.nilau-paris.com\/wp-content\/uploads\/elementor\/thumbs\/Icone-loupe-carte-france-gris-q273fmzmazqjphugr5hv34336ojlhw7docspibch60.png","type":"","width":"","height":""}],"twitter_card":"summary_large_image","twitter_misc":{"Est. reading time":"3 minutes"},"schema":{"@context":"https:\/\/schema.org","@graph":[{"@type":"WebPage","@id":"https:\/\/www.nilau-paris.com\/mon-compte\/","url":"https:\/\/www.nilau-paris.com\/mon-compte\/","name":"Mon compte Nilau - Haute Maroquinerie d'aujourd'hui","isPartOf":{"@id":"https:\/\/www.nilau-paris.com\/#website"},"primaryImageOfPage":{"@id":"https:\/\/www.nilau-paris.com\/mon-compte\/#primaryimage"},"image":{"@id":"https:\/\/www.nilau-paris.com\/mon-compte\/#primaryimage"},"thumbnailUrl":"https:\/\/www.nilau-paris.com\/wp-content\/uploads\/elementor\/thumbs\/Icone-loupe-carte-france-gris-q273fmzmazqjphugr5hv34336ojlhw7docspibch60.png","datePublished":"2022-05-11T19:56:37+00:00","dateModified":"2023-02-23T08:02:34+00:00","description":"Acc\u00e9der \u00e0 votre compte Nilau - Accessoires minimalistes et \u00e9l\u00e9gants en cuir pr\u00e9cieux et lin. Pens\u00e9s pour votre quotidien. Fabriqu\u00e9s en France","breadcrumb":{"@id":"https:\/\/www.nilau-paris.com\/mon-compte\/#breadcrumb"},"inLanguage":"en-US","potentialAction":[{"@type":"ReadAction","target":["https:\/\/www.nilau-paris.com\/mon-compte\/"]}]},{"@type":"ImageObject","inLanguage":"en-US","@id":"https:\/\/www.nilau-paris.com\/mon-compte\/#primaryimage","url":"https:\/\/www.nilau-paris.com\/wp-content\/uploads\/elementor\/thumbs\/Icone-loupe-carte-france-gris-q273fmzmazqjphugr5hv34336ojlhw7docspibch60.png","contentUrl":"https:\/\/www.nilau-paris.com\/wp-content\/uploads\/elementor\/thumbs\/Icone-loupe-carte-france-gris-q273fmzmazqjphugr5hv34336ojlhw7docspibch60.png"},{"@type":"BreadcrumbList","@id":"https:\/\/www.nilau-paris.com\/mon-compte\/#breadcrumb","itemListElement":[{"@type":"ListItem","position":1,"name":"Accueil","item":"https:\/\/www.nilau-paris.com\/"},{"@type":"ListItem","position":2,"name":"Mon compte"}]},{"@type":"WebSite","@id":"https:\/\/www.nilau-paris.com\/#website","url":"https:\/\/www.nilau-paris.com\/","name":"Nilau","description":"French Haute Maroquinerie","publisher":{"@id":"https:\/\/www.nilau-paris.com\/#organization"},"potentialAction":[{"@type":"SearchAction","target":{"@type":"EntryPoint","urlTemplate":"https:\/\/www.nilau-paris.com\/?s={search_term_string}"},"query-input":{"@type":"PropertyValueSpecification","valueRequired":true,"valueName":"search_term_string"}}],"inLanguage":"en-US"},{"@type":"Organization","@id":"https:\/\/www.nilau-paris.com\/#organization","name":"Nilau Paris","url":"https:\/\/www.nilau-paris.com\/","logo":{"@type":"ImageObject","inLanguage":"en-US","@id":"https:\/\/www.nilau-paris.com\/#\/schema\/logo\/image\/","url":"https:\/\/www.nilau-paris.com\/wp-content\/uploads\/2022\/04\/cropped-LOGO-nilau-site.png","contentUrl":"https:\/\/www.nilau-paris.com\/wp-content\/uploads\/2022\/04\/cropped-LOGO-nilau-site.png","width":124,"height":80,"caption":"Nilau Paris"},"image":{"@id":"https:\/\/www.nilau-paris.com\/#\/schema\/logo\/image\/"}}]}},"_links":{"self":[{"href":"https:\/\/www.nilau-paris.com\/en\/wp-json\/wp\/v2\/pages\/563","targetHints":{"allow":["GET"]}}],"collection":[{"href":"https:\/\/www.nilau-paris.com\/en\/wp-json\/wp\/v2\/pages"}],"about":[{"href":"https:\/\/www.nilau-paris.com\/en\/wp-json\/wp\/v2\/types\/page"}],"author":[{"embeddable":true,"href":"https:\/\/www.nilau-paris.com\/en\/wp-json\/wp\/v2\/users\/2"}],"replies":[{"embeddable":true,"href":"https:\/\/www.nilau-paris.com\/en\/wp-json\/wp\/v2\/comments?post=563"}],"version-history":[{"count":33,"href":"https:\/\/www.nilau-paris.com\/en\/wp-json\/wp\/v2\/pages\/563\/revisions"}],"predecessor-version":[{"id":5424,"href":"https:\/\/www.nilau-paris.com\/en\/wp-json\/wp\/v2\/pages\/563\/revisions\/5424"}],"wp:attachment":[{"href":"https:\/\/www.nilau-paris.com\/en\/wp-json\/wp\/v2\/media?parent=563"}],"curies":[{"name":"wp","href":"https:\/\/api.w.org\/{rel}","templated":true}]}}