{"id":2121,"date":"2022-05-25T00:26:54","date_gmt":"2022-05-24T22:26:54","guid":{"rendered":"http:\/\/www.nilau-paris.com\/?page_id=2121"},"modified":"2024-05-23T08:41:03","modified_gmt":"2024-05-23T06:41:03","slug":"livraison-et-retour","status":"publish","type":"page","link":"https:\/\/www.nilau-paris.com\/en\/livraison-et-retour\/","title":{"rendered":"Shipping and returns"},"content":{"rendered":"<div data-elementor-type=\"wp-page\" data-elementor-id=\"2121\" class=\"elementor elementor-2121\">\n\t\t\t\t\t\t<section class=\"elementor-section elementor-top-section elementor-element elementor-element-89c0089 elementor-section-boxed elementor-section-height-default elementor-section-height-default\" data-id=\"89c0089\" data-element_type=\"section\" data-e-type=\"section\">\n\t\t\t\t\t\t<div class=\"elementor-container elementor-column-gap-default\">\n\t\t\t\t\t<div class=\"elementor-column elementor-col-100 elementor-top-column elementor-element elementor-element-b8a43ae\" data-id=\"b8a43ae\" data-element_type=\"column\" data-e-type=\"column\">\n\t\t\t<div class=\"elementor-widget-wrap elementor-element-populated\">\n\t\t\t\t\t\t<div class=\"elementor-element elementor-element-d61259f elementor-widget elementor-widget-spacer\" data-id=\"d61259f\" data-element_type=\"widget\" data-e-type=\"widget\" data-widget_type=\"spacer.default\">\n\t\t\t\t<div class=\"elementor-widget-container\">\n\t\t\t\t\t\t\t<div class=\"elementor-spacer\">\n\t\t\t<div class=\"elementor-spacer-inner\"><\/div>\n\t\t<\/div>\n\t\t\t\t\t\t<\/div>\n\t\t\t\t<\/div>\n\t\t\t\t<div class=\"elementor-element elementor-element-139e31c elementor-widget elementor-widget-heading\" data-id=\"139e31c\" data-element_type=\"widget\" data-e-type=\"widget\" data-widget_type=\"heading.default\">\n\t\t\t\t<div class=\"elementor-widget-container\">\n\t\t\t\t\t<h2 class=\"elementor-heading-title elementor-size-default\">Livraison et retour Nilau<\/h2>\t\t\t\t<\/div>\n\t\t\t\t<\/div>\n\t\t\t\t<div class=\"elementor-element elementor-element-86918d5 elementor-widget elementor-widget-text-editor\" data-id=\"86918d5\" data-element_type=\"widget\" data-e-type=\"widget\" data-widget_type=\"text-editor.default\">\n\t\t\t\t<div class=\"elementor-widget-container\">\n\t\t\t\t\t\t\t\t\t<div class=\"sec_row container\"><div class=\"vc_row wpb_row vc_row-fluid\"><div class=\"wpb_column vc_column_container vc_col-sm-12 et-dark-column\"><div class=\"boldgrid-section\"><h5><strong>SHIPPING<\/strong><\/h5><p>We offer delivery all over the world.<\/p><p>En France, nous utilisons les services de Mondial Relay, de Colissimo ou de\u00a0<a href=\"http:\/\/www.dhl.com\" target=\"_blank\" rel=\"noopener\">DHL<\/a>\u00a0et \u00e0 l\u2019international ceux de DHL ou de Colissimo. Le tarif varie en fonction de l\u2019option choisie.<\/p><p>All orders placed before noon are dispatched within 24 hours (Monday to Friday \u2013 orders placed on weekends are dispatched on Monday).<\/p><p>Le d\u00e9lai d\u2019acheminement d\u00e9pendra du choix de livraison\u00a0:<\/p><p>France\u00a0: 3 \u00e0 5 jours ouvr\u00e9s par Mondial Relay<\/p><p>2 to 3 working days by Colissimo,<\/p><p>The next day (working day) by DHL<\/p><p>International\u00a0: jusqu\u2019\u00e0 12 jours ouvr\u00e9s<\/p><p>For orders delivered outside the European Union, taxes and customs duties may apply. These taxes and customs duties are your responsibility and must be paid upon delivery. The total price of your order does not include these taxes and duties.<\/p><p><span style=\"font-family: var( --e-global-typography-text-font-family ), Sans-serif; font-size: 1rem;\">\u00a0<\/span><\/p><\/div><\/div><\/div><div class=\"vc_row wpb_row vc_row-fluid\"><div class=\"wpb_column vc_column_container vc_col-sm-12 et-dark-column\"><div class=\"boldgrid-section\"><h5><strong>ECHANGE &amp; <\/strong><strong>RETURN<\/strong><\/h5><p>All exchanges and returns are possible from France within 14 days of receiving your purchase. Return shipping is free.<\/p><p>To return your order or a part of your order please follow these steps:<\/p><ol><li>Make your return request to the address <a href=\"mailto:contact@nilau-paris.com\">contact@nilau-paris.com<\/a><\/li><li>You will receive a return slip by email.<\/li><li>Prepare your package: put the product(s) clean, unworn, with the original packaging in your parcel.<\/li><li>Affix the return slip to your parcel and drop it off at a COLISSIMO point within 14 days after your purchase<\/li><li>Keep proof of deposit of the package. In the event of a dispute or loss of the package by the carrier, the deposit slip will prevail and the refund of the returned product(s) may be made.<\/li><\/ol><p>Pour les retours depuis l\u2019\u00e9tranger, les frais de retour sont \u00e0 votre charge. Renvoyez-nous les produits par colis suivi \u00e0 l\u2019adresse suivante :\u00a01997 vie de Saint Sim\u00e9on, 38260 SARDIEU<\/p><p>When we have received your package, we will send you an email to let you know. We will then refund the returned product(s) within 14 working days of receipt of the package.<\/p><p>The refund method is the one used when paying for your order. For example, if you paid by credit card, we will credit you back to your bank account. It is not possible to change the payment method for a refund.<\/p><p>Remarque : les frais de port \u00ab\u00a0aller\u00a0\u00bb restent \u00e0 votre charge. Seule la valeur des produits (remises d\u00e9duites) peut faire l\u2019objet d\u2019un remboursement.<\/p><p>For any questions relating to exchanges or returns, you can send us an email at the following address: <a href=\"mailto:contact@nilau-paris.com\">contact@nilau-paris.com<\/a><\/p><\/div><\/div><\/div><\/div><div class=\"sec_row container\"><div class=\"vc_row wpb_row vc_row-fluid\"><div class=\"wpb_column vc_column_container vc_col-sm-12 et-dark-column\"><div class=\"vc_column-inner\"><div class=\"wpb_wrapper\"><div class=\"wpb_text_column wpb_content_element\"><div class=\"wpb_wrapper\">\u00a0<\/div><\/div><\/div><\/div><div class=\"boldgrid-section\"><h5><strong><a href=\"http:\/\/www.nilau-paris.com\/en\/achat-authentique\/\">PR\u00c9COMMANDES<\/a> : \u00c9CHANGE ET RETOUR NILAU<\/strong><\/h5><p>The return or exchange period applicable to pre-orders is identical to that for classic orders. Indeed, you have a withdrawal period of 14 days from receipt of the pre-order to implement it.<\/p><p>The steps are the same as mentioned above.<\/p><\/div><\/div><\/div><\/div>\t\t\t\t\t\t\t\t<\/div>\n\t\t\t\t<\/div>\n\t\t\t\t\t<\/div>\n\t\t<\/div>\n\t\t\t\t\t<\/div>\n\t\t<\/section>\n\t\t\t\t<section class=\"elementor-section elementor-top-section elementor-element elementor-element-17966ca elementor-section-boxed elementor-section-height-default elementor-section-height-default\" data-id=\"17966ca\" data-element_type=\"section\" data-e-type=\"section\">\n\t\t\t\t\t\t<div class=\"elementor-container elementor-column-gap-default\">\n\t\t\t\t\t<div class=\"elementor-column elementor-col-100 elementor-top-column elementor-element elementor-element-baba1d1\" data-id=\"baba1d1\" data-element_type=\"column\" data-e-type=\"column\">\n\t\t\t<div class=\"elementor-widget-wrap elementor-element-populated\">\n\t\t\t\t\t\t<div class=\"elementor-element elementor-element-6ac4ad6 elementor-widget elementor-widget-image\" data-id=\"6ac4ad6\" data-element_type=\"widget\" data-e-type=\"widget\" data-widget_type=\"image.default\">\n\t\t\t\t<div class=\"elementor-widget-container\">\n\t\t\t\t\t\t\t\t\t\t\t\t\t\t\t<img decoding=\"async\" src=\"https:\/\/www.nilau-paris.com\/wp-content\/uploads\/elementor\/thumbs\/PACKAGING-NILAU-pwahbmnsou1zc7lzfqlpn3i1q2vwxe4d64rvvwb7ns.webp\" title=\"PACKAGING-NILAU\" alt=\"retour nilau\" loading=\"lazy\" \/>\t\t\t\t\t\t\t\t\t\t\t\t\t\t\t<\/div>\n\t\t\t\t<\/div>\n\t\t\t\t\t<\/div>\n\t\t<\/div>\n\t\t\t\t\t<\/div>\n\t\t<\/section>\n\t\t\t\t<\/div>","protected":false},"excerpt":{"rendered":"<p>Livraison et retour Nilau LIVRAISONS Nous proposons la livraison partout dans le monde. En France, nous utilisons les services de Mondial Relay, de Colissimo ou de\u00a0DHL\u00a0et \u00e0 l\u2019international ceux de DHL ou de Colissimo. Le tarif varie en fonction de l\u2019option choisie. Toutes commandes pass\u00e9es avant midi sont exp\u00e9di\u00e9es sous 24h (du lundi au vendredi [&hellip;]<\/p>\n","protected":false},"author":2,"featured_media":3666,"parent":0,"menu_order":0,"comment_status":"closed","ping_status":"closed","template":"","meta":{"content-type":"","footnotes":""},"class_list":["post-2121","page","type-page","status-publish","has-post-thumbnail","hentry"],"yoast_head":"<!-- This site is optimized with the Yoast SEO plugin v27.5 - https:\/\/yoast.com\/product\/yoast-seo-wordpress\/ -->\n<title>Livraison et retour - Nilau Haute Maroquinerie fran\u00e7aise<\/title>\n<meta name=\"description\" content=\"LIVRAISON : Nilau livre de partout dans le monde. \u00b7 RETOUR NILAU GRATUIT - Retours gratuits 14 jours apr\u00e8s r\u00e9ception du colis\" \/>\n<meta name=\"robots\" content=\"index, follow, max-snippet:-1, max-image-preview:large, max-video-preview:-1\" \/>\n<link rel=\"canonical\" href=\"https:\/\/www.nilau-paris.com\/en\/livraison-et-retour\/\" \/>\n<meta property=\"og:locale\" content=\"en_US\" \/>\n<meta property=\"og:type\" content=\"article\" \/>\n<meta property=\"og:title\" content=\"Livraison et retour - Nilau Haute Maroquinerie fran\u00e7aise\" \/>\n<meta property=\"og:description\" content=\"LIVRAISON : Nilau livre de partout dans le monde. \u00b7 RETOUR NILAU GRATUIT - Retours gratuits 14 jours apr\u00e8s r\u00e9ception du colis\" \/>\n<meta property=\"og:url\" content=\"https:\/\/www.nilau-paris.com\/en\/livraison-et-retour\/\" \/>\n<meta property=\"og:site_name\" content=\"Nilau\" \/>\n<meta property=\"article:modified_time\" content=\"2024-05-23T06:41:03+00:00\" \/>\n<meta property=\"og:image\" content=\"https:\/\/www.nilau-paris.com\/wp-content\/uploads\/2022\/06\/PACKAGING-NILAU.webp\" \/>\n\t<meta property=\"og:image:width\" content=\"1200\" \/>\n\t<meta property=\"og:image:height\" content=\"1600\" \/>\n\t<meta property=\"og:image:type\" content=\"image\/webp\" \/>\n<meta name=\"twitter:card\" content=\"summary_large_image\" \/>\n<meta name=\"twitter:label1\" content=\"Est. reading time\" \/>\n\t<meta name=\"twitter:data1\" content=\"3 minutes\" \/>\n<script type=\"application\/ld+json\" class=\"yoast-schema-graph\">{\"@context\":\"https:\\\/\\\/schema.org\",\"@graph\":[{\"@type\":\"WebPage\",\"@id\":\"https:\\\/\\\/www.nilau-paris.com\\\/livraison-et-retour\\\/\",\"url\":\"https:\\\/\\\/www.nilau-paris.com\\\/livraison-et-retour\\\/\",\"name\":\"Livraison et retour - Nilau Haute Maroquinerie fran\u00e7aise\",\"isPartOf\":{\"@id\":\"https:\\\/\\\/www.nilau-paris.com\\\/#website\"},\"primaryImageOfPage\":{\"@id\":\"https:\\\/\\\/www.nilau-paris.com\\\/livraison-et-retour\\\/#primaryimage\"},\"image\":{\"@id\":\"https:\\\/\\\/www.nilau-paris.com\\\/livraison-et-retour\\\/#primaryimage\"},\"thumbnailUrl\":\"https:\\\/\\\/www.nilau-paris.com\\\/wp-content\\\/uploads\\\/2022\\\/06\\\/PACKAGING-NILAU.webp\",\"datePublished\":\"2022-05-24T22:26:54+00:00\",\"dateModified\":\"2024-05-23T06:41:03+00:00\",\"description\":\"LIVRAISON : Nilau livre de partout dans le monde. \u00b7 RETOUR NILAU GRATUIT - Retours gratuits 14 jours apr\u00e8s r\u00e9ception du colis\",\"breadcrumb\":{\"@id\":\"https:\\\/\\\/www.nilau-paris.com\\\/livraison-et-retour\\\/#breadcrumb\"},\"inLanguage\":\"en-US\",\"potentialAction\":[{\"@type\":\"ReadAction\",\"target\":[\"https:\\\/\\\/www.nilau-paris.com\\\/livraison-et-retour\\\/\"]}]},{\"@type\":\"ImageObject\",\"inLanguage\":\"en-US\",\"@id\":\"https:\\\/\\\/www.nilau-paris.com\\\/livraison-et-retour\\\/#primaryimage\",\"url\":\"https:\\\/\\\/www.nilau-paris.com\\\/wp-content\\\/uploads\\\/2022\\\/06\\\/PACKAGING-NILAU.webp\",\"contentUrl\":\"https:\\\/\\\/www.nilau-paris.com\\\/wp-content\\\/uploads\\\/2022\\\/06\\\/PACKAGING-NILAU.webp\",\"width\":1200,\"height\":1600,\"caption\":\"retour nilau\"},{\"@type\":\"BreadcrumbList\",\"@id\":\"https:\\\/\\\/www.nilau-paris.com\\\/livraison-et-retour\\\/#breadcrumb\",\"itemListElement\":[{\"@type\":\"ListItem\",\"position\":1,\"name\":\"Accueil\",\"item\":\"https:\\\/\\\/www.nilau-paris.com\\\/\"},{\"@type\":\"ListItem\",\"position\":2,\"name\":\"Livraison et retour\"}]},{\"@type\":\"WebSite\",\"@id\":\"https:\\\/\\\/www.nilau-paris.com\\\/#website\",\"url\":\"https:\\\/\\\/www.nilau-paris.com\\\/\",\"name\":\"Nilau\",\"description\":\"Haute Maroquinerie fran\u00e7aise\",\"publisher\":{\"@id\":\"https:\\\/\\\/www.nilau-paris.com\\\/#organization\"},\"potentialAction\":[{\"@type\":\"SearchAction\",\"target\":{\"@type\":\"EntryPoint\",\"urlTemplate\":\"https:\\\/\\\/www.nilau-paris.com\\\/?s={search_term_string}\"},\"query-input\":{\"@type\":\"PropertyValueSpecification\",\"valueRequired\":true,\"valueName\":\"search_term_string\"}}],\"inLanguage\":\"en-US\"},{\"@type\":\"Organization\",\"@id\":\"https:\\\/\\\/www.nilau-paris.com\\\/#organization\",\"name\":\"Nilau Paris\",\"url\":\"https:\\\/\\\/www.nilau-paris.com\\\/\",\"logo\":{\"@type\":\"ImageObject\",\"inLanguage\":\"en-US\",\"@id\":\"https:\\\/\\\/www.nilau-paris.com\\\/#\\\/schema\\\/logo\\\/image\\\/\",\"url\":\"https:\\\/\\\/www.nilau-paris.com\\\/wp-content\\\/uploads\\\/2022\\\/04\\\/cropped-LOGO-nilau-site.png\",\"contentUrl\":\"https:\\\/\\\/www.nilau-paris.com\\\/wp-content\\\/uploads\\\/2022\\\/04\\\/cropped-LOGO-nilau-site.png\",\"width\":124,\"height\":80,\"caption\":\"Nilau Paris\"},\"image\":{\"@id\":\"https:\\\/\\\/www.nilau-paris.com\\\/#\\\/schema\\\/logo\\\/image\\\/\"}}]}<\/script>\n<!-- \/ Yoast SEO plugin. -->","yoast_head_json":{"title":"Livraison et retour - Nilau Haute Maroquinerie fran\u00e7aise","description":"LIVRAISON : Nilau livre de partout dans le monde. \u00b7 RETOUR NILAU GRATUIT - Retours gratuits 14 jours apr\u00e8s r\u00e9ception du colis","robots":{"index":"index","follow":"follow","max-snippet":"max-snippet:-1","max-image-preview":"max-image-preview:large","max-video-preview":"max-video-preview:-1"},"canonical":"https:\/\/www.nilau-paris.com\/en\/livraison-et-retour\/","og_locale":"en_US","og_type":"article","og_title":"Livraison et retour - Nilau Haute Maroquinerie fran\u00e7aise","og_description":"LIVRAISON : Nilau livre de partout dans le monde. \u00b7 RETOUR NILAU GRATUIT - Retours gratuits 14 jours apr\u00e8s r\u00e9ception du colis","og_url":"https:\/\/www.nilau-paris.com\/en\/livraison-et-retour\/","og_site_name":"Nilau","article_modified_time":"2024-05-23T06:41:03+00:00","og_image":[{"width":1200,"height":1600,"url":"https:\/\/www.nilau-paris.com\/wp-content\/uploads\/2022\/06\/PACKAGING-NILAU.webp","type":"image\/webp"}],"twitter_card":"summary_large_image","twitter_misc":{"Est. reading time":"3 minutes"},"schema":{"@context":"https:\/\/schema.org","@graph":[{"@type":"WebPage","@id":"https:\/\/www.nilau-paris.com\/livraison-et-retour\/","url":"https:\/\/www.nilau-paris.com\/livraison-et-retour\/","name":"Livraison et retour - Nilau Haute Maroquinerie fran\u00e7aise","isPartOf":{"@id":"https:\/\/www.nilau-paris.com\/#website"},"primaryImageOfPage":{"@id":"https:\/\/www.nilau-paris.com\/livraison-et-retour\/#primaryimage"},"image":{"@id":"https:\/\/www.nilau-paris.com\/livraison-et-retour\/#primaryimage"},"thumbnailUrl":"https:\/\/www.nilau-paris.com\/wp-content\/uploads\/2022\/06\/PACKAGING-NILAU.webp","datePublished":"2022-05-24T22:26:54+00:00","dateModified":"2024-05-23T06:41:03+00:00","description":"LIVRAISON : Nilau livre de partout dans le monde. \u00b7 RETOUR NILAU GRATUIT - Retours gratuits 14 jours apr\u00e8s r\u00e9ception du colis","breadcrumb":{"@id":"https:\/\/www.nilau-paris.com\/livraison-et-retour\/#breadcrumb"},"inLanguage":"en-US","potentialAction":[{"@type":"ReadAction","target":["https:\/\/www.nilau-paris.com\/livraison-et-retour\/"]}]},{"@type":"ImageObject","inLanguage":"en-US","@id":"https:\/\/www.nilau-paris.com\/livraison-et-retour\/#primaryimage","url":"https:\/\/www.nilau-paris.com\/wp-content\/uploads\/2022\/06\/PACKAGING-NILAU.webp","contentUrl":"https:\/\/www.nilau-paris.com\/wp-content\/uploads\/2022\/06\/PACKAGING-NILAU.webp","width":1200,"height":1600,"caption":"retour nilau"},{"@type":"BreadcrumbList","@id":"https:\/\/www.nilau-paris.com\/livraison-et-retour\/#breadcrumb","itemListElement":[{"@type":"ListItem","position":1,"name":"Accueil","item":"https:\/\/www.nilau-paris.com\/"},{"@type":"ListItem","position":2,"name":"Livraison et retour"}]},{"@type":"WebSite","@id":"https:\/\/www.nilau-paris.com\/#website","url":"https:\/\/www.nilau-paris.com\/","name":"Nilau","description":"French Haute Maroquinerie","publisher":{"@id":"https:\/\/www.nilau-paris.com\/#organization"},"potentialAction":[{"@type":"SearchAction","target":{"@type":"EntryPoint","urlTemplate":"https:\/\/www.nilau-paris.com\/?s={search_term_string}"},"query-input":{"@type":"PropertyValueSpecification","valueRequired":true,"valueName":"search_term_string"}}],"inLanguage":"en-US"},{"@type":"Organization","@id":"https:\/\/www.nilau-paris.com\/#organization","name":"Nilau Paris","url":"https:\/\/www.nilau-paris.com\/","logo":{"@type":"ImageObject","inLanguage":"en-US","@id":"https:\/\/www.nilau-paris.com\/#\/schema\/logo\/image\/","url":"https:\/\/www.nilau-paris.com\/wp-content\/uploads\/2022\/04\/cropped-LOGO-nilau-site.png","contentUrl":"https:\/\/www.nilau-paris.com\/wp-content\/uploads\/2022\/04\/cropped-LOGO-nilau-site.png","width":124,"height":80,"caption":"Nilau Paris"},"image":{"@id":"https:\/\/www.nilau-paris.com\/#\/schema\/logo\/image\/"}}]}},"_links":{"self":[{"href":"https:\/\/www.nilau-paris.com\/en\/wp-json\/wp\/v2\/pages\/2121","targetHints":{"allow":["GET"]}}],"collection":[{"href":"https:\/\/www.nilau-paris.com\/en\/wp-json\/wp\/v2\/pages"}],"about":[{"href":"https:\/\/www.nilau-paris.com\/en\/wp-json\/wp\/v2\/types\/page"}],"author":[{"embeddable":true,"href":"https:\/\/www.nilau-paris.com\/en\/wp-json\/wp\/v2\/users\/2"}],"replies":[{"embeddable":true,"href":"https:\/\/www.nilau-paris.com\/en\/wp-json\/wp\/v2\/comments?post=2121"}],"version-history":[{"count":21,"href":"https:\/\/www.nilau-paris.com\/en\/wp-json\/wp\/v2\/pages\/2121\/revisions"}],"predecessor-version":[{"id":7967,"href":"https:\/\/www.nilau-paris.com\/en\/wp-json\/wp\/v2\/pages\/2121\/revisions\/7967"}],"wp:featuredmedia":[{"embeddable":true,"href":"https:\/\/www.nilau-paris.com\/en\/wp-json\/wp\/v2\/media\/3666"}],"wp:attachment":[{"href":"https:\/\/www.nilau-paris.com\/en\/wp-json\/wp\/v2\/media?parent=2121"}],"curies":[{"name":"wp","href":"https:\/\/api.w.org\/{rel}","templated":true}]}}