{"id":2056,"date":"2022-05-23T04:41:44","date_gmt":"2022-05-23T02:41:44","guid":{"rendered":"http:\/\/www.nilau-paris.com\/?page_id=2056"},"modified":"2022-06-21T11:19:40","modified_gmt":"2022-06-21T09:19:40","slug":"mentions-legales","status":"publish","type":"page","link":"https:\/\/www.nilau-paris.com\/en\/mentions-legales\/","title":{"rendered":"Legal notices"},"content":{"rendered":"<div data-elementor-type=\"wp-page\" data-elementor-id=\"2056\" class=\"elementor elementor-2056\">\n\t\t\t\t\t\t<section class=\"elementor-section elementor-top-section elementor-element elementor-element-0a4a514 elementor-section-boxed elementor-section-height-default elementor-section-height-default\" data-id=\"0a4a514\" data-element_type=\"section\" data-e-type=\"section\">\n\t\t\t\t\t\t<div class=\"elementor-container elementor-column-gap-default\">\n\t\t\t\t\t<div class=\"elementor-column elementor-col-100 elementor-top-column elementor-element elementor-element-fe2d9c1\" data-id=\"fe2d9c1\" data-element_type=\"column\" data-e-type=\"column\">\n\t\t\t<div class=\"elementor-widget-wrap elementor-element-populated\">\n\t\t\t\t\t\t<div class=\"elementor-element elementor-element-aeeadb5 elementor-widget elementor-widget-spacer\" data-id=\"aeeadb5\" data-element_type=\"widget\" data-e-type=\"widget\" data-widget_type=\"spacer.default\">\n\t\t\t\t<div class=\"elementor-widget-container\">\n\t\t\t\t\t\t\t<div class=\"elementor-spacer\">\n\t\t\t<div class=\"elementor-spacer-inner\"><\/div>\n\t\t<\/div>\n\t\t\t\t\t\t<\/div>\n\t\t\t\t<\/div>\n\t\t\t\t<div class=\"elementor-element elementor-element-800657a elementor-widget elementor-widget-heading\" data-id=\"800657a\" data-element_type=\"widget\" data-e-type=\"widget\" data-widget_type=\"heading.default\">\n\t\t\t\t<div class=\"elementor-widget-container\">\n\t\t\t\t\t<h2 class=\"elementor-heading-title elementor-size-default\">Legal notices<\/h2>\t\t\t\t<\/div>\n\t\t\t\t<\/div>\n\t\t\t\t<div class=\"elementor-element elementor-element-308eafd elementor-widget elementor-widget-text-editor\" data-id=\"308eafd\" data-element_type=\"widget\" data-e-type=\"widget\" data-widget_type=\"text-editor.default\">\n\t\t\t\t<div class=\"elementor-widget-container\">\n\t\t\t\t\t\t\t\t\t<ul><li><h3>\u00c9diteur <span style=\"font-size: 16px; color: var( --e-global-color-text ); font-family: var( --e-global-typography-text-font-family ), Sans-serif;\">&#8211; Mentions l\u00e9gales Nilau &#8211;<\/span><\/h3><\/li><\/ul><p>Le site www.nilau-paris.com est \u00e9dit\u00e9 par LAPLAINE, SAS au capital social de 90 000\u20ac et ayant son si\u00e8ge social au 1997 vie de Saint Sim\u00e9on, 38260 SARDIEU (France).<br \/>N\u00b0 de TVA intracommunautaire : FR-55881612030<br \/>N\u00b0 SIRET\u00a0: 881 612 030 RCS de Vienne<\/p><p>Vous pouvez nous contacter par courriel \u00e0 <a href=\"mailto:contact@nilau-paris.com\">contact@nilau-paris.com<\/a><\/p><ul><li>Directeur de publication<\/li><\/ul><p>Le directeur de la publication est Marie Veyron.<\/p><ul><li><h3>H\u00e9bergeur\u00a0<\/h3><\/li><\/ul><p><a href=\"http:\/\/www.inmotionhosting.com\">InMotion<\/a>, 555 S. Independence Blvd, Virginia Beach, VA 23452, Etats-Unis.<\/p><ul><li><h3>VConditions g\u00e9n\u00e9rales d\u2019utilisation du site\u00a0<span style=\"color: var( --e-global-color-text ); font-family: var( --e-global-typography-text-font-family ), Sans-serif; font-size: 16px;\">&#8211; Mentions l\u00e9gales Nilau &#8211;<\/span><\/h3><\/li><\/ul><p>D\u00e8s que vous acc\u00e9dez au site www.nilau-paris.com, vous acceptez les conditions d\u2019utilisation de ce dernier. Si vous ne les acceptez pas, nous vous demandons de quitter le site www.nilau-paris.com, et donc de cesser toute utilisation et navigation sur ce dernier.<\/p><ul><li><h3>Propri\u00e9t\u00e9 intellectuelle\u00a0<\/h3><\/li><\/ul><p>L\u2019ensemble des \u00e9l\u00e9ments textuels, visuels et sonores du site www.nilau-paris.com sont la propri\u00e9t\u00e9 exclusive de Nilau.<br \/>Nilau est ainsi le seul habilit\u00e9 \u00e0 utiliser et exploiter les droits de propri\u00e9t\u00e9 intellectuelle et de la personnalit\u00e9 attach\u00e9s \u00e0 ce site notamment les marques, dessins et mod\u00e8les, droits d\u2019auteur, noms de domaine, droit \u00e0 l\u2019image et tout autre droit de propri\u00e9t\u00e9 intellectuelle.<br \/>Toute utilisation ou reproduction, m\u00eame partielle, exige notre accord expr\u00e8s et pr\u00e9alable.<br \/>Toute utilisation ou reproduction, m\u00eame partielle, \u00e0 titre commercial est donc strictement interdite.<\/p><ul><li><h3>Protection des donn\u00e9es personnelles\u00a0<span style=\"color: var( --e-global-color-text ); font-family: var( --e-global-typography-text-font-family ), Sans-serif; font-size: 16px;\">&#8211; Mentions l\u00e9gales Nilau &#8211;<\/span><\/h3><\/li><\/ul><p>Lorsque vous utilisez notre site, vous pouvez nous communiquer des donn\u00e9es personnelles. Cela est notamment le cas lorsque vous remplissez un formulaire d\u2019inscription \u00e0 notre newsletter, ou lorsque vous passez commande.<br \/><br \/><\/p><p>Pour finir, vous pouvez vous r\u00e9f\u00e9rer \u00e0 la rubrique <strong><a href=\"http:\/\/www.nilau-paris.com\/en\/confidentialite-des-donnees\/\">Data privacy<\/a>\u00a0<\/strong><span style=\"color: var( --e-global-color-text ); font-family: var( --e-global-typography-text-font-family ), Sans-serif; font-size: 1rem;\">pour plus d\u2019informations concernant la protection de vos donn\u00e9es.<\/span><\/p>\t\t\t\t\t\t\t\t<\/div>\n\t\t\t\t<\/div>\n\t\t\t\t\t<\/div>\n\t\t<\/div>\n\t\t\t\t\t<\/div>\n\t\t<\/section>\n\t\t\t\t<section class=\"elementor-section elementor-top-section elementor-element elementor-element-39b5ad0 elementor-section-boxed elementor-section-height-default elementor-section-height-default\" data-id=\"39b5ad0\" data-element_type=\"section\" data-e-type=\"section\">\n\t\t\t\t\t\t<div class=\"elementor-container elementor-column-gap-default\">\n\t\t\t\t\t<div class=\"elementor-column elementor-col-100 elementor-top-column elementor-element elementor-element-9d8d38a\" data-id=\"9d8d38a\" data-element_type=\"column\" data-e-type=\"column\">\n\t\t\t<div class=\"elementor-widget-wrap elementor-element-populated\">\n\t\t\t\t\t\t<div class=\"elementor-element elementor-element-e39280e elementor-widget elementor-widget-image\" data-id=\"e39280e\" data-element_type=\"widget\" data-e-type=\"widget\" data-widget_type=\"image.default\">\n\t\t\t\t<div class=\"elementor-widget-container\">\n\t\t\t\t\t\t\t\t\t\t\t\t\t\t\t<img decoding=\"async\" src=\"https:\/\/www.nilau-paris.com\/wp-content\/uploads\/elementor\/thumbs\/sac-a-main-nera-emeraude-porte1-pwagcbu00trg8lki8mn127uvcts2edxmudr33ppffc.webp\" title=\"sac \u00e0 main nera emeraude porte1\" alt=\"l&#039;importance des d\u00e9tails\" loading=\"lazy\" \/>\t\t\t\t\t\t\t\t\t\t\t\t\t\t\t<\/div>\n\t\t\t\t<\/div>\n\t\t\t\t\t<\/div>\n\t\t<\/div>\n\t\t\t\t\t<\/div>\n\t\t<\/section>\n\t\t\t\t<\/div>","protected":false},"excerpt":{"rendered":"<p>Mentions l\u00e9gales \u00c9diteur &#8211; Mentions l\u00e9gales Nilau &#8211; Le site www.nilau-paris.com est \u00e9dit\u00e9 par LAPLAINE, SAS au capital social de 90 000\u20ac et ayant son si\u00e8ge social au 1997 vie de Saint Sim\u00e9on, 38260 SARDIEU (France).N\u00b0 de TVA intracommunautaire : FR-55881612030N\u00b0 SIRET\u00a0: 881 612 030 RCS de Vienne Vous pouvez nous contacter par courriel \u00e0 [&hellip;]<\/p>\n","protected":false},"author":2,"featured_media":0,"parent":0,"menu_order":0,"comment_status":"closed","ping_status":"closed","template":"","meta":{"content-type":"","footnotes":""},"class_list":["post-2056","page","type-page","status-publish","hentry"],"yoast_head":"<!-- This site is optimized with the Yoast SEO plugin v27.5 - https:\/\/yoast.com\/product\/yoast-seo-wordpress\/ -->\n<title>Mentions l\u00e9gales Nilau - Haute Maroquinerie fran\u00e7aise d&#039;aujourd&#039;hui<\/title>\n<meta name=\"description\" content=\"Mentions l\u00e9gales Nilau - La soci\u00e9t\u00e9 SAS LAPLAINE est immatricul\u00e9e au RCS de Viennes sous le num\u00e9ro 881 612 030\" \/>\n<meta name=\"robots\" content=\"index, follow, max-snippet:-1, max-image-preview:large, max-video-preview:-1\" \/>\n<link rel=\"canonical\" href=\"https:\/\/www.nilau-paris.com\/en\/mentions-legales\/\" \/>\n<meta property=\"og:locale\" content=\"en_US\" \/>\n<meta property=\"og:type\" content=\"article\" \/>\n<meta property=\"og:title\" content=\"Mentions l\u00e9gales Nilau - Haute Maroquinerie fran\u00e7aise d&#039;aujourd&#039;hui\" \/>\n<meta property=\"og:description\" content=\"Mentions l\u00e9gales Nilau - La soci\u00e9t\u00e9 SAS LAPLAINE est immatricul\u00e9e au RCS de Viennes sous le num\u00e9ro 881 612 030\" \/>\n<meta property=\"og:url\" content=\"https:\/\/www.nilau-paris.com\/en\/mentions-legales\/\" \/>\n<meta property=\"og:site_name\" content=\"Nilau\" \/>\n<meta property=\"article:modified_time\" content=\"2022-06-21T09:19:40+00:00\" \/>\n<meta property=\"og:image\" content=\"http:\/\/www.nilau-paris.com\/wp-content\/uploads\/elementor\/thumbs\/sac-a-main-nera-emeraude-porte1-pppdrkjso4unjpq0tw3y9v22ni30e4jjm0tpe7bnbs.webp\" \/>\n<meta name=\"twitter:card\" content=\"summary_large_image\" \/>\n<meta name=\"twitter:label1\" content=\"Est. reading time\" \/>\n\t<meta name=\"twitter:data1\" content=\"2 minutes\" \/>\n<script type=\"application\/ld+json\" class=\"yoast-schema-graph\">{\"@context\":\"https:\\\/\\\/schema.org\",\"@graph\":[{\"@type\":\"WebPage\",\"@id\":\"https:\\\/\\\/www.nilau-paris.com\\\/mentions-legales\\\/\",\"url\":\"https:\\\/\\\/www.nilau-paris.com\\\/mentions-legales\\\/\",\"name\":\"Mentions l\u00e9gales Nilau - Haute Maroquinerie fran\u00e7aise d'aujourd'hui\",\"isPartOf\":{\"@id\":\"https:\\\/\\\/www.nilau-paris.com\\\/#website\"},\"primaryImageOfPage\":{\"@id\":\"https:\\\/\\\/www.nilau-paris.com\\\/mentions-legales\\\/#primaryimage\"},\"image\":{\"@id\":\"https:\\\/\\\/www.nilau-paris.com\\\/mentions-legales\\\/#primaryimage\"},\"thumbnailUrl\":\"http:\\\/\\\/www.nilau-paris.com\\\/wp-content\\\/uploads\\\/elementor\\\/thumbs\\\/sac-a-main-nera-emeraude-porte1-pppdrkjso4unjpq0tw3y9v22ni30e4jjm0tpe7bnbs.webp\",\"datePublished\":\"2022-05-23T02:41:44+00:00\",\"dateModified\":\"2022-06-21T09:19:40+00:00\",\"description\":\"Mentions l\u00e9gales Nilau - La soci\u00e9t\u00e9 SAS LAPLAINE est immatricul\u00e9e au RCS de Viennes sous le num\u00e9ro 881 612 030\",\"breadcrumb\":{\"@id\":\"https:\\\/\\\/www.nilau-paris.com\\\/mentions-legales\\\/#breadcrumb\"},\"inLanguage\":\"en-US\",\"potentialAction\":[{\"@type\":\"ReadAction\",\"target\":[\"https:\\\/\\\/www.nilau-paris.com\\\/mentions-legales\\\/\"]}]},{\"@type\":\"ImageObject\",\"inLanguage\":\"en-US\",\"@id\":\"https:\\\/\\\/www.nilau-paris.com\\\/mentions-legales\\\/#primaryimage\",\"url\":\"http:\\\/\\\/www.nilau-paris.com\\\/wp-content\\\/uploads\\\/elementor\\\/thumbs\\\/sac-a-main-nera-emeraude-porte1-pppdrkjso4unjpq0tw3y9v22ni30e4jjm0tpe7bnbs.webp\",\"contentUrl\":\"http:\\\/\\\/www.nilau-paris.com\\\/wp-content\\\/uploads\\\/elementor\\\/thumbs\\\/sac-a-main-nera-emeraude-porte1-pppdrkjso4unjpq0tw3y9v22ni30e4jjm0tpe7bnbs.webp\"},{\"@type\":\"BreadcrumbList\",\"@id\":\"https:\\\/\\\/www.nilau-paris.com\\\/mentions-legales\\\/#breadcrumb\",\"itemListElement\":[{\"@type\":\"ListItem\",\"position\":1,\"name\":\"Accueil\",\"item\":\"https:\\\/\\\/www.nilau-paris.com\\\/\"},{\"@type\":\"ListItem\",\"position\":2,\"name\":\"Mentions l\u00e9gales\"}]},{\"@type\":\"WebSite\",\"@id\":\"https:\\\/\\\/www.nilau-paris.com\\\/#website\",\"url\":\"https:\\\/\\\/www.nilau-paris.com\\\/\",\"name\":\"Nilau\",\"description\":\"Haute Maroquinerie fran\u00e7aise\",\"publisher\":{\"@id\":\"https:\\\/\\\/www.nilau-paris.com\\\/#organization\"},\"potentialAction\":[{\"@type\":\"SearchAction\",\"target\":{\"@type\":\"EntryPoint\",\"urlTemplate\":\"https:\\\/\\\/www.nilau-paris.com\\\/?s={search_term_string}\"},\"query-input\":{\"@type\":\"PropertyValueSpecification\",\"valueRequired\":true,\"valueName\":\"search_term_string\"}}],\"inLanguage\":\"en-US\"},{\"@type\":\"Organization\",\"@id\":\"https:\\\/\\\/www.nilau-paris.com\\\/#organization\",\"name\":\"Nilau Paris\",\"url\":\"https:\\\/\\\/www.nilau-paris.com\\\/\",\"logo\":{\"@type\":\"ImageObject\",\"inLanguage\":\"en-US\",\"@id\":\"https:\\\/\\\/www.nilau-paris.com\\\/#\\\/schema\\\/logo\\\/image\\\/\",\"url\":\"https:\\\/\\\/www.nilau-paris.com\\\/wp-content\\\/uploads\\\/2022\\\/04\\\/cropped-LOGO-nilau-site.png\",\"contentUrl\":\"https:\\\/\\\/www.nilau-paris.com\\\/wp-content\\\/uploads\\\/2022\\\/04\\\/cropped-LOGO-nilau-site.png\",\"width\":124,\"height\":80,\"caption\":\"Nilau Paris\"},\"image\":{\"@id\":\"https:\\\/\\\/www.nilau-paris.com\\\/#\\\/schema\\\/logo\\\/image\\\/\"}}]}<\/script>\n<!-- \/ Yoast SEO plugin. -->","yoast_head_json":{"title":"Mentions l\u00e9gales Nilau - Haute Maroquinerie fran\u00e7aise d'aujourd'hui","description":"Mentions l\u00e9gales Nilau - La soci\u00e9t\u00e9 SAS LAPLAINE est immatricul\u00e9e au RCS de Viennes sous le num\u00e9ro 881 612 030","robots":{"index":"index","follow":"follow","max-snippet":"max-snippet:-1","max-image-preview":"max-image-preview:large","max-video-preview":"max-video-preview:-1"},"canonical":"https:\/\/www.nilau-paris.com\/en\/mentions-legales\/","og_locale":"en_US","og_type":"article","og_title":"Mentions l\u00e9gales Nilau - Haute Maroquinerie fran\u00e7aise d'aujourd'hui","og_description":"Mentions l\u00e9gales Nilau - La soci\u00e9t\u00e9 SAS LAPLAINE est immatricul\u00e9e au RCS de Viennes sous le num\u00e9ro 881 612 030","og_url":"https:\/\/www.nilau-paris.com\/en\/mentions-legales\/","og_site_name":"Nilau","article_modified_time":"2022-06-21T09:19:40+00:00","og_image":[{"url":"http:\/\/www.nilau-paris.com\/wp-content\/uploads\/elementor\/thumbs\/sac-a-main-nera-emeraude-porte1-pppdrkjso4unjpq0tw3y9v22ni30e4jjm0tpe7bnbs.webp","type":"","width":"","height":""}],"twitter_card":"summary_large_image","twitter_misc":{"Est. reading time":"2 minutes"},"schema":{"@context":"https:\/\/schema.org","@graph":[{"@type":"WebPage","@id":"https:\/\/www.nilau-paris.com\/mentions-legales\/","url":"https:\/\/www.nilau-paris.com\/mentions-legales\/","name":"Mentions l\u00e9gales Nilau - Haute Maroquinerie fran\u00e7aise d'aujourd'hui","isPartOf":{"@id":"https:\/\/www.nilau-paris.com\/#website"},"primaryImageOfPage":{"@id":"https:\/\/www.nilau-paris.com\/mentions-legales\/#primaryimage"},"image":{"@id":"https:\/\/www.nilau-paris.com\/mentions-legales\/#primaryimage"},"thumbnailUrl":"http:\/\/www.nilau-paris.com\/wp-content\/uploads\/elementor\/thumbs\/sac-a-main-nera-emeraude-porte1-pppdrkjso4unjpq0tw3y9v22ni30e4jjm0tpe7bnbs.webp","datePublished":"2022-05-23T02:41:44+00:00","dateModified":"2022-06-21T09:19:40+00:00","description":"Mentions l\u00e9gales Nilau - La soci\u00e9t\u00e9 SAS LAPLAINE est immatricul\u00e9e au RCS de Viennes sous le num\u00e9ro 881 612 030","breadcrumb":{"@id":"https:\/\/www.nilau-paris.com\/mentions-legales\/#breadcrumb"},"inLanguage":"en-US","potentialAction":[{"@type":"ReadAction","target":["https:\/\/www.nilau-paris.com\/mentions-legales\/"]}]},{"@type":"ImageObject","inLanguage":"en-US","@id":"https:\/\/www.nilau-paris.com\/mentions-legales\/#primaryimage","url":"http:\/\/www.nilau-paris.com\/wp-content\/uploads\/elementor\/thumbs\/sac-a-main-nera-emeraude-porte1-pppdrkjso4unjpq0tw3y9v22ni30e4jjm0tpe7bnbs.webp","contentUrl":"http:\/\/www.nilau-paris.com\/wp-content\/uploads\/elementor\/thumbs\/sac-a-main-nera-emeraude-porte1-pppdrkjso4unjpq0tw3y9v22ni30e4jjm0tpe7bnbs.webp"},{"@type":"BreadcrumbList","@id":"https:\/\/www.nilau-paris.com\/mentions-legales\/#breadcrumb","itemListElement":[{"@type":"ListItem","position":1,"name":"Accueil","item":"https:\/\/www.nilau-paris.com\/"},{"@type":"ListItem","position":2,"name":"Mentions l\u00e9gales"}]},{"@type":"WebSite","@id":"https:\/\/www.nilau-paris.com\/#website","url":"https:\/\/www.nilau-paris.com\/","name":"Nilau","description":"French Haute Maroquinerie","publisher":{"@id":"https:\/\/www.nilau-paris.com\/#organization"},"potentialAction":[{"@type":"SearchAction","target":{"@type":"EntryPoint","urlTemplate":"https:\/\/www.nilau-paris.com\/?s={search_term_string}"},"query-input":{"@type":"PropertyValueSpecification","valueRequired":true,"valueName":"search_term_string"}}],"inLanguage":"en-US"},{"@type":"Organization","@id":"https:\/\/www.nilau-paris.com\/#organization","name":"Nilau Paris","url":"https:\/\/www.nilau-paris.com\/","logo":{"@type":"ImageObject","inLanguage":"en-US","@id":"https:\/\/www.nilau-paris.com\/#\/schema\/logo\/image\/","url":"https:\/\/www.nilau-paris.com\/wp-content\/uploads\/2022\/04\/cropped-LOGO-nilau-site.png","contentUrl":"https:\/\/www.nilau-paris.com\/wp-content\/uploads\/2022\/04\/cropped-LOGO-nilau-site.png","width":124,"height":80,"caption":"Nilau Paris"},"image":{"@id":"https:\/\/www.nilau-paris.com\/#\/schema\/logo\/image\/"}}]}},"_links":{"self":[{"href":"https:\/\/www.nilau-paris.com\/en\/wp-json\/wp\/v2\/pages\/2056","targetHints":{"allow":["GET"]}}],"collection":[{"href":"https:\/\/www.nilau-paris.com\/en\/wp-json\/wp\/v2\/pages"}],"about":[{"href":"https:\/\/www.nilau-paris.com\/en\/wp-json\/wp\/v2\/types\/page"}],"author":[{"embeddable":true,"href":"https:\/\/www.nilau-paris.com\/en\/wp-json\/wp\/v2\/users\/2"}],"replies":[{"embeddable":true,"href":"https:\/\/www.nilau-paris.com\/en\/wp-json\/wp\/v2\/comments?post=2056"}],"version-history":[{"count":47,"href":"https:\/\/www.nilau-paris.com\/en\/wp-json\/wp\/v2\/pages\/2056\/revisions"}],"predecessor-version":[{"id":3781,"href":"https:\/\/www.nilau-paris.com\/en\/wp-json\/wp\/v2\/pages\/2056\/revisions\/3781"}],"wp:attachment":[{"href":"https:\/\/www.nilau-paris.com\/en\/wp-json\/wp\/v2\/media?parent=2056"}],"curies":[{"name":"wp","href":"https:\/\/api.w.org\/{rel}","templated":true}]}}