{"id":1809,"date":"2022-05-20T21:58:29","date_gmt":"2022-05-20T19:58:29","guid":{"rendered":"http:\/\/www.nilau-paris.com\/?page_id=1809"},"modified":"2023-05-11T12:02:25","modified_gmt":"2023-05-11T10:02:25","slug":"notre-demarche","status":"publish","type":"page","link":"https:\/\/www.nilau-paris.com\/en\/notre-demarche\/","title":{"rendered":"Our approach"},"content":{"rendered":"<div data-elementor-type=\"wp-page\" data-elementor-id=\"1809\" class=\"elementor elementor-1809\">\n\t\t\t\t\t\t<section class=\"elementor-section elementor-top-section elementor-element elementor-element-d08672c elementor-section-boxed elementor-section-height-default elementor-section-height-default\" data-id=\"d08672c\" data-element_type=\"section\" data-e-type=\"section\">\n\t\t\t\t\t\t<div class=\"elementor-container elementor-column-gap-default\">\n\t\t\t\t\t<div class=\"elementor-column elementor-col-100 elementor-top-column elementor-element elementor-element-8478344\" data-id=\"8478344\" data-element_type=\"column\" data-e-type=\"column\">\n\t\t\t<div class=\"elementor-widget-wrap elementor-element-populated\">\n\t\t\t\t\t\t<div class=\"elementor-element elementor-element-9b1fc53 elementor-widget elementor-widget-heading\" data-id=\"9b1fc53\" data-element_type=\"widget\" data-e-type=\"widget\" data-widget_type=\"heading.default\">\n\t\t\t\t<div class=\"elementor-widget-container\">\n\t\t\t\t\t<h2 class=\"elementor-heading-title elementor-size-default\">A local expertise <\/br>\nwith a distinctly human touch<\/h2>\t\t\t\t<\/div>\n\t\t\t\t<\/div>\n\t\t\t\t<div class=\"elementor-element elementor-element-113caf4 elementor-widget elementor-widget-spacer\" data-id=\"113caf4\" data-element_type=\"widget\" data-e-type=\"widget\" data-widget_type=\"spacer.default\">\n\t\t\t\t<div class=\"elementor-widget-container\">\n\t\t\t\t\t\t\t<div class=\"elementor-spacer\">\n\t\t\t<div class=\"elementor-spacer-inner\"><\/div>\n\t\t<\/div>\n\t\t\t\t\t\t<\/div>\n\t\t\t\t<\/div>\n\t\t\t\t\t<\/div>\n\t\t<\/div>\n\t\t\t\t\t<\/div>\n\t\t<\/section>\n\t\t\t\t<section class=\"elementor-section elementor-top-section elementor-element elementor-element-fa00035 elementor-section-boxed elementor-section-height-default elementor-section-height-default\" data-id=\"fa00035\" data-element_type=\"section\" data-e-type=\"section\">\n\t\t\t\t\t\t<div class=\"elementor-container elementor-column-gap-default\">\n\t\t\t\t\t<div class=\"elementor-column elementor-col-100 elementor-top-column elementor-element elementor-element-47726ab\" data-id=\"47726ab\" data-element_type=\"column\" data-e-type=\"column\">\n\t\t\t<div class=\"elementor-widget-wrap elementor-element-populated\">\n\t\t\t\t\t\t<div class=\"elementor-element elementor-element-d01e426 elementor-widget elementor-widget-text-editor\" data-id=\"d01e426\" data-element_type=\"widget\" data-e-type=\"widget\" data-widget_type=\"text-editor.default\">\n\t\t\t\t<div class=\"elementor-widget-container\">\n\t\t\t\t\t\t\t\t\t<div class=\"page\" title=\"Page 1\">\n<div class=\"section\">\n<div class=\"layoutArea\">\n<div class=\"column\">\n<p style=\"text-align: center;\">By <strong><a href=\"http:\/\/www.nilau-paris.com\/en\/notre-histoire\/\">creating Nilau<\/a><\/strong>we wanted the adventure to be above all a human story.<br>Between the enthusiasm for meeting new people and the desire to take our time to do things right, we found the right balance to enhance the circularity and the proximity. Thus we offer the best in our leather goods creations by committing to <strong><a href=\"http:\/\/www.nilau-paris.com\/en\/notre-demarche\/\">a human rhythm of production<\/a><\/strong> and promoting the preservation of local know-how.&nbsp;<\/p>\n<\/div>\n<\/div>\n<\/div>\n<\/div>\t\t\t\t\t\t\t\t<\/div>\n\t\t\t\t<\/div>\n\t\t\t\t<div class=\"elementor-element elementor-element-9103b6e elementor-widget elementor-widget-spacer\" data-id=\"9103b6e\" data-element_type=\"widget\" data-e-type=\"widget\" data-widget_type=\"spacer.default\">\n\t\t\t\t<div class=\"elementor-widget-container\">\n\t\t\t\t\t\t\t<div class=\"elementor-spacer\">\n\t\t\t<div class=\"elementor-spacer-inner\"><\/div>\n\t\t<\/div>\n\t\t\t\t\t\t<\/div>\n\t\t\t\t<\/div>\n\t\t\t\t<div class=\"elementor-element elementor-element-97fa75f elementor-widget elementor-widget-image\" data-id=\"97fa75f\" data-element_type=\"widget\" data-e-type=\"widget\" data-widget_type=\"image.default\">\n\t\t\t\t<div class=\"elementor-widget-container\">\n\t\t\t\t\t\t\t\t\t\t\t\t\t\t\t<img fetchpriority=\"high\" decoding=\"async\" width=\"2560\" height=\"1508\" src=\"https:\/\/www.nilau-paris.com\/wp-content\/uploads\/2022\/06\/savoir-faire-artisanal-francaise-scaled.webp\" class=\"attachment-full size-full wp-image-3352\" alt=\"Exp\u00e9rience d&#039;achat unique\" srcset=\"https:\/\/www.nilau-paris.com\/wp-content\/uploads\/2022\/06\/savoir-faire-artisanal-francaise-scaled.webp 2560w, https:\/\/www.nilau-paris.com\/wp-content\/uploads\/2022\/06\/savoir-faire-artisanal-francaise-300x177.webp 300w, https:\/\/www.nilau-paris.com\/wp-content\/uploads\/2022\/06\/savoir-faire-artisanal-francaise-1024x603.webp 1024w, https:\/\/www.nilau-paris.com\/wp-content\/uploads\/2022\/06\/savoir-faire-artisanal-francaise-768x452.webp 768w, https:\/\/www.nilau-paris.com\/wp-content\/uploads\/2022\/06\/savoir-faire-artisanal-francaise-1536x905.webp 1536w, https:\/\/www.nilau-paris.com\/wp-content\/uploads\/2022\/06\/savoir-faire-artisanal-francaise-2048x1206.webp 2048w, https:\/\/www.nilau-paris.com\/wp-content\/uploads\/2022\/06\/savoir-faire-artisanal-francaise-18x12.webp 18w, https:\/\/www.nilau-paris.com\/wp-content\/uploads\/2022\/06\/savoir-faire-artisanal-francaise-600x353.webp 600w\" sizes=\"(max-width: 2560px) 100vw, 2560px\" \/>\t\t\t\t\t\t\t\t\t\t\t\t\t\t\t<\/div>\n\t\t\t\t<\/div>\n\t\t\t\t<div class=\"elementor-element elementor-element-7422ae3 elementor-widget elementor-widget-spacer\" data-id=\"7422ae3\" data-element_type=\"widget\" data-e-type=\"widget\" data-widget_type=\"spacer.default\">\n\t\t\t\t<div class=\"elementor-widget-container\">\n\t\t\t\t\t\t\t<div class=\"elementor-spacer\">\n\t\t\t<div class=\"elementor-spacer-inner\"><\/div>\n\t\t<\/div>\n\t\t\t\t\t\t<\/div>\n\t\t\t\t<\/div>\n\t\t\t\t<div class=\"elementor-element elementor-element-9864f6b elementor-widget elementor-widget-text-editor\" data-id=\"9864f6b\" data-element_type=\"widget\" data-e-type=\"widget\" data-widget_type=\"text-editor.default\">\n\t\t\t\t<div class=\"elementor-widget-container\">\n\t\t\t\t\t\t\t\t\t<div class=\"page\" title=\"Page 1\"><div class=\"section\"><div class=\"layoutArea\"><div class=\"column\"><p style=\"text-align: center;\">Having a responsible, local and human approach is obvious to us.\u00a0<br \/><span style=\"font-size: 1em;\">Cooperating with breeders and the local tanneries allows us to ensure the origin and quality of our leather.\nMoreover, we can easily guarantee animal welfare, which is an essential point in the selection of our materials.<\/span><\/p><p style=\"text-align: center;\">All our ostrich leathers, our salmon leathers, or cowhide are traced, from the breeder to the atelier. <a href=\"http:\/\/www.auvergnerhonealpes.fr\">Auvergne Rh\u00f4ne-Alpes<\/a> birthplace of the designer our in Europe for our linings.<\/p><\/div><\/div><\/div><\/div>\t\t\t\t\t\t\t\t<\/div>\n\t\t\t\t<\/div>\n\t\t\t\t<div class=\"elementor-element elementor-element-7f1bdcf elementor-widget elementor-widget-spacer\" data-id=\"7f1bdcf\" data-element_type=\"widget\" data-e-type=\"widget\" data-widget_type=\"spacer.default\">\n\t\t\t\t<div class=\"elementor-widget-container\">\n\t\t\t\t\t\t\t<div class=\"elementor-spacer\">\n\t\t\t<div class=\"elementor-spacer-inner\"><\/div>\n\t\t<\/div>\n\t\t\t\t\t\t<\/div>\n\t\t\t\t<\/div>\n\t\t\t\t\t<\/div>\n\t\t<\/div>\n\t\t\t\t\t<\/div>\n\t\t<\/section>\n\t\t\t\t<section class=\"elementor-section elementor-top-section elementor-element elementor-element-ad79800 elementor-section-boxed elementor-section-height-default elementor-section-height-default\" data-id=\"ad79800\" data-element_type=\"section\" data-e-type=\"section\">\n\t\t\t\t\t\t<div class=\"elementor-container elementor-column-gap-default\">\n\t\t\t\t\t<div class=\"elementor-column elementor-col-100 elementor-top-column elementor-element elementor-element-880b204\" data-id=\"880b204\" data-element_type=\"column\" data-e-type=\"column\">\n\t\t\t<div class=\"elementor-widget-wrap elementor-element-populated\">\n\t\t\t\t\t\t<div class=\"elementor-element elementor-element-86229d8 gallery-spacing-custom elementor-widget elementor-widget-image-gallery\" data-id=\"86229d8\" data-element_type=\"widget\" data-e-type=\"widget\" data-widget_type=\"image-gallery.default\">\n\t\t\t\t<div class=\"elementor-widget-container\">\n\t\t\t\t\t\t\t<div class=\"elementor-image-gallery\">\n\t\t\t<div id='gallery-1' class='gallery galleryid-1809 gallery-columns-2 gallery-size-2048x2048'><figure class='gallery-item'>\n\t\t\t<div class='gallery-icon landscape'>\n\t\t\t\t<img decoding=\"async\" width=\"2048\" height=\"2048\" src=\"https:\/\/www.nilau-paris.com\/wp-content\/uploads\/2023\/05\/Lin-fleur-2048x2048.webp\" class=\"attachment-2048x2048 size-2048x2048\" alt=\"Fleurs bleue\" srcset=\"https:\/\/www.nilau-paris.com\/wp-content\/uploads\/2023\/05\/Lin-fleur-2048x2048.webp 2048w, https:\/\/www.nilau-paris.com\/wp-content\/uploads\/2023\/05\/Lin-fleur-300x300.webp 300w, https:\/\/www.nilau-paris.com\/wp-content\/uploads\/2023\/05\/Lin-fleur-1024x1024.webp 1024w, https:\/\/www.nilau-paris.com\/wp-content\/uploads\/2023\/05\/Lin-fleur-150x150.webp 150w, https:\/\/www.nilau-paris.com\/wp-content\/uploads\/2023\/05\/Lin-fleur-768x768.webp 768w, https:\/\/www.nilau-paris.com\/wp-content\/uploads\/2023\/05\/Lin-fleur-1536x1536.webp 1536w, https:\/\/www.nilau-paris.com\/wp-content\/uploads\/2023\/05\/Lin-fleur-12x12.webp 12w, https:\/\/www.nilau-paris.com\/wp-content\/uploads\/2023\/05\/Lin-fleur-600x600.webp 600w, https:\/\/www.nilau-paris.com\/wp-content\/uploads\/2023\/05\/Lin-fleur-100x100.webp 100w\" sizes=\"(max-width: 2048px) 100vw, 2048px\" \/>\n\t\t\t<\/div><\/figure><figure class='gallery-item'>\n\t\t\t<div class='gallery-icon landscape'>\n\t\t\t\t<img decoding=\"async\" width=\"2048\" height=\"2048\" src=\"https:\/\/www.nilau-paris.com\/wp-content\/uploads\/2023\/05\/Sans-titre-5-2048x2048.webp\" class=\"attachment-2048x2048 size-2048x2048\" alt=\"Machine \u00e0 tisser\" srcset=\"https:\/\/www.nilau-paris.com\/wp-content\/uploads\/2023\/05\/Sans-titre-5-2048x2048.webp 2048w, https:\/\/www.nilau-paris.com\/wp-content\/uploads\/2023\/05\/Sans-titre-5-300x300.webp 300w, https:\/\/www.nilau-paris.com\/wp-content\/uploads\/2023\/05\/Sans-titre-5-1024x1024.webp 1024w, https:\/\/www.nilau-paris.com\/wp-content\/uploads\/2023\/05\/Sans-titre-5-150x150.webp 150w, https:\/\/www.nilau-paris.com\/wp-content\/uploads\/2023\/05\/Sans-titre-5-768x768.webp 768w, https:\/\/www.nilau-paris.com\/wp-content\/uploads\/2023\/05\/Sans-titre-5-1536x1536.webp 1536w, https:\/\/www.nilau-paris.com\/wp-content\/uploads\/2023\/05\/Sans-titre-5-12x12.webp 12w, https:\/\/www.nilau-paris.com\/wp-content\/uploads\/2023\/05\/Sans-titre-5-600x600.webp 600w, https:\/\/www.nilau-paris.com\/wp-content\/uploads\/2023\/05\/Sans-titre-5-100x100.webp 100w\" sizes=\"(max-width: 2048px) 100vw, 2048px\" \/>\n\t\t\t<\/div><\/figure><figure class='gallery-item'>\n\t\t\t<div class='gallery-icon landscape'>\n\t\t\t\t<img loading=\"lazy\" decoding=\"async\" width=\"2048\" height=\"2048\" src=\"https:\/\/www.nilau-paris.com\/wp-content\/uploads\/2022\/05\/Elevage-d_autruche-franc\u0327ais-2048x2048.webp\" class=\"attachment-2048x2048 size-2048x2048\" alt=\"ferme autruche\" aria-describedby=\"gallery-1-1826\" srcset=\"https:\/\/www.nilau-paris.com\/wp-content\/uploads\/2022\/05\/Elevage-d_autruche-franc\u0327ais-2048x2048.webp 2048w, https:\/\/www.nilau-paris.com\/wp-content\/uploads\/2022\/05\/Elevage-d_autruche-franc\u0327ais-300x300.webp 300w, https:\/\/www.nilau-paris.com\/wp-content\/uploads\/2022\/05\/Elevage-d_autruche-franc\u0327ais-1024x1024.webp 1024w, https:\/\/www.nilau-paris.com\/wp-content\/uploads\/2022\/05\/Elevage-d_autruche-franc\u0327ais-150x150.webp 150w, https:\/\/www.nilau-paris.com\/wp-content\/uploads\/2022\/05\/Elevage-d_autruche-franc\u0327ais-768x768.webp 768w, https:\/\/www.nilau-paris.com\/wp-content\/uploads\/2022\/05\/Elevage-d_autruche-franc\u0327ais-1536x1536.webp 1536w, https:\/\/www.nilau-paris.com\/wp-content\/uploads\/2022\/05\/Elevage-d_autruche-franc\u0327ais-12x12.webp 12w, https:\/\/www.nilau-paris.com\/wp-content\/uploads\/2022\/05\/Elevage-d_autruche-franc\u0327ais-600x600.webp 600w, https:\/\/www.nilau-paris.com\/wp-content\/uploads\/2022\/05\/Elevage-d_autruche-franc\u0327ais-100x100.webp 100w\" sizes=\"(max-width: 2048px) 100vw, 2048px\" \/>\n\t\t\t<\/div>\n\t\t\t\t<figcaption class='wp-caption-text gallery-caption' id='gallery-1-1826'>\n\t\t\t\tBreeding farm\n\t\t\t\t<\/figcaption><\/figure><figure class='gallery-item'>\n\t\t\t<div class='gallery-icon portrait'>\n\t\t\t\t<img loading=\"lazy\" decoding=\"async\" width=\"698\" height=\"737\" src=\"https:\/\/www.nilau-paris.com\/wp-content\/uploads\/2023\/05\/345254814_944765766678930_1306417659208948313_n-e1683799142246.webp\" class=\"attachment-2048x2048 size-2048x2048\" alt=\"Tannage du cuir en france\" aria-describedby=\"gallery-1-6072\" srcset=\"https:\/\/www.nilau-paris.com\/wp-content\/uploads\/2023\/05\/345254814_944765766678930_1306417659208948313_n-e1683799142246.webp 698w, https:\/\/www.nilau-paris.com\/wp-content\/uploads\/2023\/05\/345254814_944765766678930_1306417659208948313_n-e1683799142246-284x300.webp 284w, https:\/\/www.nilau-paris.com\/wp-content\/uploads\/2023\/05\/345254814_944765766678930_1306417659208948313_n-e1683799142246-11x12.webp 11w, https:\/\/www.nilau-paris.com\/wp-content\/uploads\/2023\/05\/345254814_944765766678930_1306417659208948313_n-e1683799142246-600x634.webp 600w\" sizes=\"(max-width: 698px) 100vw, 698px\" \/>\n\t\t\t<\/div>\n\t\t\t\t<figcaption class='wp-caption-text gallery-caption' id='gallery-1-6072'>\n\t\t\t\tTannage\n\t\t\t\t<\/figcaption><\/figure>\n\t\t<\/div>\n\t\t<\/div>\n\t\t\t\t\t\t<\/div>\n\t\t\t\t<\/div>\n\t\t\t\t\t<\/div>\n\t\t<\/div>\n\t\t\t\t\t<\/div>\n\t\t<\/section>\n\t\t\t\t<section class=\"elementor-section elementor-top-section elementor-element elementor-element-1a1595c elementor-section-boxed elementor-section-height-default elementor-section-height-default\" data-id=\"1a1595c\" data-element_type=\"section\" data-e-type=\"section\">\n\t\t\t\t\t\t<div class=\"elementor-container elementor-column-gap-default\">\n\t\t\t\t\t<div class=\"elementor-column elementor-col-100 elementor-top-column elementor-element elementor-element-a623a22\" data-id=\"a623a22\" data-element_type=\"column\" data-e-type=\"column\">\n\t\t\t<div class=\"elementor-widget-wrap elementor-element-populated\">\n\t\t\t\t\t\t<div class=\"elementor-element elementor-element-b24c775 elementor-widget elementor-widget-text-editor\" data-id=\"b24c775\" data-element_type=\"widget\" data-e-type=\"widget\" data-widget_type=\"text-editor.default\">\n\t\t\t\t<div class=\"elementor-widget-container\">\n\t\t\t\t\t\t\t\t\t<p>This sustainable approach is found in our workshops as well.\u00a0<br \/><span style=\"color: var( --e-global-color-text ); font-family: var( --e-global-typography-text-font-family ), Sans-serif; font-size: 1rem;\">Indeed, our pieces are handmade with love in a family workshop located in Auvergne Rh\u00f4ne-Alpes, not far from Lyon.<br \/><\/span>Leather cutting, splitting, trimming, assembly, sewing and hot stamping are all steps<br \/>which require ten hours of work and gestures.<br \/>They also reflect the traditional know-how of the workshop. <br \/>This art of shaping materials is the legacy of the manager's grandfather who shares it and transmits it with passion to all of his craftsmen.<br \/>The quality of the products and the taste for proximity are the key words that brought us together.<\/p>\t\t\t\t\t\t\t\t<\/div>\n\t\t\t\t<\/div>\n\t\t\t\t\t<\/div>\n\t\t<\/div>\n\t\t\t\t\t<\/div>\n\t\t<\/section>\n\t\t\t\t<\/div>","protected":false},"excerpt":{"rendered":"<p>Un savoir-faire local \u00e0 l\u2019aspect d\u00e9finitivement humain En cr\u00e9ant Nilau, il se fallait que l\u2019aventure soit une histoire avant tout humaine.Entre l\u2019enthousiasme de faire de nouvelles rencontres et l\u2019envie de prendre son temps pour faire les choses bien, nous avons trouv\u00e9 le juste milieu pour sublimer la circularit\u00e9 et la proximit\u00e9. Ainsi nous offrons le [&hellip;]<\/p>\n","protected":false},"author":2,"featured_media":0,"parent":0,"menu_order":0,"comment_status":"closed","ping_status":"closed","template":"elementor_header_footer","meta":{"content-type":"","footnotes":""},"class_list":["post-1809","page","type-page","status-publish","hentry"],"yoast_head":"<!-- This site is optimized with the Yoast SEO plugin v27.5 - https:\/\/yoast.com\/product\/yoast-seo-wordpress\/ -->\n<title>Notre d\u00e9marche responsable et locale - Nilau Haute Maroquinerie<\/title>\n<meta name=\"description\" content=\"Entre collaboration avec nos fournisseurs et des ateliers \u00e0 taille humaine, ils nous semble \u00e9vident d&#039;avoir une d\u00e9marche responsable.\" \/>\n<meta name=\"robots\" content=\"index, follow, max-snippet:-1, max-image-preview:large, max-video-preview:-1\" \/>\n<link rel=\"canonical\" href=\"https:\/\/www.nilau-paris.com\/en\/notre-demarche\/\" \/>\n<meta property=\"og:locale\" content=\"en_US\" \/>\n<meta property=\"og:type\" content=\"article\" \/>\n<meta property=\"og:title\" content=\"Notre d\u00e9marche responsable et locale - Nilau Haute Maroquinerie\" \/>\n<meta property=\"og:description\" content=\"Entre collaboration avec nos fournisseurs et des ateliers \u00e0 taille humaine, ils nous semble \u00e9vident d&#039;avoir une d\u00e9marche responsable.\" \/>\n<meta property=\"og:url\" content=\"https:\/\/www.nilau-paris.com\/en\/notre-demarche\/\" \/>\n<meta property=\"og:site_name\" content=\"Nilau\" \/>\n<meta property=\"article:modified_time\" content=\"2023-05-11T10:02:25+00:00\" \/>\n<meta property=\"og:image\" content=\"https:\/\/www.nilau-paris.com\/wp-content\/uploads\/2022\/06\/savoir-faire-artisanal-francaise-scaled.webp\" \/>\n<meta name=\"twitter:card\" content=\"summary_large_image\" \/>\n<meta name=\"twitter:label1\" content=\"Est. reading time\" \/>\n\t<meta name=\"twitter:data1\" content=\"3 minutes\" \/>\n<script type=\"application\/ld+json\" class=\"yoast-schema-graph\">{\"@context\":\"https:\\\/\\\/schema.org\",\"@graph\":[{\"@type\":\"WebPage\",\"@id\":\"https:\\\/\\\/www.nilau-paris.com\\\/notre-demarche\\\/\",\"url\":\"https:\\\/\\\/www.nilau-paris.com\\\/notre-demarche\\\/\",\"name\":\"Notre d\u00e9marche responsable et locale - Nilau Haute Maroquinerie\",\"isPartOf\":{\"@id\":\"https:\\\/\\\/www.nilau-paris.com\\\/#website\"},\"primaryImageOfPage\":{\"@id\":\"https:\\\/\\\/www.nilau-paris.com\\\/notre-demarche\\\/#primaryimage\"},\"image\":{\"@id\":\"https:\\\/\\\/www.nilau-paris.com\\\/notre-demarche\\\/#primaryimage\"},\"thumbnailUrl\":\"https:\\\/\\\/www.nilau-paris.com\\\/wp-content\\\/uploads\\\/2022\\\/06\\\/savoir-faire-artisanal-francaise-scaled.webp\",\"datePublished\":\"2022-05-20T19:58:29+00:00\",\"dateModified\":\"2023-05-11T10:02:25+00:00\",\"description\":\"Entre collaboration avec nos fournisseurs et des ateliers \u00e0 taille humaine, ils nous semble \u00e9vident d'avoir une d\u00e9marche responsable.\",\"breadcrumb\":{\"@id\":\"https:\\\/\\\/www.nilau-paris.com\\\/notre-demarche\\\/#breadcrumb\"},\"inLanguage\":\"en-US\",\"potentialAction\":[{\"@type\":\"ReadAction\",\"target\":[\"https:\\\/\\\/www.nilau-paris.com\\\/notre-demarche\\\/\"]}]},{\"@type\":\"ImageObject\",\"inLanguage\":\"en-US\",\"@id\":\"https:\\\/\\\/www.nilau-paris.com\\\/notre-demarche\\\/#primaryimage\",\"url\":\"https:\\\/\\\/www.nilau-paris.com\\\/wp-content\\\/uploads\\\/2022\\\/06\\\/savoir-faire-artisanal-francaise-scaled.webp\",\"contentUrl\":\"https:\\\/\\\/www.nilau-paris.com\\\/wp-content\\\/uploads\\\/2022\\\/06\\\/savoir-faire-artisanal-francaise-scaled.webp\"},{\"@type\":\"BreadcrumbList\",\"@id\":\"https:\\\/\\\/www.nilau-paris.com\\\/notre-demarche\\\/#breadcrumb\",\"itemListElement\":[{\"@type\":\"ListItem\",\"position\":1,\"name\":\"Accueil\",\"item\":\"https:\\\/\\\/www.nilau-paris.com\\\/\"},{\"@type\":\"ListItem\",\"position\":2,\"name\":\"Notre d\u00e9marche\"}]},{\"@type\":\"WebSite\",\"@id\":\"https:\\\/\\\/www.nilau-paris.com\\\/#website\",\"url\":\"https:\\\/\\\/www.nilau-paris.com\\\/\",\"name\":\"Nilau\",\"description\":\"Haute Maroquinerie fran\u00e7aise\",\"publisher\":{\"@id\":\"https:\\\/\\\/www.nilau-paris.com\\\/#organization\"},\"potentialAction\":[{\"@type\":\"SearchAction\",\"target\":{\"@type\":\"EntryPoint\",\"urlTemplate\":\"https:\\\/\\\/www.nilau-paris.com\\\/?s={search_term_string}\"},\"query-input\":{\"@type\":\"PropertyValueSpecification\",\"valueRequired\":true,\"valueName\":\"search_term_string\"}}],\"inLanguage\":\"en-US\"},{\"@type\":\"Organization\",\"@id\":\"https:\\\/\\\/www.nilau-paris.com\\\/#organization\",\"name\":\"Nilau Paris\",\"url\":\"https:\\\/\\\/www.nilau-paris.com\\\/\",\"logo\":{\"@type\":\"ImageObject\",\"inLanguage\":\"en-US\",\"@id\":\"https:\\\/\\\/www.nilau-paris.com\\\/#\\\/schema\\\/logo\\\/image\\\/\",\"url\":\"https:\\\/\\\/www.nilau-paris.com\\\/wp-content\\\/uploads\\\/2022\\\/04\\\/cropped-LOGO-nilau-site.png\",\"contentUrl\":\"https:\\\/\\\/www.nilau-paris.com\\\/wp-content\\\/uploads\\\/2022\\\/04\\\/cropped-LOGO-nilau-site.png\",\"width\":124,\"height\":80,\"caption\":\"Nilau Paris\"},\"image\":{\"@id\":\"https:\\\/\\\/www.nilau-paris.com\\\/#\\\/schema\\\/logo\\\/image\\\/\"}}]}<\/script>\n<!-- \/ Yoast SEO plugin. -->","yoast_head_json":{"title":"Notre d\u00e9marche responsable et locale - Nilau Haute Maroquinerie","description":"Entre collaboration avec nos fournisseurs et des ateliers \u00e0 taille humaine, ils nous semble \u00e9vident d'avoir une d\u00e9marche responsable.","robots":{"index":"index","follow":"follow","max-snippet":"max-snippet:-1","max-image-preview":"max-image-preview:large","max-video-preview":"max-video-preview:-1"},"canonical":"https:\/\/www.nilau-paris.com\/en\/notre-demarche\/","og_locale":"en_US","og_type":"article","og_title":"Notre d\u00e9marche responsable et locale - Nilau Haute Maroquinerie","og_description":"Entre collaboration avec nos fournisseurs et des ateliers \u00e0 taille humaine, ils nous semble \u00e9vident d'avoir une d\u00e9marche responsable.","og_url":"https:\/\/www.nilau-paris.com\/en\/notre-demarche\/","og_site_name":"Nilau","article_modified_time":"2023-05-11T10:02:25+00:00","og_image":[{"url":"https:\/\/www.nilau-paris.com\/wp-content\/uploads\/2022\/06\/savoir-faire-artisanal-francaise-scaled.webp","type":"","width":"","height":""}],"twitter_card":"summary_large_image","twitter_misc":{"Est. reading time":"3 minutes"},"schema":{"@context":"https:\/\/schema.org","@graph":[{"@type":"WebPage","@id":"https:\/\/www.nilau-paris.com\/notre-demarche\/","url":"https:\/\/www.nilau-paris.com\/notre-demarche\/","name":"Notre d\u00e9marche responsable et locale - Nilau Haute Maroquinerie","isPartOf":{"@id":"https:\/\/www.nilau-paris.com\/#website"},"primaryImageOfPage":{"@id":"https:\/\/www.nilau-paris.com\/notre-demarche\/#primaryimage"},"image":{"@id":"https:\/\/www.nilau-paris.com\/notre-demarche\/#primaryimage"},"thumbnailUrl":"https:\/\/www.nilau-paris.com\/wp-content\/uploads\/2022\/06\/savoir-faire-artisanal-francaise-scaled.webp","datePublished":"2022-05-20T19:58:29+00:00","dateModified":"2023-05-11T10:02:25+00:00","description":"Entre collaboration avec nos fournisseurs et des ateliers \u00e0 taille humaine, ils nous semble \u00e9vident d'avoir une d\u00e9marche responsable.","breadcrumb":{"@id":"https:\/\/www.nilau-paris.com\/notre-demarche\/#breadcrumb"},"inLanguage":"en-US","potentialAction":[{"@type":"ReadAction","target":["https:\/\/www.nilau-paris.com\/notre-demarche\/"]}]},{"@type":"ImageObject","inLanguage":"en-US","@id":"https:\/\/www.nilau-paris.com\/notre-demarche\/#primaryimage","url":"https:\/\/www.nilau-paris.com\/wp-content\/uploads\/2022\/06\/savoir-faire-artisanal-francaise-scaled.webp","contentUrl":"https:\/\/www.nilau-paris.com\/wp-content\/uploads\/2022\/06\/savoir-faire-artisanal-francaise-scaled.webp"},{"@type":"BreadcrumbList","@id":"https:\/\/www.nilau-paris.com\/notre-demarche\/#breadcrumb","itemListElement":[{"@type":"ListItem","position":1,"name":"Accueil","item":"https:\/\/www.nilau-paris.com\/"},{"@type":"ListItem","position":2,"name":"Notre d\u00e9marche"}]},{"@type":"WebSite","@id":"https:\/\/www.nilau-paris.com\/#website","url":"https:\/\/www.nilau-paris.com\/","name":"Nilau","description":"French Haute Maroquinerie","publisher":{"@id":"https:\/\/www.nilau-paris.com\/#organization"},"potentialAction":[{"@type":"SearchAction","target":{"@type":"EntryPoint","urlTemplate":"https:\/\/www.nilau-paris.com\/?s={search_term_string}"},"query-input":{"@type":"PropertyValueSpecification","valueRequired":true,"valueName":"search_term_string"}}],"inLanguage":"en-US"},{"@type":"Organization","@id":"https:\/\/www.nilau-paris.com\/#organization","name":"Nilau Paris","url":"https:\/\/www.nilau-paris.com\/","logo":{"@type":"ImageObject","inLanguage":"en-US","@id":"https:\/\/www.nilau-paris.com\/#\/schema\/logo\/image\/","url":"https:\/\/www.nilau-paris.com\/wp-content\/uploads\/2022\/04\/cropped-LOGO-nilau-site.png","contentUrl":"https:\/\/www.nilau-paris.com\/wp-content\/uploads\/2022\/04\/cropped-LOGO-nilau-site.png","width":124,"height":80,"caption":"Nilau Paris"},"image":{"@id":"https:\/\/www.nilau-paris.com\/#\/schema\/logo\/image\/"}}]}},"_links":{"self":[{"href":"https:\/\/www.nilau-paris.com\/en\/wp-json\/wp\/v2\/pages\/1809","targetHints":{"allow":["GET"]}}],"collection":[{"href":"https:\/\/www.nilau-paris.com\/en\/wp-json\/wp\/v2\/pages"}],"about":[{"href":"https:\/\/www.nilau-paris.com\/en\/wp-json\/wp\/v2\/types\/page"}],"author":[{"embeddable":true,"href":"https:\/\/www.nilau-paris.com\/en\/wp-json\/wp\/v2\/users\/2"}],"replies":[{"embeddable":true,"href":"https:\/\/www.nilau-paris.com\/en\/wp-json\/wp\/v2\/comments?post=1809"}],"version-history":[{"count":81,"href":"https:\/\/www.nilau-paris.com\/en\/wp-json\/wp\/v2\/pages\/1809\/revisions"}],"predecessor-version":[{"id":6096,"href":"https:\/\/www.nilau-paris.com\/en\/wp-json\/wp\/v2\/pages\/1809\/revisions\/6096"}],"wp:attachment":[{"href":"https:\/\/www.nilau-paris.com\/en\/wp-json\/wp\/v2\/media?parent=1809"}],"curies":[{"name":"wp","href":"https:\/\/api.w.org\/{rel}","templated":true}]}}