{"id":6236,"date":"2023-06-06T21:05:47","date_gmt":"2023-06-06T19:05:47","guid":{"rendered":"https:\/\/www.nilau-paris.com\/?post_type=product&#038;p=6236"},"modified":"2024-02-23T15:04:46","modified_gmt":"2024-02-23T14:04:46","slug":"nera-terracotta","status":"publish","type":"product","link":"http:\/\/www.nilau-paris.com\/en\/product\/nera-terracotta\/","title":{"rendered":"N\u00e9ra Terracotta"},"content":{"rendered":"<p>Laissez-vous tenter par ce sac de luxe demi-lune iconique et empoignez une pi\u00e8ce fabriqu\u00e9e par des artisans fran\u00e7ais avec des<a href=\"http:\/\/www.nilau-paris.com\/en\/matieres\/\"> highest quality materials.<\/a><\/p>\n<p>Avec son design en demi-lune, le sac \u00e0 main en cuir N\u00e9ra Terracotta s&#8217;adapte au rythme de votre vie quotidienne et apporte aussi bien l\u00e9g\u00e8ret\u00e9 qu\u2019originalit\u00e9 \u00e0 vos tenues.<\/p>\n<p>Wearing a Nilau piece is to experience <a href=\"http:\/\/www.nilau-paris.com\/en\/notre-demarche\/\">high-end leather goods in the French way.<\/a><\/p>\n<p>Each component is rich in history and quality. They come from our regions with ancestral know-how: flax is grown in Normandy and <a href=\"http:\/\/lemaitre-demeestere.com\/en\">woven in the North of France,<\/a>the ostrich leather comes from French farms and is <a href=\"http:\/\/www.maisonsoler.fr\">tanned in the Cantal,<\/a> and, finally, the <a href=\"http:\/\/www.poursin.com\">brass jewelry<\/a> is made in Paris.<\/p>\n<p>Le sac de luxe demi-lune N\u00e9ra est disponible en 8 couleurs\u00a0:<br \/>\nThe <a href=\"http:\/\/www.nilau-paris.com\/en\/product\/sac-a-main-nera-chocolat\/\">chocolat brown<\/a> to complement your outfits in a sober way.<br \/>\nThe <a href=\"http:\/\/www.nilau-paris.com\/en\/product\/sac-a-main-nera-cardinal\/\">Cardinal red<\/a> to create a head-turning effect.<br \/>\nThe <a href=\"http:\/\/www.nilau-paris.com\/en\/product\/sac-a-main-nera-encre\/\">Ink black<\/a> to express your personality.<br \/>\nThe <a href=\"http:\/\/www.nilau-paris.com\/en\/product\/sac-a-main-nera-atlantique\/\">Atlantic blue<\/a> to stand out from the ordinary.<br \/>\nThe <a href=\"http:\/\/www.nilau-paris.com\/en\/product\/sac-nera-bordeaux\/\">bordeaux<\/a> to brighten up your day.<br \/>\nThe <a href=\"http:\/\/www.nilau-paris.com\/en\/product\/sac-a-main-nera-emeraude\/\">Emerald green<\/a> for those looking for authenticity.<br \/>\nTerracota pink to shine.<br \/>\nSky blue for summer colors.<\/p>","protected":false},"excerpt":{"rendered":"<div><span lang=\"FR\">Sac \u00e0 main en lin de Normandie et cuir d&#8217;autruche rose terracotta<\/span><\/div>","protected":false},"featured_media":6311,"template":"","meta":{"content-type":""},"product_brand":[],"product_cat":[101,25],"product_tag":[45],"class_list":{"0":"post-6236","1":"product","2":"type-product","3":"status-publish","4":"has-post-thumbnail","6":"product_cat-collection-permanente","7":"product_cat-sac-a-main-nera","8":"product_tag-sac","10":"first","11":"instock","12":"sold-individually","13":"shipping-taxable","14":"purchasable","15":"product-type-simple"},"yoast_head":"<!-- This site is optimized with the Yoast SEO plugin v27.5 - https:\/\/yoast.com\/product\/yoast-seo-wordpress\/ -->\n<title>Sac de luxe demi-lune en cuir d&#039;autruche fabriqu\u00e9 en France - Nilau<\/title>\n<meta name=\"description\" content=\"Le sac de luxe demi-lune en cuir d&#039;autruche bordeaux N\u00e9ra s&#039;adapte au rythme de votre vie quotidienne et vous apporte originalit\u00e9.\" \/>\n<meta name=\"robots\" content=\"index, follow, max-snippet:-1, max-image-preview:large, max-video-preview:-1\" \/>\n<link rel=\"canonical\" href=\"https:\/\/www.nilau-paris.com\/en\/product\/nera-terracotta\/\" \/>\n<meta property=\"og:locale\" content=\"en_US\" \/>\n<meta property=\"og:type\" content=\"article\" \/>\n<meta property=\"og:title\" content=\"Sac de luxe demi-lune en cuir d&#039;autruche fabriqu\u00e9 en France - Nilau\" \/>\n<meta property=\"og:description\" content=\"Le sac de luxe demi-lune en cuir d&#039;autruche bordeaux N\u00e9ra s&#039;adapte au rythme de votre vie quotidienne et vous apporte originalit\u00e9.\" \/>\n<meta property=\"og:url\" content=\"https:\/\/www.nilau-paris.com\/en\/product\/nera-terracotta\/\" \/>\n<meta property=\"og:site_name\" content=\"Nilau\" \/>\n<meta property=\"article:modified_time\" content=\"2024-02-23T14:04:46+00:00\" \/>\n<meta property=\"og:image\" content=\"https:\/\/www.nilau-paris.com\/wp-content\/uploads\/2023\/06\/Nera-terracotta-front-scaled.webp\" \/>\n\t<meta property=\"og:image:width\" content=\"2560\" \/>\n\t<meta property=\"og:image:height\" content=\"2560\" \/>\n\t<meta property=\"og:image:type\" content=\"image\/webp\" \/>\n<meta name=\"twitter:card\" content=\"summary_large_image\" \/>\n<meta name=\"twitter:label1\" content=\"Est. reading time\" \/>\n\t<meta name=\"twitter:data1\" content=\"2 minutes\" \/>\n<script type=\"application\/ld+json\" class=\"yoast-schema-graph\">{\"@context\":\"https:\\\/\\\/schema.org\",\"@graph\":[{\"@type\":\"WebPage\",\"@id\":\"https:\\\/\\\/www.nilau-paris.com\\\/produit\\\/nera-terracotta\\\/\",\"url\":\"https:\\\/\\\/www.nilau-paris.com\\\/produit\\\/nera-terracotta\\\/\",\"name\":\"Sac de luxe demi-lune en cuir d'autruche fabriqu\u00e9 en France - Nilau\",\"isPartOf\":{\"@id\":\"https:\\\/\\\/www.nilau-paris.com\\\/#website\"},\"primaryImageOfPage\":{\"@id\":\"https:\\\/\\\/www.nilau-paris.com\\\/produit\\\/nera-terracotta\\\/#primaryimage\"},\"image\":{\"@id\":\"https:\\\/\\\/www.nilau-paris.com\\\/produit\\\/nera-terracotta\\\/#primaryimage\"},\"thumbnailUrl\":\"https:\\\/\\\/www.nilau-paris.com\\\/wp-content\\\/uploads\\\/2023\\\/06\\\/Nera-terracotta-front-scaled.webp\",\"datePublished\":\"2023-06-06T19:05:47+00:00\",\"dateModified\":\"2024-02-23T14:04:46+00:00\",\"description\":\"Le sac de luxe demi-lune en cuir d'autruche bordeaux N\u00e9ra s'adapte au rythme de votre vie quotidienne et vous apporte originalit\u00e9.\",\"breadcrumb\":{\"@id\":\"https:\\\/\\\/www.nilau-paris.com\\\/produit\\\/nera-terracotta\\\/#breadcrumb\"},\"inLanguage\":\"en-US\",\"potentialAction\":[{\"@type\":\"ReadAction\",\"target\":[\"https:\\\/\\\/www.nilau-paris.com\\\/produit\\\/nera-terracotta\\\/\"]}]},{\"@type\":\"ImageObject\",\"inLanguage\":\"en-US\",\"@id\":\"https:\\\/\\\/www.nilau-paris.com\\\/produit\\\/nera-terracotta\\\/#primaryimage\",\"url\":\"https:\\\/\\\/www.nilau-paris.com\\\/wp-content\\\/uploads\\\/2023\\\/06\\\/Nera-terracotta-front-scaled.webp\",\"contentUrl\":\"https:\\\/\\\/www.nilau-paris.com\\\/wp-content\\\/uploads\\\/2023\\\/06\\\/Nera-terracotta-front-scaled.webp\",\"width\":2560,\"height\":2560,\"caption\":\"sac port\u00e9 travers cuir femme\"},{\"@type\":\"BreadcrumbList\",\"@id\":\"https:\\\/\\\/www.nilau-paris.com\\\/produit\\\/nera-terracotta\\\/#breadcrumb\",\"itemListElement\":[{\"@type\":\"ListItem\",\"position\":1,\"name\":\"Accueil\",\"item\":\"https:\\\/\\\/www.nilau-paris.com\\\/\"},{\"@type\":\"ListItem\",\"position\":2,\"name\":\"Achat imm\u00e9diat &#8211; Collection permanente\",\"item\":\"https:\\\/\\\/www.nilau-paris.com\\\/collections\\\/\"},{\"@type\":\"ListItem\",\"position\":3,\"name\":\"N\u00e9ra Terracotta\"}]},{\"@type\":\"WebSite\",\"@id\":\"https:\\\/\\\/www.nilau-paris.com\\\/#website\",\"url\":\"https:\\\/\\\/www.nilau-paris.com\\\/\",\"name\":\"Nilau\",\"description\":\"Haute Maroquinerie fran\u00e7aise\",\"publisher\":{\"@id\":\"https:\\\/\\\/www.nilau-paris.com\\\/#organization\"},\"potentialAction\":[{\"@type\":\"SearchAction\",\"target\":{\"@type\":\"EntryPoint\",\"urlTemplate\":\"https:\\\/\\\/www.nilau-paris.com\\\/?s={search_term_string}\"},\"query-input\":{\"@type\":\"PropertyValueSpecification\",\"valueRequired\":true,\"valueName\":\"search_term_string\"}}],\"inLanguage\":\"en-US\"},{\"@type\":\"Organization\",\"@id\":\"https:\\\/\\\/www.nilau-paris.com\\\/#organization\",\"name\":\"Nilau Paris\",\"url\":\"https:\\\/\\\/www.nilau-paris.com\\\/\",\"logo\":{\"@type\":\"ImageObject\",\"inLanguage\":\"en-US\",\"@id\":\"https:\\\/\\\/www.nilau-paris.com\\\/#\\\/schema\\\/logo\\\/image\\\/\",\"url\":\"https:\\\/\\\/www.nilau-paris.com\\\/wp-content\\\/uploads\\\/2022\\\/04\\\/cropped-LOGO-nilau-site.png\",\"contentUrl\":\"https:\\\/\\\/www.nilau-paris.com\\\/wp-content\\\/uploads\\\/2022\\\/04\\\/cropped-LOGO-nilau-site.png\",\"width\":124,\"height\":80,\"caption\":\"Nilau Paris\"},\"image\":{\"@id\":\"https:\\\/\\\/www.nilau-paris.com\\\/#\\\/schema\\\/logo\\\/image\\\/\"}}]}<\/script>\n<!-- \/ Yoast SEO plugin. -->","yoast_head_json":{"title":"Sac de luxe demi-lune en cuir d'autruche fabriqu\u00e9 en France - Nilau","description":"Le sac de luxe demi-lune en cuir d'autruche bordeaux N\u00e9ra s'adapte au rythme de votre vie quotidienne et vous apporte originalit\u00e9.","robots":{"index":"index","follow":"follow","max-snippet":"max-snippet:-1","max-image-preview":"max-image-preview:large","max-video-preview":"max-video-preview:-1"},"canonical":"https:\/\/www.nilau-paris.com\/en\/product\/nera-terracotta\/","og_locale":"en_US","og_type":"article","og_title":"Sac de luxe demi-lune en cuir d'autruche fabriqu\u00e9 en France - Nilau","og_description":"Le sac de luxe demi-lune en cuir d'autruche bordeaux N\u00e9ra s'adapte au rythme de votre vie quotidienne et vous apporte originalit\u00e9.","og_url":"https:\/\/www.nilau-paris.com\/en\/product\/nera-terracotta\/","og_site_name":"Nilau","article_modified_time":"2024-02-23T14:04:46+00:00","og_image":[{"width":2560,"height":2560,"url":"https:\/\/www.nilau-paris.com\/wp-content\/uploads\/2023\/06\/Nera-terracotta-front-scaled.webp","type":"image\/webp"}],"twitter_card":"summary_large_image","twitter_misc":{"Est. reading time":"2 minutes"},"schema":{"@context":"https:\/\/schema.org","@graph":[{"@type":"WebPage","@id":"https:\/\/www.nilau-paris.com\/produit\/nera-terracotta\/","url":"https:\/\/www.nilau-paris.com\/produit\/nera-terracotta\/","name":"Sac de luxe demi-lune en cuir d'autruche fabriqu\u00e9 en France - Nilau","isPartOf":{"@id":"https:\/\/www.nilau-paris.com\/#website"},"primaryImageOfPage":{"@id":"https:\/\/www.nilau-paris.com\/produit\/nera-terracotta\/#primaryimage"},"image":{"@id":"https:\/\/www.nilau-paris.com\/produit\/nera-terracotta\/#primaryimage"},"thumbnailUrl":"https:\/\/www.nilau-paris.com\/wp-content\/uploads\/2023\/06\/Nera-terracotta-front-scaled.webp","datePublished":"2023-06-06T19:05:47+00:00","dateModified":"2024-02-23T14:04:46+00:00","description":"Le sac de luxe demi-lune en cuir d'autruche bordeaux N\u00e9ra s'adapte au rythme de votre vie quotidienne et vous apporte originalit\u00e9.","breadcrumb":{"@id":"https:\/\/www.nilau-paris.com\/produit\/nera-terracotta\/#breadcrumb"},"inLanguage":"en-US","potentialAction":[{"@type":"ReadAction","target":["https:\/\/www.nilau-paris.com\/produit\/nera-terracotta\/"]}]},{"@type":"ImageObject","inLanguage":"en-US","@id":"https:\/\/www.nilau-paris.com\/produit\/nera-terracotta\/#primaryimage","url":"https:\/\/www.nilau-paris.com\/wp-content\/uploads\/2023\/06\/Nera-terracotta-front-scaled.webp","contentUrl":"https:\/\/www.nilau-paris.com\/wp-content\/uploads\/2023\/06\/Nera-terracotta-front-scaled.webp","width":2560,"height":2560,"caption":"sac port\u00e9 travers cuir femme"},{"@type":"BreadcrumbList","@id":"https:\/\/www.nilau-paris.com\/produit\/nera-terracotta\/#breadcrumb","itemListElement":[{"@type":"ListItem","position":1,"name":"Accueil","item":"https:\/\/www.nilau-paris.com\/"},{"@type":"ListItem","position":2,"name":"Achat imm\u00e9diat &#8211; Collection permanente","item":"https:\/\/www.nilau-paris.com\/collections\/"},{"@type":"ListItem","position":3,"name":"N\u00e9ra Terracotta"}]},{"@type":"WebSite","@id":"https:\/\/www.nilau-paris.com\/#website","url":"https:\/\/www.nilau-paris.com\/","name":"Nilau","description":"French Haute Maroquinerie","publisher":{"@id":"https:\/\/www.nilau-paris.com\/#organization"},"potentialAction":[{"@type":"SearchAction","target":{"@type":"EntryPoint","urlTemplate":"https:\/\/www.nilau-paris.com\/?s={search_term_string}"},"query-input":{"@type":"PropertyValueSpecification","valueRequired":true,"valueName":"search_term_string"}}],"inLanguage":"en-US"},{"@type":"Organization","@id":"https:\/\/www.nilau-paris.com\/#organization","name":"Nilau Paris","url":"https:\/\/www.nilau-paris.com\/","logo":{"@type":"ImageObject","inLanguage":"en-US","@id":"https:\/\/www.nilau-paris.com\/#\/schema\/logo\/image\/","url":"https:\/\/www.nilau-paris.com\/wp-content\/uploads\/2022\/04\/cropped-LOGO-nilau-site.png","contentUrl":"https:\/\/www.nilau-paris.com\/wp-content\/uploads\/2022\/04\/cropped-LOGO-nilau-site.png","width":124,"height":80,"caption":"Nilau Paris"},"image":{"@id":"https:\/\/www.nilau-paris.com\/#\/schema\/logo\/image\/"}}]}},"_links":{"self":[{"href":"http:\/\/www.nilau-paris.com\/en\/wp-json\/wp\/v2\/product\/6236","targetHints":{"allow":["GET"]}}],"collection":[{"href":"http:\/\/www.nilau-paris.com\/en\/wp-json\/wp\/v2\/product"}],"about":[{"href":"http:\/\/www.nilau-paris.com\/en\/wp-json\/wp\/v2\/types\/product"}],"wp:featuredmedia":[{"embeddable":true,"href":"http:\/\/www.nilau-paris.com\/en\/wp-json\/wp\/v2\/media\/6311"}],"wp:attachment":[{"href":"http:\/\/www.nilau-paris.com\/en\/wp-json\/wp\/v2\/media?parent=6236"}],"wp:term":[{"taxonomy":"product_brand","embeddable":true,"href":"http:\/\/www.nilau-paris.com\/en\/wp-json\/wp\/v2\/product_brand?post=6236"},{"taxonomy":"product_cat","embeddable":true,"href":"http:\/\/www.nilau-paris.com\/en\/wp-json\/wp\/v2\/product_cat?post=6236"},{"taxonomy":"product_tag","embeddable":true,"href":"http:\/\/www.nilau-paris.com\/en\/wp-json\/wp\/v2\/product_tag?post=6236"}],"curies":[{"name":"wp","href":"https:\/\/api.w.org\/{rel}","templated":true}]}}